{"id":271,"date":"2013-10-08T09:53:42","date_gmt":"2013-10-08T12:53:42","guid":{"rendered":"https:\/\/wp.ufpel.edu.br\/hugoguedes\/?page_id=271"},"modified":"2020-03-09T16:13:56","modified_gmt":"2020-03-09T19:13:56","slug":"sistemas-urbanos-de-agua-e-esgoto","status":"publish","type":"page","link":"https:\/\/wp.ufpel.edu.br\/hugoguedes\/ensino\/sistemas-urbanos-de-agua-e-esgoto\/","title":{"rendered":"Sistemas Urbanos de \u00c1gua"},"content":{"rendered":"<p><strong>Plano de ensino:<\/strong><\/p>\n<p>&nbsp;<\/p>\n<p>&nbsp;<\/p>\n<p><strong>Apresenta\u00e7\u00f5es:<\/strong><\/p>\n<p><a href=\"https:\/\/wp.ufpel.edu.br\/hugoguedes\/files\/2018\/08\/Aula-1-Abastecimento-e-concep\u00e7\u00e3o.pdf\">Aula 1 &#8211; Abastecimento e concep\u00e7\u00e3o<\/a><\/p>\n<p><a href=\"https:\/\/wp.ufpel.edu.br\/hugoguedes\/files\/2019\/03\/Aula-2-Consumo.pdf\">Aula 2 &#8211; Consumo<\/a><\/p>\n<p><a href=\"https:\/\/wp.ufpel.edu.br\/hugoguedes\/files\/2018\/09\/Aula-3-Capta\u00e7\u00e3o.pdf\">Aula 3 &#8211; Capta\u00e7\u00e3o<\/a><\/p>\n<p><a href=\"https:\/\/wp.ufpel.edu.br\/hugoguedes\/files\/2018\/09\/Aula-4-Esta\u00e7\u00f5es-Elevat\u00f3rias.pdf\">Aula 4 &#8211; Esta\u00e7\u00f5es Elevat\u00f3rias<\/a><\/p>\n<p><a href=\"https:\/\/wp.ufpel.edu.br\/hugoguedes\/files\/2019\/10\/Aula-5-Adutoras.pdf\">Aula 5 &#8211; Adutoras<\/a><\/p>\n<p><a href=\"https:\/\/wp.ufpel.edu.br\/hugoguedes\/files\/2018\/10\/Aula-6-Reservat\u00f3rios.pdf\">Aula 6 &#8211; Reservat\u00f3rios<\/a><\/p>\n<p><a href=\"https:\/\/wp.ufpel.edu.br\/hugoguedes\/files\/2018\/11\/Aula-7-Tratamento-de-\u00e1gua-Caroline-Voser.pdf\">Aula 7 &#8211; Tratamento de \u00e1gua &#8211; Caroline Voser<\/a><\/p>\n<p><a href=\"https:\/\/wp.ufpel.edu.br\/hugoguedes\/files\/2018\/11\/Aula-8-Distribui\u00e7\u00e3o-Parte1.pdf\">Aula 8 &#8211; Distribui\u00e7\u00e3o &#8211; Parte1<\/a><\/p>\n<p><a href=\"https:\/\/wp.ufpel.edu.br\/hugoguedes\/files\/2018\/11\/Aula-9-Distribui\u00e7\u00e3o-Parte2.pdf\">Aula 9 &#8211; Distribui\u00e7\u00e3o &#8211; Parte2<\/a><\/p>\n<p>&nbsp;<\/p>\n<p><strong>Trabalho:<\/strong><\/p>\n<p>&nbsp;<\/p>\n<p>&nbsp;<\/p>\n<p><strong>Materiais auxiliares:<\/strong><\/p>\n<p><a href=\"https:\/\/wp.ufpel.edu.br\/hugoguedes\/files\/2018\/09\/Di\u00e2metro-equivalente.xlsx\">Di\u00e2metro equivalente<\/a><\/p>\n<p><a href=\"https:\/\/wp.ufpel.edu.br\/hugoguedes\/files\/2018\/09\/BP_web.pdf\">BP_web<\/a><\/p>\n<p><a href=\"https:\/\/wp.ufpel.edu.br\/hugoguedes\/files\/2018\/09\/manual_curvas_linha_mega_a2740_42_44_1p_e_s_7.pdf\">manual_curvas_linha_mega_a2740_42_44_1p_e_s_7<\/a><\/p>\n<p><a href=\"https:\/\/wp.ufpel.edu.br\/hugoguedes\/files\/2018\/09\/mt_meganorm_linha_ampliada_a2742_0_1p_4.pdf\">mt_meganorm_linha_ampliada_a2742_0_1p_4<\/a><\/p>\n<p><a href=\"https:\/\/wp.ufpel.edu.br\/hugoguedes\/files\/2018\/11\/Dimensionamento_redes_malhadas.xlsx\">Dimensionamento_redes_malhadas<\/a><\/p>\n<p><a href=\"https:\/\/wp.ufpel.edu.br\/hugoguedes\/files\/2019\/07\/dae.2018.020.pdf\">dae.2018.020<\/a><\/p>\n<p><a href=\"https:\/\/wp.ufpel.edu.br\/hugoguedes\/files\/2019\/07\/van-Dijk-et-al-2008.pdf\">van Dijk et al 2008<\/a><\/p>\n<p>&nbsp;<\/p>\n<p><strong>Fabricantes de materiais de tubula\u00e7\u00e3o:<\/strong><\/p>\n<p><strong>A\u00e7o:<\/strong><\/p>\n<p>Centerval Industrial Ltda: http:\/\/www.centerval.com.br\/<\/p>\n<p>Brastubo: http:\/\/www.brastubo.com.br\/index_home.html<\/p>\n<p>InoxPlasma: http:\/\/www.inoxplasma.com.br\/<\/p>\n<p>&nbsp;<\/p>\n<p><strong>Ferro Fundido D\u00factil:<\/strong><\/p>\n<p>Ipiranga: http:\/\/www.tubosipiranga.com.br\/default.asp<\/p>\n<p>Brasductil: https:\/\/www.brasductil.com.br\/<\/p>\n<p>Pam Saint-Gobain: https:\/\/www.sgpam.com.br\/<\/p>\n<p>&nbsp;<\/p>\n<p><strong>Polietileno:<\/strong><\/p>\n<p>Transpol: http:\/\/www.transpolindustria.com.br\/fabricante-tubos-polietileno<\/p>\n<p>Apu\u00e3: http:\/\/www.apua.com.br\/tubos-pead-polietileno-alta-densidade<\/p>\n<p>Polierg: http:\/\/www.polierg.com.br\/<\/p>\n<p>Corr-Plastik: http:\/\/www.corrplastik.com.br\/<\/p>\n<p>&nbsp;<\/p>\n<p>&nbsp;<\/p>\n","protected":false},"excerpt":{"rendered":"<p>Plano de ensino: &nbsp; &nbsp; Apresenta\u00e7\u00f5es: Aula 1 &#8211; Abastecimento e concep\u00e7\u00e3o Aula 2 &#8211; Consumo Aula 3 &#8211; Capta\u00e7\u00e3o Aula 4 &#8211; Esta\u00e7\u00f5es Elevat\u00f3rias Aula 5 &#8211; Adutoras Aula 6 &#8211; Reservat\u00f3rios Aula 7 &#8211; Tratamento de \u00e1gua &#8211; Caroline Voser Aula 8 &#8211; Distribui\u00e7\u00e3o &#8211; Parte1 Aula 9 &#8211; Distribui\u00e7\u00e3o &#8211; Parte2 &nbsp; [&hellip;]<\/p>\n","protected":false},"author":271,"featured_media":0,"parent":7,"menu_order":5,"comment_status":"closed","ping_status":"closed","template":"","meta":{"footnotes":""},"class_list":["post-271","page","type-page","status-publish","hentry"],"_links":{"self":[{"href":"https:\/\/wp.ufpel.edu.br\/hugoguedes\/wp-json\/wp\/v2\/pages\/271","targetHints":{"allow":["GET"]}}],"collection":[{"href":"https:\/\/wp.ufpel.edu.br\/hugoguedes\/wp-json\/wp\/v2\/pages"}],"about":[{"href":"https:\/\/wp.ufpel.edu.br\/hugoguedes\/wp-json\/wp\/v2\/types\/page"}],"author":[{"embeddable":true,"href":"https:\/\/wp.ufpel.edu.br\/hugoguedes\/wp-json\/wp\/v2\/users\/271"}],"replies":[{"embeddable":true,"href":"https:\/\/wp.ufpel.edu.br\/hugoguedes\/wp-json\/wp\/v2\/comments?post=271"}],"version-history":[{"count":119,"href":"https:\/\/wp.ufpel.edu.br\/hugoguedes\/wp-json\/wp\/v2\/pages\/271\/revisions"}],"predecessor-version":[{"id":1370,"href":"https:\/\/wp.ufpel.edu.br\/hugoguedes\/wp-json\/wp\/v2\/pages\/271\/revisions\/1370"}],"up":[{"embeddable":true,"href":"https:\/\/wp.ufpel.edu.br\/hugoguedes\/wp-json\/wp\/v2\/pages\/7"}],"wp:attachment":[{"href":"https:\/\/wp.ufpel.edu.br\/hugoguedes\/wp-json\/wp\/v2\/media?parent=271"}],"curies":[{"name":"wp","href":"https:\/\/api.w.org\/{rel}","templated":true}]}}