{"id":267,"date":"2013-10-08T09:50:36","date_gmt":"2013-10-08T12:50:36","guid":{"rendered":"https:\/\/wp.ufpel.edu.br\/hugoguedes\/?page_id=267"},"modified":"2020-03-09T16:13:24","modified_gmt":"2020-03-09T19:13:24","slug":"hidraulica","status":"publish","type":"page","link":"https:\/\/wp.ufpel.edu.br\/hugoguedes\/ensino\/hidraulica\/","title":{"rendered":"Hidr\u00e1ulica"},"content":{"rendered":"<p><strong>Plano de ensino:<\/strong><\/p>\n<p><a href=\"https:\/\/wp.ufpel.edu.br\/hugoguedes\/files\/2020\/03\/Plano_ensino_2020_1_15000301_M1.pdf\">Plano_ensino_2020_1_15000301_M1<\/a><\/p>\n<p>&nbsp;<\/p>\n<p><strong>Apostila:<\/strong><\/p>\n<p><a href=\"https:\/\/wp.ufpel.edu.br\/hugoguedes\/files\/2018\/08\/Apostila-Hidr\u00e1ulica-versao-2018_2.pdf\">Apostila Hidr\u00e1ulica (versao 2018_2)<\/a><\/p>\n<p><a href=\"https:\/\/wp.ufpel.edu.br\/hugoguedes\/files\/2019\/10\/Exerc\u00edcio-sobre-Dimensionamento-de-Instala\u00e7\u00f5es-de-Recalque.pdf\">Exerc\u00edcio sobre Dimensionamento de Instala\u00e7\u00f5es de Recalque<\/a><\/p>\n<p>&nbsp;<\/p>\n<p><strong>Apresenta\u00e7\u00f5es:<\/strong><\/p>\n<p><a href=\"https:\/\/wp.ufpel.edu.br\/hugoguedes\/files\/2018\/09\/Condutos-For\u00e7ados_Perda-de-Carga.pdf\">Condutos For\u00e7ados_Perda de Carga<\/a><\/p>\n<p><a href=\"https:\/\/wp.ufpel.edu.br\/hugoguedes\/files\/2018\/09\/Conduto_Tomada_Intermedi\u00e1ria_Equivalentes.pdf\">Conduto_Tomada_Intermedi\u00e1ria_Equivalentes<\/a><\/p>\n<p><a href=\"https:\/\/wp.ufpel.edu.br\/hugoguedes\/files\/2018\/10\/Instala\u00e7\u00f5es-de-Recalque.pdf\">Instala\u00e7\u00f5es de Recalque<\/a><\/p>\n<p><a href=\"https:\/\/wp.ufpel.edu.br\/hugoguedes\/files\/2018\/10\/Semelhan\u00e7a-entre-bombas.pdf\">Semelhan\u00e7a entre bombas<\/a><\/p>\n<p><a href=\"https:\/\/wp.ufpel.edu.br\/hugoguedes\/files\/2018\/11\/Dimensionamento-de-instala\u00e7\u00e3o-de-bombeamento.pdf\">Dimensionamento de instala\u00e7\u00e3o de bombeamento<\/a><\/p>\n<p><a href=\"https:\/\/wp.ufpel.edu.br\/hugoguedes\/files\/2018\/11\/Cavita\u00e7\u00e3o.pdf\">Cavita\u00e7\u00e3o<\/a><\/p>\n<p><a href=\"https:\/\/wp.ufpel.edu.br\/hugoguedes\/files\/2019\/05\/Associa\u00e7\u00e3o-de-bombas.pdf\">Associa\u00e7\u00e3o de bombas<\/a><\/p>\n<p><a href=\"https:\/\/wp.ufpel.edu.br\/hugoguedes\/files\/2018\/12\/Canais.pdf\">Canais<\/a><\/p>\n","protected":false},"excerpt":{"rendered":"<p>Plano de ensino: Plano_ensino_2020_1_15000301_M1 &nbsp; Apostila: Apostila Hidr\u00e1ulica (versao 2018_2) Exerc\u00edcio sobre Dimensionamento de Instala\u00e7\u00f5es de Recalque &nbsp; Apresenta\u00e7\u00f5es: Condutos For\u00e7ados_Perda de Carga Conduto_Tomada_Intermedi\u00e1ria_Equivalentes Instala\u00e7\u00f5es de Recalque Semelhan\u00e7a entre bombas Dimensionamento de instala\u00e7\u00e3o de bombeamento Cavita\u00e7\u00e3o Associa\u00e7\u00e3o de bombas Canais<\/p>\n","protected":false},"author":271,"featured_media":0,"parent":7,"menu_order":4,"comment_status":"closed","ping_status":"closed","template":"","meta":{"footnotes":""},"class_list":["post-267","page","type-page","status-publish","hentry"],"_links":{"self":[{"href":"https:\/\/wp.ufpel.edu.br\/hugoguedes\/wp-json\/wp\/v2\/pages\/267","targetHints":{"allow":["GET"]}}],"collection":[{"href":"https:\/\/wp.ufpel.edu.br\/hugoguedes\/wp-json\/wp\/v2\/pages"}],"about":[{"href":"https:\/\/wp.ufpel.edu.br\/hugoguedes\/wp-json\/wp\/v2\/types\/page"}],"author":[{"embeddable":true,"href":"https:\/\/wp.ufpel.edu.br\/hugoguedes\/wp-json\/wp\/v2\/users\/271"}],"replies":[{"embeddable":true,"href":"https:\/\/wp.ufpel.edu.br\/hugoguedes\/wp-json\/wp\/v2\/comments?post=267"}],"version-history":[{"count":83,"href":"https:\/\/wp.ufpel.edu.br\/hugoguedes\/wp-json\/wp\/v2\/pages\/267\/revisions"}],"predecessor-version":[{"id":1369,"href":"https:\/\/wp.ufpel.edu.br\/hugoguedes\/wp-json\/wp\/v2\/pages\/267\/revisions\/1369"}],"up":[{"embeddable":true,"href":"https:\/\/wp.ufpel.edu.br\/hugoguedes\/wp-json\/wp\/v2\/pages\/7"}],"wp:attachment":[{"href":"https:\/\/wp.ufpel.edu.br\/hugoguedes\/wp-json\/wp\/v2\/media?parent=267"}],"curies":[{"name":"wp","href":"https:\/\/api.w.org\/{rel}","templated":true}]}}