{"id":1299,"date":"2019-08-29T10:39:03","date_gmt":"2019-08-29T13:39:03","guid":{"rendered":"https:\/\/wp.ufpel.edu.br\/hugoguedes\/?page_id=1299"},"modified":"2019-08-29T10:53:31","modified_gmt":"2019-08-29T13:53:31","slug":"encerrado","status":"publish","type":"page","link":"https:\/\/wp.ufpel.edu.br\/hugoguedes\/producao-cientifica\/dissertacao-de-mestrado\/encerrado\/","title":{"rendered":"Encerrado"},"content":{"rendered":"<p>Discente:\u00a0<strong>C\u00e1ssia Brocca Caballero<\/strong><\/p>\n<p>T\u00edtulo da disserta\u00e7\u00e3o: Modelagem emp\u00edrica de Clorofila-a e Oxig\u00eanio Dissolvido combinando sensoriamento remoto orbital e dados in situ na Lagoa Mirim, RS, Brasil<\/p>\n<p>Orienta\u00e7\u00e3o: Hugo Alexandre Soares Guedes (orientador)<\/p>\n<p>Defesa: 22\/02\/2019<\/p>\n<p>&nbsp;<\/p>\n<p>Discente: <strong>Carina Kruger Bork<\/strong><\/p>\n<p>T\u00edtulo da disserta\u00e7\u00e3o: <a href=\"http:\/\/guaiaca.ufpel.edu.br:8080\/handle\/prefix\/3981\">Regionaliza\u00e7\u00e3o de vaz\u00f5es m\u00ednimas para o estado do Rio Grande do Sul<\/a><\/p>\n<p>Orienta\u00e7\u00e3o: Hugo Alexandre Soares Guedes (orientador); Samuel Beskow (co-orientador)<\/p>\n<p>Defesa: 06\/03\/2018<\/p>\n<p>&nbsp;<\/p>\n<p>Discente: Luana Nunes Centeno<\/p>\n<p>T\u00edtulo da disserta\u00e7\u00e3o: <a href=\"http:\/\/repositorio.ufpel.edu.br:8080\/bitstream\/prefix\/3692\/1\/Luana_Nunes_Centeno_Proposta_metodologica_para_a_constru%c3%a7%c3%a3o_de_indices_de_qualidade_da_%c3%a1gua.pdf\">Proposta metodol\u00f3gica para a constru\u00e7\u00e3o de \u00edndices de qualidade da \u00e1gua na bacia hidrogr\u00e1fica do Piratini-S\u00e3o Gon\u00e7alo-Mangueira, RS<\/a><\/p>\n<p>Orienta\u00e7\u00e3o: Hugo Alexandre Soares Guedes (orientador); Lu\u00eds Carlos Timm (co-orientador); Claudia Fernanda Almeida Teixeira-Gandra (co-orientadora)<\/p>\n<p>Defesa: 10\/03\/2017<\/p>\n","protected":false},"excerpt":{"rendered":"<p>Discente:\u00a0C\u00e1ssia Brocca Caballero T\u00edtulo da disserta\u00e7\u00e3o: Modelagem emp\u00edrica de Clorofila-a e Oxig\u00eanio Dissolvido combinando sensoriamento remoto orbital e dados in situ na Lagoa Mirim, RS, Brasil Orienta\u00e7\u00e3o: Hugo Alexandre Soares Guedes (orientador) Defesa: 22\/02\/2019 &nbsp; Discente: Carina Kruger Bork T\u00edtulo da disserta\u00e7\u00e3o: Regionaliza\u00e7\u00e3o de vaz\u00f5es m\u00ednimas para o estado do Rio Grande do Sul Orienta\u00e7\u00e3o: [&hellip;]<\/p>\n","protected":false},"author":271,"featured_media":0,"parent":37,"menu_order":1,"comment_status":"closed","ping_status":"closed","template":"","meta":{"footnotes":""},"class_list":["post-1299","page","type-page","status-publish","hentry"],"_links":{"self":[{"href":"https:\/\/wp.ufpel.edu.br\/hugoguedes\/wp-json\/wp\/v2\/pages\/1299","targetHints":{"allow":["GET"]}}],"collection":[{"href":"https:\/\/wp.ufpel.edu.br\/hugoguedes\/wp-json\/wp\/v2\/pages"}],"about":[{"href":"https:\/\/wp.ufpel.edu.br\/hugoguedes\/wp-json\/wp\/v2\/types\/page"}],"author":[{"embeddable":true,"href":"https:\/\/wp.ufpel.edu.br\/hugoguedes\/wp-json\/wp\/v2\/users\/271"}],"replies":[{"embeddable":true,"href":"https:\/\/wp.ufpel.edu.br\/hugoguedes\/wp-json\/wp\/v2\/comments?post=1299"}],"version-history":[{"count":4,"href":"https:\/\/wp.ufpel.edu.br\/hugoguedes\/wp-json\/wp\/v2\/pages\/1299\/revisions"}],"predecessor-version":[{"id":1304,"href":"https:\/\/wp.ufpel.edu.br\/hugoguedes\/wp-json\/wp\/v2\/pages\/1299\/revisions\/1304"}],"up":[{"embeddable":true,"href":"https:\/\/wp.ufpel.edu.br\/hugoguedes\/wp-json\/wp\/v2\/pages\/37"}],"wp:attachment":[{"href":"https:\/\/wp.ufpel.edu.br\/hugoguedes\/wp-json\/wp\/v2\/media?parent=1299"}],"curies":[{"name":"wp","href":"https:\/\/api.w.org\/{rel}","templated":true}]}}