{"id":1289,"date":"2019-08-29T10:33:29","date_gmt":"2019-08-29T13:33:29","guid":{"rendered":"https:\/\/wp.ufpel.edu.br\/hugoguedes\/?page_id=1289"},"modified":"2019-08-29T10:36:42","modified_gmt":"2019-08-29T13:36:42","slug":"encerrado","status":"publish","type":"page","link":"https:\/\/wp.ufpel.edu.br\/hugoguedes\/producao-cientifica\/tese-de-doutorado\/encerrado\/","title":{"rendered":"Encerrado"},"content":{"rendered":"<p>Discente:\u00a0<strong>Micael Souza Fraga (Universidade Federal de Vi\u00e7osa)<\/strong><\/p>\n<p>T\u00edtulo da tese: Proposta metodol\u00f3gica para avalia\u00e7\u00e3o e otimiza\u00e7\u00e3o de redes de monitoramento de qualidade da \u00e1gua<\/p>\n<p>Orienta\u00e7\u00e3o: Demetrius David da Silva (orientador); Hugo Alexandre Soares Guedes (co-orientador); Abrah\u00e3o Alexandre Alden Elesbon (co-orientador)<\/p>\n<p>Defesa: Fevereiro de 2019<\/p>\n","protected":false},"excerpt":{"rendered":"<p>Discente:\u00a0Micael Souza Fraga (Universidade Federal de Vi\u00e7osa) T\u00edtulo da tese: Proposta metodol\u00f3gica para avalia\u00e7\u00e3o e otimiza\u00e7\u00e3o de redes de monitoramento de qualidade da \u00e1gua Orienta\u00e7\u00e3o: Demetrius David da Silva (orientador); Hugo Alexandre Soares Guedes (co-orientador); Abrah\u00e3o Alexandre Alden Elesbon (co-orientador) Defesa: Fevereiro de 2019<\/p>\n","protected":false},"author":271,"featured_media":0,"parent":35,"menu_order":1,"comment_status":"closed","ping_status":"closed","template":"","meta":{"footnotes":""},"class_list":["post-1289","page","type-page","status-publish","hentry"],"_links":{"self":[{"href":"https:\/\/wp.ufpel.edu.br\/hugoguedes\/wp-json\/wp\/v2\/pages\/1289","targetHints":{"allow":["GET"]}}],"collection":[{"href":"https:\/\/wp.ufpel.edu.br\/hugoguedes\/wp-json\/wp\/v2\/pages"}],"about":[{"href":"https:\/\/wp.ufpel.edu.br\/hugoguedes\/wp-json\/wp\/v2\/types\/page"}],"author":[{"embeddable":true,"href":"https:\/\/wp.ufpel.edu.br\/hugoguedes\/wp-json\/wp\/v2\/users\/271"}],"replies":[{"embeddable":true,"href":"https:\/\/wp.ufpel.edu.br\/hugoguedes\/wp-json\/wp\/v2\/comments?post=1289"}],"version-history":[{"count":3,"href":"https:\/\/wp.ufpel.edu.br\/hugoguedes\/wp-json\/wp\/v2\/pages\/1289\/revisions"}],"predecessor-version":[{"id":1293,"href":"https:\/\/wp.ufpel.edu.br\/hugoguedes\/wp-json\/wp\/v2\/pages\/1289\/revisions\/1293"}],"up":[{"embeddable":true,"href":"https:\/\/wp.ufpel.edu.br\/hugoguedes\/wp-json\/wp\/v2\/pages\/35"}],"wp:attachment":[{"href":"https:\/\/wp.ufpel.edu.br\/hugoguedes\/wp-json\/wp\/v2\/media?parent=1289"}],"curies":[{"name":"wp","href":"https:\/\/api.w.org\/{rel}","templated":true}]}}