{"id":1278,"date":"2019-08-29T10:20:03","date_gmt":"2019-08-29T13:20:03","guid":{"rendered":"https:\/\/wp.ufpel.edu.br\/hugoguedes\/?page_id=1278"},"modified":"2019-08-29T10:26:37","modified_gmt":"2019-08-29T13:26:37","slug":"encerrados","status":"publish","type":"page","link":"https:\/\/wp.ufpel.edu.br\/hugoguedes\/projetos-de-pesquisa\/encerrados\/","title":{"rendered":"Encerrados"},"content":{"rendered":"<ul>\n<li><strong>Regionaliza\u00e7\u00e3o de vaz\u00f5es m\u00ednimas para o Estado do Rio Grande do Sul utilizando an\u00e1lise estat\u00edstica multivariada. C\u00f3digo COCEPE: 7658<\/strong><\/li>\n<\/ul>\n<p style=\"text-align: justify\">O projeto proposto tem como objetivo geral regionalizar as vaz\u00f5es m\u00ednimas Q90 e Q95, de refer\u00eancia para os processos de outorga, no Estado do Rio Grande do Sul, aplicando t\u00e9cnicas estat\u00edsticas multivariadas a partir de um conjunto de dados contendo vari\u00e1veis fisiogr\u00e1ficas: \u00e1rea de drenagem (Ad), per\u00edmetro (P), maior dist\u00e2ncia percorrida pela \u00e1gua (L), comprimento total dos cursos d?\u00e1gua (L), e declividade m\u00e9dia (SL) na bacia e precipita\u00e7\u00e3o total anual (P)a. Os objetivos espec\u00edficos do projeto s\u00e3o: i) Verificar se as esta\u00e7\u00f5es fluviom\u00e9tricas e pluviom\u00e9tricas localizadas no Estado do Rio Grande do Sul apresentam tend\u00eancia temporal nos dados; ii) Verificar a aplicabilidade da an\u00e1lise estat\u00edstica multivariada na delimita\u00e7\u00e3o de regi\u00f5es hidrologicamente homog\u00eaneas no Estado do Rio Grande do Sul; iii) Identificar quais vari\u00e1veis fisiogr\u00e1ficas da bacia hidrogr\u00e1fica possuem mais interfer\u00eancia nas regi\u00f5es homog\u00eaneas e, consequentemente, na estimativa das vaz\u00f5es m\u00ednimas no estado; e iv) Identificar por meio de regress\u00f5es m\u00faltiplas, o melhor modelo de regionaliza\u00e7\u00e3o para cada regi\u00e3o hidrologicamente homog\u00eanea.<\/p>\n<p>&nbsp;<\/p>\n<ul>\n<li style=\"text-align: justify\"><strong>An\u00e1lise estat\u00edstica multivariada como suporte para o estudo de qualidade de \u00e1gua na Bacia Hidrogr\u00e1fica da Lagoa Mirim &#8211; RS. C\u00f3digo COCEPE: 6686<\/strong><\/li>\n<\/ul>\n<p style=\"text-align: justify\">A qualidade da \u00e1gua de um rio pode ser influenciada por v\u00e1rios fatores, motivo pelo qual apresenta grande variabilidade. O desenvolvimento de diversas atividades antr\u00f3picas vem ocasionando uma elevada gera\u00e7\u00e3o de \u00e1guas residuais que, muitas vezes, s\u00e3o lan\u00e7adas sem pr\u00e9vio tratamento em cursos h\u00eddricos em quantidades superiores ao seu potencial de autodepura\u00e7\u00e3o. A Bacia Hidrogr\u00e1fica da Lagoa Mirim est\u00e1 localizada entre os paralelos 31\u00b030&#8242; e 34\u00b030&#8217;S e entre os meridianos 52\u00b0 e 56\u00b0O, correspondendo a uma superf\u00edcie de aproximadamente 62.250 km2, dos quais 29.250 km2 (47%) em territ\u00f3rio brasileiro e 33.000 km2 (53%) em territ\u00f3rio uruguaio, constituindo uma bacia transfronteiri\u00e7a onde prevalece o regime de \u00e1guas compartilhadas. Nesta bacia \u00e9 encontrada uma infinidade de usos dos recursos h\u00eddricos, os quais podem ser resumidos: drenagem, aterramento, retirada de \u00e1gua para irriga\u00e7\u00e3o de agricultura, reflorestamento, contamina\u00e7\u00e3o com esgotos dom\u00e9sticos e industriais, agrot\u00f3xicos e fertilizantes, utiliza\u00e7\u00e3o para navega\u00e7\u00e3o, sobre-pesca e ainda por invas\u00e3o de esp\u00e9cies ex\u00f3ticas. O intenso uso da \u00e1gua e a polui\u00e7\u00e3o gerada na Bacia Hidrogr\u00e1fica da Lagoa Mirim contribuem para agravar sua escassez e resulta na necessidade crescente do acompanhamento das altera\u00e7\u00f5es da qualidade da \u00e1gua. Desta forma, conhecer a qualidade da \u00e1gua dispon\u00edvel \u00e9 fundamental para a gest\u00e3o dos recursos h\u00eddricos. Este conhecimento pode ser representado por meio de diversas vari\u00e1veis de qualidade as quais traduzem suas principais caracter\u00edsticas. A maneira geralmente utilizada pelos \u00f3rg\u00e3os reguladores para tal \u00e9 a realiza\u00e7\u00e3o peri\u00f3dica de campanhas de monitoramento. Entretanto, a continuidade e a periodicidade das campanhas s\u00e3o restritas em fun\u00e7\u00e3o dos custos e dificuldades envolvidas na opera\u00e7\u00e3o e na manuten\u00e7\u00e3o de um sistema de monitoramento da qualidade da \u00e1gua. Normalmente, as campanhas de monitoramento analisam muitas vari\u00e1veis e geram grandes quantidades de dados que s\u00e3o dif\u00edceis de analisar e interpretar, uma vez que as rela\u00e7\u00f5es entre as vari\u00e1veis s\u00e3o complexas. Diante da situa\u00e7\u00e3o, abordagens multivariadas como An\u00e1lise Fatorial (AF) e An\u00e1lise de Componentes Principais (ACP), por exemplo, v\u00eam sendo utilizadas para apoiar a gest\u00e3o dos recursos h\u00eddricos e extrair informa\u00e7\u00f5es significativas a partir dessas bases de dados. Sendo assim, o projeto proposto tem como objetivo geral aplicar t\u00e9cnicas est\u00e1ticas multivariadas a partir de um conjunto de dados contendo par\u00e2metros f\u00edsicos, qu\u00edmicos e biol\u00f3gicos, a fim de avaliar a qualidade da \u00e1gua e identificar os grupos de polui\u00e7\u00e3o presentes na Bacia Hidrogr\u00e1fica da Lagoa Mirim. Os objetivos espec\u00edficos do projeto s\u00e3o: i) Verificar se \u00e9 poss\u00edvel a redu\u00e7\u00e3o do n\u00famero de vari\u00e1veis qualitativas usando a t\u00e9cnica multivariada de An\u00e1lise de Componente Fatorial (ACP); ii) Verificar se existem grupos de polui\u00e7\u00e3o bem caracter\u00edsticos na bacia a partir da An\u00e1lise Fatorial e An\u00e1lise de Agrupamento; e iii) Gerar um \u00edndice qualitativo por meio da An\u00e1lise Fatorial e compar\u00e1-lo com os demais \u00edndices consagrados na literatura.<\/p>\n","protected":false},"excerpt":{"rendered":"<p>Regionaliza\u00e7\u00e3o de vaz\u00f5es m\u00ednimas para o Estado do Rio Grande do Sul utilizando an\u00e1lise estat\u00edstica multivariada. C\u00f3digo COCEPE: 7658 O projeto proposto tem como objetivo geral regionalizar as vaz\u00f5es m\u00ednimas Q90 e Q95, de refer\u00eancia para os processos de outorga, no Estado do Rio Grande do Sul, aplicando t\u00e9cnicas estat\u00edsticas multivariadas a partir de um [&hellip;]<\/p>\n","protected":false},"author":271,"featured_media":0,"parent":30,"menu_order":1,"comment_status":"closed","ping_status":"closed","template":"","meta":{"footnotes":""},"class_list":["post-1278","page","type-page","status-publish","hentry"],"_links":{"self":[{"href":"https:\/\/wp.ufpel.edu.br\/hugoguedes\/wp-json\/wp\/v2\/pages\/1278","targetHints":{"allow":["GET"]}}],"collection":[{"href":"https:\/\/wp.ufpel.edu.br\/hugoguedes\/wp-json\/wp\/v2\/pages"}],"about":[{"href":"https:\/\/wp.ufpel.edu.br\/hugoguedes\/wp-json\/wp\/v2\/types\/page"}],"author":[{"embeddable":true,"href":"https:\/\/wp.ufpel.edu.br\/hugoguedes\/wp-json\/wp\/v2\/users\/271"}],"replies":[{"embeddable":true,"href":"https:\/\/wp.ufpel.edu.br\/hugoguedes\/wp-json\/wp\/v2\/comments?post=1278"}],"version-history":[{"count":3,"href":"https:\/\/wp.ufpel.edu.br\/hugoguedes\/wp-json\/wp\/v2\/pages\/1278\/revisions"}],"predecessor-version":[{"id":1282,"href":"https:\/\/wp.ufpel.edu.br\/hugoguedes\/wp-json\/wp\/v2\/pages\/1278\/revisions\/1282"}],"up":[{"embeddable":true,"href":"https:\/\/wp.ufpel.edu.br\/hugoguedes\/wp-json\/wp\/v2\/pages\/30"}],"wp:attachment":[{"href":"https:\/\/wp.ufpel.edu.br\/hugoguedes\/wp-json\/wp\/v2\/media?parent=1278"}],"curies":[{"name":"wp","href":"https:\/\/api.w.org\/{rel}","templated":true}]}}