{"id":91,"date":"2013-10-27T16:37:10","date_gmt":"2013-10-27T18:37:10","guid":{"rendered":"https:\/\/wp.ufpel.edu.br\/hotelaria\/?page_id=91"},"modified":"2025-10-22T22:16:13","modified_gmt":"2025-10-23T01:16:13","slug":"links","status":"publish","type":"page","link":"https:\/\/wp.ufpel.edu.br\/hotelaria\/links\/","title":{"rendered":"LINKS"},"content":{"rendered":"<ul>\n<li><a href=\"https:\/\/www.gov.br\/mec\/pt-br\">Minist\u00e9rio da Educa\u00e7\u00e3o do Brasil<\/a><\/li>\n<\/ul>\n<p>&nbsp;<\/p>\n<ul>\n<li><a href=\"https:\/\/portal.ufpel.edu.br\">Universidade Federal de Pelotas (UFPEL)<\/a><\/li>\n<\/ul>\n<p>&nbsp;<\/p>\n<ul>\n<li><a href=\"https:\/\/www.gov.br\/turismo\/pt-br\">Minist\u00e9rio do Turismo do Brasil<\/a><\/li>\n<\/ul>\n<p>&nbsp;<\/p>\n<ul>\n<li><a href=\"https:\/\/www.unwto.org\/es\">Organiza\u00e7\u00e3o Mundial do Turismo<\/a><\/li>\n<\/ul>\n<p>&nbsp;<\/p>\n<ul>\n<li><a href=\"https:\/\/www.abrhbrasil.org.br\">Associa\u00e7\u00e3o Brasileira da Ind\u00fastria Hoteleira<\/a><\/li>\n<\/ul>\n<p>&nbsp;<\/p>\n<ul>\n<li><a href=\"https:\/\/abihrs.org.br\">Associa\u00e7\u00e3o Brasileira da Ind\u00fastria Hoteleira &#8211; Rio Grande do Sul<\/a><\/li>\n<\/ul>\n<p>&nbsp;<\/p>\n<ul>\n<li><a href=\"https:\/\/sebrae.com.br\/sites\/PortalSebrae\/ufs\/rs?codUf=22\">Servi\u00e7o Brasileiro de Apoio \u00e0s Micro e Pequenas Empresas (SEBRAE) &#8211; Rio Grande do Sul<\/a><\/li>\n<\/ul>\n<p>&nbsp;<\/p>\n<ul>\n<li><a href=\"https:\/\/shrbspelotas.com.br\">Sindicato de Hot\u00e9is, Restaurantes, Bares e Similares de Pelotas (SHRBS)<\/a><\/li>\n<\/ul>\n<p>&nbsp;<\/p>\n<ul>\n<li><a href=\"https:\/\/setur.rs.gov.br\/inicial\">Secretaria de Turismo do Estado do Rio Grande do Sul<\/a><\/li>\n<\/ul>\n<p>&nbsp;<\/p>\n<ul>\n<li><a href=\"https:\/\/www.pelotas.com.br\/#\">Prefeitura Municipal de Pelotas<\/a><\/li>\n<\/ul>\n<p>&nbsp;<\/p>\n","protected":false},"excerpt":{"rendered":"<p>Minist\u00e9rio da Educa\u00e7\u00e3o do Brasil &nbsp; Universidade Federal de Pelotas (UFPEL) &nbsp; Minist\u00e9rio do Turismo do Brasil &nbsp; Organiza\u00e7\u00e3o Mundial do Turismo &nbsp; Associa\u00e7\u00e3o Brasileira da Ind\u00fastria Hoteleira &nbsp; Associa\u00e7\u00e3o Brasileira da Ind\u00fastria Hoteleira &#8211; Rio Grande do Sul &nbsp; Servi\u00e7o Brasileiro de Apoio \u00e0s Micro e Pequenas Empresas (SEBRAE) &#8211; Rio Grande do Sul [&hellip;]<\/p>\n","protected":false},"author":292,"featured_media":0,"parent":0,"menu_order":12,"comment_status":"closed","ping_status":"closed","template":"","meta":{"jetpack_post_was_ever_published":false,"footnotes":""},"class_list":["post-91","page","type-page","status-publish","hentry"],"jetpack_sharing_enabled":true,"jetpack_shortlink":"https:\/\/wp.me\/P6g82V-1t","_links":{"self":[{"href":"https:\/\/wp.ufpel.edu.br\/hotelaria\/wp-json\/wp\/v2\/pages\/91","targetHints":{"allow":["GET"]}}],"collection":[{"href":"https:\/\/wp.ufpel.edu.br\/hotelaria\/wp-json\/wp\/v2\/pages"}],"about":[{"href":"https:\/\/wp.ufpel.edu.br\/hotelaria\/wp-json\/wp\/v2\/types\/page"}],"author":[{"embeddable":true,"href":"https:\/\/wp.ufpel.edu.br\/hotelaria\/wp-json\/wp\/v2\/users\/292"}],"replies":[{"embeddable":true,"href":"https:\/\/wp.ufpel.edu.br\/hotelaria\/wp-json\/wp\/v2\/comments?post=91"}],"version-history":[{"count":7,"href":"https:\/\/wp.ufpel.edu.br\/hotelaria\/wp-json\/wp\/v2\/pages\/91\/revisions"}],"predecessor-version":[{"id":714,"href":"https:\/\/wp.ufpel.edu.br\/hotelaria\/wp-json\/wp\/v2\/pages\/91\/revisions\/714"}],"wp:attachment":[{"href":"https:\/\/wp.ufpel.edu.br\/hotelaria\/wp-json\/wp\/v2\/media?parent=91"}],"curies":[{"name":"wp","href":"https:\/\/api.w.org\/{rel}","templated":true}]}}