{"id":81,"date":"2013-10-27T15:35:59","date_gmt":"2013-10-27T17:35:59","guid":{"rendered":"https:\/\/wp.ufpel.edu.br\/hotelaria\/?page_id=81"},"modified":"2025-03-29T00:39:48","modified_gmt":"2025-03-29T03:39:48","slug":"grande-hotel","status":"publish","type":"page","link":"https:\/\/wp.ufpel.edu.br\/hotelaria\/apresentacao\/grande-hotel\/","title":{"rendered":"Grande Hotel"},"content":{"rendered":"<p id=\"yui_3_16_0_1_1568654747129_1903\">\u00a0O Grande Hotel fica localizado na Pra\u00e7a Coronel Pedro Os\u00f3rio, na cidade de\u00a0 Pelotas-RS.A hist\u00f3ria do Grande Hotel tem in\u00edcio em 1922, quando o ent\u00e3o intendente Pedro Lu\u00eds Os\u00f3rio lan\u00e7ou a id\u00e9ia de constru\u00ed-lo em um terreno doado pelo Dr. Fernando Luis Os\u00f3rio, no local onde funcionava o Cinema Politeama. Com esta finalidade, foi organizada a Cia. Incorporadora Grande Hotel.<\/p>\n<p>Projeto do arquiteto The\u00f3philo de Barros, o pr\u00e9dio do Grande Hotel de Pelotas, inaugurado em 1928, destaca-se no entorno da Pra\u00e7a, como constru\u00e7\u00e3o ecl\u00e9tica de car\u00e1ter grandioso.<\/p>\n<p>O Grande Hotel apresenta um estilo Art nouveau. O projeto seguia o tipo comum na \u00e9poca: constru\u00e7\u00e3o de esquina com subsolo habit\u00e1vel, andar t\u00e9rreo ligeiramente mais elevado em rela\u00e7\u00e3o ao passeio, andar nobre evidenciado na fachada, dois pavimentos-tipo e mansarda (que n\u00e3o chegou a ser constru\u00edda). A esquina do pr\u00e9dio foi tratada de maneira diferenciada, a partir de um corpo cil\u00edndrico, uma esp\u00e9cie de torre, encimada por grande c\u00fapula, que esconde a caixa d&#8217;\u00e1gua e marca o acesso principal do edif\u00edcio.<\/p>\n<p>Devido \u00e0 eleg\u00e2ncia em seu estilo o Grande Hotel mereceu a seguinte observa\u00e7\u00e3o do escritor e historiador Berilo Neves, que escreveu &#8220;Pompas e Cochilhas&#8221;: O Grande Hotel de Pelotas \u00e9 um dos poucos &#8220;grandes hot\u00e9is&#8221;, do mundo que justificam seu nome.<\/p>\n<p>Muitos personagens ilustres nele se hospedaram e por muitos anos foi o principal hotel da cidade e da regi\u00e3o. Era considerado o sal\u00e3o de festas da cidade. L\u00e1 costumavam ser oferecidos banquetes homenageando grandes vultos nacionais, bailes de carnaval. Um jantar no restaurante do Grande Hotel era classificado como o que havia de mais elegante.<\/p>\n<p>Desde o ano de 2019 o Grande Hotel encontra-se em reforma, com o prop\u00f3sito de funcionar, em futuro breve, o Hotel Escola da Universidade Federal de Pelotas, que compreender\u00e1 as atividades do Curso Superior de Tecnologia em Hoteria e a oferta de servi\u00e7os de hospitalidade.<\/p>\n<p>&nbsp;<\/p>\n<div id=\"attachment_648\" style=\"width: 410px\" class=\"wp-caption aligncenter\"><a href=\"https:\/\/wp.ufpel.edu.br\/hotelaria\/files\/2025\/03\/Grande-Hotel-3-scaled.jpg\"><img aria-describedby=\"caption-attachment-648\" class=\"wp-image-648 size-medium\" src=\"https:\/\/wp.ufpel.edu.br\/hotelaria\/files\/2025\/03\/Grande-Hotel-3-400x400.jpg\" alt=\"\" width=\"400\" height=\"400\" srcset=\"https:\/\/wp.ufpel.edu.br\/hotelaria\/files\/2025\/03\/Grande-Hotel-3-400x400.jpg 400w, https:\/\/wp.ufpel.edu.br\/hotelaria\/files\/2025\/03\/Grande-Hotel-3-1024x1024.jpg 1024w, https:\/\/wp.ufpel.edu.br\/hotelaria\/files\/2025\/03\/Grande-Hotel-3-200x200.jpg 200w, https:\/\/wp.ufpel.edu.br\/hotelaria\/files\/2025\/03\/Grande-Hotel-3-768x767.jpg 768w, https:\/\/wp.ufpel.edu.br\/hotelaria\/files\/2025\/03\/Grande-Hotel-3-1536x1534.jpg 1536w, https:\/\/wp.ufpel.edu.br\/hotelaria\/files\/2025\/03\/Grande-Hotel-3-2048x2045.jpg 2048w\" sizes=\"(max-width: 400px) 100vw, 400px\" \/><\/a><p id=\"caption-attachment-648\" class=\"wp-caption-text\">Cr\u00e9dito da imagem: Adalberto Santos, 2024.<\/p><\/div>\n<p>&nbsp;<\/p>\n<p style=\"text-align: center;\">\n","protected":false},"excerpt":{"rendered":"<p>\u00a0O Grande Hotel fica localizado na Pra\u00e7a Coronel Pedro Os\u00f3rio, na cidade de\u00a0 Pelotas-RS.A hist\u00f3ria do Grande Hotel tem in\u00edcio em 1922, quando o ent\u00e3o intendente Pedro Lu\u00eds Os\u00f3rio lan\u00e7ou a id\u00e9ia de constru\u00ed-lo em um terreno doado pelo Dr. Fernando Luis Os\u00f3rio, no local onde funcionava o Cinema Politeama. Com esta finalidade, foi organizada [&hellip;]<\/p>\n","protected":false},"author":292,"featured_media":0,"parent":18,"menu_order":4,"comment_status":"closed","ping_status":"closed","template":"","meta":{"jetpack_post_was_ever_published":false,"footnotes":""},"class_list":["post-81","page","type-page","status-publish","hentry"],"jetpack_sharing_enabled":true,"jetpack_shortlink":"https:\/\/wp.me\/P6g82V-1j","_links":{"self":[{"href":"https:\/\/wp.ufpel.edu.br\/hotelaria\/wp-json\/wp\/v2\/pages\/81","targetHints":{"allow":["GET"]}}],"collection":[{"href":"https:\/\/wp.ufpel.edu.br\/hotelaria\/wp-json\/wp\/v2\/pages"}],"about":[{"href":"https:\/\/wp.ufpel.edu.br\/hotelaria\/wp-json\/wp\/v2\/types\/page"}],"author":[{"embeddable":true,"href":"https:\/\/wp.ufpel.edu.br\/hotelaria\/wp-json\/wp\/v2\/users\/292"}],"replies":[{"embeddable":true,"href":"https:\/\/wp.ufpel.edu.br\/hotelaria\/wp-json\/wp\/v2\/comments?post=81"}],"version-history":[{"count":6,"href":"https:\/\/wp.ufpel.edu.br\/hotelaria\/wp-json\/wp\/v2\/pages\/81\/revisions"}],"predecessor-version":[{"id":649,"href":"https:\/\/wp.ufpel.edu.br\/hotelaria\/wp-json\/wp\/v2\/pages\/81\/revisions\/649"}],"up":[{"embeddable":true,"href":"https:\/\/wp.ufpel.edu.br\/hotelaria\/wp-json\/wp\/v2\/pages\/18"}],"wp:attachment":[{"href":"https:\/\/wp.ufpel.edu.br\/hotelaria\/wp-json\/wp\/v2\/media?parent=81"}],"curies":[{"name":"wp","href":"https:\/\/api.w.org\/{rel}","templated":true}]}}