{"id":74,"date":"2013-10-27T15:33:57","date_gmt":"2013-10-27T17:33:57","guid":{"rendered":"https:\/\/wp.ufpel.edu.br\/hotelaria\/?page_id=74"},"modified":"2025-10-22T22:16:08","modified_gmt":"2025-10-23T01:16:08","slug":"contato","status":"publish","type":"page","link":"https:\/\/wp.ufpel.edu.br\/hotelaria\/contato\/","title":{"rendered":"Contato"},"content":{"rendered":"<p style=\"text-align: center;\"><strong>Curso Superior de Tecnologia em Hotelaria<\/strong><\/p>\n<p><strong>Coordena\u00e7\u00e3o\u00a0<\/strong><\/p>\n<ul>\n<li>Coordenador: Prof. Dr. Adalberto dos Santos J\u00fanior<\/li>\n<li>Coordenadora Adjunta: Prof. Dra. Priscila Vasconcellos Chiattone<\/li>\n<li>T\u00e9cnico-Administrativo: Daniele de Medeiros Cunha<\/li>\n<\/ul>\n<p>Telefone: (53) 3222-0354<br \/>\nEmail: cursos03.cim@gmail.com \/ adalberto.santos@ufpel.edu.br<\/p>\n<p>&nbsp;<\/p>\n<p><strong>Diret\u00f3rio Acad\u00eamico<\/strong><\/p>\n<ul>\n<li>Discente: Cl\u00e1udia Cristina Pereira de Carvalho<\/li>\n<\/ul>\n<p>Email: cc272488@gmail.com<\/p>\n<p>&nbsp;<\/p>\n<h4><strong>Localiza\u00e7\u00e3o<\/strong><\/h4>\n<p>Endere\u00e7o: <span class=\"w8qArf\">\u00a0<\/span><span class=\"LrzXr\">R. Andrade Neves, 1529 &#8211; Centro, Pelotas &#8211; RS, 96020-080<\/span><\/p>\n<p>&nbsp;<\/p>\n<p><strong>Atendimento da Secretaria do Curso<\/strong><\/p>\n<p>Hor\u00e1rios: Segunda \u00e0 sexta das 13h30 \u00e1s 17h30.<\/p>\n<p>&nbsp;<\/p>\n<p><strong>Instagram<\/strong><\/p>\n<p><a href=\"https:\/\/www.instagram.com\/hotelariaufpel\/\">@hotelariaufpel<\/a><\/p>\n","protected":false},"excerpt":{"rendered":"<p>Curso Superior de Tecnologia em Hotelaria Coordena\u00e7\u00e3o\u00a0 Coordenador: Prof. Dr. Adalberto dos Santos J\u00fanior Coordenadora Adjunta: Prof. Dra. Priscila Vasconcellos Chiattone T\u00e9cnico-Administrativo: Daniele de Medeiros Cunha Telefone: (53) 3222-0354 Email: cursos03.cim@gmail.com \/ adalberto.santos@ufpel.edu.br &nbsp; Diret\u00f3rio Acad\u00eamico Discente: Cl\u00e1udia Cristina Pereira de Carvalho Email: cc272488@gmail.com &nbsp; Localiza\u00e7\u00e3o Endere\u00e7o: \u00a0R. Andrade Neves, 1529 &#8211; Centro, Pelotas &#8211; [&hellip;]<\/p>\n","protected":false},"author":292,"featured_media":0,"parent":0,"menu_order":11,"comment_status":"closed","ping_status":"closed","template":"","meta":{"jetpack_post_was_ever_published":false,"footnotes":""},"class_list":["post-74","page","type-page","status-publish","hentry"],"jetpack_sharing_enabled":true,"jetpack_shortlink":"https:\/\/wp.me\/P6g82V-1c","_links":{"self":[{"href":"https:\/\/wp.ufpel.edu.br\/hotelaria\/wp-json\/wp\/v2\/pages\/74","targetHints":{"allow":["GET"]}}],"collection":[{"href":"https:\/\/wp.ufpel.edu.br\/hotelaria\/wp-json\/wp\/v2\/pages"}],"about":[{"href":"https:\/\/wp.ufpel.edu.br\/hotelaria\/wp-json\/wp\/v2\/types\/page"}],"author":[{"embeddable":true,"href":"https:\/\/wp.ufpel.edu.br\/hotelaria\/wp-json\/wp\/v2\/users\/292"}],"replies":[{"embeddable":true,"href":"https:\/\/wp.ufpel.edu.br\/hotelaria\/wp-json\/wp\/v2\/comments?post=74"}],"version-history":[{"count":15,"href":"https:\/\/wp.ufpel.edu.br\/hotelaria\/wp-json\/wp\/v2\/pages\/74\/revisions"}],"predecessor-version":[{"id":783,"href":"https:\/\/wp.ufpel.edu.br\/hotelaria\/wp-json\/wp\/v2\/pages\/74\/revisions\/783"}],"wp:attachment":[{"href":"https:\/\/wp.ufpel.edu.br\/hotelaria\/wp-json\/wp\/v2\/media?parent=74"}],"curies":[{"name":"wp","href":"https:\/\/api.w.org\/{rel}","templated":true}]}}