{"id":278,"date":"2019-09-17T08:56:19","date_gmt":"2019-09-17T11:56:19","guid":{"rendered":"https:\/\/wp.ufpel.edu.br\/hotelaria\/?page_id=278"},"modified":"2025-10-22T22:15:14","modified_gmt":"2025-10-23T01:15:14","slug":"biblioteca","status":"publish","type":"page","link":"https:\/\/wp.ufpel.edu.br\/hotelaria\/biblioteca\/","title":{"rendered":"Biblioteca"},"content":{"rendered":"<p><strong>Biblioteca de Ci\u00eancias Sociais<\/strong><\/p>\n<p>&nbsp;<\/p>\n<p>Rua Alberto Rosa, 117<\/p>\n<p>Pelotas \/ RS\u00a0 \u2013 CEP: 96010-770<\/p>\n<p>&nbsp;<\/p>\n<p>Tel.: (53) 3284-3171 (Balc\u00e3o de empr\u00e9stimo)<\/p>\n<p>E-mail: atendimento.bcs@ufpel.edu.br<\/p>\n<p>&nbsp;<\/p>\n<p>Tel.: (53) 3284-3170 (Processamento T\u00e9cnico)<\/p>\n<p>E-mail: bcsufpel@ufpel.edu.br \/ bcsufpel@gmail.com<\/p>\n","protected":false},"excerpt":{"rendered":"<p>Biblioteca de Ci\u00eancias Sociais &nbsp; Rua Alberto Rosa, 117 Pelotas \/ RS\u00a0 \u2013 CEP: 96010-770 &nbsp; Tel.: (53) 3284-3171 (Balc\u00e3o de empr\u00e9stimo) E-mail: atendimento.bcs@ufpel.edu.br &nbsp; Tel.: (53) 3284-3170 (Processamento T\u00e9cnico) E-mail: bcsufpel@ufpel.edu.br \/ bcsufpel@gmail.com<\/p>\n","protected":false},"author":292,"featured_media":0,"parent":0,"menu_order":9,"comment_status":"closed","ping_status":"closed","template":"","meta":{"jetpack_post_was_ever_published":false,"footnotes":""},"class_list":["post-278","page","type-page","status-publish","hentry"],"jetpack_sharing_enabled":true,"jetpack_shortlink":"https:\/\/wp.me\/P6g82V-4u","_links":{"self":[{"href":"https:\/\/wp.ufpel.edu.br\/hotelaria\/wp-json\/wp\/v2\/pages\/278","targetHints":{"allow":["GET"]}}],"collection":[{"href":"https:\/\/wp.ufpel.edu.br\/hotelaria\/wp-json\/wp\/v2\/pages"}],"about":[{"href":"https:\/\/wp.ufpel.edu.br\/hotelaria\/wp-json\/wp\/v2\/types\/page"}],"author":[{"embeddable":true,"href":"https:\/\/wp.ufpel.edu.br\/hotelaria\/wp-json\/wp\/v2\/users\/292"}],"replies":[{"embeddable":true,"href":"https:\/\/wp.ufpel.edu.br\/hotelaria\/wp-json\/wp\/v2\/comments?post=278"}],"version-history":[{"count":4,"href":"https:\/\/wp.ufpel.edu.br\/hotelaria\/wp-json\/wp\/v2\/pages\/278\/revisions"}],"predecessor-version":[{"id":520,"href":"https:\/\/wp.ufpel.edu.br\/hotelaria\/wp-json\/wp\/v2\/pages\/278\/revisions\/520"}],"wp:attachment":[{"href":"https:\/\/wp.ufpel.edu.br\/hotelaria\/wp-json\/wp\/v2\/media?parent=278"}],"curies":[{"name":"wp","href":"https:\/\/api.w.org\/{rel}","templated":true}]}}