{"id":23,"date":"2013-10-21T14:55:13","date_gmt":"2013-10-21T16:55:13","guid":{"rendered":"https:\/\/wp.ufpel.edu.br\/hotelaria\/?page_id=23"},"modified":"2025-10-22T22:15:05","modified_gmt":"2025-10-23T01:15:05","slug":"projetos","status":"publish","type":"page","link":"https:\/\/wp.ufpel.edu.br\/hotelaria\/projetos\/","title":{"rendered":"Projetos"},"content":{"rendered":"<p><strong data-start=\"92\" data-end=\"119\">Projetos Universit\u00e1rios<\/strong> s\u00e3o iniciativas acad\u00eamicas que integram ensino, pesquisa e extens\u00e3o, desenvolvidas por estudantes e professores com foco na inova\u00e7\u00e3o, no aprendizado pr\u00e1tico e na contribui\u00e7\u00e3o social. Eles fortalecem a forma\u00e7\u00e3o profissional, aproximam a universidade da comunidade e promovem experi\u00eancias que v\u00e3o al\u00e9m da sala de aula.<\/p>\n<p>Confiram as seguintes abas:<\/p>\n<blockquote class=\"wp-embedded-content\" data-secret=\"129zx5F8uP\"><p><a href=\"https:\/\/wp.ufpel.edu.br\/hotelaria\/projetos\/ensino\/\">Ensino<\/a><\/p><\/blockquote>\n<p><iframe class=\"wp-embedded-content\" sandbox=\"allow-scripts\" security=\"restricted\" style=\"position: absolute; visibility: hidden;\" title=\"&#8220;Ensino&#8221; &#8212; Curso Superior de Tecnologia em Hotelaria\" src=\"https:\/\/wp.ufpel.edu.br\/hotelaria\/projetos\/ensino\/embed\/#?secret=KaOsI9uM8C#?secret=129zx5F8uP\" data-secret=\"129zx5F8uP\" width=\"500\" height=\"282\" frameborder=\"0\" marginwidth=\"0\" marginheight=\"0\" scrolling=\"no\"><\/iframe><\/p>\n<blockquote class=\"wp-embedded-content\" data-secret=\"ovBCXDbsDP\"><p><a href=\"https:\/\/wp.ufpel.edu.br\/hotelaria\/projetos\/pesquisa\/\">Pesquisa<\/a><\/p><\/blockquote>\n<p><iframe class=\"wp-embedded-content\" sandbox=\"allow-scripts\" security=\"restricted\" style=\"position: absolute; visibility: hidden;\" title=\"&#8220;Pesquisa&#8221; &#8212; Curso Superior de Tecnologia em Hotelaria\" src=\"https:\/\/wp.ufpel.edu.br\/hotelaria\/projetos\/pesquisa\/embed\/#?secret=HJ85COGToJ#?secret=ovBCXDbsDP\" data-secret=\"ovBCXDbsDP\" width=\"500\" height=\"282\" frameborder=\"0\" marginwidth=\"0\" marginheight=\"0\" scrolling=\"no\"><\/iframe><\/p>\n<blockquote class=\"wp-embedded-content\" data-secret=\"XtR9HKegNZ\"><p><a href=\"https:\/\/wp.ufpel.edu.br\/hotelaria\/projetos\/extensao\/\">Extens\u00e3o<\/a><\/p><\/blockquote>\n<p><iframe class=\"wp-embedded-content\" sandbox=\"allow-scripts\" security=\"restricted\" style=\"position: absolute; visibility: hidden;\" title=\"&#8220;Extens\u00e3o&#8221; &#8212; Curso Superior de Tecnologia em Hotelaria\" src=\"https:\/\/wp.ufpel.edu.br\/hotelaria\/projetos\/extensao\/embed\/#?secret=p4tvH1xCTC#?secret=XtR9HKegNZ\" data-secret=\"XtR9HKegNZ\" width=\"500\" height=\"282\" frameborder=\"0\" marginwidth=\"0\" marginheight=\"0\" scrolling=\"no\"><\/iframe><\/p>\n","protected":false},"excerpt":{"rendered":"<p>Projetos Universit\u00e1rios s\u00e3o iniciativas acad\u00eamicas que integram ensino, pesquisa e extens\u00e3o, desenvolvidas por estudantes e professores com foco na inova\u00e7\u00e3o, no aprendizado pr\u00e1tico e na contribui\u00e7\u00e3o social. Eles fortalecem a forma\u00e7\u00e3o profissional, aproximam a universidade da comunidade e promovem experi\u00eancias que v\u00e3o al\u00e9m da sala de aula. Confiram as seguintes abas: Ensino Pesquisa Extens\u00e3o<\/p>\n","protected":false},"author":292,"featured_media":0,"parent":0,"menu_order":8,"comment_status":"closed","ping_status":"closed","template":"","meta":{"jetpack_post_was_ever_published":false,"footnotes":""},"class_list":["post-23","page","type-page","status-publish","hentry"],"jetpack_sharing_enabled":true,"jetpack_shortlink":"https:\/\/wp.me\/P6g82V-n","_links":{"self":[{"href":"https:\/\/wp.ufpel.edu.br\/hotelaria\/wp-json\/wp\/v2\/pages\/23","targetHints":{"allow":["GET"]}}],"collection":[{"href":"https:\/\/wp.ufpel.edu.br\/hotelaria\/wp-json\/wp\/v2\/pages"}],"about":[{"href":"https:\/\/wp.ufpel.edu.br\/hotelaria\/wp-json\/wp\/v2\/types\/page"}],"author":[{"embeddable":true,"href":"https:\/\/wp.ufpel.edu.br\/hotelaria\/wp-json\/wp\/v2\/users\/292"}],"replies":[{"embeddable":true,"href":"https:\/\/wp.ufpel.edu.br\/hotelaria\/wp-json\/wp\/v2\/comments?post=23"}],"version-history":[{"count":2,"href":"https:\/\/wp.ufpel.edu.br\/hotelaria\/wp-json\/wp\/v2\/pages\/23\/revisions"}],"predecessor-version":[{"id":1230,"href":"https:\/\/wp.ufpel.edu.br\/hotelaria\/wp-json\/wp\/v2\/pages\/23\/revisions\/1230"}],"wp:attachment":[{"href":"https:\/\/wp.ufpel.edu.br\/hotelaria\/wp-json\/wp\/v2\/media?parent=23"}],"curies":[{"name":"wp","href":"https:\/\/api.w.org\/{rel}","templated":true}]}}