{"id":1293,"date":"2025-10-22T21:44:48","date_gmt":"2025-10-23T00:44:48","guid":{"rendered":"https:\/\/wp.ufpel.edu.br\/hotelaria\/?page_id=1293"},"modified":"2025-10-22T22:04:18","modified_gmt":"2025-10-23T01:04:18","slug":"sobre-o-nde","status":"publish","type":"page","link":"https:\/\/wp.ufpel.edu.br\/hotelaria\/apresentacao\/nde-do-curso\/sobre-o-nde\/","title":{"rendered":"Sobre o NDE"},"content":{"rendered":"<p><strong>Relat\u00f3rio de Estudos do NDE<\/strong><\/p>\n<p>O N\u00facleo Docente Estruturante (NDE), desde o in\u00edcio da Gest\u00e3o Renovar, no ano de 2024, tem se dedicado de forma cont\u00ednua ao fortalecimento da qualidade acad\u00eamica do Curso Superior de Tecnologia em Hotelaria, com foco na atualiza\u00e7\u00e3o e moderniza\u00e7\u00e3o de seus instrumentos de ensino e aprendizagem. Entre as principais a\u00e7\u00f5es em desenvolvimento, destacam-se:<\/p>\n<ul>\n<li><strong>Atualiza\u00e7\u00e3o do Projeto Pedag\u00f3gico do Curso (PPC): <\/strong>visando garantir maior alinhamento \u00e0s demandas contempor\u00e2neas do setor de hotelaria e hospitalidade, bem como \u00e0s diretrizes nacionais de educa\u00e7\u00e3o superior;<\/li>\n<li><strong>Elabora\u00e7\u00e3o de um novo PPC: <\/strong>incorporando a modalidade de educa\u00e7\u00e3o a dist\u00e2ncia e a curriculariza\u00e7\u00e3o da extens\u00e3o, em conson\u00e2ncia com as exig\u00eancias legais e com o compromisso de aproximar ainda mais a forma\u00e7\u00e3o acad\u00eamica das pr\u00e1ticas sociais e do mercado de trabalho;<\/li>\n<li><strong>Revis\u00e3o e atualiza\u00e7\u00e3o da bibliografia: <\/strong>incluindo a inser\u00e7\u00e3o de, no m\u00ednimo, um livro digital em cada disciplina, devidamente disponibilizado na Plataforma Pergamum, de modo a democratizar o acesso e ampliar as possibilidades de estudo dos discentes;<\/li>\n<li><strong>Elabora\u00e7\u00e3o do Regimento do Trabalho de Conclus\u00e3o de Curso (TCC): <\/strong>estabelecendo regras claras, transparentes e alinhadas ao perfil formativo do curso, de forma a valorizar a produ\u00e7\u00e3o cient\u00edfica e o desenvolvimento acad\u00eamico dos estudantes;<\/li>\n<li><strong>Redefini\u00e7\u00e3o das Atividades Complementares: <\/strong>em conformidade com as normativas da UFPel, ampliando as oportunidades de aprendizagem e reconhecendo experi\u00eancias formativas diversificadas que contribuem para a forma\u00e7\u00e3o integral do egresso.<\/li>\n<\/ul>\n<p>Essas iniciativas refletem o empenho do NDE em assegurar um processo formativo s\u00f3lido, inovador e socialmente relevante, reafirmando o compromisso com a excel\u00eancia acad\u00eamica e com a valoriza\u00e7\u00e3o do Curso Superior de Tecnologia em Hotelaria.<\/p>\n<p>&nbsp;<\/p>\n<p><a href=\"https:\/\/wp.ufpel.edu.br\/hotelaria\/nde-do-curso\/sobre-o-nde\/anexo-2-relatorio-de-estudos-do-nucleo-docente-estruturante\/\" rel=\"attachment wp-att-1305\">&#8211; Relatorio de Estudos do N\u00facleo Docente Estruturante<\/a><\/p>\n","protected":false},"excerpt":{"rendered":"<p>Relat\u00f3rio de Estudos do NDE O N\u00facleo Docente Estruturante (NDE), desde o in\u00edcio da Gest\u00e3o Renovar, no ano de 2024, tem se dedicado de forma cont\u00ednua ao fortalecimento da qualidade acad\u00eamica do Curso Superior de Tecnologia em Hotelaria, com foco na atualiza\u00e7\u00e3o e moderniza\u00e7\u00e3o de seus instrumentos de ensino e aprendizagem. Entre as principais a\u00e7\u00f5es [&hellip;]<\/p>\n","protected":false},"author":292,"featured_media":0,"parent":1287,"menu_order":1,"comment_status":"closed","ping_status":"closed","template":"","meta":{"jetpack_post_was_ever_published":false,"footnotes":""},"class_list":["post-1293","page","type-page","status-publish","hentry"],"jetpack_sharing_enabled":true,"jetpack_shortlink":"https:\/\/wp.me\/P6g82V-kR","_links":{"self":[{"href":"https:\/\/wp.ufpel.edu.br\/hotelaria\/wp-json\/wp\/v2\/pages\/1293","targetHints":{"allow":["GET"]}}],"collection":[{"href":"https:\/\/wp.ufpel.edu.br\/hotelaria\/wp-json\/wp\/v2\/pages"}],"about":[{"href":"https:\/\/wp.ufpel.edu.br\/hotelaria\/wp-json\/wp\/v2\/types\/page"}],"author":[{"embeddable":true,"href":"https:\/\/wp.ufpel.edu.br\/hotelaria\/wp-json\/wp\/v2\/users\/292"}],"replies":[{"embeddable":true,"href":"https:\/\/wp.ufpel.edu.br\/hotelaria\/wp-json\/wp\/v2\/comments?post=1293"}],"version-history":[{"count":3,"href":"https:\/\/wp.ufpel.edu.br\/hotelaria\/wp-json\/wp\/v2\/pages\/1293\/revisions"}],"predecessor-version":[{"id":1308,"href":"https:\/\/wp.ufpel.edu.br\/hotelaria\/wp-json\/wp\/v2\/pages\/1293\/revisions\/1308"}],"up":[{"embeddable":true,"href":"https:\/\/wp.ufpel.edu.br\/hotelaria\/wp-json\/wp\/v2\/pages\/1287"}],"wp:attachment":[{"href":"https:\/\/wp.ufpel.edu.br\/hotelaria\/wp-json\/wp\/v2\/media?parent=1293"}],"curies":[{"name":"wp","href":"https:\/\/api.w.org\/{rel}","templated":true}]}}