{"id":1242,"date":"2025-10-13T15:06:27","date_gmt":"2025-10-13T18:06:27","guid":{"rendered":"https:\/\/wp.ufpel.edu.br\/hotelaria\/?page_id=1242"},"modified":"2025-10-13T23:05:42","modified_gmt":"2025-10-14T02:05:42","slug":"aproveitamento-por-extraordinario-conhecimento-prova-de-proficiencia","status":"publish","type":"page","link":"https:\/\/wp.ufpel.edu.br\/hotelaria\/guia-informativo-da-hotelaria\/aproveitamento-por-extraordinario-conhecimento-prova-de-proficiencia\/","title":{"rendered":"Aproveitamento por extraordin\u00e1rio conhecimento (Prova de Profici\u00eancia)"},"content":{"rendered":"<h3 data-start=\"179\" data-end=\"208\"><strong data-start=\"183\" data-end=\"208\">Prova de Profici\u00eancia<\/strong><\/h3>\n<p data-start=\"210\" data-end=\"513\"><strong data-start=\"210\" data-end=\"222\">O que \u00e9?<\/strong><\/p>\n<p data-start=\"210\" data-end=\"513\">A prova de profici\u00eancia \u00e9 uma forma de reconhecer o conhecimento pr\u00e9vio do estudante em determinado componente curricular.<br data-start=\"347\" data-end=\"350\" \/>Se o aluno demonstrar dom\u00ednio igual ou superior ao exigido pela disciplina, poder\u00e1 solicitar uma avalia\u00e7\u00e3o espec\u00edfica para ser dispensado da realiza\u00e7\u00e3o da mesma.<\/p>\n<p data-start=\"515\" data-end=\"773\">Cada componente curricular pode ter <strong data-start=\"551\" data-end=\"575\">apenas uma tentativa<\/strong> de avalia\u00e7\u00e3o de aproveitamento extraordin\u00e1rio.<br data-start=\"622\" data-end=\"625\" \/>N\u00e3o \u00e9 permitido solicitar a prova de profici\u00eancia em disciplinas nas quais o estudante j\u00e1 tenha sido reprovado, seja por nota ou por infrequ\u00eancia.<\/p>\n<p data-start=\"775\" data-end=\"902\">Importante: <strong data-start=\"787\" data-end=\"854\">est\u00e1gio curricular obrigat\u00f3rio, TCC e atividades complementares<\/strong> n\u00e3o s\u00e3o pass\u00edveis de dispensa por profici\u00eancia.<\/p>\n<p data-start=\"904\" data-end=\"1148\"><strong data-start=\"904\" data-end=\"923\">Como solicitar?<\/strong><br data-start=\"923\" data-end=\"926\" \/>O estudante deve encaminhar o <a href=\"https:\/\/wp.ufpel.edu.br\/cra\/files\/2020\/07\/Requerimento-de-aproveitamento-extraordin%C3%A1rio.pdf\"><strong data-start=\"956\" data-end=\"997\">Requerimento de Prova de Profici\u00eancia<\/strong><\/a> (link do requerimento) ao <strong data-start=\"1001\" data-end=\"1036\">colegiado do curso de Hotelaria<\/strong>.<br data-start=\"1037\" data-end=\"1040\" \/>A avalia\u00e7\u00e3o ser\u00e1 organizada pelo colegiado e conduzida por uma <strong data-start=\"1103\" data-end=\"1123\">banca avaliadora<\/strong> designada para este fim.<\/p>\n<h3 data-start=\"225\" data-end=\"251\"><strong data-start=\"229\" data-end=\"251\">Etapas do Processo<\/strong><\/h3>\n<div class=\"_tableContainer_1rjym_1\">\n<div class=\"group _tableWrapper_1rjym_13 flex w-fit flex-col-reverse\" tabindex=\"-1\">\n<table class=\"w-fit min-w-(--thread-content-width)\" data-start=\"253\" data-end=\"1917\">\n<thead data-start=\"253\" data-end=\"291\">\n<tr data-start=\"253\" data-end=\"291\">\n<th data-start=\"253\" data-end=\"271\" data-col-size=\"md\"><strong data-start=\"255\" data-end=\"270\">Respons\u00e1vel<\/strong><\/th>\n<th data-start=\"271\" data-end=\"291\" data-col-size=\"xl\"><strong data-start=\"273\" data-end=\"289\">Procedimento<\/strong><\/th>\n<\/tr>\n<\/thead>\n<tbody data-start=\"332\" data-end=\"1917\">\n<tr data-start=\"332\" data-end=\"592\">\n<td data-start=\"332\" data-end=\"348\" data-col-size=\"md\"><strong data-start=\"334\" data-end=\"347\">Estudante<\/strong><\/td>\n<td data-col-size=\"xl\" data-start=\"348\" data-end=\"592\">\u2013 Preencher e assinar o requerimento para <strong data-start=\"392\" data-end=\"466\">aproveitamento por extraordin\u00e1rio conhecimento (prova de profici\u00eancia)<\/strong>;<br \/>\n\u2013 Anexar documenta\u00e7\u00e3o que comprove ou justifique o pedido;<br \/>\n\u2013 Entregar toda a documenta\u00e7\u00e3o no <strong data-start=\"567\" data-end=\"589\">colegiado do curso<\/strong>.<\/td>\n<\/tr>\n<tr data-start=\"593\" data-end=\"937\">\n<td data-start=\"593\" data-end=\"618\" data-col-size=\"md\"><strong data-start=\"595\" data-end=\"617\">Colegiado do Curso<\/strong><\/td>\n<td data-col-size=\"xl\" data-start=\"618\" data-end=\"937\">\u2013 Abrir processo no <strong data-start=\"640\" data-end=\"647\">SEI<\/strong>;<br \/>\n\u2013 Digitalizar e anexar a documenta\u00e7\u00e3o encaminhada pelo discente;<br \/>\n\u2013 Avaliar o curr\u00edculo e deliberar sobre a solicita\u00e7\u00e3o.Se <strong data-start=\"785\" data-end=\"798\" data-is-only-node=\"\">favor\u00e1vel<\/strong>:<br \/>\n\u2013 Encaminhar ao <strong data-start=\"819\" data-end=\"854\">Departamento \/ C\u00e2mara de Ensino<\/strong>.Se <strong data-start=\"866\" data-end=\"882\">desfavor\u00e1vel<\/strong>:<br \/>\n\u2013 Informar o discente e <strong data-start=\"911\" data-end=\"934\">encerrar o processo<\/strong>.<\/td>\n<\/tr>\n<tr data-start=\"938\" data-end=\"1246\">\n<td data-start=\"938\" data-end=\"976\" data-col-size=\"md\"><strong data-start=\"940\" data-end=\"975\">Departamento \/ C\u00e2mara de Ensino<\/strong><\/td>\n<td data-col-size=\"xl\" data-start=\"976\" data-end=\"1246\">\n<p>\u2013 Avaliar o curr\u00edculo e deliberar sobre a solicita\u00e7\u00e3o.<\/p>\n<p>Se <strong data-start=\"1043\" data-end=\"1056\">favor\u00e1vel<\/strong>:<br \/>\n\u2013 Indicar <strong data-start=\"1071\" data-end=\"1088\">tr\u00eas docentes<\/strong> para compor a <strong data-start=\"1103\" data-end=\"1133\" data-is-only-node=\"\">Banca Examinadora Especial<\/strong>;<br \/>\n\u2013 Encaminhar ao <strong data-start=\"1154\" data-end=\"1176\">Colegiado do Curso<\/strong>.<\/p>\n<p>Se <strong data-start=\"1188\" data-end=\"1204\">desfavor\u00e1vel<\/strong>:<br \/>\n\u2013 Retornar o processo ao colegiado.<\/td>\n<\/tr>\n<tr data-start=\"1247\" data-end=\"1469\">\n<td data-start=\"1247\" data-end=\"1272\" data-col-size=\"md\"><strong data-start=\"1249\" data-end=\"1271\">Colegiado do Curso<\/strong><\/td>\n<td data-col-size=\"xl\" data-start=\"1272\" data-end=\"1469\">\n<p>\u2013 Verificar o parecer do Departamento \/ C\u00e2mara de Ensino.<\/p>\n<p>Se <strong data-start=\"1342\" data-end=\"1355\">favor\u00e1vel<\/strong>:<br \/>\n\u2013 Encaminhar ao <strong data-start=\"1376\" data-end=\"1386\">COCEPE<\/strong>.<\/p>\n<p>Se <strong data-start=\"1398\" data-end=\"1414\">desfavor\u00e1vel<\/strong>:<br \/>\n\u2013 Informar o discente e <strong data-start=\"1443\" data-end=\"1466\">encerrar o processo<\/strong>.<\/td>\n<\/tr>\n<tr data-start=\"1470\" data-end=\"1574\">\n<td data-start=\"1470\" data-end=\"1483\" data-col-size=\"md\"><strong data-start=\"1472\" data-end=\"1482\">COCEPE<\/strong><\/td>\n<td data-col-size=\"xl\" data-start=\"1483\" data-end=\"1574\">\u2013 Deliberar sobre a solicita\u00e7\u00e3o;<br \/>\n\u2013 Encaminhar o resultado ao <strong data-start=\"1549\" data-end=\"1571\">Colegiado do Curso<\/strong>.<\/td>\n<\/tr>\n<tr data-start=\"1575\" data-end=\"1808\">\n<td data-start=\"1575\" data-end=\"1608\" data-col-size=\"md\"><strong data-start=\"1577\" data-end=\"1607\">Banca Examinadora Especial<\/strong><\/td>\n<td data-col-size=\"xl\" data-start=\"1608\" data-end=\"1808\">\u2013 Elaborar e aplicar o <strong data-start=\"1633\" data-end=\"1661\">instrumento de avalia\u00e7\u00e3o<\/strong>;<br \/>\n\u2013 Emitir parecer sobre o aproveitamento;<br \/>\n\u2013 Enviar a <strong data-start=\"1721\" data-end=\"1744\">ata com o resultado<\/strong> ao Colegiado do Curso para ci\u00eancia e \u00e0 <strong data-start=\"1784\" data-end=\"1791\">CRA<\/strong> para registro.<\/td>\n<\/tr>\n<tr data-start=\"1809\" data-end=\"1917\">\n<td data-start=\"1809\" data-end=\"1857\" data-col-size=\"md\"><strong data-start=\"1811\" data-end=\"1856\">Coordena\u00e7\u00e3o de Registros Acad\u00eamicos (CRA)<\/strong><\/td>\n<td data-col-size=\"xl\" data-start=\"1857\" data-end=\"1917\">\u2013 Registrar o <strong data-start=\"1873\" data-end=\"1891\">aproveitamento<\/strong> no sistema <strong data-start=\"1903\" data-end=\"1914\">Cobalto<\/strong>.<\/td>\n<\/tr>\n<\/tbody>\n<\/table>\n<\/div>\n<\/div>\n","protected":false},"excerpt":{"rendered":"<p>Prova de Profici\u00eancia O que \u00e9? A prova de profici\u00eancia \u00e9 uma forma de reconhecer o conhecimento pr\u00e9vio do estudante em determinado componente curricular.Se o aluno demonstrar dom\u00ednio igual ou superior ao exigido pela disciplina, poder\u00e1 solicitar uma avalia\u00e7\u00e3o espec\u00edfica para ser dispensado da realiza\u00e7\u00e3o da mesma. Cada componente curricular pode ter apenas uma tentativa [&hellip;]<\/p>\n","protected":false},"author":292,"featured_media":0,"parent":1226,"menu_order":0,"comment_status":"closed","ping_status":"closed","template":"","meta":{"jetpack_post_was_ever_published":false,"footnotes":""},"class_list":["post-1242","page","type-page","status-publish","hentry"],"jetpack_sharing_enabled":true,"jetpack_shortlink":"https:\/\/wp.me\/P6g82V-k2","_links":{"self":[{"href":"https:\/\/wp.ufpel.edu.br\/hotelaria\/wp-json\/wp\/v2\/pages\/1242","targetHints":{"allow":["GET"]}}],"collection":[{"href":"https:\/\/wp.ufpel.edu.br\/hotelaria\/wp-json\/wp\/v2\/pages"}],"about":[{"href":"https:\/\/wp.ufpel.edu.br\/hotelaria\/wp-json\/wp\/v2\/types\/page"}],"author":[{"embeddable":true,"href":"https:\/\/wp.ufpel.edu.br\/hotelaria\/wp-json\/wp\/v2\/users\/292"}],"replies":[{"embeddable":true,"href":"https:\/\/wp.ufpel.edu.br\/hotelaria\/wp-json\/wp\/v2\/comments?post=1242"}],"version-history":[{"count":3,"href":"https:\/\/wp.ufpel.edu.br\/hotelaria\/wp-json\/wp\/v2\/pages\/1242\/revisions"}],"predecessor-version":[{"id":1249,"href":"https:\/\/wp.ufpel.edu.br\/hotelaria\/wp-json\/wp\/v2\/pages\/1242\/revisions\/1249"}],"up":[{"embeddable":true,"href":"https:\/\/wp.ufpel.edu.br\/hotelaria\/wp-json\/wp\/v2\/pages\/1226"}],"wp:attachment":[{"href":"https:\/\/wp.ufpel.edu.br\/hotelaria\/wp-json\/wp\/v2\/media?parent=1242"}],"curies":[{"name":"wp","href":"https:\/\/api.w.org\/{rel}","templated":true}]}}