{"id":1226,"date":"2025-09-27T14:24:04","date_gmt":"2025-09-27T17:24:04","guid":{"rendered":"https:\/\/wp.ufpel.edu.br\/hotelaria\/?page_id=1226"},"modified":"2025-10-22T22:02:01","modified_gmt":"2025-10-23T01:02:01","slug":"guia-informativo-da-hotelaria","status":"publish","type":"page","link":"https:\/\/wp.ufpel.edu.br\/hotelaria\/guia-informativo-da-hotelaria\/","title":{"rendered":"Guia Informativo da Hotelaria"},"content":{"rendered":"<p>Este guia apresenta as principais informa\u00e7\u00f5es sobre o Curso Superior de Tecnologia em Hotelaria da UFPel, incluindo objetivos, perfil do egresso, estrutura curricular, est\u00e1gio, TCC e disciplinas optativas. \u00c9 um material de apoio para estudantes, futuros ingressantes e comunidade em geral, destacando a forma\u00e7\u00e3o \u00e9tica, sustent\u00e1vel e inovadora voltada para a gest\u00e3o em hospedagem, alimentos e bebidas, eventos e lazer.<\/p>\n<p>Link dispon\u00edvel em:<\/p>\n<p><a href=\"https:\/\/wp.ufpel.edu.br\/hotelaria\/files\/2025\/09\/Guia-Informativo-Hotelaria-UFPel.pdf\">Guia Informativo Hotelaria &#8211; UFPel<\/a><\/p>\n<p>&nbsp;<\/p>\n","protected":false},"excerpt":{"rendered":"<p>Este guia apresenta as principais informa\u00e7\u00f5es sobre o Curso Superior de Tecnologia em Hotelaria da UFPel, incluindo objetivos, perfil do egresso, estrutura curricular, est\u00e1gio, TCC e disciplinas optativas. \u00c9 um material de apoio para estudantes, futuros ingressantes e comunidade em geral, destacando a forma\u00e7\u00e3o \u00e9tica, sustent\u00e1vel e inovadora voltada para a gest\u00e3o em hospedagem, alimentos [&hellip;]<\/p>\n","protected":false},"author":292,"featured_media":0,"parent":0,"menu_order":2,"comment_status":"closed","ping_status":"closed","template":"","meta":{"jetpack_post_was_ever_published":false,"footnotes":""},"class_list":["post-1226","page","type-page","status-publish","hentry"],"jetpack_sharing_enabled":true,"jetpack_shortlink":"https:\/\/wp.me\/P6g82V-jM","_links":{"self":[{"href":"https:\/\/wp.ufpel.edu.br\/hotelaria\/wp-json\/wp\/v2\/pages\/1226","targetHints":{"allow":["GET"]}}],"collection":[{"href":"https:\/\/wp.ufpel.edu.br\/hotelaria\/wp-json\/wp\/v2\/pages"}],"about":[{"href":"https:\/\/wp.ufpel.edu.br\/hotelaria\/wp-json\/wp\/v2\/types\/page"}],"author":[{"embeddable":true,"href":"https:\/\/wp.ufpel.edu.br\/hotelaria\/wp-json\/wp\/v2\/users\/292"}],"replies":[{"embeddable":true,"href":"https:\/\/wp.ufpel.edu.br\/hotelaria\/wp-json\/wp\/v2\/comments?post=1226"}],"version-history":[{"count":1,"href":"https:\/\/wp.ufpel.edu.br\/hotelaria\/wp-json\/wp\/v2\/pages\/1226\/revisions"}],"predecessor-version":[{"id":1229,"href":"https:\/\/wp.ufpel.edu.br\/hotelaria\/wp-json\/wp\/v2\/pages\/1226\/revisions\/1229"}],"wp:attachment":[{"href":"https:\/\/wp.ufpel.edu.br\/hotelaria\/wp-json\/wp\/v2\/media?parent=1226"}],"curies":[{"name":"wp","href":"https:\/\/api.w.org\/{rel}","templated":true}]}}