{"id":86,"date":"2026-03-10T17:19:11","date_gmt":"2026-03-10T20:19:11","guid":{"rendered":"https:\/\/wp.ufpel.edu.br\/hospitalescola60anos\/?page_id=86"},"modified":"2026-03-12T08:55:23","modified_gmt":"2026-03-12T11:55:23","slug":"album-de-memorias","status":"publish","type":"page","link":"https:\/\/wp.ufpel.edu.br\/hospitalescola60anos\/album-de-memorias\/","title":{"rendered":"\u00c1lbum de mem\u00f3rias"},"content":{"rendered":"<style>.wp-block-kadence-navigation93-cpt-id{--kb-nav-dropdown-border-top-left-radius:0px;--kb-nav-dropdown-border-top-right-radius:0px;--kb-nav-dropdown-border-bottom-right-radius:0px;--kb-nav-dropdown-border-bottom-left-radius:0px;--kb-nav-dropdown-border-radius-top:0px;--kb-nav-dropdown-border-radius-right:0px;--kb-nav-dropdown-border-radius-bottom:0px;--kb-nav-dropdown-border-radius-left:0px;--kb-nav-dropdown-toggle-border-left:var(--kb-nav-link-border-left);--kb-nav-top-not-last-link-border-bottom:var(--kb-nav-link-border-bottom);}.header-desktop-transparent .wp-block-kadence-navigation93-cpt-id{--kb-nav-dropdown-toggle-border-left:var(--kb-nav-link-border-left);--kb-nav-top-not-last-link-border-bottom:var(--kb-nav-link-border-bottom);}.item-is-stuck .wp-block-kadence-navigation93-cpt-id{--kb-nav-dropdown-toggle-border-left:var(--kb-nav-link-border-left);--kb-nav-top-not-last-link-border-bottom:var(--kb-nav-link-border-bottom);}@media all and (max-width: 1024px){.wp-block-kadence-navigation93-cpt-id{--kb-nav-dropdown-toggle-border-left:var(--kb-nav-link-border-left);--kb-nav-top-not-last-link-border-bottom:var(--kb-nav-link-border-bottom);}}@media all and (max-width: 1024px){.header-tablet-transparent .wp-block-kadence-navigation93-cpt-id{--kb-nav-dropdown-toggle-border-left:var(--kb-nav-link-border-left);--kb-nav-top-not-last-link-border-bottom:var(--kb-nav-link-border-bottom);}}@media all and (max-width: 1024px){.item-is-stuck .wp-block-kadence-navigation93-cpt-id{--kb-nav-dropdown-toggle-border-left:var(--kb-nav-link-border-left);--kb-nav-top-not-last-link-border-bottom:var(--kb-nav-link-border-bottom);}}@media all and (max-width: 767px){.wp-block-kadence-navigation93-cpt-id{--kb-nav-dropdown-toggle-border-left:var(--kb-nav-link-border-left);--kb-nav-top-not-last-link-border-bottom:var(--kb-nav-link-border-bottom);}.header-mobile-transparent .wp-block-kadence-navigation93-cpt-id{--kb-nav-dropdown-toggle-border-left:var(--kb-nav-link-border-left);--kb-nav-top-not-last-link-border-bottom:var(--kb-nav-link-border-bottom);}.item-is-stuck .wp-block-kadence-navigation93-cpt-id{--kb-nav-dropdown-toggle-border-left:var(--kb-nav-link-border-left);--kb-nav-top-not-last-link-border-bottom:var(--kb-nav-link-border-bottom);}}<\/style><div class=\"wp-block-kadence-navigation93-cpt-id kb-nav-desktop-horizontal-layout-standard kb-nav-tablet-horizontal-layout-standard kb-nav-mobile-horizontal-layout-standard navigation-desktop-layout-fill-stretch-false navigation-tablet-layout-fill-stretch-false navigation-mobile-layout-fill-stretch-false navigation-desktop-orientation-horizontal navigation-tablet-orientation-horizontal navigation-mobile-orientation-horizontal wp-block-kadence-navigation\" data-scroll-spy=\"\"><nav class=\"navigation navigation-desktop-style-standard navigation-tablet-style-standard navigation-mobile-style-standard navigation-desktop-dropdown-animation-none navigation-tablet-dropdown-animation-none navigation-mobile-dropdown-animation-none navigation-desktop-collapse-sub-menus-true navigation-tablet-collapse-sub-menus-true navigation-mobile-collapse-sub-menus-true navigation-desktop-parent-toggles-menus-false navigation-tablet-parent-toggles-menus-false navigation-mobile-parent-toggles-menus-false navigation-desktop-parent-active-false navigation-tablet-parent-active-false navigation-mobile-parent-active-false\"><div class=\"menu-container\"><ul class=\"kb-navigation menu collapse-sub-nav-desktop-true collapse-sub-nav-tablet-true collapse-sub-nav-mobile-true\"><\/ul><\/div><\/nav><\/div>\n\n\n<p><\/p>\n","protected":false},"excerpt":{"rendered":"","protected":false},"author":340,"featured_media":0,"parent":0,"menu_order":0,"comment_status":"closed","ping_status":"closed","template":"","meta":{"advanced_seo_description":"","jetpack_seo_html_title":"","jetpack_seo_noindex":false,"jetpack_post_was_ever_published":false,"footnotes":""},"class_list":["post-86","page","type-page","status-publish","hentry"],"jetpack_sharing_enabled":true,"jetpack_likes_enabled":false,"jetpack_shortlink":"https:\/\/wp.me\/Ph8HXn-1o","jetpack-related-posts":[{"id":74,"url":"https:\/\/wp.ufpel.edu.br\/hospitalescola60anos\/","url_meta":{"origin":86,"position":0},"title":"Hospital Escola 60 anos","author":"Eduardo M. da Silveira","date":"10\/03\/2026","format":false,"excerpt":"Seis d\u00e9cadas de aten\u00e7\u00e3o e cuidado pela sa\u00fade da Zona Sul Desde 1966 atuando no ensino e no cuidado com a sa\u00fade da comunidade, atualmente o Hospital Escola da Universidade Federal de Pelotas atende a popula\u00e7\u00e3o de 27 munic\u00edpios do estado do Rio Grande do Sul Por princ\u00edpio, o ensino\u2026","rel":"","context":"Post similar","block_context":{"text":"Post similar","link":""},"img":{"alt_text":"","src":"https:\/\/i0.wp.com\/wp.ufpel.edu.br\/hospitalescola60anos\/files\/2026\/04\/BADERMANN_HEUFPEL3-copiar-scaled.jpg?fit=1200%2C675&ssl=1&resize=350%2C200","width":350,"height":200,"srcset":"https:\/\/i0.wp.com\/wp.ufpel.edu.br\/hospitalescola60anos\/files\/2026\/04\/BADERMANN_HEUFPEL3-copiar-scaled.jpg?fit=1200%2C675&ssl=1&resize=350%2C200 1x, https:\/\/i0.wp.com\/wp.ufpel.edu.br\/hospitalescola60anos\/files\/2026\/04\/BADERMANN_HEUFPEL3-copiar-scaled.jpg?fit=1200%2C675&ssl=1&resize=525%2C300 1.5x, https:\/\/i0.wp.com\/wp.ufpel.edu.br\/hospitalescola60anos\/files\/2026\/04\/BADERMANN_HEUFPEL3-copiar-scaled.jpg?fit=1200%2C675&ssl=1&resize=700%2C400 2x, https:\/\/i0.wp.com\/wp.ufpel.edu.br\/hospitalescola60anos\/files\/2026\/04\/BADERMANN_HEUFPEL3-copiar-scaled.jpg?fit=1200%2C675&ssl=1&resize=1050%2C600 3x"},"classes":[]}],"publishpress_future_action":{"enabled":false,"date":"2026-04-14 23:37:43","action":"change-status","newStatus":"draft","terms":[],"taxonomy":"","extraData":[]},"publishpress_future_workflow_manual_trigger":{"enabledWorkflows":[]},"_links":{"self":[{"href":"https:\/\/wp.ufpel.edu.br\/hospitalescola60anos\/wp-json\/wp\/v2\/pages\/86","targetHints":{"allow":["GET"]}}],"collection":[{"href":"https:\/\/wp.ufpel.edu.br\/hospitalescola60anos\/wp-json\/wp\/v2\/pages"}],"about":[{"href":"https:\/\/wp.ufpel.edu.br\/hospitalescola60anos\/wp-json\/wp\/v2\/types\/page"}],"author":[{"embeddable":true,"href":"https:\/\/wp.ufpel.edu.br\/hospitalescola60anos\/wp-json\/wp\/v2\/users\/340"}],"replies":[{"embeddable":true,"href":"https:\/\/wp.ufpel.edu.br\/hospitalescola60anos\/wp-json\/wp\/v2\/comments?post=86"}],"version-history":[{"count":3,"href":"https:\/\/wp.ufpel.edu.br\/hospitalescola60anos\/wp-json\/wp\/v2\/pages\/86\/revisions"}],"predecessor-version":[{"id":199,"href":"https:\/\/wp.ufpel.edu.br\/hospitalescola60anos\/wp-json\/wp\/v2\/pages\/86\/revisions\/199"}],"wp:attachment":[{"href":"https:\/\/wp.ufpel.edu.br\/hospitalescola60anos\/wp-json\/wp\/v2\/media?parent=86"}],"curies":[{"name":"wp","href":"https:\/\/api.w.org\/{rel}","templated":true}]}}