{"id":151,"date":"2026-03-11T16:57:11","date_gmt":"2026-03-11T19:57:11","guid":{"rendered":"https:\/\/wp.ufpel.edu.br\/hospitalescola60anos\/?page_id=151"},"modified":"2026-03-12T13:26:05","modified_gmt":"2026-03-12T16:26:05","slug":"linha-do-tempo","status":"publish","type":"page","link":"https:\/\/wp.ufpel.edu.br\/hospitalescola60anos\/linha-do-tempo\/","title":{"rendered":"Linha do Tempo"},"content":{"rendered":"","protected":false},"excerpt":{"rendered":"","protected":false},"author":340,"featured_media":0,"parent":0,"menu_order":0,"comment_status":"closed","ping_status":"closed","template":"","meta":{"advanced_seo_description":"","jetpack_seo_html_title":"","jetpack_seo_noindex":false,"jetpack_post_was_ever_published":false,"footnotes":""},"class_list":["post-151","page","type-page","status-publish","hentry"],"jetpack_sharing_enabled":true,"jetpack_likes_enabled":false,"jetpack_shortlink":"https:\/\/wp.me\/Ph8HXn-2r","jetpack-related-posts":[{"id":74,"url":"https:\/\/wp.ufpel.edu.br\/hospitalescola60anos\/","url_meta":{"origin":151,"position":0},"title":"Hospital Escola 60 anos","author":"Eduardo M. da Silveira","date":"10\/03\/2026","format":false,"excerpt":"Seis d\u00e9cadas de aten\u00e7\u00e3o e cuidado pela sa\u00fade da Zona Sul Desde 1966 atuando no ensino e no cuidado com a sa\u00fade da comunidade, atualmente o Hospital Escola da Universidade Federal de Pelotas atende a popula\u00e7\u00e3o de 27 munic\u00edpios do estado do Rio Grande do Sul Por princ\u00edpio, o ensino\u2026","rel":"","context":"Post similar","block_context":{"text":"Post similar","link":""},"img":{"alt_text":"","src":"https:\/\/i0.wp.com\/wp.ufpel.edu.br\/hospitalescola60anos\/files\/2026\/04\/BADERMANN_HEUFPEL3-copiar-scaled.jpg?fit=1200%2C675&ssl=1&resize=350%2C200","width":350,"height":200,"srcset":"https:\/\/i0.wp.com\/wp.ufpel.edu.br\/hospitalescola60anos\/files\/2026\/04\/BADERMANN_HEUFPEL3-copiar-scaled.jpg?fit=1200%2C675&ssl=1&resize=350%2C200 1x, https:\/\/i0.wp.com\/wp.ufpel.edu.br\/hospitalescola60anos\/files\/2026\/04\/BADERMANN_HEUFPEL3-copiar-scaled.jpg?fit=1200%2C675&ssl=1&resize=525%2C300 1.5x, https:\/\/i0.wp.com\/wp.ufpel.edu.br\/hospitalescola60anos\/files\/2026\/04\/BADERMANN_HEUFPEL3-copiar-scaled.jpg?fit=1200%2C675&ssl=1&resize=700%2C400 2x, https:\/\/i0.wp.com\/wp.ufpel.edu.br\/hospitalescola60anos\/files\/2026\/04\/BADERMANN_HEUFPEL3-copiar-scaled.jpg?fit=1200%2C675&ssl=1&resize=1050%2C600 3x"},"classes":[]}],"publishpress_future_action":{"enabled":false,"date":"2026-04-14 23:37:44","action":"change-status","newStatus":"draft","terms":[],"taxonomy":"","extraData":[]},"publishpress_future_workflow_manual_trigger":{"enabledWorkflows":[]},"_links":{"self":[{"href":"https:\/\/wp.ufpel.edu.br\/hospitalescola60anos\/wp-json\/wp\/v2\/pages\/151","targetHints":{"allow":["GET"]}}],"collection":[{"href":"https:\/\/wp.ufpel.edu.br\/hospitalescola60anos\/wp-json\/wp\/v2\/pages"}],"about":[{"href":"https:\/\/wp.ufpel.edu.br\/hospitalescola60anos\/wp-json\/wp\/v2\/types\/page"}],"author":[{"embeddable":true,"href":"https:\/\/wp.ufpel.edu.br\/hospitalescola60anos\/wp-json\/wp\/v2\/users\/340"}],"replies":[{"embeddable":true,"href":"https:\/\/wp.ufpel.edu.br\/hospitalescola60anos\/wp-json\/wp\/v2\/comments?post=151"}],"version-history":[{"count":2,"href":"https:\/\/wp.ufpel.edu.br\/hospitalescola60anos\/wp-json\/wp\/v2\/pages\/151\/revisions"}],"predecessor-version":[{"id":205,"href":"https:\/\/wp.ufpel.edu.br\/hospitalescola60anos\/wp-json\/wp\/v2\/pages\/151\/revisions\/205"}],"wp:attachment":[{"href":"https:\/\/wp.ufpel.edu.br\/hospitalescola60anos\/wp-json\/wp\/v2\/media?parent=151"}],"curies":[{"name":"wp","href":"https:\/\/api.w.org\/{rel}","templated":true}]}}