{"id":753,"date":"2019-11-19T20:58:32","date_gmt":"2019-11-19T23:58:32","guid":{"rendered":"https:\/\/wp.ufpel.edu.br\/hortasurbanas\/?page_id=753"},"modified":"2024-06-28T14:39:31","modified_gmt":"2024-06-28T17:39:31","slug":"cisterna","status":"publish","type":"page","link":"https:\/\/wp.ufpel.edu.br\/hortasurbanas\/?page_id=753","title":{"rendered":"Cisterna"},"content":{"rendered":"<p style=\"text-align: justify;\"><span style=\"font-family: 'times new roman', times, serif;\">A partir da demanda da comunidade por diminui\u00e7\u00e3o de consumo de \u00e1gua pot\u00e1vel para regar as hortas, foi desenvolvido um prot\u00f3tipo de um sistema para capta\u00e7\u00e3o da \u00e1gua da chuva, na Associa\u00e7\u00e3o de Moradores da Cohab Tablada.<\/span><br \/>\n<span style=\"font-family: 'times new roman', times, serif;\">Esse sistema funciona da seguinte forma: a \u00e1gua da chuva, que cai no telhado \u00e9 captada pela calha e conduzida atrav\u00e9s do tubo de PVC. Ent\u00e3o ela passa por um filtro, onde os res\u00edduos mais grossos s\u00e3o retirados e segue para o separador, que filtra as impurezas mais finas. O tubo, ent\u00e3o cheio, conduz a \u00e1gua, agora filtrada, para ser armazenada na cisterna.<\/span><br \/>\n<span style=\"font-family: 'times new roman', times, serif;\">Esse prot\u00f3tipo foi apresentado e demonstrado no local e, a partir disso, foi feita uma discuss\u00e3o com as moradoras sobre as vantagens dessa implementa\u00e7\u00e3o, como a diminui\u00e7\u00e3o do consumo de \u00e1gua pot\u00e1vel para regrar a horta, a qualidade ambiental atrav\u00e9s da cria\u00e7\u00e3o da no\u00e7\u00e3o de sustentabilidade e o controle de enchentes na \u00e1rea.<\/span><\/p>\n<p><span style=\"font-family: 'times new roman', times, serif;\"><img loading=\"lazy\" decoding=\"async\" class=\"aligncenter wp-image-759 size-medium\" src=\"https:\/\/wp.ufpel.edu.br\/hortasurbanas\/files\/2019\/11\/WhatsApp-Image-2019-07-19-at-5.03.53-PM-400x225.jpeg\" alt=\"\" width=\"400\" height=\"225\" srcset=\"https:\/\/wp.ufpel.edu.br\/hortasurbanas\/files\/2019\/11\/WhatsApp-Image-2019-07-19-at-5.03.53-PM-400x225.jpeg 400w, https:\/\/wp.ufpel.edu.br\/hortasurbanas\/files\/2019\/11\/WhatsApp-Image-2019-07-19-at-5.03.53-PM-768x432.jpeg 768w, https:\/\/wp.ufpel.edu.br\/hortasurbanas\/files\/2019\/11\/WhatsApp-Image-2019-07-19-at-5.03.53-PM-1024x576.jpeg 1024w, https:\/\/wp.ufpel.edu.br\/hortasurbanas\/files\/2019\/11\/WhatsApp-Image-2019-07-19-at-5.03.53-PM.jpeg 1032w\" sizes=\"auto, (max-width: 400px) 100vw, 400px\" \/><\/span><\/p>\n<p><span style=\"font-family: 'times new roman', times, serif;\"><img loading=\"lazy\" decoding=\"async\" class=\"aligncenter wp-image-760 size-medium\" src=\"https:\/\/wp.ufpel.edu.br\/hortasurbanas\/files\/2019\/11\/WhatsApp-Image-2019-07-19-at-5.04.47-PM-e1574208211391-400x264.jpeg\" alt=\"\" width=\"400\" height=\"264\" srcset=\"https:\/\/wp.ufpel.edu.br\/hortasurbanas\/files\/2019\/11\/WhatsApp-Image-2019-07-19-at-5.04.47-PM-e1574208211391-400x264.jpeg 400w, https:\/\/wp.ufpel.edu.br\/hortasurbanas\/files\/2019\/11\/WhatsApp-Image-2019-07-19-at-5.04.47-PM-e1574208211391-768x507.jpeg 768w, https:\/\/wp.ufpel.edu.br\/hortasurbanas\/files\/2019\/11\/WhatsApp-Image-2019-07-19-at-5.04.47-PM-e1574208211391.jpeg 879w\" sizes=\"auto, (max-width: 400px) 100vw, 400px\" \/><\/span><\/p>\n","protected":false},"excerpt":{"rendered":"<p>A partir da demanda da comunidade por diminui\u00e7\u00e3o de consumo de \u00e1gua pot\u00e1vel para regar as hortas, foi desenvolvido um prot\u00f3tipo de um sistema para capta\u00e7\u00e3o da \u00e1gua da chuva, na Associa\u00e7\u00e3o de Moradores da Cohab Tablada. Esse sistema funciona da seguinte forma: a \u00e1gua da chuva, que cai no [&hellip;]<\/p>\n","protected":false},"author":873,"featured_media":0,"parent":0,"menu_order":0,"comment_status":"closed","ping_status":"closed","template":"","meta":{"footnotes":""},"class_list":["post-753","page","type-page","status-publish","hentry","post"],"_links":{"self":[{"href":"https:\/\/wp.ufpel.edu.br\/hortasurbanas\/index.php?rest_route=\/wp\/v2\/pages\/753","targetHints":{"allow":["GET"]}}],"collection":[{"href":"https:\/\/wp.ufpel.edu.br\/hortasurbanas\/index.php?rest_route=\/wp\/v2\/pages"}],"about":[{"href":"https:\/\/wp.ufpel.edu.br\/hortasurbanas\/index.php?rest_route=\/wp\/v2\/types\/page"}],"author":[{"embeddable":true,"href":"https:\/\/wp.ufpel.edu.br\/hortasurbanas\/index.php?rest_route=\/wp\/v2\/users\/873"}],"replies":[{"embeddable":true,"href":"https:\/\/wp.ufpel.edu.br\/hortasurbanas\/index.php?rest_route=%2Fwp%2Fv2%2Fcomments&post=753"}],"version-history":[{"count":4,"href":"https:\/\/wp.ufpel.edu.br\/hortasurbanas\/index.php?rest_route=\/wp\/v2\/pages\/753\/revisions"}],"predecessor-version":[{"id":2561,"href":"https:\/\/wp.ufpel.edu.br\/hortasurbanas\/index.php?rest_route=\/wp\/v2\/pages\/753\/revisions\/2561"}],"wp:attachment":[{"href":"https:\/\/wp.ufpel.edu.br\/hortasurbanas\/index.php?rest_route=%2Fwp%2Fv2%2Fmedia&parent=753"}],"curies":[{"name":"wp","href":"https:\/\/api.w.org\/{rel}","templated":true}]}}