{"id":396,"date":"2019-03-27T10:52:45","date_gmt":"2019-03-27T13:52:45","guid":{"rendered":"https:\/\/wp.ufpel.edu.br\/hortasurbanas\/?page_id=396"},"modified":"2024-06-28T14:46:07","modified_gmt":"2024-06-28T17:46:07","slug":"garrafas-pet","status":"publish","type":"page","link":"https:\/\/wp.ufpel.edu.br\/hortasurbanas\/?page_id=396","title":{"rendered":"Reutiliza\u00e7\u00e3o de garrafas pets na constru\u00e7\u00e3o de canteiros"},"content":{"rendered":"<p style=\"text-align: justify;\"><span style=\"font-family: 'times new roman', times, serif;\">A utiliza\u00e7\u00e3o de garrafas PET&#8217;s na delimita\u00e7\u00e3o de canteiros possui in\u00fameros fatores positivos, tanto para o meio ambiente quanto para o bolso dos agricultores urbanos. Pois ajuda a prevenir a eros\u00e3o dos canteiros, atuando como uma barreira e tamb\u00e9m de n\u00e3o haver a destina\u00e7\u00e3o deste material para lix\u00f5es ou aterros dos munic\u00edpios.<\/span><\/p>\n<p style=\"text-align: justify;\"><span style=\"font-family: 'times new roman', times, serif;\">Para a realiza\u00e7\u00e3o dos canteiros da COHAB Tablada, as garrafas foram recolhidas pelos pr\u00f3prios moradores do bairro participantes do projeto, assim como tamb\u00e9m por alunos moradores da casa do estudante da Universidade Federal de Pelotas, ambos se propondo a destinar uma reutiliza\u00e7\u00e3o para este material.<\/span><\/p>\n<p><span style=\"font-family: 'times new roman', times, serif;\"><img loading=\"lazy\" decoding=\"async\" class=\"aligncenter wp-image-364 size-medium\" src=\"https:\/\/wp.ufpel.edu.br\/hortasurbanas\/files\/2019\/03\/IMG-20181128-WA0011-1-400x300.jpg\" alt=\"\" width=\"400\" height=\"300\" \/><\/span><\/p>\n<p><span style=\"font-family: 'times new roman', times, serif;\"><img loading=\"lazy\" decoding=\"async\" class=\"aligncenter wp-image-360 size-medium\" src=\"https:\/\/wp.ufpel.edu.br\/hortasurbanas\/files\/2019\/03\/IMG-20181021-WA0023-400x225.jpg\" alt=\"\" width=\"400\" height=\"225\" \/><\/span><\/p>\n","protected":false},"excerpt":{"rendered":"<p>A utiliza\u00e7\u00e3o de garrafas PET&#8217;s na delimita\u00e7\u00e3o de canteiros possui in\u00fameros fatores positivos, tanto para o meio ambiente quanto para o bolso dos agricultores urbanos. Pois ajuda a prevenir a eros\u00e3o dos canteiros, atuando como uma barreira e tamb\u00e9m de n\u00e3o haver a destina\u00e7\u00e3o deste material para lix\u00f5es ou aterros [&hellip;]<\/p>\n","protected":false},"author":873,"featured_media":0,"parent":0,"menu_order":0,"comment_status":"closed","ping_status":"closed","template":"","meta":{"footnotes":""},"class_list":["post-396","page","type-page","status-publish","hentry","post"],"_links":{"self":[{"href":"https:\/\/wp.ufpel.edu.br\/hortasurbanas\/index.php?rest_route=\/wp\/v2\/pages\/396","targetHints":{"allow":["GET"]}}],"collection":[{"href":"https:\/\/wp.ufpel.edu.br\/hortasurbanas\/index.php?rest_route=\/wp\/v2\/pages"}],"about":[{"href":"https:\/\/wp.ufpel.edu.br\/hortasurbanas\/index.php?rest_route=\/wp\/v2\/types\/page"}],"author":[{"embeddable":true,"href":"https:\/\/wp.ufpel.edu.br\/hortasurbanas\/index.php?rest_route=\/wp\/v2\/users\/873"}],"replies":[{"embeddable":true,"href":"https:\/\/wp.ufpel.edu.br\/hortasurbanas\/index.php?rest_route=%2Fwp%2Fv2%2Fcomments&post=396"}],"version-history":[{"count":7,"href":"https:\/\/wp.ufpel.edu.br\/hortasurbanas\/index.php?rest_route=\/wp\/v2\/pages\/396\/revisions"}],"predecessor-version":[{"id":2573,"href":"https:\/\/wp.ufpel.edu.br\/hortasurbanas\/index.php?rest_route=\/wp\/v2\/pages\/396\/revisions\/2573"}],"wp:attachment":[{"href":"https:\/\/wp.ufpel.edu.br\/hortasurbanas\/index.php?rest_route=%2Fwp%2Fv2%2Fmedia&parent=396"}],"curies":[{"name":"wp","href":"https:\/\/api.w.org\/{rel}","templated":true}]}}