{"id":38,"date":"2018-09-25T10:20:23","date_gmt":"2018-09-25T13:20:23","guid":{"rendered":"https:\/\/wp.ufpel.edu.br\/hortasurbanas\/?page_id=38"},"modified":"2024-10-03T16:56:52","modified_gmt":"2024-10-03T19:56:52","slug":"equipe","status":"publish","type":"page","link":"https:\/\/wp.ufpel.edu.br\/hortasurbanas\/?page_id=38","title":{"rendered":"Equipe"},"content":{"rendered":"<div id=\"pl-38\"  class=\"panel-layout\" ><div id=\"pg-38-0\"  class=\"panel-grid panel-no-style\" ><div id=\"pgc-38-0-0\"  class=\"panel-grid-cell\" ><div id=\"panel-38-0-0-0\" class=\"so-panel widget widget_sow-editor panel-first-child panel-last-child\" data-index=\"0\" ><div\n\t\t\t\n\t\t\tclass=\"so-widget-sow-editor so-widget-sow-editor-base\"\n\t\t\t\n\t\t>\n<div class=\"siteorigin-widget-tinymce textwidget\">\n\t<p><span style=\"font-family: impact, sans-serif;\"><span style=\"font-size: 18pt;\">EQUIPE<\/span><\/span><\/p>\n<p>&nbsp;<\/p>\n<p style=\"text-align: justify;\"><span style=\"font-family: impact, sans-serif; font-size: 10pt;\">DOCENTES<\/span><\/p>\n<p style=\"text-align: justify;\"><span style=\"font-family: georgia, palatino, serif;\"><strong><span class=\"fontstyle0\">Giovana Mendes de Oliveira (<\/span><\/strong><strong>Coordenadora, p<span class=\"fontstyle0\"><b>esquisadora e extensionista<\/b><\/span>)<\/strong><\/span><\/p>\n<p style=\"text-align: justify;\"><span style=\"font-family: 'times new roman', times, serif;\"><strong><span class=\"fontstyle0\"><a href=\"http:\/\/lattes.cnpq.br\/2146870018941528\" target=\"_blank\" rel=\"noopener noreferrer\">Curr\u00edculo Lattes<\/a><\/span><\/strong><\/span><\/p>\n<p style=\"text-align: justify;\"><span style=\"font-family: 'times new roman', times, serif; font-size: 10pt;\"><span class=\"fontstyle0\">Professora da UFPel. Coordenadora do Projeto. Professora Doutora, em Geografia pela UFRGS. Trabalha com geografia urbana e econ\u00f4mica e tem estudos na linha de inova\u00e7\u00e3o e sustentabilidade. No projeto coordena as reuni\u00f5es com a comunidade e internas do grupo. Estimula amplia\u00e7\u00e3o dos estudos como grupos de estudos, e supervisiona as produ\u00e7\u00f5es da equipe. Na comunidade coordena as reuni\u00f5es, estimula o di\u00e1logo entre o grupo. Coordena as atividades de reflex\u00f5es sobre sustentabilidade urbana<\/span>.<\/span><\/p>\n<p>&nbsp;<\/p>\n<p style=\"text-align: justify;\"><span style=\"font-family: georgia, palatino, serif;\"><strong>Humberto Dias Vianna (Pesquisador e extensionista)<\/strong><\/span><\/p>\n<p style=\"text-align: justify;\"><span style=\"font-family: 'times new roman', times, serif;\"><a href=\"http:\/\/lattes.cnpq.br\/3769788394891400\" target=\"_blank\" rel=\"noopener\"><strong>Curr\u00edculo Lattes<\/strong><\/a><\/span><\/p>\n<div class=\"infpessoa\" style=\"text-align: justify;\">\n<p><span style=\"font-family: 'times new roman', times, serif; font-size: 10pt;\">Professor Adjunto do Centro de Engenharias da UFPel. Possui gradua\u00e7\u00e3o em Engenharia Agr\u00edcola pela Universidade Federal de Pelotas, especializa\u00e7\u00e3o em Diversidade Vegetal, mestrado em Engenharia Oce\u00e2nica e doutorado em Oceanografia F\u00edsica, Qu\u00edmica e Geol\u00f3gica pela Universidade Federal do Rio Grande. Tem experi\u00eancia em aplica\u00e7\u00f5es de geotecnologias em estudos costeiros.<\/span><\/p>\n<p>&nbsp;<\/p>\n<\/div>\n<p style=\"text-align: justify;\"><span style=\"font-family: georgia, palatino, serif;\"><strong><span class=\"fontstyle0\">Sergio Faoro Tieppo (<\/span><\/strong><strong><span class=\"fontstyle0\"><b>Pesquisador e extensionista<\/b>)<\/span><\/strong><\/span><\/p>\n<p style=\"text-align: justify;\"><span style=\"font-family: 'times new roman', times, serif;\"><strong><a href=\"http:\/\/lattes.cnpq.br\/5903409137642405\" target=\"_blank\" rel=\"noopener noreferrer\">Curr\u00edculo Lattes<\/a><\/strong><\/span><\/p>\n<p style=\"text-align: justify;\"><span class=\"fontstyle0\" style=\"font-family: 'times new roman', times, serif; font-size: 10pt;\"> Professor da Universidade de Caxias do Sul. Doutor em Educa\u00e7\u00e3o pela UFRGS. Experi\u00eancia nas \u00e1reas de Sociologia da Educa\u00e7\u00e3o e do Trabalho, Educa\u00e7\u00e3o Ambiental, Desenvolvimento Sustent\u00e1vel e Sociedade Sustent\u00e1vel. No projeto \u00e9 respons\u00e1vel pela orienta\u00e7\u00e3o da execu\u00e7\u00e3o da pesquisa-participante e de a\u00e7\u00f5es de educa\u00e7\u00e3o ambiental. Tem experi\u00eancia em manejo de tecnologias sociais voltadas para hortas org\u00e2nicas.<\/span><\/p>\n<p>&nbsp;<\/p>\n<p style=\"text-align: justify;\"><span style=\"font-family: georgia, palatino, serif; font-size: 12pt;\"><strong>S\u00f4nia Terezinha De Negri (Pesquisadora e extensionista)<\/strong><\/span><\/p>\n<p style=\"text-align: justify;\"><span style=\"font-family: 'times new roman', times, serif;\"><strong><a href=\"http:\/\/lattes.cnpq.br\/3511861610347587\" target=\"_blank\" rel=\"noopener\">Curr\u00edculo Lattes<\/a><\/strong><\/span><\/p>\n<p style=\"text-align: justify;\"><span style=\"font-family: 'times new roman', times, serif; font-size: 10pt;\">Nutricionista, Licenciada em Nutri\u00e7\u00e3o e Diet\u00e9tica. Especializa\u00e7\u00e3o em Adm. de Servi\u00e7os de Alimenta\u00e7\u00e3o (Unisinos) e, em Gest\u00e3o de Neg\u00f3cios em Alimenta\u00e7\u00e3o (IPCE). Mestre em Educa\u00e7\u00e3o (PUCRS), Doutora em Ci\u00eancias pela Faculdade de Enfermagem (UFPel). Tem larga experi\u00eancia profissional e em doc\u00eancia em Nutri\u00e7\u00e3o. Integrou a 1\u00aa turma do quadro feminino de oficiais da For\u00e7a A\u00e9rea Brasileira, como nutricionista militar. Foi professora em Nutri\u00e7\u00e3o junto \u00e0 Secretaria Estadual de Educa\u00e7\u00e3o do RS, lecionou em Curso T\u00e9cnico de Nutri\u00e7\u00e3o, realizou assessoria em Alimenta\u00e7\u00e3o Escolar e presidiu o Conselho de Alimenta\u00e7\u00e3o Escolar, de Iju\u00ed\/RS. Participou do Conselho Regional de Nutricionistas, foi membro da diretoria da Associa\u00e7\u00e3o Ga\u00facha de Nutri\u00e7\u00e3o. Lecionou nos cursos de Nutri\u00e7\u00e3o no IPA, Unisinos, Uniju\u00ed e Univates e, em cursos de p\u00f3s-gradua\u00e7\u00e3o. Atualmente \u00e9 professora adjunta da Faculdade de Nutri\u00e7\u00e3o da Universidade Federal de Pelotas. Interessa-se por estudos em Alimenta\u00e7\u00e3o e Nutri\u00e7\u00e3o, Alimentos Org\u00e2nicos, Educa\u00e7\u00e3o Alimentar e Nutricional e, temas do campo da Educa\u00e7\u00e3o para forma\u00e7\u00e3o de nutricionistas.<\/span><\/p>\n<p>&nbsp;<\/p>\n<p style=\"text-align: justify;\"><span style=\"font-family: georgia, palatino, serif;\"><strong><span class=\"fontstyle0\">Teila Ceolin (Pesquisadora e extensionista)<\/span><\/strong><\/span><\/p>\n<p style=\"text-align: justify;\"><span style=\"font-family: 'times new roman', times, serif;\"><strong><a href=\"http:\/\/lattes.cnpq.br\/6970861988938639\" target=\"_blank\" rel=\"noopener\"><span class=\"fontstyle0\">Curr\u00edculo Lattes<\/span><\/a><\/strong><\/span><\/p>\n<p style=\"text-align: justify;\"><span style=\"font-family: 'times new roman', times, serif; font-size: 10pt;\">Graduada em Enfermagem (2001) e Licenciatura em Enfermagem-Licenciatura Plena (2001), pela Universidade Federal do Rio Grande (FURG). Resid\u00eancia Multiprofissional em Sa\u00fade da Fam\u00edlia (2004) pela Universidade Federal de Pelotas (UFPel). Especializa\u00e7\u00e3o em Sa\u00fade P\u00fablica (2007) pela UFPel. Mestrado em Ci\u00eancias (2009) e Doutorado em Ci\u00eancias (2016) pelo Programa de P\u00f3s-Gradua\u00e7\u00e3o em Enfermagem da UFPel. Professora adjunta da Faculdade de Enfermagem da UFPel. Coordenadora adjunta do N\u00facleo de Pesquisa em Sa\u00fade Rural e Sustentabilidade (UFPel). Coordenadora do Projeto de Extens\u00e3o Pr\u00e1tica Integrativas e Complementares na Rede de Aten\u00e7\u00e3o em Sa\u00fade (desde 2017). Atua na \u00e1rea de sa\u00fade coletiva (ensino, pesquisa e extens\u00e3o) principalmente com os seguintes temas: pr\u00e1ticas integrativas e complementares, com \u00eanfase em plantas medicinais; sa\u00fade rural; pr\u00e1ticas de cuidado; pesquisas qualitativas, com orienta\u00e7\u00e3o etnogr\u00e1fica, a partir da perspectiva da antropologia interpretativa.<\/span><\/p>\n<p>&nbsp;<\/p>\n<h5 class=\"name\" tabindex=\"0\"><strong><span style=\"font-family: georgia, palatino, serif; font-size: 12pt;\">Adriane Marinho de Assis <span class=\"fontstyle0\">(Pesquisadora e extensionista)<\/span><\/span><\/strong><\/h5>\n<h5 class=\"name\" tabindex=\"0\"><span style=\"font-family: 'times new roman', times, serif; font-size: 12pt;\"><a href=\"http:\/\/lattes.cnpq.br\/2146870018941528\" target=\"_blank\" rel=\"noopener\">Curr\u00edculo Lattes<\/a><\/span><\/h5>\n<p><span style=\"font-family: 'times new roman', times, serif; font-size: 10pt;\">Graduada em Agronomia pela Universidade Estadual do Norte do Paran\u00e1- Faculdades Luiz Meneghel (1994), Mestrado (2004), Doutorado (2008) e P\u00f3s-doutorado (2008-2013) em Fitotecnia pela Universidade Estadual de Londrina (UEL)-PR. Ministrou a disciplina Fruticultura I (2011 a 2013), no Curso de Gradua\u00e7\u00e3o em Agronomia e Propaga\u00e7\u00e3o de Plantas (2009 a 2013) e Tecnologia da Produ\u00e7\u00e3o de Frutas (2011 a 2012), no Programa de P\u00f3s-Gradua\u00e7\u00e3o em Agronomia da UEL. Atualmente, \u00e9 Prof. Adjunto II da Universidade Federal de Pelotas, na Faculdade de Agronomia Eliseu Maciel\/FAEM, atuando na \u00e1rea de Horticultura, com Manejo, Tratos Culturais e Propaga\u00e7\u00e3o de Plantas Ornamentais, Frut\u00edferas e Fruticultura Ornamental, nos cursos de Gradua\u00e7\u00e3o em Agronomia e P\u00f3s-gradua\u00e7\u00e3o em Agronomia (Fruticultura de Clima Temperado), bem como no Programa de P\u00f3s Gradua\u00e7\u00e3o em Ci\u00eancia e Tecnologia de Sementes. \u00c9 orientadora de alunos de Inicia\u00e7\u00e3o Cient\u00edfica, Gradua\u00e7\u00e3o, Mestrado e Doutorado. \u00c9 s\u00f3cia da Sociedade Brasileira de Fruticultura.<\/span><\/p>\n<p>&nbsp;<\/p>\n<div class=\"dados-palestrantes\">\n<p class=\"titulo\"><span style=\"font-family: georgia, palatino, serif;\"><strong>Hebert Luis Rossetto (Pesquisador e extensionista)<\/strong><\/span><\/p>\n<p><span style=\"font-family: 'times new roman', times, serif;\"><a href=\"http:\/\/lattes.cnpq.br\/0601519980700754\">Curr\u00edculo Lattes<\/a><\/span><\/p>\n<\/div>\n<p><span style=\"font-family: 'times new roman', times, serif; font-size: 10pt;\">Doutor em Ci\u00eancia e Engenharia de Materiais pela Universidade de S\u00e3o Paulo (2007). Experi\u00eancia em P&amp;D&amp;I na \u00e1rea de Engenharia Civil (Estruturas, Constru\u00e7\u00e3o Civil e Gest\u00e3o da Constru\u00e7\u00e3o) e de Materiais, principalmente em materiais hidrof\u00edlicos de natureza inorg\u00e2nica. Recentemente, tem se dedicado \u00e0s seguintes linhas de pesquisa: (i) ades\u00e3o dos materiais ciment\u00edcios, com \u00eanfase no papel da \u00e1gua confinada em camadas nanom\u00e9tricas na resist\u00eancia mec\u00e2nica de tais materiais; (ii) nova gera\u00e7\u00e3o de biomateriais, com importantes aplica\u00e7\u00f5es em odontologia e ortopedia; (iii) desenvolvimento de dispositivos<span class=\"more-show-hide\"> para regenera\u00e7\u00e3o do aparelho locomotor; (iv) s\u00edlica (micro, sub-micro e nano) e suas aplica\u00e7\u00f5es; (v) tenacifica\u00e7\u00e3o de materiais ciment\u00edcios, incluindo petroqu\u00edmicos; e (vi) gesso de alto desempenho, produtos correlatos e sistema construtivo inerente; (vii) an\u00e1lise de desempenho de materiais e estruturas correlatas \u00e0 constru\u00e7\u00e3o civil; e (viii) manufatura avan\u00e7ada de materiais e estruturas sustent\u00e1veis para a constru\u00e7\u00e3o civil.<\/span><\/span><\/p>\n<p>&nbsp;<\/p>\n<p><strong><span style=\"font-family: georgia, palatino, serif; font-size: 12pt;\">Ireni Leitzke Carvalho <span style=\"font-family: georgia, palatino, serif;\"> (Pesquisadora e extensionista)<\/span><\/span><\/strong><\/p>\n<p><span style=\"font-family: 'times new roman', times, serif;\"><a href=\"http:\/\/lattes.cnpq.br\/2079908179981295\" target=\"_blank\" rel=\"noopener\">Curr\u00edculo Lattes<\/a><\/span><\/p>\n<p><span style=\"font-family: 'times new roman', times, serif; font-size: 10pt;\">Natural de Cangu\u00e7u\/RS. Possui gradua\u00e7\u00e3o em Bacharelado e Licenciatura em Quimica pela Universidade Federal de Pelotas (2004), especializa\u00e7\u00e3o em produtos naturais- Fitoqu\u00edmica (2006), mestrado em Ci\u00eancia e Tecnologia de Sementes pela Universidade Federal de Pelotas (2010) e doutorado em Ci\u00eancia e Tecnologia de Sementes pela Universidade Federal de Pelotas (2015). Atualmente \u00e9 gerente de qualidade do laborat\u00f3rio did\u00e1tico de sementes da Universidade Federal de Pelotas.<\/span><\/p>\n<p><strong><span style=\"font-family: georgia, palatino, serif; font-size: 12pt;\">Mariane D\u00b4Avila Rosenthal<span style=\"font-family: georgia, palatino, serif;\">(Pesquisadora e extensionista)<\/span><\/span><\/strong><\/p>\n<p><span style=\"font-family: 'times new roman', times, serif;\"><a href=\"https:\/\/lattes.cnpq.br\/9741676537500790\" target=\"_blank\" rel=\"noopener\">Curr\u00edculo Lattes<\/a><\/span><\/p>\n<p><span style=\"font-size: 10pt; font-family: 'times new roman', times, serif;\">Possui gradua\u00e7\u00e3o em Programa Especial de Forma\u00e7\u00e3o Pedag\u00f3gica pelo Centro Federal de Educa\u00e7\u00e3o Tecnologica Pelotas (2007), gradua\u00e7\u00e3o em Engenharia Agronomica<br \/>\npela Universidade Federal de Pelotas (1988), mestrado em Agronomia pela Universidade Federal de Pelotas (1992) e doutorado em Ci\u00eancia e Tecnologia de Sementes pela<br \/>\nUniversidade Federal de Pelotas (2002). Atualmente \u00e9 engenheiro agr\u00f4nomo da Universidade Federal de Pelotas. Tem experi\u00eancia na \u00e1rea de Agronomia, com \u00eanfase em<br \/>\nEntomologia, Biologia de Insetos e An\u00e1lise de Sementes. Coordenadora da Clinica Fitossanit\u00e1ria; Atuou como Coordenadora de Maturidade (2021-2024) EMBRAPII -<br \/>\nINOVAAGRO- UFPel; Discente em Conserva\u00e7\u00e3o e Restauro de Bens Culturais Moveis - UFPel.<\/span><\/p>\n<p><strong><span style=\"font-family: georgia, palatino, serif; font-size: 12pt;\">Alcides Gomes Neto <span style=\"font-family: georgia, palatino, serif;\">(Pesquisador e extensionista)<\/span><\/span><\/strong><\/p>\n<p><span style=\"font-family: 'times new roman', times, serif;\"><a href=\"http:\/\/lattes.cnpq.br\/7788322261194305\" target=\"_blank\" rel=\"noopener\">Curr\u00edculo Lattes<\/a><\/span><\/p>\n<p><span style=\"font-size: 10pt; font-family: 'times new roman', times, serif;\">Professor Adjunto do Curso Superior de Tecnologia em Gastronomia - UFPel, \u00e9 graduado em Gastronomia pela UNISINOS\/RS e mestre em Nutri\u00e7\u00e3o e Alimentos pela UFPel. Doutorando no PPG Mem\u00f3ria Social e Patrim\u00f4nio Cultural, da Universidade Federal de Pelotas. Cozinheiro, Gestor, Consultor e Pesquisador na \u00e1rea de Gastronomia h\u00e1 mais\u00a0de\u00a020\u00a0anos.<\/span><\/p>\n<p>&nbsp;<\/p>\n<p><strong><span style=\"font-family: georgia, palatino, serif; font-size: 12pt;\"> Emilia Estefania Villalba Morinigo <span style=\"font-family: georgia, palatino, serif;\">(Pesquisadora e extensionista)<\/span><\/span><\/strong><\/p>\n<p><span style=\"font-family: 'times new roman', times, serif;\"><a href=\"http:\/\/lattes.cnpq.br\/0207687356650502\" target=\"_blank\" rel=\"noopener\">Curr\u00edculo Lattes<\/a><\/span><\/p>\n<p><span style=\"font-family: 'times new roman', times, serif; font-size: 10pt;\">Gradua\u00e7\u00e3o em Engenharia Agron\u00f4mica, pela Universidad Nacional de Asunci\u00f3n (2010). Especializa\u00e7\u00e3o em Did\u00e1tica Universit\u00e1ria na Universidad Nacional de Asunci\u00f3n (2011). Mestre em Agronom\u00eda pela Universidade Federal de Roraima UFRR (2016) (CAPES 4), onde atuou na linha de pesquisa em manejo de culturas. Projeto de Pesquisa Desempenho de Cultivares de Arroz Irrigado em fun\u00e7\u00e3o do Manejo de \u00e1gua em v\u00e1rzea de Roraima, foi bolsista Empresa Brasileira de Pesquisa Agropecu\u00e1ria (EMBRAPA) - Roraima. onde acompanhou as atividades do setor de melhoramento gen\u00e9tico de arroz com praticas no Centro de Pesquisa Agropecu\u00e1ria de Clima Temperado, avalia\u00e7\u00f5es de CV, praticas no labortorio de sementes e outras atividades de manejo de plantas e de \u00e1gua. Atualmente \u00e9 aluna do doutorado no Programa de P\u00f3s-Gradua\u00e7\u00e3o em Sistemas de Produ\u00e7\u00e3o Agr\u00edcola Familiar da Faculdade de Agronomia Eliseu Maciel (CAPES 5) UFPel. Vinculada ao N\u00facleo de Inova\u00e7\u00e3o em M\u00e1quinas e Equipamentos Agr\u00edcolas (NIMEq), projeto simplifica\u00e7\u00e3o de modelo matem\u00e1tico previs\u00e3o esfor\u00e7o de tra\u00e7\u00e3o em ferramentas estreitas de mobiliza\u00e7\u00e3o do solo. Atua\u00e7\u00e3o professional na extens\u00e3o rural, no ensino e na cultura de arroz irrigado. Pesquisas nas \u00e1reas da Agronom\u00eda e na Engenharia III. \u00canfase na produ\u00e7\u00e3o Vegetal: Culturas de arroz irrigado, mandioca, soja, iLPF, sementes e fertilidade do Solo. \u00canfase em m\u00e1quinas agr\u00edcolas: Tratores,ferramentas estreitas, semeadoras e\u00a0colheitadeiras.<\/span><\/p>\n<p>&nbsp;<\/p>\n<p><strong><span style=\"font-family: georgia, palatino, serif; font-size: 12pt;\">Carlos Rog\u00e9rio Mauch <span style=\"font-family: georgia, palatino, serif;\">(Pesquisador e extensionista)<\/span><\/span><\/strong><\/p>\n<p><span style=\"font-family: 'times new roman', times, serif;\"><a href=\"http:\/\/lattes.cnpq.br\/2136655885281310\" target=\"_blank\" rel=\"noopener\">Curr\u00edculo Lattes<\/a><\/span><\/p>\n<p><span style=\"font-family: 'times new roman', times, serif; font-size: 10pt;\">Graduado em Agronomia (UFPel, 1988), Mestre em Fitotecnia (UFRGS, 1993) e Doutor em Agronomia (Universidad Polit\u00e9cnica de Valencia-Espa\u00f1a , 2001), com t\u00edtulo revalidado no Brasil como Doutor em Ci\u00eancias na \u00e1rea de Biotecnologia Agr\u00edcola (2001, UFPel). Atualmente \u00e9 Professor Titular da Universidade Federal de Pelotas, desenvolvendo suas atividades profissionais (ensino e pesquisa) na \u00e1rea de Horticultura\/Olericultura. Orientador de mestrado e doutorado do Programa de P\u00f3s-Gradua\u00e7\u00e3o em Sistemas de Produ\u00e7\u00e3o Agr\u00edcola Familiar da UFPel onde atua nas linhas de pesquisa Agricultura e Ambiente e Agricultura e Desenvolvimento Rural Sustent\u00e1vel com \u00eanfase em Produ\u00e7\u00e3o hort\u00edcola em sistemas de transi\u00e7\u00e3o agroecol\u00f3gica e Plantas Aliment\u00edcias N\u00e3o Convencionais (PANC). No \u00e2mbito administrativo foi Chefe do Departamento de Fitotecnia\/FAEM\/UFPel (1995-1997, 2019-2021, 2021-2023), sub chefe do Departamento de Fitotecnia\/FAEM\/UFPel (2015-2017, 2017-2019), coordenador do PPGAgronomia\/UFPel por dois mandatos (2003-2005, 2005-2007), do Programa de P\u00f3s-Gradua\u00e7\u00e3o em Sistemas de Produ\u00e7\u00e3o Agr\u00edcola Familiar\/UFPel por dois mandatos (2009-2011 e 2011-2012) e conselheiro no Conselho Universit\u00e1rio da UFPel (2006-2008; 2021-2023) e do Conselho Superior de Ensino Pesquisa e Extens\u00e3o da UFPel (2021 -2023). Atua nas atividades de gradua\u00e7\u00e3o e p\u00f3s-gradua\u00e7\u00e3o da UFPel. Consultor ad hoc da Revista Ci\u00eancia Rural, Revista Brasileira de Agroci\u00eancia e Horticultura Brasileira. Consultor ad hoc CAPES. Avaliador Institucional e de cursos do sistema INEP\/SINAES\/MEC. Vice-Reitor da UFPel (01\/2013-12\/2013). Presidente da Associa\u00e7\u00e3o dos Docentes da Universidade Federal de Pelotas\/ Se\u00e7\u00e3o Sindical do ANDES\/SN (2023-2025).<\/span><\/p>\n<p>&nbsp;<\/p>\n<p style=\"text-align: justify;\"><span style=\"font-size: 10pt;\"><span style=\"font-family: impact, sans-serif;\">Discentes<\/span><\/span><\/p>\n<div><span style=\"font-family: georgia, palatino, serif; font-size: 12pt;\"><strong>Maria Fernanda Ghisi<\/strong> | <span style=\"font-weight: 400;\">Licenciatura em <\/span><span style=\"font-weight: 400;\">Geografia<\/span><\/span><\/div>\n<div><span style=\"font-family: georgia, palatino, serif;\"><a href=\"http:\/\/lattes.cnpq.br\/9175557244460962\">Curr\u00edculo Lattes<\/a><\/span><\/div>\n<div><\/div>\n<div><span style=\"font-family: 'times new roman', times, serif;\"><strong><span style=\"font-family: georgia, palatino, serif;\">Anderson Lages Nunes\u00a0<\/span><\/strong><span style=\"font-family: georgia, palatino, serif;\">| Agronomia<\/span><\/span><\/div>\n<div><strong>Bruna Bohlke Bergmann\u00a0<\/strong>| Nutri\u00e7\u00e3o<\/div>\n<div><strong>C\u00e1ssia da Silva Souza\u00a0<\/strong>| Agronomia<\/div>\n<div><strong>Elen Maira Drawanz Weber<\/strong>| Agronomia<\/div>\n<div><strong>Elenara Beier Rehbein<\/strong>\u00a0| Licenciatura em Geografia<br \/>\n<strong>Helena Retzlaff Kr\u00f6ning<\/strong>\u00a0| Agronomia<br \/>\n<strong>Hellen Retzlaff Kroning\u00a0|<\/strong> Nutri\u00e7\u00e3o<br \/>\n<strong>Irineu Dias Correa Junior<\/strong>\u00a0| Geoprocessamento<br \/>\n<strong>Ivy Espilman Lazari<\/strong>\u00a0| Ci\u00eancias Sociais<br \/>\n<strong>Janice Jara Concei\u00e7\u00e3o Dutra\u00a0|<\/strong> P\u00f3s-gradua\u00e7\u00e3o em Mem\u00f3ria Social e Patrim\u00f4nio Cultural<\/div>\n<div><strong>Joana Dal Osto Baier\u00a0|<\/strong> Nutri\u00e7\u00e3o<br \/>\n<strong>Kevin da Rosa Nunes<\/strong>\u00a0| Agronomia<br \/>\n<strong>Laura de Avila Jaime<\/strong>\u00a0| Engenharia agr\u00edcola<br \/>\n<strong>Laura Vargas<\/strong>\u00a0| Engenharia Ambiental e Sanit\u00e1ria<br \/>\n<strong>Luana de Freitas Mattoso Peres<\/strong>\u00a0| Licenciatura em Geografia<br \/>\n<strong>Maite Araujo de Lima\u00a0|<\/strong> Enfermagem<br \/>\n<strong>Nathiely da Silva Rodrigues<\/strong>\u00a0| Nutri\u00e7\u00e3o<br \/>\n<strong>Ojana Vitoria Barcelos<\/strong>\u00a0| Licenciatura em Geografia<br \/>\n<strong>Rafael Bastos Rodrigues<\/strong>\u00a0| Licenciatura em Geografia<br \/>\n<strong>Rafaela Boettge Vieira<\/strong>\u00a0| Engenharia Agr\u00edcola<br \/>\n<strong>Rauhei Santos da Motta Bonapaz<\/strong>\u00a0| Ci\u00eancias Sociais<\/div>\n<div><strong>Stephanie Stein de Oliveira\u00a0|<\/strong> Nutri\u00e7\u00e3o<br \/>\n<strong>Thaira Carrilho da Porci\u00fancula<\/strong> | Licenciatura em Hist\u00f3ria<br \/>\n<strong>Victoria de Souza Silva\u00a0|<\/strong> Nutri\u00e7\u00e3o<\/div>\n<p style=\"text-align: justify;\">\n<\/div>\n<\/div><\/div><\/div><\/div><\/div>","protected":false},"excerpt":{"rendered":"<p>EQUIPE &nbsp; DOCENTES Giovana Mendes de Oliveira (Coordenadora, pesquisadora e extensionista) Curr\u00edculo Lattes Professora da UFPel. Coordenadora do Projeto. Professora Doutora, em Geografia pela UFRGS. Trabalha com geografia urbana e econ\u00f4mica e tem estudos na linha de inova\u00e7\u00e3o e sustentabilidade. No projeto coordena as reuni\u00f5es com a comunidade e internas [&hellip;]<\/p>\n","protected":false},"author":873,"featured_media":0,"parent":0,"menu_order":0,"comment_status":"closed","ping_status":"closed","template":"","meta":{"footnotes":""},"class_list":["post-38","page","type-page","status-publish","hentry","post"],"_links":{"self":[{"href":"https:\/\/wp.ufpel.edu.br\/hortasurbanas\/index.php?rest_route=\/wp\/v2\/pages\/38","targetHints":{"allow":["GET"]}}],"collection":[{"href":"https:\/\/wp.ufpel.edu.br\/hortasurbanas\/index.php?rest_route=\/wp\/v2\/pages"}],"about":[{"href":"https:\/\/wp.ufpel.edu.br\/hortasurbanas\/index.php?rest_route=\/wp\/v2\/types\/page"}],"author":[{"embeddable":true,"href":"https:\/\/wp.ufpel.edu.br\/hortasurbanas\/index.php?rest_route=\/wp\/v2\/users\/873"}],"replies":[{"embeddable":true,"href":"https:\/\/wp.ufpel.edu.br\/hortasurbanas\/index.php?rest_route=%2Fwp%2Fv2%2Fcomments&post=38"}],"version-history":[{"count":69,"href":"https:\/\/wp.ufpel.edu.br\/hortasurbanas\/index.php?rest_route=\/wp\/v2\/pages\/38\/revisions"}],"predecessor-version":[{"id":2905,"href":"https:\/\/wp.ufpel.edu.br\/hortasurbanas\/index.php?rest_route=\/wp\/v2\/pages\/38\/revisions\/2905"}],"wp:attachment":[{"href":"https:\/\/wp.ufpel.edu.br\/hortasurbanas\/index.php?rest_route=%2Fwp%2Fv2%2Fmedia&parent=38"}],"curies":[{"name":"wp","href":"https:\/\/api.w.org\/{rel}","templated":true}]}}