{"id":2599,"date":"2024-06-28T15:16:17","date_gmt":"2024-06-28T18:16:17","guid":{"rendered":"https:\/\/wp.ufpel.edu.br\/hortasurbanas\/?page_id=2599"},"modified":"2024-07-05T21:03:58","modified_gmt":"2024-07-06T00:03:58","slug":"projetos-parceiros","status":"publish","type":"page","link":"https:\/\/wp.ufpel.edu.br\/hortasurbanas\/?page_id=2599","title":{"rendered":"Projetos parceiros"},"content":{"rendered":"<div id=\"pl-2599\"  class=\"panel-layout\" ><div id=\"pg-2599-0\"  class=\"panel-grid panel-no-style\" ><div id=\"pgc-2599-0-0\"  class=\"panel-grid-cell\" ><div id=\"panel-2599-0-0-0\" class=\"so-panel widget widget_sow-editor panel-first-child panel-last-child\" data-index=\"0\" ><div\n\t\t\t\n\t\t\tclass=\"so-widget-sow-editor so-widget-sow-editor-base\"\n\t\t\t\n\t\t>\n<div class=\"siteorigin-widget-tinymce textwidget\">\n\t<p><span style=\"font-family: impact, sans-serif; font-size: 18pt;\">PROJETOS PARCEIROS<\/span><\/p>\n<p>&nbsp;<\/p>\n<\/div>\n<\/div><\/div><\/div><\/div><div id=\"pg-2599-1\"  class=\"panel-grid panel-has-style\" ><div class=\"siteorigin-panels-stretch panel-row-style panel-row-style-for-2599-1\" data-stretch-type=\"full-width-stretch\" ><div id=\"pgc-2599-1-0\"  class=\"panel-grid-cell panel-grid-cell-empty\" ><div class=\"panel-cell-style panel-cell-style-for-2599-1-0\" ><\/div><\/div><div id=\"pgc-2599-1-1\"  class=\"panel-grid-cell\" ><div id=\"panel-2599-1-1-0\" class=\"so-panel widget widget_sow-image panel-first-child panel-last-child\" data-index=\"1\" ><div\n\t\t\t\n\t\t\tclass=\"so-widget-sow-image so-widget-sow-image-default-a258e6bfa2d8-2599\"\n\t\t\t\n\t\t>\n<div class=\"sow-image-container\">\n\t\t<img \n\tsrc=\"https:\/\/wp.ufpel.edu.br\/hortasurbanas\/files\/2024\/07\/manga-1.png\" width=\"3082\" height=\"2480\" srcset=\"https:\/\/wp.ufpel.edu.br\/hortasurbanas\/files\/2024\/07\/manga-1.png 3082w, https:\/\/wp.ufpel.edu.br\/hortasurbanas\/files\/2024\/07\/manga-1-400x322.png 400w, https:\/\/wp.ufpel.edu.br\/hortasurbanas\/files\/2024\/07\/manga-1-1024x824.png 1024w, https:\/\/wp.ufpel.edu.br\/hortasurbanas\/files\/2024\/07\/manga-1-768x618.png 768w, https:\/\/wp.ufpel.edu.br\/hortasurbanas\/files\/2024\/07\/manga-1-1536x1236.png 1536w, https:\/\/wp.ufpel.edu.br\/hortasurbanas\/files\/2024\/07\/manga-1-2048x1648.png 2048w\" sizes=\"(max-width: 3082px) 100vw, 3082px\" title=\"manga 1\" alt=\"\" \t\tclass=\"so-widget-image\"\/>\n\t<\/div>\n\n<\/div><\/div><\/div><div id=\"pgc-2599-1-2\"  class=\"panel-grid-cell panel-grid-cell-mobile-last\" ><div id=\"panel-2599-1-2-0\" class=\"so-panel widget widget_siteorigin-panels-builder panel-first-child panel-last-child\" data-index=\"2\" ><div class=\"panel-widget-style panel-widget-style-for-2599-1-2-0\" ><div id=\"pl-w668889eee3b70\"  class=\"panel-layout\" ><div id=\"pg-w668889eee3b70-0\"  class=\"panel-grid panel-no-style\" ><div id=\"pgc-w668889eee3b70-0-0\"  class=\"panel-grid-cell\" ><div id=\"panel-w668889eee3b70-0-0-0\" class=\"so-panel widget widget_sow-headline panel-first-child panel-last-child\" data-index=\"0\" ><div\n\t\t\t\n\t\t\tclass=\"so-widget-sow-headline so-widget-sow-headline-default-3dd8742ef95f so-widget-fittext-wrapper\"\n\t\t\t data-fit-text-compressor=\"0.85\"\n\t\t><div class=\"sow-headline-container \">\n\t\t\t\t\t\t\t<h2 class=\"sow-headline\">\n\t\t\t\t\t\t\t\t\t\t\t\t\t<a href=\"https:\/\/wp.ufpel.edu.br\/leurengeo\/\" target=\"_blank\" rel=\"noopener noreferrer\">\n\t\t\t\t\t\t\t\tLaborat\u00f3rio de Estudos Urbanos e Regionais \u2013 LEUR<\/a>\t\t\t\t\t\t<\/h2>\n\t\t\t\t\t\t\t\t\t\t\t\t<p class=\"sow-sub-headline\">\n\t\t\t\t\t\tO Laborat\u00f3rio de Estudos Urbanos e Regionais (LEUR) \u00e9 constitu\u00eddo por professores do Departamento de Geografia e conta tamb\u00e9m com a participa\u00e7\u00e3o de professores, alunos, pesquisadores, bolsistas e monitores de cursos de gradua\u00e7\u00e3o e p\u00f3s-\u00adgradua\u00e7\u00e3o. Est\u00e1 voltado para pesquisa, extens\u00e3o e ensino, com a realiza\u00e7\u00e3o de investiga\u00e7\u00f5es cient\u00edficas, semin\u00e1rios, cursos, grupos de leitura e estudos e outros trabalhos relacionados aos estudos urbanos e regionais. Visa coordenar, no \u00e2mbito do Instituto de Ci\u00eancias Humanas (ICH) da Universidade Federal de Pelotas (UFPEL), as a\u00e7\u00f5es voltadas para a organiza\u00e7\u00e3o e sistematiza\u00e7\u00e3o de acervo de trabalhos e bibliografia referidos \u00e0 tem\u00e1tica de investiga\u00e7\u00e3o, dinamizando o estudo da problem\u00e1tica urbana e regional de cunho geogr\u00e1fico, com vistas a constituir uma refer\u00eancia nesta \u00e1rea de estudo e de pesquisa.\t\t\t\t\t\t<\/p>\n\t\t\t\t\t\t<\/div>\n<\/div><\/div><\/div><\/div><\/div><\/div><\/div><\/div><div id=\"pgc-2599-1-3\"  class=\"panel-grid-cell panel-grid-cell-empty\" ><\/div><\/div><\/div><div id=\"pg-2599-2\"  class=\"panel-grid panel-no-style\" ><div id=\"pgc-2599-2-0\"  class=\"panel-grid-cell panel-grid-cell-empty\" ><\/div><\/div><div id=\"pg-2599-3\"  class=\"panel-grid panel-has-style\" ><div class=\"siteorigin-panels-stretch panel-row-style panel-row-style-for-2599-3\" data-stretch-type=\"full-width-stretch\" ><div id=\"pgc-2599-3-0\"  class=\"panel-grid-cell panel-grid-cell-empty\" ><div class=\"panel-cell-style panel-cell-style-for-2599-3-0\" ><\/div><\/div><div id=\"pgc-2599-3-1\"  class=\"panel-grid-cell panel-grid-cell-mobile-last\" ><div id=\"panel-2599-3-1-0\" class=\"so-panel widget widget_siteorigin-panels-builder panel-first-child panel-last-child\" data-index=\"3\" ><div class=\"panel-widget-style panel-widget-style-for-2599-3-1-0\" ><div id=\"pl-w668889eee3cdd\"  class=\"panel-layout\" ><div id=\"pg-w668889eee3cdd-0\"  class=\"panel-grid panel-no-style\" ><div id=\"pgc-w668889eee3cdd-0-0\"  class=\"panel-grid-cell\" ><div id=\"panel-w668889eee3cdd-0-0-0\" class=\"so-panel widget widget_sow-headline panel-first-child panel-last-child\" data-index=\"0\" ><div\n\t\t\t\n\t\t\tclass=\"so-widget-sow-headline so-widget-sow-headline-default-3dd8742ef95f so-widget-fittext-wrapper\"\n\t\t\t data-fit-text-compressor=\"0.85\"\n\t\t><div class=\"sow-headline-container \">\n\t\t\t\t\t\t\t<h2 class=\"sow-headline\">\n\t\t\t\t\t\t\t\t\t\t\t\t\t<a href=\"https:\/\/institucional.ufpel.edu.br\/projetos\/id\/u4119\" target=\"_blank\" rel=\"noopener noreferrer\">\n\t\t\t\t\t\t\t\tEquipamentos Agr\u00edcolas para Hortas Urbanas<\/a>\t\t\t\t\t\t<\/h2>\n\t\t\t\t\t\t\t\t\t\t\t\t<p class=\"sow-sub-headline\">\n\t\t\t\t\t\tAs hortas urbanas, tamb\u00e9m denominadas fazendas urbanas, s\u00e3o iniciativas coletivas para a produ\u00e7\u00e3o alimentos dentro ou pr\u00f3ximo das cidades. Visam o aproveitamento do espa\u00e7o urbano ocioso, e contribuem para a seguran\u00e7a alimentar de comunidades. As hortas urbanas fornecem alimentos nutritivos, colaboram para a sustentabilidade, proporcionam melhorias ambientais em bairros e criam espa\u00e7os para a educa\u00e7\u00e3o ambiental e a\u00e7\u00f5es sociais. O presente projeto tem por objetivo desenvolver equipamentos para o cultivo, manejo, colheita e armazenamento de alimentos e plantas produzidas nas hortas urbanas. Estes equipamentos ser\u00e3o constru\u00eddos, com materiais alternativos e de baixo custo, pelas comunidades participantes do projeto Hortas Urbanas, do Instituto de Ci\u00eancias Humanas da UFPel. Como resultado, espera-se a cria\u00e7\u00e3o de equipamentos acess\u00edveis e ergon\u00f4micos para o uso de pessoas com limita\u00e7\u00f5es f\u00edsicas, atuantes em hortas urbanas.\t\t\t\t\t\t<\/p>\n\t\t\t\t\t\t<\/div>\n<\/div><\/div><\/div><\/div><\/div><\/div><\/div><\/div><div id=\"pgc-2599-3-2\"  class=\"panel-grid-cell panel-grid-cell-empty\" ><\/div><\/div><\/div><div id=\"pg-2599-4\"  class=\"panel-grid panel-no-style\" ><div id=\"pgc-2599-4-0\"  class=\"panel-grid-cell panel-grid-cell-empty\" ><\/div><\/div><div id=\"pg-2599-5\"  class=\"panel-grid panel-has-style\" ><div class=\"siteorigin-panels-stretch panel-row-style panel-row-style-for-2599-5\" data-stretch-type=\"full-width-stretch\" ><div id=\"pgc-2599-5-0\"  class=\"panel-grid-cell panel-grid-cell-empty\" ><div class=\"panel-cell-style panel-cell-style-for-2599-5-0\" ><\/div><\/div><div id=\"pgc-2599-5-1\"  class=\"panel-grid-cell\" ><div id=\"panel-2599-5-1-0\" class=\"so-panel widget widget_sow-image panel-first-child panel-last-child\" data-index=\"4\" ><div\n\t\t\t\n\t\t\tclass=\"so-widget-sow-image so-widget-sow-image-default-c67d20f9f743-2599\"\n\t\t\t\n\t\t>\n<div class=\"sow-image-container\">\n\t\t<img \n\tsrc=\"https:\/\/wp.ufpel.edu.br\/hortasurbanas\/files\/2024\/07\/images__1_-removebg-preview.png\" width=\"225\" height=\"225\" srcset=\"https:\/\/wp.ufpel.edu.br\/hortasurbanas\/files\/2024\/07\/images__1_-removebg-preview.png 225w, https:\/\/wp.ufpel.edu.br\/hortasurbanas\/files\/2024\/07\/images__1_-removebg-preview-200x200.png 200w, https:\/\/wp.ufpel.edu.br\/hortasurbanas\/files\/2024\/07\/images__1_-removebg-preview-216x216.png 216w\" sizes=\"(max-width: 225px) 100vw, 225px\" alt=\"\" \t\tclass=\"so-widget-image\"\/>\n\t<\/div>\n\n<\/div><\/div><\/div><div id=\"pgc-2599-5-2\"  class=\"panel-grid-cell panel-grid-cell-mobile-last\" ><div id=\"panel-2599-5-2-0\" class=\"so-panel widget widget_siteorigin-panels-builder panel-first-child panel-last-child\" data-index=\"5\" ><div class=\"panel-widget-style panel-widget-style-for-2599-5-2-0\" ><div id=\"pl-w668889eee3eaa\"  class=\"panel-layout\" ><div id=\"pg-w668889eee3eaa-0\"  class=\"panel-grid panel-no-style\" ><div id=\"pgc-w668889eee3eaa-0-0\"  class=\"panel-grid-cell\" ><div id=\"panel-w668889eee3eaa-0-0-0\" class=\"so-panel widget widget_sow-headline panel-first-child panel-last-child\" data-index=\"0\" ><div\n\t\t\t\n\t\t\tclass=\"so-widget-sow-headline so-widget-sow-headline-default-3dd8742ef95f so-widget-fittext-wrapper\"\n\t\t\t data-fit-text-compressor=\"0.85\"\n\t\t><div class=\"sow-headline-container \">\n\t\t\t\t\t\t\t<h2 class=\"sow-headline\">\n\t\t\t\t\t\t\t\t\t\t\t\t\t<a href=\"https:\/\/institucional.ufpel.edu.br\/projetos\/id\/u2898\" target=\"_blank\" rel=\"noopener noreferrer\">\n\t\t\t\t\t\t\t\tPr\u00e1ticas Integrativas e Complementares na Rede de Aten\u00e7\u00e3o em Sa\u00fade \u2013 PIC-RAS<\/a>\t\t\t\t\t\t<\/h2>\n\t\t\t\t\t\t\t\t\t\t\t\t<p class=\"sow-sub-headline\">\n\t\t\t\t\t\tO projeto conta com professores, alunos da gradua\u00e7\u00e3o e p\u00f3s-gradua\u00e7\u00e3o, e profissionais da sa\u00fade que atuam em a\u00e7\u00f5es ofertadas nos servi\u00e7os de sa\u00fade e outros espa\u00e7os comunit\u00e1rios da UFPel, com o objetivo principal de realizar pr\u00e1ticas integrativas e complementares aos indiv\u00edduos na rede de aten\u00e7\u00e3o em sa\u00fade, abrangendo a comunidade acad\u00eamica da Universidade Federal de Pelotas e a comunidade em geral. Participam desse projeto volunt\u00e1rios de diversos cursos como: enfermagem, medicina, veterin\u00e1ria, nutri\u00e7\u00e3o, terapia ocupacional, farm\u00e1cia e odontologia, distribu\u00eddos por v\u00e1rias universidades do pa\u00eds, em conjunto com o projeto Hortas Urbanas.\t\t\t\t\t\t<\/p>\n\t\t\t\t\t\t<\/div>\n<\/div><\/div><\/div><\/div><\/div><\/div><\/div><\/div><div id=\"pgc-2599-5-3\"  class=\"panel-grid-cell panel-grid-cell-empty\" ><\/div><\/div><\/div><\/div>","protected":false},"excerpt":{"rendered":"<p>PROJETOS PARCEIROS &nbsp;<\/p>\n","protected":false},"author":873,"featured_media":0,"parent":0,"menu_order":0,"comment_status":"closed","ping_status":"closed","template":"","meta":{"footnotes":""},"class_list":["post-2599","page","type-page","status-publish","hentry","post"],"_links":{"self":[{"href":"https:\/\/wp.ufpel.edu.br\/hortasurbanas\/index.php?rest_route=\/wp\/v2\/pages\/2599","targetHints":{"allow":["GET"]}}],"collection":[{"href":"https:\/\/wp.ufpel.edu.br\/hortasurbanas\/index.php?rest_route=\/wp\/v2\/pages"}],"about":[{"href":"https:\/\/wp.ufpel.edu.br\/hortasurbanas\/index.php?rest_route=\/wp\/v2\/types\/page"}],"author":[{"embeddable":true,"href":"https:\/\/wp.ufpel.edu.br\/hortasurbanas\/index.php?rest_route=\/wp\/v2\/users\/873"}],"replies":[{"embeddable":true,"href":"https:\/\/wp.ufpel.edu.br\/hortasurbanas\/index.php?rest_route=%2Fwp%2Fv2%2Fcomments&post=2599"}],"version-history":[{"count":31,"href":"https:\/\/wp.ufpel.edu.br\/hortasurbanas\/index.php?rest_route=\/wp\/v2\/pages\/2599\/revisions"}],"predecessor-version":[{"id":2805,"href":"https:\/\/wp.ufpel.edu.br\/hortasurbanas\/index.php?rest_route=\/wp\/v2\/pages\/2599\/revisions\/2805"}],"wp:attachment":[{"href":"https:\/\/wp.ufpel.edu.br\/hortasurbanas\/index.php?rest_route=%2Fwp%2Fv2%2Fmedia&parent=2599"}],"curies":[{"name":"wp","href":"https:\/\/api.w.org\/{rel}","templated":true}]}}