{"id":196,"date":"2019-03-22T19:02:58","date_gmt":"2019-03-22T22:02:58","guid":{"rendered":"https:\/\/wp.ufpel.edu.br\/hortasurbanas\/?page_id=196"},"modified":"2024-06-28T14:39:01","modified_gmt":"2024-06-28T17:39:01","slug":"caldas","status":"publish","type":"page","link":"https:\/\/wp.ufpel.edu.br\/hortasurbanas\/?page_id=196","title":{"rendered":"Caldas naturais"},"content":{"rendered":"<p style=\"text-align: justify;\"><span style=\"font-family: 'times new roman', times, serif; font-size: 12pt;\">O modelo de agricultura urbana em que o projeto se pauta faz uso de produtos alternativos (sem agroqu\u00edmicos) para a realiza\u00e7\u00e3o do controle de v\u00e1rios agentes indesej\u00e1veis que possam atuar negativamente na produ\u00e7\u00e3o.<\/span><\/p>\n<p style=\"text-align: justify;\"><span style=\"font-family: 'times new roman', times, serif; font-size: 12pt;\">Nas hortas da COHAB Tablada foi realizada a confec\u00e7\u00e3o de duas caldas, sendo elas: calda bordalesa e a calda sulfoc\u00e1cica.<\/span><\/p>\n<p style=\"text-align: justify;\"><span style=\"font-family: 'times new roman', times, serif; font-size: 12pt;\">A calda bordalesa tem como objetivo proteger as plantas contra os ataques de \u00e1caros e fungos servindo como fungicida, \u00e9 permitida dentro da agricultura org\u00e2nica por ser um produto n\u00e3o t\u00f3xico. Este fungicida \u00e9 indicado em hortali\u00e7as e no controle de doen\u00e7as em plantas frut\u00edferas.<\/span><\/p>\n<p style=\"text-align: justify;\"><span style=\"font-family: 'times new roman', times, serif; font-size: 12pt;\">A calda sulfoc\u00e1cica \u00e9 utilizada para controlar \u00e1caros, fungos, cochonilhas, possuindo tamb\u00e9m o efeito de aduba\u00e7\u00e3o nas plantas. Ela tamb\u00e9m \u00e9 aprovada pela lei dos org\u00e2nicos. Ao utiliza-la em plantas em florescimento requer cuidado, pois apresentam sensibilidade \u00e0 calda. Sua pr\u00e1tica deve ser efetuada\u00a0em per\u00edodos amenos do dia e com uma temperatura inferior a 28\u00b0C.<\/span><\/p>\n<p style=\"text-align: justify;\"><span style=\"font-family: 'times new roman', times, serif; font-size: 12pt;\">**Tenha cuidado com o produto por ter efeito corrosivo, pode acabar danificando recipientes de metal, roupas e a pele. Para o seu manuseio e aplica\u00e7\u00e3o, deve-se utilizar luvas (equipamentos de prote\u00e7\u00e3o).<\/span><\/p>\n<p style=\"text-align: justify;\"><span style=\"font-family: 'times new roman', times, serif; font-size: 12pt;\">J\u00e1 na comunidade do Py Crespo foi realizada uma oficina ensinando os principais produtos naturais a serem utilizados em hortas para repelir insetos e pragas. Foram adicionados aos canteiros iscas de\u00a0chuchu e sal que servem para atrair as lesmas, para ent\u00e3o retirar elas manualmente, para fazer o controle. E calda de arruda para repelir insetos nas hortali\u00e7as, servindo como um inseticida.<\/span><\/p>\n<p><span style=\"font-family: 'times new roman', times, serif; font-size: 12pt;\"><img loading=\"lazy\" decoding=\"async\" class=\"aligncenter wp-image-728 size-medium\" src=\"https:\/\/wp.ufpel.edu.br\/hortasurbanas\/files\/2019\/11\/sdge-400x285.png\" alt=\"\" width=\"400\" height=\"285\" srcset=\"https:\/\/wp.ufpel.edu.br\/hortasurbanas\/files\/2019\/11\/sdge-400x285.png 400w, https:\/\/wp.ufpel.edu.br\/hortasurbanas\/files\/2019\/11\/sdge.png 405w\" sizes=\"auto, (max-width: 400px) 100vw, 400px\" \/><\/span><\/p>\n<p><span style=\"font-family: 'times new roman', times, serif; font-size: 12pt;\"><img loading=\"lazy\" decoding=\"async\" class=\"aligncenter wp-image-729 size-medium\" src=\"https:\/\/wp.ufpel.edu.br\/hortasurbanas\/files\/2019\/11\/sdge-1-400x293.png\" alt=\"\" width=\"400\" height=\"293\" srcset=\"https:\/\/wp.ufpel.edu.br\/hortasurbanas\/files\/2019\/11\/sdge-1-400x293.png 400w, https:\/\/wp.ufpel.edu.br\/hortasurbanas\/files\/2019\/11\/sdge-1.png 458w\" sizes=\"auto, (max-width: 400px) 100vw, 400px\" \/><\/span><\/p>\n<p><span style=\"font-family: 'times new roman', times, serif; font-size: 12pt;\"><img loading=\"lazy\" decoding=\"async\" class=\"aligncenter wp-image-730 size-medium\" src=\"https:\/\/wp.ufpel.edu.br\/hortasurbanas\/files\/2019\/11\/WhatsApp-Image-2019-11-08-at-7.08.48-PM-400x300.jpeg\" alt=\"\" width=\"400\" height=\"300\" srcset=\"https:\/\/wp.ufpel.edu.br\/hortasurbanas\/files\/2019\/11\/WhatsApp-Image-2019-11-08-at-7.08.48-PM-400x300.jpeg 400w, https:\/\/wp.ufpel.edu.br\/hortasurbanas\/files\/2019\/11\/WhatsApp-Image-2019-11-08-at-7.08.48-PM-768x576.jpeg 768w, https:\/\/wp.ufpel.edu.br\/hortasurbanas\/files\/2019\/11\/WhatsApp-Image-2019-11-08-at-7.08.48-PM-1024x768.jpeg 1024w, https:\/\/wp.ufpel.edu.br\/hortasurbanas\/files\/2019\/11\/WhatsApp-Image-2019-11-08-at-7.08.48-PM.jpeg 1280w\" sizes=\"auto, (max-width: 400px) 100vw, 400px\" \/><\/span><\/p>\n","protected":false},"excerpt":{"rendered":"<p>O modelo de agricultura urbana em que o projeto se pauta faz uso de produtos alternativos (sem agroqu\u00edmicos) para a realiza\u00e7\u00e3o do controle de v\u00e1rios agentes indesej\u00e1veis que possam atuar negativamente na produ\u00e7\u00e3o. Nas hortas da COHAB Tablada foi realizada a confec\u00e7\u00e3o de duas caldas, sendo elas: calda bordalesa e [&hellip;]<\/p>\n","protected":false},"author":873,"featured_media":0,"parent":0,"menu_order":0,"comment_status":"closed","ping_status":"closed","template":"","meta":{"footnotes":""},"class_list":["post-196","page","type-page","status-publish","hentry","post"],"_links":{"self":[{"href":"https:\/\/wp.ufpel.edu.br\/hortasurbanas\/index.php?rest_route=\/wp\/v2\/pages\/196","targetHints":{"allow":["GET"]}}],"collection":[{"href":"https:\/\/wp.ufpel.edu.br\/hortasurbanas\/index.php?rest_route=\/wp\/v2\/pages"}],"about":[{"href":"https:\/\/wp.ufpel.edu.br\/hortasurbanas\/index.php?rest_route=\/wp\/v2\/types\/page"}],"author":[{"embeddable":true,"href":"https:\/\/wp.ufpel.edu.br\/hortasurbanas\/index.php?rest_route=\/wp\/v2\/users\/873"}],"replies":[{"embeddable":true,"href":"https:\/\/wp.ufpel.edu.br\/hortasurbanas\/index.php?rest_route=%2Fwp%2Fv2%2Fcomments&post=196"}],"version-history":[{"count":9,"href":"https:\/\/wp.ufpel.edu.br\/hortasurbanas\/index.php?rest_route=\/wp\/v2\/pages\/196\/revisions"}],"predecessor-version":[{"id":2559,"href":"https:\/\/wp.ufpel.edu.br\/hortasurbanas\/index.php?rest_route=\/wp\/v2\/pages\/196\/revisions\/2559"}],"wp:attachment":[{"href":"https:\/\/wp.ufpel.edu.br\/hortasurbanas\/index.php?rest_route=%2Fwp%2Fv2%2Fmedia&parent=196"}],"curies":[{"name":"wp","href":"https:\/\/api.w.org\/{rel}","templated":true}]}}