{"id":194,"date":"2019-03-22T19:02:35","date_gmt":"2019-03-22T22:02:35","guid":{"rendered":"https:\/\/wp.ufpel.edu.br\/hortasurbanas\/?page_id=194"},"modified":"2024-06-28T14:39:59","modified_gmt":"2024-06-28T17:39:59","slug":"compostagem","status":"publish","type":"page","link":"https:\/\/wp.ufpel.edu.br\/hortasurbanas\/?page_id=194","title":{"rendered":"Compostagem e vermicompostagem"},"content":{"rendered":"<p><span style=\"font-family: 'times new roman', times, serif;\">A compostagem \u00e9 um processo no qual o material org\u00e2nico \u00e9 decomposto por micro-organismos e transformado em um adubo natural, semelhante ao solo. Os adubos org\u00e2nicos cont\u00eam nutrientes, como nitrog\u00eanio, f\u00f3sforo, pot\u00e1ssio, c\u00e1lcio, magn\u00e9sio e micronutrientes, al\u00e9m de fertilizarem o solo, s\u00e3o ativadores da micro vida, melhoram a estrutura, aera\u00e7\u00e3o, aumentam a mat\u00e9ria org\u00e2nica e a infiltra\u00e7\u00e3o da \u00e1gua das chuvas.<\/span><\/p>\n<p style=\"text-align: justify;\"><span style=\"font-family: 'times new roman', times, serif;\">Com esse intuito de reciclar os res\u00edduos org\u00e2nico foram constru\u00eddas na comunidades do Py Crespo e da COHAB Tablada estruturas de madeira para a montagem de uma compostagem de res\u00edduos org\u00e2nicos recolhidos nos locais. As estruturas foram feitas com t\u00e1buas e ripas de madeira, pregadas entre si sempre deixando um espa\u00e7o para a aera\u00e7\u00e3o do composto, al\u00e9m disso foram adicionados lona pl\u00e1stica na parte inferior para n\u00e3o perdermos os nutrientes escorridos para o solo.<\/span><\/p>\n<p style=\"text-align: justify;\"><span style=\"font-family: 'times new roman', times, serif;\">O processo ocorre conforme camadas de bolo, iniciando com camadas de maravalha, em seguida de esterco bovino e por \u00faltimo res\u00edduos org\u00e2nicos, e assim sucessivamente at\u00e9 acabar os res\u00edduos org\u00e2nicos. E por \u00faltimo a composteira \u00e9 fechada com a lona pl\u00e1stica para n\u00e3o entrar chuva e sol.<\/span><\/p>\n<table style=\"width: 100%; border-collapse: collapse;\" border=\"0\">\n<tbody>\n<tr>\n<td style=\"width: 33.3333%;\" colspan=\"2\"><span style=\"font-family: 'times new roman', times, serif;\"><img loading=\"lazy\" decoding=\"async\" class=\"wp-image-717 aligncenter\" style=\"text-align: justify;\" src=\"https:\/\/wp.ufpel.edu.br\/hortasurbanas\/files\/2019\/11\/WhatsApp-Image-2019-04-10-at-5.05.48-PM-400x300.jpeg\" alt=\"\" width=\"458\" height=\"343\" srcset=\"https:\/\/wp.ufpel.edu.br\/hortasurbanas\/files\/2019\/11\/WhatsApp-Image-2019-04-10-at-5.05.48-PM-400x300.jpeg 400w, https:\/\/wp.ufpel.edu.br\/hortasurbanas\/files\/2019\/11\/WhatsApp-Image-2019-04-10-at-5.05.48-PM-768x576.jpeg 768w, https:\/\/wp.ufpel.edu.br\/hortasurbanas\/files\/2019\/11\/WhatsApp-Image-2019-04-10-at-5.05.48-PM-1024x768.jpeg 1024w, https:\/\/wp.ufpel.edu.br\/hortasurbanas\/files\/2019\/11\/WhatsApp-Image-2019-04-10-at-5.05.48-PM.jpeg 1152w\" sizes=\"auto, (max-width: 458px) 100vw, 458px\" \/><\/span><\/td>\n<td style=\"width: 33.3333%;\"><span style=\"font-family: 'times new roman', times, serif;\"><img loading=\"lazy\" decoding=\"async\" class=\"wp-image-714 aligncenter\" style=\"text-align: justify;\" src=\"https:\/\/wp.ufpel.edu.br\/hortasurbanas\/files\/2019\/11\/WhatsApp-Image-2019-06-19-at-4.42.06-PM-300x400.jpeg\" alt=\"\" width=\"255\" height=\"339\" srcset=\"https:\/\/wp.ufpel.edu.br\/hortasurbanas\/files\/2019\/11\/WhatsApp-Image-2019-06-19-at-4.42.06-PM-300x400.jpeg 300w, https:\/\/wp.ufpel.edu.br\/hortasurbanas\/files\/2019\/11\/WhatsApp-Image-2019-06-19-at-4.42.06-PM-768x1024.jpeg 768w, https:\/\/wp.ufpel.edu.br\/hortasurbanas\/files\/2019\/11\/WhatsApp-Image-2019-06-19-at-4.42.06-PM.jpeg 960w\" sizes=\"auto, (max-width: 255px) 100vw, 255px\" \/><\/span><\/td>\n<\/tr>\n<tr>\n<td style=\"width: 33.3333%;\"><span style=\"font-family: 'times new roman', times, serif;\"><img loading=\"lazy\" decoding=\"async\" class=\"aligncenter wp-image-716 size-medium\" style=\"text-align: justify;\" src=\"https:\/\/wp.ufpel.edu.br\/hortasurbanas\/files\/2019\/11\/WhatsApp-Image-2019-04-10-at-5.06.55-PM-400x225.jpeg\" alt=\"\" width=\"400\" height=\"225\" srcset=\"https:\/\/wp.ufpel.edu.br\/hortasurbanas\/files\/2019\/11\/WhatsApp-Image-2019-04-10-at-5.06.55-PM-400x225.jpeg 400w, https:\/\/wp.ufpel.edu.br\/hortasurbanas\/files\/2019\/11\/WhatsApp-Image-2019-04-10-at-5.06.55-PM-768x432.jpeg 768w, https:\/\/wp.ufpel.edu.br\/hortasurbanas\/files\/2019\/11\/WhatsApp-Image-2019-04-10-at-5.06.55-PM-1024x576.jpeg 1024w, https:\/\/wp.ufpel.edu.br\/hortasurbanas\/files\/2019\/11\/WhatsApp-Image-2019-04-10-at-5.06.55-PM.jpeg 1280w\" sizes=\"auto, (max-width: 400px) 100vw, 400px\" \/><\/span><\/td>\n<td style=\"width: 33.3333%;\"><span style=\"font-family: 'times new roman', times, serif;\"><img loading=\"lazy\" decoding=\"async\" class=\"aligncenter wp-image-712 size-medium\" style=\"text-align: justify;\" src=\"https:\/\/wp.ufpel.edu.br\/hortasurbanas\/files\/2019\/11\/WhatsApp-Image-2019-10-12-at-9.57.48-AM-400x300.jpeg\" alt=\"\" width=\"400\" height=\"300\" srcset=\"https:\/\/wp.ufpel.edu.br\/hortasurbanas\/files\/2019\/11\/WhatsApp-Image-2019-10-12-at-9.57.48-AM-400x300.jpeg 400w, https:\/\/wp.ufpel.edu.br\/hortasurbanas\/files\/2019\/11\/WhatsApp-Image-2019-10-12-at-9.57.48-AM-768x576.jpeg 768w, https:\/\/wp.ufpel.edu.br\/hortasurbanas\/files\/2019\/11\/WhatsApp-Image-2019-10-12-at-9.57.48-AM-1024x768.jpeg 1024w, https:\/\/wp.ufpel.edu.br\/hortasurbanas\/files\/2019\/11\/WhatsApp-Image-2019-10-12-at-9.57.48-AM.jpeg 1280w\" sizes=\"auto, (max-width: 400px) 100vw, 400px\" \/><\/span><\/td>\n<td style=\"width: 33.3333%;\"><span style=\"font-family: 'times new roman', times, serif;\"><img loading=\"lazy\" decoding=\"async\" class=\"aligncenter wp-image-711 size-medium\" style=\"text-align: justify;\" src=\"https:\/\/wp.ufpel.edu.br\/hortasurbanas\/files\/2019\/11\/WhatsApp-Image-2019-10-12-at-9.57.49-AM-400x300.jpeg\" alt=\"\" width=\"400\" height=\"300\" srcset=\"https:\/\/wp.ufpel.edu.br\/hortasurbanas\/files\/2019\/11\/WhatsApp-Image-2019-10-12-at-9.57.49-AM-400x300.jpeg 400w, https:\/\/wp.ufpel.edu.br\/hortasurbanas\/files\/2019\/11\/WhatsApp-Image-2019-10-12-at-9.57.49-AM-768x576.jpeg 768w, https:\/\/wp.ufpel.edu.br\/hortasurbanas\/files\/2019\/11\/WhatsApp-Image-2019-10-12-at-9.57.49-AM-1024x768.jpeg 1024w, https:\/\/wp.ufpel.edu.br\/hortasurbanas\/files\/2019\/11\/WhatsApp-Image-2019-10-12-at-9.57.49-AM.jpeg 1280w\" sizes=\"auto, (max-width: 400px) 100vw, 400px\" \/><\/span><\/td>\n<\/tr>\n<\/tbody>\n<\/table>\n<p><span style=\"font-family: 'times new roman', times, serif;\">A vermicompostagem, por sua vez, \u00e9 uma forma pr\u00e1tica de acelerar o processo natural de compostagem a partir da inser\u00e7\u00e3o de minhocas no sistema. Uma minhoca consome diariamente o equivalente ao seu peso em mat\u00e9ria org\u00e2nica. Em condi\u00e7\u00f5es \u00f3timas, um quilograma de minhocas consome diariamente um quilograma de mat\u00e9ria org\u00e2nica.<\/span><\/p>\n<p><span style=\"font-family: 'times new roman', times, serif;\">Ela pode ser feita em grande escala, mas \u00e9 mais f\u00e1cil ainda quando utilizada em pequena escala, permitindo a um agregado familiar de qualquer tamanho valorizar e reutilizar at\u00e9 dois ter\u00e7os do seu lixo dom\u00e9stico di\u00e1rio sem qualquer dificuldade, de uma forma econ\u00f4mica, higi\u00eanica e divertida!<\/span><\/p>\n<p><span style=\"font-family: 'times new roman', times, serif;\">O vermicompostor da COHAB Tablada foi constru\u00eddo com baldes doados que s\u00e3o utilizados em restaurantes, dando uma destina\u00e7\u00e3o para esse material e diminuindo os custos para a comunidade. Os participantes puderam acompanhar o passo a passo de todo esse processo de montagem, tendo suas d\u00favidas esclarecidas, onde al\u00e9m do processo de montagem, puderam participar das etapas de coloca\u00e7\u00e3o dos res\u00edduos org\u00e2nicos.<\/span><\/p>\n<table style=\"border-collapse: collapse; width: 100%;\" border=\"1\">\n<tbody>\n<tr>\n<td style=\"width: 33.3333%;\"><span style=\"font-family: 'times new roman', times, serif;\"><img decoding=\"async\" style=\"text-align: justify;\" src=\"https:\/\/wp.ufpel.edu.br\/hortasurbanas\/files\/2019\/05\/WhatsApp-Image-2019-04-24-at-17.33.48-300x400.jpeg\" \/><\/span><\/td>\n<td style=\"width: 33.3333%;\"><span style=\"font-family: 'times new roman', times, serif;\"><img decoding=\"async\" src=\"https:\/\/wp.ufpel.edu.br\/hortasurbanas\/files\/2019\/11\/WhatsApp-Image-2019-06-19-at-4.42.04-PM-300x400.jpeg\" \/><\/span><\/td>\n<td style=\"width: 33.3333%;\"><span style=\"font-family: 'times new roman', times, serif;\"><img decoding=\"async\" src=\"https:\/\/wp.ufpel.edu.br\/hortasurbanas\/files\/2019\/11\/WhatsApp-Image-2019-06-19-at-4.42.05-PM-300x400.jpeg\" \/><\/span><\/td>\n<\/tr>\n<\/tbody>\n<\/table>\n<p>&nbsp;<\/p>\n<p>&nbsp;<\/p>\n<p>&nbsp;<\/p>\n","protected":false},"excerpt":{"rendered":"<p>A compostagem \u00e9 um processo no qual o material org\u00e2nico \u00e9 decomposto por micro-organismos e transformado em um adubo natural, semelhante ao solo. Os adubos org\u00e2nicos cont\u00eam nutrientes, como nitrog\u00eanio, f\u00f3sforo, pot\u00e1ssio, c\u00e1lcio, magn\u00e9sio e micronutrientes, al\u00e9m de fertilizarem o solo, s\u00e3o ativadores da micro vida, melhoram a estrutura, aera\u00e7\u00e3o, [&hellip;]<\/p>\n","protected":false},"author":873,"featured_media":0,"parent":0,"menu_order":0,"comment_status":"closed","ping_status":"closed","template":"","meta":{"footnotes":""},"class_list":["post-194","page","type-page","status-publish","hentry","post"],"_links":{"self":[{"href":"https:\/\/wp.ufpel.edu.br\/hortasurbanas\/index.php?rest_route=\/wp\/v2\/pages\/194","targetHints":{"allow":["GET"]}}],"collection":[{"href":"https:\/\/wp.ufpel.edu.br\/hortasurbanas\/index.php?rest_route=\/wp\/v2\/pages"}],"about":[{"href":"https:\/\/wp.ufpel.edu.br\/hortasurbanas\/index.php?rest_route=\/wp\/v2\/types\/page"}],"author":[{"embeddable":true,"href":"https:\/\/wp.ufpel.edu.br\/hortasurbanas\/index.php?rest_route=\/wp\/v2\/users\/873"}],"replies":[{"embeddable":true,"href":"https:\/\/wp.ufpel.edu.br\/hortasurbanas\/index.php?rest_route=%2Fwp%2Fv2%2Fcomments&post=194"}],"version-history":[{"count":12,"href":"https:\/\/wp.ufpel.edu.br\/hortasurbanas\/index.php?rest_route=\/wp\/v2\/pages\/194\/revisions"}],"predecessor-version":[{"id":2562,"href":"https:\/\/wp.ufpel.edu.br\/hortasurbanas\/index.php?rest_route=\/wp\/v2\/pages\/194\/revisions\/2562"}],"wp:attachment":[{"href":"https:\/\/wp.ufpel.edu.br\/hortasurbanas\/index.php?rest_route=%2Fwp%2Fv2%2Fmedia&parent=194"}],"curies":[{"name":"wp","href":"https:\/\/api.w.org\/{rel}","templated":true}]}}