{"id":179,"date":"2019-03-22T18:54:26","date_gmt":"2019-03-22T21:54:26","guid":{"rendered":"https:\/\/wp.ufpel.edu.br\/hortasurbanas\/?page_id=179"},"modified":"2024-12-09T15:16:39","modified_gmt":"2024-12-09T18:16:39","slug":"publicacoes","status":"publish","type":"page","link":"https:\/\/wp.ufpel.edu.br\/hortasurbanas\/?page_id=179","title":{"rendered":"Publica\u00e7\u00f5es e eventos"},"content":{"rendered":"<p><span style=\"font-family: 'times new roman', times, serif;\"><strong>PUBLICA\u00c7\u00d5ES<\/strong><\/span><\/p>\n<p><span style=\"font-family: 'times new roman', times, serif; font-size: 14pt;\"><em>2024<\/em><\/span><\/p>\n<p><span style=\"font-family: 'times new roman', times, serif;\">Livro: <\/span><a href=\"https:\/\/wp.ufpel.edu.br\/hortasurbanas\/files\/2024\/12\/Dialogos-sobre-sustentabilidade-nas-Cidades.pdf\">Di\u00e1logos sobre sustentabilidade nas Cidades<\/a><\/p>\n<p>&nbsp;<\/p>\n<p><span style=\"font-family: 'times new roman', times, serif; font-size: 14pt;\"><em>2021<\/em><\/span><\/p>\n<p><span style=\"font-family: 'times new roman', times, serif;\"><a href=\"https:\/\/drive.google.com\/file\/d\/1Lk3DFY7bQLQl0DUVb-y3mkJW3nrrgX_-\/view\">Livro: HORTAS URBANAS: quando a sustentabilidade encontra a cidade<\/a><\/span><\/p>\n<p>&nbsp;<\/p>\n<p><span style=\"font-family: 'times new roman', times, serif; font-size: 14pt;\"><em>2020<\/em><\/span><\/p>\n<p style=\"text-align: justify;\"><span style=\"font-family: 'times new roman', times, serif;\"><a href=\"https:\/\/wp.ufpel.edu.br\/congressoextensao\/files\/2020\/12\/Tema-7.pdf\">Projeto Hortas Urbanas: a\u00e7\u00f5es sustent\u00e1veis em momentos pand\u00eamicos &#8211; CEC 2020 &#8211; P\u00e1g. 43 &#8211; 46<\/a><\/span><\/p>\n<p><span style=\"font-family: 'times new roman', times, serif;\"><a href=\"https:\/\/wp.ufpel.edu.br\/congressoextensao\/files\/2020\/12\/Tema-7.pdf\">Hortas Urbanas: conectando ideias e semeando solidariedade &#8211; CEC 2020 &#8211; P\u00e1g. 25 &#8211; 28<\/a><\/span><\/p>\n<p><span style=\"font-family: 'times new roman', times, serif;\"><a href=\"https:\/\/wp.ufpel.edu.br\/congressoextensao\/files\/2020\/12\/Tema-1.pdf\">Difus\u00e3o de informes em Nutri\u00e7\u00e3o para a comunidade beneficiada pelo projeto Hortas Urbanas &#8211; CEC 2020 &#8211; P\u00e1g. 605 &#8211; 608<\/a><\/span><\/p>\n<p>&nbsp;<\/p>\n<p><span style=\"font-family: 'times new roman', times, serif; font-size: 14pt;\"><em>2019<\/em><\/span><\/p>\n<p style=\"text-align: justify;\"><span style=\"font-family: 'times new roman', times, serif;\"><a href=\"https:\/\/cti.ufpel.edu.br\/siepe\/arquivos\/2019\/CH_04660.pdf\">Repensando a cidade a partir de hortas urbanas &#8211; CIC 2019<\/a><\/span><\/p>\n<p style=\"text-align: justify;\"><span style=\"font-family: 'times new roman', times, serif;\"><a href=\"https:\/\/wp.ufpel.edu.br\/congressoextensao\/files\/2019\/11\/Meio-Ambiente.pdf\">Construindo um processo educativo a partir de hortas urbanas\u00a0 &#8211; CEC 2019 &#8211; P\u00e1g. 116 &#8211; 119<\/a><\/span><\/p>\n<p style=\"text-align: justify;\"><span style=\"font-family: 'times new roman', times, serif;\"><a href=\"https:\/\/wp.ufpel.edu.br\/congressoextensao\/files\/2019\/11\/Meio-Ambiente.pdf\">Hortas Urbanas: a satisfa\u00e7\u00e3o de mexer na terra &#8211; CEC 2019 &#8211; P\u00e1g. 136 &#8211; 139<\/a><\/span><\/p>\n<p style=\"text-align: justify;\"><span style=\"font-family: 'times new roman', times, serif;\"><a href=\"https:\/\/wp.ufpel.edu.br\/congressoextensao\/files\/2019\/11\/Meio-Ambiente.pdf\">Hortas Urbanas: vamos compostar? &#8211; CEC 2019 &#8211; P\u00e1g. 37 &#8211; 40<\/a><\/span><\/p>\n<p style=\"text-align: justify;\"><span style=\"font-family: 'times new roman', times, serif;\"><a href=\"https:\/\/doity.com.br\/anais\/engenhariaesociedade\/trabalho\/86915\">Hortas Urbanas: construindo uma cidade com sustentabilidade urbana a partir das tecnologias sociais. <\/a><a href=\"https:\/\/doity.com.br\/anais\/engenhariaesociedade\/trabalho\/86915\">Anais do Evento: 1\u00ba Encontro Latino-Americano de Engenharia e Sociedade: <\/a><a href=\"https:\/\/doity.com.br\/anais\/engenhariaesociedade\/trabalho\/86915\">Publicado em 22\/05\/2019 &#8211; Primeira edi\u00e7\u00e3o S\u00e3o Paulo<\/a><\/span><\/p>\n<p><span style=\"font-family: 'times new roman', times, serif;\"><a href=\"http:\/\/www.enanpege.ggf.br\/2019\/resources\/anais\/8\/1561930888_ARQUIVO_Textoenanpegefinalresumido.pdf\">A sustentabilidade nas cidades: reflex\u00f5es sobre hortas urbanas &#8211; XIII ENANPEGE<\/a><\/span><\/p>\n<p>&nbsp;<\/p>\n<p><span style=\"font-family: 'times new roman', times, serif; font-size: 14pt;\"><em>2018<\/em><\/span><\/p>\n<p style=\"text-align: justify;\"><span style=\"font-family: 'times new roman', times, serif;\"><a href=\"https:\/\/wp.ufpel.edu.br\/congressoextensao\/files\/2018\/12\/Meio-Ambiente.pdf\">Hortas Urbanas: um projeto de sustentabilidade para a comunidade pelotense &#8211; CEC 2018 &#8211; P\u00e1g. 133 &#8211; 136<\/a><\/span><\/p>\n<p style=\"text-align: justify;\"><span style=\"font-family: 'times new roman', times, serif;\"><a href=\"https:\/\/wp.ufpel.edu.br\/congressoextensao\/files\/2018\/12\/Meio-Ambiente.pdf\">Hortas Urbanas: semeando solidariedade &#8211; CEC 2018 &#8211; P\u00e1g. 159 &#8211; 161<\/a><\/span><\/p>\n<p><span style=\"font-family: 'times new roman', times, serif;\"><a href=\"https:\/\/wp.ufpel.edu.br\/hortasurbanas\/files\/2019\/04\/Hortas-Urbanas-e-Cidadania-V-SEMPGEO.pdf\">Hortas Urbanas e cidadania: o in\u00edcio de um processo na cidade de Pelotas\/RS &#8211; SEMPGEO UFPEL 2018<\/a><\/span><\/p>\n<p><span style=\"font-family: 'times new roman', times, serif;\"><a href=\"https:\/\/2d98acec-e3c5-4b62-aafa-2eff98668a3e.filesusr.com\/ugd\/83c8a2_49ee49485258438db39f98506b00f090.pdf\">Hortas Urbanas como direito a uma cidade ambientalmente socialmente sustent\u00e1vel. O in\u00edcio de um processo na cidade de Pelotas\/RS &#8211; EDEA 2018 &#8211; P\u00e1g. 240 &#8211; 245<\/a><\/span><\/p>\n<p>&nbsp;<\/p>\n<p><span style=\"font-family: 'times new roman', times, serif;\"><strong>EVENTOS<\/strong><\/span><\/p>\n<p><span style=\"font-family: 'times new roman', times, serif; font-size: 14pt;\"><em><span style=\"color: var(--cor-texto);\">SEUR (2022)<\/span><\/em><\/span><\/p>\n<p><span style=\"font-family: 'times new roman', times, serif;\">O\u00a0<b><strong>SEUR<\/strong><\/b>\u00a0\u00e9 o\u00a0<b><strong>Semin\u00e1rio de Estudos Urbanos e Regionais<\/strong><\/b>, organizado anualmente pelo Laborat\u00f3rio de Estudos Urbanos e Regionais (LEUR), do Instituto de Ci\u00eancias Humanas (ICH) da Universidade Federal de Pelotas (UFPEL).<\/span><\/p>\n<p><span style=\"font-family: 'times new roman', times, serif;\">Atualmente, em sua\u00a0<b><strong>18\u00aa edi\u00e7\u00e3o<\/strong><\/b>, o\u00a0<b><strong>SEUR<\/strong><\/b>\u00a0se constituiu em um dos mais longevos eventos de Geografia no Rio Grande do Sul. Com isso, se conseguiu atingir o prop\u00f3sito inicial de manter um evento de sistematiza\u00e7\u00e3o dos trabalhos sobre o espa\u00e7o urbano, regional e temas correlatos, na metade sul do Rio Grande do Sul.<\/span><\/p>\n<p><span style=\"font-family: 'times new roman', times, serif;\">O Semin\u00e1rio de Estudos Urbanos e Regionais realizado pelo LEUR, conta em sua base com os trabalhos coletivos de alunos da gradua\u00e7\u00e3o, p\u00f3s-gradua\u00e7\u00e3o, professores do LEUR, e tamb\u00e9m com o trabalho de colaboradores e parceiros que ano ap\u00f3s ano est\u00e3o envoltos em cada detalhe das edi\u00e7\u00f5es do SEUR. Por esse motivo (e por muitos outros) reafirmamos o compromisso acad\u00eamico e social da realiza\u00e7\u00e3o de cada novo SEUR, repleto de intera\u00e7\u00f5es e integra\u00e7\u00f5es e, principalmente, discuss\u00f5es que auxiliam nos trabalhos e no pensar geogr\u00e1ficos.<\/span><\/p>\n<p><span style=\"font-family: 'times new roman', times, serif;\">Nesta edi\u00e7\u00e3o, a realiza\u00e7\u00e3o do SEUR conta com o apoio do grupo de pesquisa e extens\u00e3o acad\u00eamica\u00a0<b><strong>Hortas Urbanas<\/strong><\/b>, uma equipe interdisciplinar que atua desde 2017, sendo composta por acad\u00eamicos e professores da Universidade Federal de Pelotas (UFPel) nas \u00e1reas de Geografia, Agronomia, Engenharia Civil, Engenharia Agr\u00edcola, Engenharia Sanit\u00e1ria e Ambiental, Biologia, Nutri\u00e7\u00e3o, Farm\u00e1cia, Enfermagem, Gastronomia e Sociologia, al\u00e9m da Universidade Federal de Caxias do Sul (UCS) e da Universidade Federal do Rio Grande (FURG).<\/span><\/p>\n<p><span style=\"font-family: 'times new roman', times, serif;\">O evento foi realizado no formato remoto e pode contar com diversos convidados. Diversas mesas, apresenta\u00e7\u00f5es de trabalhos e discuss\u00f5es foram apresentadas e podem conferir todo o evento na aba AO VIVO pelo link:\u00a0<strong><a class=\"customize-unpreviewable\" href=\"https:\/\/www.youtube.com\/@laboratoriodeestudosurbano2850\/streams\" target=\"_blank\" rel=\"noopener\">\u00a0Evento hortas urbanas\/SEUR<\/a><\/strong><\/span><\/p>\n<p>&nbsp;<\/p>\n<p>&nbsp;<\/p>\n<p>&nbsp;<\/p>\n<p><span style=\"font-family: 'times new roman', times, serif;\"><strong style=\"color: var(--cor-texto);\"><img loading=\"lazy\" decoding=\"async\" class=\"alignnone size-full wp-image-2483\" src=\"https:\/\/wp.ufpel.edu.br\/hortasurbanas\/files\/2024\/03\/PHOTO-2021-12-16-09-30-37-400x400-1.jpg\" alt=\"\" width=\"400\" height=\"400\" srcset=\"https:\/\/wp.ufpel.edu.br\/hortasurbanas\/files\/2024\/03\/PHOTO-2021-12-16-09-30-37-400x400-1.jpg 400w, https:\/\/wp.ufpel.edu.br\/hortasurbanas\/files\/2024\/03\/PHOTO-2021-12-16-09-30-37-400x400-1-200x200.jpg 200w\" sizes=\"auto, (max-width: 400px) 100vw, 400px\" \/><\/strong><\/span><\/p>\n<p>&nbsp;<\/p>\n<div><\/div>\n<div><\/div>\n","protected":false},"excerpt":{"rendered":"<p>PUBLICA\u00c7\u00d5ES 2024 Livro: Di\u00e1logos sobre sustentabilidade nas Cidades &nbsp; 2021 Livro: HORTAS URBANAS: quando a sustentabilidade encontra a cidade &nbsp; 2020 Projeto Hortas Urbanas: a\u00e7\u00f5es sustent\u00e1veis em momentos pand\u00eamicos &#8211; CEC 2020 &#8211; P\u00e1g. 43 &#8211; 46 Hortas Urbanas: conectando ideias e semeando solidariedade &#8211; CEC 2020 &#8211; P\u00e1g. 25 [&hellip;]<\/p>\n","protected":false},"author":873,"featured_media":0,"parent":0,"menu_order":0,"comment_status":"closed","ping_status":"closed","template":"","meta":{"footnotes":""},"class_list":["post-179","page","type-page","status-publish","hentry","post"],"_links":{"self":[{"href":"https:\/\/wp.ufpel.edu.br\/hortasurbanas\/index.php?rest_route=\/wp\/v2\/pages\/179","targetHints":{"allow":["GET"]}}],"collection":[{"href":"https:\/\/wp.ufpel.edu.br\/hortasurbanas\/index.php?rest_route=\/wp\/v2\/pages"}],"about":[{"href":"https:\/\/wp.ufpel.edu.br\/hortasurbanas\/index.php?rest_route=\/wp\/v2\/types\/page"}],"author":[{"embeddable":true,"href":"https:\/\/wp.ufpel.edu.br\/hortasurbanas\/index.php?rest_route=\/wp\/v2\/users\/873"}],"replies":[{"embeddable":true,"href":"https:\/\/wp.ufpel.edu.br\/hortasurbanas\/index.php?rest_route=%2Fwp%2Fv2%2Fcomments&post=179"}],"version-history":[{"count":21,"href":"https:\/\/wp.ufpel.edu.br\/hortasurbanas\/index.php?rest_route=\/wp\/v2\/pages\/179\/revisions"}],"predecessor-version":[{"id":2950,"href":"https:\/\/wp.ufpel.edu.br\/hortasurbanas\/index.php?rest_route=\/wp\/v2\/pages\/179\/revisions\/2950"}],"wp:attachment":[{"href":"https:\/\/wp.ufpel.edu.br\/hortasurbanas\/index.php?rest_route=%2Fwp%2Fv2%2Fmedia&parent=179"}],"curies":[{"name":"wp","href":"https:\/\/api.w.org\/{rel}","templated":true}]}}