{"id":164,"date":"2019-03-22T18:47:50","date_gmt":"2019-03-22T21:47:50","guid":{"rendered":"https:\/\/wp.ufpel.edu.br\/hortasurbanas\/?page_id=164"},"modified":"2024-07-05T19:20:19","modified_gmt":"2024-07-05T22:20:19","slug":"quem-somos-4","status":"publish","type":"page","link":"https:\/\/wp.ufpel.edu.br\/hortasurbanas\/?page_id=164","title":{"rendered":"Quem somos"},"content":{"rendered":"<div id=\"pl-164\"  class=\"panel-layout\" ><div id=\"pg-164-0\"  class=\"panel-grid panel-no-style\" ><div id=\"pgc-164-0-0\"  class=\"panel-grid-cell\" ><div id=\"panel-164-0-0-0\" class=\"so-panel widget widget_sow-editor panel-first-child\" data-index=\"0\" ><div\n\t\t\t\n\t\t\tclass=\"so-widget-sow-editor so-widget-sow-editor-base\"\n\t\t\t\n\t\t>\n<div class=\"siteorigin-widget-tinymce textwidget\">\n\t<p><span style=\"font-family: impact, sans-serif; font-size: 18pt;\">QUEM SOMOS<\/span><\/p>\n<\/div>\n<\/div><\/div><div id=\"panel-164-0-0-1\" class=\"so-panel widget widget_sow-editor panel-last-child\" data-index=\"1\" ><div\n\t\t\t\n\t\t\tclass=\"so-widget-sow-editor so-widget-sow-editor-base\"\n\t\t\t\n\t\t>\n<div class=\"siteorigin-widget-tinymce textwidget\">\n\t<p style=\"text-align: justify;\"><span style=\"font-family: 'times new roman', times, serif;\">As hortas urbanas t\u00eam surgido em muitos pa\u00edses, impulsionadas pelo crescimento das cidades, como apontam v\u00e1rios autores e documentos internacionais. Estas devem ser planejadas com base no estudo e ordenamento do territ\u00f3rio, de modo a minimizar as influ\u00eancias negativas da polui\u00e7\u00e3o gerada pelo ser humano, devendo priorizar em seu andamento a reciclagem, a reutiliza\u00e7\u00e3o e a diminui\u00e7\u00e3o do uso dos recursos naturais.<\/span><\/p>\n<p style=\"text-align: justify;\"><span style=\"font-family: 'times new roman', times, serif;\">Nosso projeto tem como objetivo organizar grupos de pessoas com o prop\u00f3sito de instalar hortas org\u00e2nicas na cidade de Pelotas, Rio Grande do Sul. A partir das hortas, pretende-se dar mais um passo para a constru\u00e7\u00e3o da sustentabilidade urbana, contribuindo beneficamente de forma ecol\u00f3gica, social e econ\u00f4mica \u00e0s comunidades atendidas.<\/span><\/p>\n<p style=\"text-align: justify;\"><span style=\"font-family: 'times new roman', times, serif;\">O Hortas Urbanas \u00e9 uma equipe interdisciplinar, que atua desde 2017. \u00c9 composta por acad\u00eamicos e professores da Universidade Federal de Pelotas (UFPel) e da Universidade de Caxias Sul-UCS, nas \u00e1reas de Geografia, Agronomia, Engenharia Agr\u00edcola e Ambiental, Nutri\u00e7\u00e3o, Enfermagem, Gastronomia e Sociologia, articulados em Grupos de Trabalho. Os servi\u00e7os prestados s\u00e3o gratuitos e visam fomentar a agricultura urbana por meio de oficinas, planejamentos, visitas t\u00e9cnicas e mutir\u00f5es de plantio.<\/span><\/p>\n<p>\u00a0<\/p>\n<\/div>\n<\/div><\/div><\/div><\/div><div id=\"pg-164-1\"  class=\"panel-grid panel-no-style\" ><div id=\"pgc-164-1-0\"  class=\"panel-grid-cell\" ><div id=\"panel-164-1-0-0\" class=\"so-panel widget widget_sow-editor panel-first-child panel-last-child\" data-index=\"2\" ><div\n\t\t\t\n\t\t\tclass=\"so-widget-sow-editor so-widget-sow-editor-base\"\n\t\t\t\n\t\t>\n<div class=\"siteorigin-widget-tinymce textwidget\">\n\t<p><span style=\"font-family: impact, sans-serif; font-size: 18pt;\">GRUPOS DE TRABALHO<\/span><\/p>\n<\/div>\n<\/div><\/div><\/div><\/div><div id=\"pg-164-2\"  class=\"panel-grid panel-has-style\" ><div class=\"siteorigin-panels-stretch panel-row-style panel-row-style-for-164-2\" data-stretch-type=\"full\" ><div id=\"pgc-164-2-0\"  class=\"panel-grid-cell panel-grid-cell-mobile-last\" ><div id=\"panel-164-2-0-0\" class=\"so-panel widget widget_siteorigin-panels-builder panel-first-child\" data-index=\"3\" ><div id=\"pl-w668866e84e7af\"  class=\"panel-layout\" ><div id=\"pg-w668866e84e7af-0\"  class=\"panel-grid panel-no-style\" ><div id=\"pgc-w668866e84e7af-0-0\"  class=\"panel-grid-cell panel-grid-cell-empty\" ><\/div><\/div><div id=\"pg-w668866e84e7af-1\"  class=\"panel-grid panel-no-style\" ><div id=\"pgc-w668866e84e7af-1-0\"  class=\"panel-grid-cell\" ><div id=\"panel-w668866e84e7af-1-0-0\" class=\"so-panel widget widget_sow-image panel-first-child\" data-index=\"0\" ><div\n\t\t\t\n\t\t\tclass=\"so-widget-sow-image so-widget-sow-image-default-b6b275ba0f97\"\n\t\t\t\n\t\t>\n<div class=\"sow-image-container\">\n\t\t\t<a href=\"https:\/\/wp.ufpel.edu.br\/nutricao\/\"\n\t\t\ttarget=\"_blank\" rel=\"noopener noreferrer\" \t\t>\n\t\t\t<img \n\tsrc=\"https:\/\/wp.ufpel.edu.br\/hortasurbanas\/files\/2024\/07\/unnamed-200x200.jpg\" width=\"100\" height=\"100\" srcset=\"https:\/\/wp.ufpel.edu.br\/hortasurbanas\/files\/2024\/07\/unnamed-200x200.jpg 200w, https:\/\/wp.ufpel.edu.br\/hortasurbanas\/files\/2024\/07\/unnamed-400x400.jpg 400w, https:\/\/wp.ufpel.edu.br\/hortasurbanas\/files\/2024\/07\/unnamed-768x768.jpg 768w, https:\/\/wp.ufpel.edu.br\/hortasurbanas\/files\/2024\/07\/unnamed-216x216.jpg 216w, https:\/\/wp.ufpel.edu.br\/hortasurbanas\/files\/2024\/07\/unnamed.jpg 900w\" sizes=\"(max-width: 100px) 100vw, 100px\" title=\"Faculdade de Nutri\u00e7\u00e3o\" alt=\"\" \t\tclass=\"so-widget-image\"\/>\n\t\t\t<\/a><\/div>\n\n<\/div><\/div><div id=\"panel-w668866e84e7af-1-0-1\" class=\"so-panel widget widget_sow-editor panel-last-child\" data-index=\"1\" ><div\n\t\t\t\n\t\t\tclass=\"so-widget-sow-editor so-widget-sow-editor-base\"\n\t\t\t\n\t\t>\n<div class=\"siteorigin-widget-tinymce textwidget\">\n\t<p style=\"text-align: center;\"><span style=\"font-size: 10pt;\"><span style=\"font-family: helvetica, arial, sans-serif;\">GT 1<\/span><\/span><\/p>\n<p style=\"text-align: center;\"><span style=\"font-size: 14pt;\"><strong><span style=\"font-family: helvetica, arial, sans-serif;\">Nutri\u00e7\u00e3o<\/span><\/strong><\/span><\/p>\n<p style=\"text-align: center;\">O GT de Nutri\u00e7\u00e3o integra acad\u00eamicos e professores da Faculdade de Nutri\u00e7\u00e3o e \u00e1reas afins e atua no \u00e2mbito da Seguran\u00e7a Alimentar e Nutricional e da alimenta\u00e7\u00e3o saud\u00e1vel.<\/p>\n<\/div>\n<\/div><\/div><\/div><div id=\"pgc-w668866e84e7af-1-1\"  class=\"panel-grid-cell\" ><div id=\"panel-w668866e84e7af-1-1-0\" class=\"so-panel widget widget_sow-image panel-first-child\" data-index=\"2\" ><div\n\t\t\t\n\t\t\tclass=\"so-widget-sow-image so-widget-sow-image-default-b6b275ba0f97\"\n\t\t\t\n\t\t>\n<div class=\"sow-image-container\">\n\t\t\t<a href=\"https:\/\/wp.ufpel.edu.br\/faem\/\"\n\t\t\ttarget=\"_blank\" rel=\"noopener noreferrer\" \t\t>\n\t\t\t<img \n\tsrc=\"https:\/\/wp.ufpel.edu.br\/hortasurbanas\/files\/2024\/07\/logofaem-200x200.png\" width=\"100\" height=\"100\" srcset=\"https:\/\/wp.ufpel.edu.br\/hortasurbanas\/files\/2024\/07\/logofaem-200x200.png 200w, https:\/\/wp.ufpel.edu.br\/hortasurbanas\/files\/2024\/07\/logofaem-216x216.png 216w\" sizes=\"(max-width: 100px) 100vw, 100px\" title=\"FAEM\" alt=\"\" \t\tclass=\"so-widget-image\"\/>\n\t\t\t<\/a><\/div>\n\n<\/div><\/div><div id=\"panel-w668866e84e7af-1-1-1\" class=\"so-panel widget widget_sow-editor panel-last-child\" data-index=\"3\" ><div\n\t\t\t\n\t\t\tclass=\"so-widget-sow-editor so-widget-sow-editor-base\"\n\t\t\t\n\t\t>\n<div class=\"siteorigin-widget-tinymce textwidget\">\n\t<p style=\"text-align: center;\"><span style=\"font-size: 10pt;\"><span style=\"font-family: helvetica, arial, sans-serif;\">GT 2<\/span><\/span><\/p>\n<p style=\"text-align: center;\"><span style=\"font-size: 14pt;\"><strong><span style=\"font-family: helvetica, arial, sans-serif;\">Agronomia<\/span><\/strong><\/span><\/p>\n<p style=\"text-align: center;\">O GT de Agronomia \u00e9 respons\u00e1vel pela pesquisa, aplica\u00e7\u00e3o e divulga\u00e7\u00e3o de tecnologias sociais, sustent\u00e1veis e acess\u00edveis, nas hortas que integram o projeto.<\/p>\n<\/div>\n<\/div><\/div><\/div><div id=\"pgc-w668866e84e7af-1-2\"  class=\"panel-grid-cell\" ><div id=\"panel-w668866e84e7af-1-2-0\" class=\"so-panel widget widget_sow-image panel-first-child\" data-index=\"4\" ><div\n\t\t\t\n\t\t\tclass=\"so-widget-sow-image so-widget-sow-image-default-b6b275ba0f97\"\n\t\t\t\n\t\t>\n<div class=\"sow-image-container\">\n\t\t\t<a href=\"https:\/\/wp.ufpel.edu.br\/cea\/\"\n\t\t\ttarget=\"_blank\" rel=\"noopener noreferrer\" \t\t>\n\t\t\t<img \n\tsrc=\"https:\/\/wp.ufpel.edu.br\/hortasurbanas\/files\/2024\/07\/Logo-EA-200x200.png\" width=\"100\" height=\"100\" srcset=\"https:\/\/wp.ufpel.edu.br\/hortasurbanas\/files\/2024\/07\/Logo-EA-200x200.png 200w, https:\/\/wp.ufpel.edu.br\/hortasurbanas\/files\/2024\/07\/Logo-EA-400x400.png 400w, https:\/\/wp.ufpel.edu.br\/hortasurbanas\/files\/2024\/07\/Logo-EA-216x216.png 216w, https:\/\/wp.ufpel.edu.br\/hortasurbanas\/files\/2024\/07\/Logo-EA.png 725w\" sizes=\"(max-width: 100px) 100vw, 100px\" title=\"Curso de Engenharia Agr\u00edcola\" alt=\"\" \t\tclass=\"so-widget-image\"\/>\n\t\t\t<\/a><\/div>\n\n<\/div><\/div><div id=\"panel-w668866e84e7af-1-2-1\" class=\"so-panel widget widget_sow-editor panel-last-child\" data-index=\"5\" ><div\n\t\t\t\n\t\t\tclass=\"so-widget-sow-editor so-widget-sow-editor-base\"\n\t\t\t\n\t\t>\n<div class=\"siteorigin-widget-tinymce textwidget\">\n\t<p style=\"text-align: center;\"><span style=\"font-size: 10pt;\"><span style=\"font-family: helvetica, arial, sans-serif;\">GT 3<\/span><\/span><\/p>\n<p style=\"text-align: center;\"><span style=\"font-size: 14pt;\"><strong><span style=\"font-family: helvetica, arial, sans-serif;\">Engenharia Agr\u00edcola e Ambiental<\/span><\/strong><\/span><\/p>\n<p style=\"text-align: center;\">O GT das Engenharias Agr\u00edcola e Ambiental vem contribuindo no desenvolvimento de ferramentas e tecnologias facilitadoras para a horticultura urbana.<\/p>\n<\/div>\n<\/div><\/div><\/div><\/div><\/div><\/div><div id=\"panel-164-2-0-1\" class=\"so-panel widget widget_siteorigin-panels-builder panel-last-child\" data-index=\"4\" ><div id=\"pl-w668869278aa2d\"  class=\"panel-layout\" ><div id=\"pg-w668869278aa2d-0\"  class=\"panel-grid panel-no-style\" ><div id=\"pgc-w668869278aa2d-0-0\"  class=\"panel-grid-cell panel-grid-cell-empty\" ><\/div><\/div><div id=\"pg-w668869278aa2d-1\"  class=\"panel-grid panel-no-style\" ><div id=\"pgc-w668869278aa2d-1-0\"  class=\"panel-grid-cell\" ><div id=\"panel-w668869278aa2d-1-0-0\" class=\"so-panel widget widget_sow-image panel-first-child\" data-index=\"0\" ><div\n\t\t\t\n\t\t\tclass=\"so-widget-sow-image so-widget-sow-image-default-b6b275ba0f97\"\n\t\t\t\n\t\t>\n<div class=\"sow-image-container\">\n\t\t\t<a href=\"https:\/\/institucional.ufpel.edu.br\/cursos\/cod\/5580\"\n\t\t\ttarget=\"_blank\" rel=\"noopener noreferrer\" \t\t>\n\t\t\t<img \n\tsrc=\"https:\/\/wp.ufpel.edu.br\/hortasurbanas\/files\/2024\/07\/images-200x200.jpeg\" width=\"100\" height=\"100\" srcset=\"https:\/\/wp.ufpel.edu.br\/hortasurbanas\/files\/2024\/07\/images-200x200.jpeg 200w, https:\/\/wp.ufpel.edu.br\/hortasurbanas\/files\/2024\/07\/images-216x216.jpeg 216w, https:\/\/wp.ufpel.edu.br\/hortasurbanas\/files\/2024\/07\/images.jpeg 226w\" sizes=\"(max-width: 100px) 100vw, 100px\" title=\"Curso de Gastronomia\" alt=\"\" \t\tclass=\"so-widget-image\"\/>\n\t\t\t<\/a><\/div>\n\n<\/div><\/div><div id=\"panel-w668869278aa2d-1-0-1\" class=\"so-panel widget widget_sow-editor panel-last-child\" data-index=\"1\" ><div\n\t\t\t\n\t\t\tclass=\"so-widget-sow-editor so-widget-sow-editor-base\"\n\t\t\t\n\t\t>\n<div class=\"siteorigin-widget-tinymce textwidget\">\n\t<p style=\"text-align: center;\"><span style=\"font-size: 10pt;\"><span style=\"font-family: helvetica, arial, sans-serif;\">GT 4<\/span><\/span><\/p>\n<p style=\"text-align: center;\"><span style=\"font-size: 14pt;\"><strong><span style=\"font-family: helvetica, arial, sans-serif;\">Gastronomia<\/span><\/strong><\/span><\/p>\n<p style=\"text-align: center;\">O GT de Gastronomia desempenha papel fundamental no projeto, dando sabor e sucul\u00eancia ao que \u00e9 produzido nos canteiros<\/p>\n<\/div>\n<\/div><\/div><\/div><div id=\"pgc-w668869278aa2d-1-1\"  class=\"panel-grid-cell\" ><div id=\"panel-w668869278aa2d-1-1-0\" class=\"so-panel widget widget_sow-image panel-first-child\" data-index=\"2\" ><div\n\t\t\t\n\t\t\tclass=\"so-widget-sow-image so-widget-sow-image-default-b6b275ba0f97\"\n\t\t\t\n\t\t>\n<div class=\"sow-image-container\">\n\t\t\t<a href=\"https:\/\/institucional.ufpel.edu.br\/cursos\/cod\/4110\"\n\t\t\ttarget=\"_blank\" rel=\"noopener noreferrer\" \t\t>\n\t\t\t<img \n\tsrc=\"https:\/\/wp.ufpel.edu.br\/hortasurbanas\/files\/2024\/07\/download-200x200.jpeg\" width=\"100\" height=\"100\" srcset=\"https:\/\/wp.ufpel.edu.br\/hortasurbanas\/files\/2024\/07\/download-200x200.jpeg 200w, https:\/\/wp.ufpel.edu.br\/hortasurbanas\/files\/2024\/07\/download-216x216.jpeg 216w\" sizes=\"(max-width: 100px) 100vw, 100px\" title=\"Instituto de Biologia\" alt=\"\" \t\tclass=\"so-widget-image\"\/>\n\t\t\t<\/a><\/div>\n\n<\/div><\/div><div id=\"panel-w668869278aa2d-1-1-1\" class=\"so-panel widget widget_sow-editor panel-last-child\" data-index=\"3\" ><div\n\t\t\t\n\t\t\tclass=\"so-widget-sow-editor so-widget-sow-editor-base\"\n\t\t\t\n\t\t>\n<div class=\"siteorigin-widget-tinymce textwidget\">\n\t<p style=\"text-align: center;\"><span style=\"font-size: 10pt;\"><span style=\"font-family: helvetica, arial, sans-serif;\">GT 5<\/span><\/span><\/p>\n<p style=\"text-align: center;\"><span style=\"font-size: 14pt;\"><strong><span style=\"font-family: helvetica, arial, sans-serif;\">Ci\u00eancias Biol\u00f3gicas<\/span><\/strong><\/span><\/p>\n<p style=\"text-align: center;\">O GT de Ci\u00eancias biol\u00f3gicas vem desenvolvendo, em sua atua\u00e7\u00e3o no projeto, pesquisas voltadas principalmente para a meliponicultura e o cuidado e manejo de abelhas-sem-ferr\u00e3o.<\/p>\n<\/div>\n<\/div><\/div><\/div><div id=\"pgc-w668869278aa2d-1-2\"  class=\"panel-grid-cell\" ><div id=\"panel-w668869278aa2d-1-2-0\" class=\"so-panel widget widget_sow-image panel-first-child\" data-index=\"4\" ><div\n\t\t\t\n\t\t\tclass=\"so-widget-sow-image so-widget-sow-image-default-b6b275ba0f97\"\n\t\t\t\n\t\t>\n<div class=\"sow-image-container\">\n\t\t\t<a href=\"https:\/\/wp.ufpel.edu.br\/ich\/\"\n\t\t\ttarget=\"_blank\" rel=\"noopener noreferrer\" \t\t>\n\t\t\t<img \n\tsrc=\"https:\/\/wp.ufpel.edu.br\/hortasurbanas\/files\/2024\/07\/Logo-ICH-Principal-200x200.jpg\" width=\"100\" height=\"100\" srcset=\"https:\/\/wp.ufpel.edu.br\/hortasurbanas\/files\/2024\/07\/Logo-ICH-Principal-200x200.jpg 200w, https:\/\/wp.ufpel.edu.br\/hortasurbanas\/files\/2024\/07\/Logo-ICH-Principal-216x216.jpg 216w\" sizes=\"(max-width: 100px) 100vw, 100px\" title=\"ICH\" alt=\"\" \t\tclass=\"so-widget-image\"\/>\n\t\t\t<\/a><\/div>\n\n<\/div><\/div><div id=\"panel-w668869278aa2d-1-2-1\" class=\"so-panel widget widget_sow-editor panel-last-child\" data-index=\"5\" ><div\n\t\t\t\n\t\t\tclass=\"so-widget-sow-editor so-widget-sow-editor-base\"\n\t\t\t\n\t\t>\n<div class=\"siteorigin-widget-tinymce textwidget\">\n\t<p style=\"text-align: center;\"><span style=\"font-size: 10pt;\"><span style=\"font-family: helvetica, arial, sans-serif;\">GT 6<\/span><\/span><\/p>\n<p style=\"text-align: center;\"><span style=\"font-size: 14pt;\"><strong><span style=\"font-family: helvetica, arial, sans-serif;\">Geografia, Ci\u00eancias Humanas e Artes<\/span><\/strong><\/span><\/p>\n<p style=\"text-align: center;\">O GT de Geografia, Ci\u00eancias Humanas e Artes \u00e9 respons\u00e1vel pela coordena\u00e7\u00e3o e articula\u00e7\u00e3o das discuss\u00f5es e atividades do projeto<\/p>\n<\/div>\n<\/div><\/div><\/div><\/div><\/div><\/div><\/div><div id=\"pgc-164-2-1\"  class=\"panel-grid-cell panel-grid-cell-empty\" ><\/div><\/div><\/div><\/div>","protected":false},"excerpt":{"rendered":"<p>QUEM SOMOS As hortas urbanas t\u00eam surgido em muitos pa\u00edses, impulsionadas pelo crescimento das cidades, como apontam v\u00e1rios autores e documentos internacionais. Estas devem ser planejadas com base no estudo e ordenamento do territ\u00f3rio, de modo a minimizar as influ\u00eancias negativas da polui\u00e7\u00e3o gerada pelo ser humano, devendo priorizar em [&hellip;]<\/p>\n","protected":false},"author":873,"featured_media":0,"parent":0,"menu_order":0,"comment_status":"closed","ping_status":"closed","template":"","meta":{"footnotes":""},"class_list":["post-164","page","type-page","status-publish","hentry","post"],"_links":{"self":[{"href":"https:\/\/wp.ufpel.edu.br\/hortasurbanas\/index.php?rest_route=\/wp\/v2\/pages\/164","targetHints":{"allow":["GET"]}}],"collection":[{"href":"https:\/\/wp.ufpel.edu.br\/hortasurbanas\/index.php?rest_route=\/wp\/v2\/pages"}],"about":[{"href":"https:\/\/wp.ufpel.edu.br\/hortasurbanas\/index.php?rest_route=\/wp\/v2\/types\/page"}],"author":[{"embeddable":true,"href":"https:\/\/wp.ufpel.edu.br\/hortasurbanas\/index.php?rest_route=\/wp\/v2\/users\/873"}],"replies":[{"embeddable":true,"href":"https:\/\/wp.ufpel.edu.br\/hortasurbanas\/index.php?rest_route=%2Fwp%2Fv2%2Fcomments&post=164"}],"version-history":[{"count":27,"href":"https:\/\/wp.ufpel.edu.br\/hortasurbanas\/index.php?rest_route=\/wp\/v2\/pages\/164\/revisions"}],"predecessor-version":[{"id":2781,"href":"https:\/\/wp.ufpel.edu.br\/hortasurbanas\/index.php?rest_route=\/wp\/v2\/pages\/164\/revisions\/2781"}],"wp:attachment":[{"href":"https:\/\/wp.ufpel.edu.br\/hortasurbanas\/index.php?rest_route=%2Fwp%2Fv2%2Fmedia&parent=164"}],"curies":[{"name":"wp","href":"https:\/\/api.w.org\/{rel}","templated":true}]}}