{"id":138,"date":"2019-03-22T18:36:45","date_gmt":"2019-03-22T21:36:45","guid":{"rendered":"https:\/\/wp.ufpel.edu.br\/hortasurbanas\/?page_id=138"},"modified":"2024-12-09T15:07:43","modified_gmt":"2024-12-09T18:07:43","slug":"oficinas-2","status":"publish","type":"page","link":"https:\/\/wp.ufpel.edu.br\/hortasurbanas\/?page_id=138","title":{"rendered":"Materiais de apoio"},"content":{"rendered":"<div><\/div>\n<p><span style=\"font-family: 'times new roman', times, serif;\">Um dos pilares de atua\u00e7\u00e3o da Hortas Urbanas consiste no desenvolvimento de oficinas junto \u00e0s comunidades engajadas no projeto.<\/span><\/p>\n<p><span style=\"font-family: 'times new roman', times, serif;\">As oficinas s\u00e3o multidisciplinares, envolvendo diversas tem\u00e1ticas correlacionadas \u00e0 agricultura urbana e tem como foco a dissemina\u00e7\u00e3o de tecnologias sociais de baixo custo na constru\u00e7\u00e3o de hortas, reaproveitando e reutilizando res\u00edduos que seriam descartados. Os temas s\u00e3o definidos conforme as demandas apresentadas pela comunidade, envolvendo desde a produ\u00e7\u00e3o de mudas, caldas e adubo at\u00e9 a feitoria de pomadas, xaropes e receitas culin\u00e1rias.<\/span><\/p>\n<p><span style=\"font-family: 'times new roman', times, serif;\">A participa\u00e7\u00e3o \u00e9 aberta ao p\u00fablico em geral e as inscri\u00e7\u00f5es para participar s\u00e3o divulgadas em nosso blog e nas redes sociais. Assine o newslatter do projeto para ser notificada(o).<\/span><\/p>\n<p>&nbsp;<\/p>\n<p><a href=\"https:\/\/wp.ufpel.edu.br\/hortasurbanas\/files\/2024\/12\/HORTA-EM-PEQUENOS-ESPACOS-4-IMP-20171.pdf\" target=\"_blank\" rel=\"noopener\">Livro: Hortas em Pequenos Espa\u00e7os<\/a><\/p>\n<p><a href=\"https:\/\/wp.ufpel.edu.br\/hortasurbanas\/files\/2024\/12\/COMPOSTAGEM-CAPACITACAO.pdf\" target=\"_blank\" rel=\"noopener\">Capacita\u00e7\u00e3o em compostagem<\/a><\/p>\n","protected":false},"excerpt":{"rendered":"<p>Um dos pilares de atua\u00e7\u00e3o da Hortas Urbanas consiste no desenvolvimento de oficinas junto \u00e0s comunidades engajadas no projeto. As oficinas s\u00e3o multidisciplinares, envolvendo diversas tem\u00e1ticas correlacionadas \u00e0 agricultura urbana e tem como foco a dissemina\u00e7\u00e3o de tecnologias sociais de baixo custo na constru\u00e7\u00e3o de hortas, reaproveitando e reutilizando res\u00edduos [&hellip;]<\/p>\n","protected":false},"author":873,"featured_media":0,"parent":0,"menu_order":0,"comment_status":"closed","ping_status":"closed","template":"","meta":{"footnotes":""},"class_list":["post-138","page","type-page","status-publish","hentry","post"],"_links":{"self":[{"href":"https:\/\/wp.ufpel.edu.br\/hortasurbanas\/index.php?rest_route=\/wp\/v2\/pages\/138","targetHints":{"allow":["GET"]}}],"collection":[{"href":"https:\/\/wp.ufpel.edu.br\/hortasurbanas\/index.php?rest_route=\/wp\/v2\/pages"}],"about":[{"href":"https:\/\/wp.ufpel.edu.br\/hortasurbanas\/index.php?rest_route=\/wp\/v2\/types\/page"}],"author":[{"embeddable":true,"href":"https:\/\/wp.ufpel.edu.br\/hortasurbanas\/index.php?rest_route=\/wp\/v2\/users\/873"}],"replies":[{"embeddable":true,"href":"https:\/\/wp.ufpel.edu.br\/hortasurbanas\/index.php?rest_route=%2Fwp%2Fv2%2Fcomments&post=138"}],"version-history":[{"count":31,"href":"https:\/\/wp.ufpel.edu.br\/hortasurbanas\/index.php?rest_route=\/wp\/v2\/pages\/138\/revisions"}],"predecessor-version":[{"id":2941,"href":"https:\/\/wp.ufpel.edu.br\/hortasurbanas\/index.php?rest_route=\/wp\/v2\/pages\/138\/revisions\/2941"}],"wp:attachment":[{"href":"https:\/\/wp.ufpel.edu.br\/hortasurbanas\/index.php?rest_route=%2Fwp%2Fv2%2Fmedia&parent=138"}],"curies":[{"name":"wp","href":"https:\/\/api.w.org\/{rel}","templated":true}]}}