{"id":133,"date":"2019-03-22T18:35:49","date_gmt":"2019-03-22T21:35:49","guid":{"rendered":"https:\/\/wp.ufpel.edu.br\/hortasurbanas\/?page_id=133"},"modified":"2024-07-05T19:27:39","modified_gmt":"2024-07-05T22:27:39","slug":"metodologia","status":"publish","type":"page","link":"https:\/\/wp.ufpel.edu.br\/hortasurbanas\/?page_id=133","title":{"rendered":"Metodologia"},"content":{"rendered":"<p><span style=\"font-family: impact, sans-serif; font-size: 18pt;\">METODOLOGIA<\/span><\/p>\n<p>&nbsp;<\/p>\n<p style=\"text-align: justify;\"><span style=\"font-family: 'times new roman', times, serif;\"><span class=\"fontstyle0\">O grupo, ainda que tenha como base a a\u00e7\u00e3o de extens\u00e3o, considera que a pesquisa \u00e9 fundamental, entender o processo que estamos promovendo, analisando limites e avan\u00e7os torna toda a a\u00e7\u00e3o na comunidade qualificada. A pesquisa a\u00e7\u00e3o como metodologia do projeto possibilita isto, ela \u201c<\/span><span class=\"fontstyle0\">\u00e9 um tipo de pesquisa social com base emp\u00edrica que \u00e9 concebida e realizada em estreita associa\u00e7\u00e3o com uma a\u00e7\u00e3o ou com a resolu\u00e7\u00e3o de um problema coletivo e no qual os pesquisadores e os participantes representativos da situa\u00e7\u00e3o ou do problema est\u00e3o envolvidos de modo cooperativo ou participativo. <\/span><span class=\"fontstyle0\">Os princ\u00edpios ancorados pelo tipo de pesquisa permitem que possamos refletir, planejar a a\u00e7\u00e3o, dialogar sobre a a\u00e7\u00e3o com os participantes e propor novas a\u00e7\u00f5es. Nosso objetivo pr\u00e1tico \u00e9 que as hortas possam efetivamente se espalhar pela cidade de Pelotas, contribuindo para sustentabilidade urbana, e nosso objetivo de conhecimento \u00e9 construir caminhos para este processo que n\u00e3o \u00e9 simples.<\/span><\/span><\/p>\n<p style=\"text-align: justify;\"><span class=\"fontstyle0\" style=\"font-family: 'times new roman', times, serif;\">O processo de pesquisa-a\u00e7\u00e3o com as hortas urbanas \u00e9 complexo, uma vez que muitos imprevistos, desde clim\u00e1ticos, passando por econ\u00f4micos e at\u00e9 de a\u00e7\u00e3o do grupo acontecem. At\u00e9 o momento usamos como estrat\u00e9gias: o primeiro momento do trabalho consiste na forma\u00e7\u00e3o da esquipe multidisciplinar, intera\u00e7\u00e3o entre membros e estabelecimento de metas para o semestre. Al\u00e9m disso, a equipe facilitadora se mant\u00e9m estudando sobre o tema e refletindo sobre a realidade encontrada.<\/span><\/p>\n<p style=\"text-align: justify;\"><span class=\"fontstyle0\" style=\"font-family: 'times new roman', times, serif;\">Os primeiros encontros com a comunidade s\u00e3o um di\u00e1logo inicial entre os participantes e estabelecendo os pr\u00f3ximos passos, onde geralmente ocorrem com a apresenta\u00e7\u00e3o de curtas-metragem (Geocinema), debates e oficinas para organiza\u00e7\u00e3o das hortas e visitas t\u00e9cnicas. Ap\u00f3s os primeiros momentos, damos in\u00edcio \u00e0 prepara\u00e7\u00e3o da terra, na qual professores(as), acad\u00eamicos (as) e comunidade atuam juntos. \u00c0 medida que a horta anda, o grupo se re\u00fane para construir as alternativas para os desafios que surgem.<\/span><\/p>\n","protected":false},"excerpt":{"rendered":"<p>METODOLOGIA &nbsp; O grupo, ainda que tenha como base a a\u00e7\u00e3o de extens\u00e3o, considera que a pesquisa \u00e9 fundamental, entender o processo que estamos promovendo, analisando limites e avan\u00e7os torna toda a a\u00e7\u00e3o na comunidade qualificada. A pesquisa a\u00e7\u00e3o como metodologia do projeto possibilita isto, ela \u201c\u00e9 um tipo de [&hellip;]<\/p>\n","protected":false},"author":873,"featured_media":0,"parent":0,"menu_order":0,"comment_status":"closed","ping_status":"closed","template":"","meta":{"footnotes":""},"class_list":["post-133","page","type-page","status-publish","hentry","post"],"_links":{"self":[{"href":"https:\/\/wp.ufpel.edu.br\/hortasurbanas\/index.php?rest_route=\/wp\/v2\/pages\/133","targetHints":{"allow":["GET"]}}],"collection":[{"href":"https:\/\/wp.ufpel.edu.br\/hortasurbanas\/index.php?rest_route=\/wp\/v2\/pages"}],"about":[{"href":"https:\/\/wp.ufpel.edu.br\/hortasurbanas\/index.php?rest_route=\/wp\/v2\/types\/page"}],"author":[{"embeddable":true,"href":"https:\/\/wp.ufpel.edu.br\/hortasurbanas\/index.php?rest_route=\/wp\/v2\/users\/873"}],"replies":[{"embeddable":true,"href":"https:\/\/wp.ufpel.edu.br\/hortasurbanas\/index.php?rest_route=%2Fwp%2Fv2%2Fcomments&post=133"}],"version-history":[{"count":8,"href":"https:\/\/wp.ufpel.edu.br\/hortasurbanas\/index.php?rest_route=\/wp\/v2\/pages\/133\/revisions"}],"predecessor-version":[{"id":2787,"href":"https:\/\/wp.ufpel.edu.br\/hortasurbanas\/index.php?rest_route=\/wp\/v2\/pages\/133\/revisions\/2787"}],"wp:attachment":[{"href":"https:\/\/wp.ufpel.edu.br\/hortasurbanas\/index.php?rest_route=%2Fwp%2Fv2%2Fmedia&parent=133"}],"curies":[{"name":"wp","href":"https:\/\/api.w.org\/{rel}","templated":true}]}}