{"id":87,"date":"2021-09-06T14:31:18","date_gmt":"2021-09-06T17:31:18","guid":{"rendered":"https:\/\/wp.ufpel.edu.br\/historiadafaurb\/?page_id=87"},"modified":"2024-08-08T15:08:43","modified_gmt":"2024-08-08T18:08:43","slug":"professores","status":"publish","type":"page","link":"https:\/\/wp.ufpel.edu.br\/historiadafaurb\/professores\/","title":{"rendered":"Professores"},"content":{"rendered":"<p>No segundo epis\u00f3dio desta s\u00e9rie de v\u00eddeos, o Projeto Hist\u00f3rias da FAUrb conta com a presen\u00e7a ilustre da\u00a0 Prof. L\u00edgia Maria \u00c1vila Chiarelli (conhecida popularmente como &#8220;Biloca&#8221;).<\/p>\n<p>Assista o v\u00eddeo abaixo:<\/p>\n<p><iframe loading=\"lazy\" title=\"Hist\u00f3rias da FAUrb - ep 2 - Prof.a Biloca\" width=\"604\" height=\"453\" src=\"https:\/\/www.youtube.com\/embed\/ttbpU7rQta4?feature=oembed\" frameborder=\"0\" allow=\"accelerometer; autoplay; clipboard-write; encrypted-media; gyroscope; picture-in-picture; web-share\" referrerpolicy=\"strict-origin-when-cross-origin\" allowfullscreen><\/iframe><\/p>\n<p>&nbsp;<\/p>\n<p>No terceiro v\u00eddeo, contamos com a presen\u00e7a da Prof.\u00aa Margarete Regina Freitas Gon\u00e7alves.<\/p>\n<p>Confira o v\u00eddeo a seguir:<\/p>\n<p><iframe loading=\"lazy\" title=\"Hist\u00f3rias da FAUrb - ep 3 - Prof.a Margarete\" width=\"604\" height=\"453\" src=\"https:\/\/www.youtube.com\/embed\/tf2wpVBE_jc?feature=oembed\" frameborder=\"0\" allow=\"accelerometer; autoplay; clipboard-write; encrypted-media; gyroscope; picture-in-picture; web-share\" referrerpolicy=\"strict-origin-when-cross-origin\" allowfullscreen><\/iframe><\/p>\n<p>&nbsp;<\/p>\n<p>Neste v\u00eddeo, vamos acompanhar uma hist\u00f3ria contada pelo professor Maur\u00edcio Couto Polidori (Diretor da FAUrb).<\/p>\n<p>Acompanhe no v\u00eddeo a seguir:<\/p>\n<p><iframe loading=\"lazy\" title=\"Hist\u00f3rias da FAUrb - Ep. 4 Prof. Maur\u00edcio Polidori\" width=\"604\" height=\"453\" src=\"https:\/\/www.youtube.com\/embed\/3dPkpCegwBc?feature=oembed\" frameborder=\"0\" allow=\"accelerometer; autoplay; clipboard-write; encrypted-media; gyroscope; picture-in-picture; web-share\" referrerpolicy=\"strict-origin-when-cross-origin\" allowfullscreen><\/iframe><\/p>\n<p>&nbsp;<\/p>\n<p>Novo v\u00eddeo no ar!<\/p>\n<p>Neste v\u00eddeo podemos acompanhar a hist\u00f3ria da funda\u00e7\u00e3o da FAUrb contada pela professora Ester Judite Bendjouya Gutierrez.<\/p>\n<p><iframe loading=\"lazy\" title=\"Hist\u00f3rias da FAUrb - Ep. 5 Prof.\u00aa Ester Judite Bendjouya Gutierrez\" width=\"604\" height=\"453\" src=\"https:\/\/www.youtube.com\/embed\/jIhyiUZ9HCg?feature=oembed\" frameborder=\"0\" allow=\"accelerometer; autoplay; clipboard-write; encrypted-media; gyroscope; picture-in-picture; web-share\" referrerpolicy=\"strict-origin-when-cross-origin\" allowfullscreen><\/iframe><\/p>\n<p>&nbsp;<\/p>\n<p>&nbsp;<\/p>\n<p>Novo v\u00eddeo do Projeto Hist\u00f3rias da FAUrb no ar!<\/p>\n<p>No sexto epis\u00f3dio vamos conferir o relato feito pelo professor Cristhian Moreira Brum, confira:<\/p>\n<p><iframe loading=\"lazy\" title=\"Hist\u00f3rias da Faurb  - Ep. 6 -  Professor Cristhian Moreira Brum\" width=\"604\" height=\"340\" src=\"https:\/\/www.youtube.com\/embed\/WSuhoHRaqPc?feature=oembed\" frameborder=\"0\" allow=\"accelerometer; autoplay; clipboard-write; encrypted-media; gyroscope; picture-in-picture; web-share\" referrerpolicy=\"strict-origin-when-cross-origin\" allowfullscreen><\/iframe><\/p>\n<p>&nbsp;<\/p>\n<p>&nbsp;<\/p>\n<p>Neste epis\u00f3dio contamos com a presen\u00e7a da professora da FAUrb Ana Paula Polidori Zechlinski.<\/p>\n<p>Confira o v\u00eddeo abaixo:<\/p>\n<p>&nbsp;<\/p>\n<p><iframe loading=\"lazy\" title=\"Hist\u00f3rias da FAUrb - Ep. 7 - Professora Ana Paula Polidori Zechlinski\" width=\"604\" height=\"340\" src=\"https:\/\/www.youtube.com\/embed\/Dp7jSJj9Qmk?feature=oembed\" frameborder=\"0\" allow=\"accelerometer; autoplay; clipboard-write; encrypted-media; gyroscope; picture-in-picture; web-share\" referrerpolicy=\"strict-origin-when-cross-origin\" allowfullscreen><\/iframe><\/p>\n<p>&nbsp;<\/p>\n<p>&nbsp;<\/p>\n<p>Neste epis\u00f3dio contamos com a presen\u00e7a da professora da FAUrb Nirce Saffer Medvedovski<\/p>\n<p>Confira o v\u00eddeo abaixo:<\/p>\n<p><iframe loading=\"lazy\" title=\"Historias FAUrb -  Episodio 8  - Professora Nirce Saffer Medvedovski\" src=\"https:\/\/www.youtube.com\/embed\/UQ8HWr02OFk?feature=oembed\" width=\"604\" height=\"340\" frameborder=\"0\" allowfullscreen=\"allowfullscreen\" data-mce-fragment=\"1\"><\/iframe><\/p>\n<p>&nbsp;<\/p>\n<p>&nbsp;<\/p>\n<p>&nbsp;<\/p>\n<p>&nbsp;<\/p>\n<p>&nbsp;<\/p>\n","protected":false},"excerpt":{"rendered":"<p>No segundo epis\u00f3dio desta s\u00e9rie de v\u00eddeos, o Projeto Hist\u00f3rias da FAUrb conta com a presen\u00e7a ilustre da\u00a0 Prof. L\u00edgia Maria \u00c1vila Chiarelli (conhecida popularmente como &#8220;Biloca&#8221;). Assista o v\u00eddeo abaixo: &nbsp; No terceiro v\u00eddeo, contamos com a presen\u00e7a da Prof.\u00aa Margarete Regina Freitas Gon\u00e7alves. Confira o v\u00eddeo a seguir: &nbsp; Neste v\u00eddeo, vamos acompanhar &hellip; <a href=\"https:\/\/wp.ufpel.edu.br\/historiadafaurb\/professores\/\" class=\"more-link\">Continue lendo <span class=\"screen-reader-text\">Professores<\/span> <span class=\"meta-nav\">&rarr;<\/span><\/a><\/p>\n","protected":false},"author":1117,"featured_media":0,"parent":0,"menu_order":0,"comment_status":"closed","ping_status":"closed","template":"","meta":{"footnotes":""},"class_list":["post-87","page","type-page","status-publish","hentry"],"_links":{"self":[{"href":"https:\/\/wp.ufpel.edu.br\/historiadafaurb\/wp-json\/wp\/v2\/pages\/87","targetHints":{"allow":["GET"]}}],"collection":[{"href":"https:\/\/wp.ufpel.edu.br\/historiadafaurb\/wp-json\/wp\/v2\/pages"}],"about":[{"href":"https:\/\/wp.ufpel.edu.br\/historiadafaurb\/wp-json\/wp\/v2\/types\/page"}],"author":[{"embeddable":true,"href":"https:\/\/wp.ufpel.edu.br\/historiadafaurb\/wp-json\/wp\/v2\/users\/1117"}],"replies":[{"embeddable":true,"href":"https:\/\/wp.ufpel.edu.br\/historiadafaurb\/wp-json\/wp\/v2\/comments?post=87"}],"version-history":[{"count":8,"href":"https:\/\/wp.ufpel.edu.br\/historiadafaurb\/wp-json\/wp\/v2\/pages\/87\/revisions"}],"predecessor-version":[{"id":235,"href":"https:\/\/wp.ufpel.edu.br\/historiadafaurb\/wp-json\/wp\/v2\/pages\/87\/revisions\/235"}],"wp:attachment":[{"href":"https:\/\/wp.ufpel.edu.br\/historiadafaurb\/wp-json\/wp\/v2\/media?parent=87"}],"curies":[{"name":"wp","href":"https:\/\/api.w.org\/{rel}","templated":true}]}}