{"id":63,"date":"2021-09-03T15:22:30","date_gmt":"2021-09-03T18:22:30","guid":{"rendered":"https:\/\/wp.ufpel.edu.br\/historiadafaurb\/?page_id=63"},"modified":"2021-09-03T15:37:56","modified_gmt":"2021-09-03T18:37:56","slug":"taes","status":"publish","type":"page","link":"https:\/\/wp.ufpel.edu.br\/historiadafaurb\/taes\/","title":{"rendered":"TAE&#8217;s"},"content":{"rendered":"<p>O primeiro epis\u00f3dio do Projeto Hist\u00f3rias da FAUrb foi gravado com a querid\u00edssima TAE (hoje aposentada) Maria Isolete Oliveira Aires.<\/p>\n<p>Confira o v\u00eddeo abaixo:<\/p>\n<p><iframe loading=\"lazy\" title=\"Hist\u00f3rias da FAUrb - ep 01 - Isolete\" width=\"604\" height=\"453\" src=\"https:\/\/www.youtube.com\/embed\/5rFOVfTdw_M?feature=oembed\" frameborder=\"0\" allow=\"accelerometer; autoplay; clipboard-write; encrypted-media; gyroscope; picture-in-picture; web-share\" referrerpolicy=\"strict-origin-when-cross-origin\" allowfullscreen><\/iframe><\/p>\n","protected":false},"excerpt":{"rendered":"<p>O primeiro epis\u00f3dio do Projeto Hist\u00f3rias da FAUrb foi gravado com a querid\u00edssima TAE (hoje aposentada) Maria Isolete Oliveira Aires. Confira o v\u00eddeo abaixo:<\/p>\n","protected":false},"author":1117,"featured_media":0,"parent":0,"menu_order":0,"comment_status":"closed","ping_status":"closed","template":"","meta":{"footnotes":""},"class_list":["post-63","page","type-page","status-publish","hentry"],"_links":{"self":[{"href":"https:\/\/wp.ufpel.edu.br\/historiadafaurb\/wp-json\/wp\/v2\/pages\/63","targetHints":{"allow":["GET"]}}],"collection":[{"href":"https:\/\/wp.ufpel.edu.br\/historiadafaurb\/wp-json\/wp\/v2\/pages"}],"about":[{"href":"https:\/\/wp.ufpel.edu.br\/historiadafaurb\/wp-json\/wp\/v2\/types\/page"}],"author":[{"embeddable":true,"href":"https:\/\/wp.ufpel.edu.br\/historiadafaurb\/wp-json\/wp\/v2\/users\/1117"}],"replies":[{"embeddable":true,"href":"https:\/\/wp.ufpel.edu.br\/historiadafaurb\/wp-json\/wp\/v2\/comments?post=63"}],"version-history":[{"count":1,"href":"https:\/\/wp.ufpel.edu.br\/historiadafaurb\/wp-json\/wp\/v2\/pages\/63\/revisions"}],"predecessor-version":[{"id":65,"href":"https:\/\/wp.ufpel.edu.br\/historiadafaurb\/wp-json\/wp\/v2\/pages\/63\/revisions\/65"}],"wp:attachment":[{"href":"https:\/\/wp.ufpel.edu.br\/historiadafaurb\/wp-json\/wp\/v2\/media?parent=63"}],"curies":[{"name":"wp","href":"https:\/\/api.w.org\/{rel}","templated":true}]}}