{"id":40,"date":"2021-04-14T23:22:23","date_gmt":"2021-04-15T02:22:23","guid":{"rendered":"https:\/\/wp.ufpel.edu.br\/historiadafaurb\/?page_id=40"},"modified":"2021-04-14T23:22:23","modified_gmt":"2021-04-15T02:22:23","slug":"apresentacao","status":"publish","type":"page","link":"https:\/\/wp.ufpel.edu.br\/historiadafaurb\/apresentacao\/","title":{"rendered":"Apresenta\u00e7\u00e3o"},"content":{"rendered":"<p>O projeto integrado denominado Hist\u00f3rias da FAUrb pretende resgatar, registrar e divulgar fatos e lembran\u00e7as da comunidade vinculada a essa escola, colaborando para um sentido de pertencimento, de vis\u00e3o cr\u00edtica e de busca de aperfei\u00e7oamento. A ideia \u00e9 de iniciar com v\u00eddeos curtos contendo depoimentos e sua divulga\u00e7\u00e3o em site pr\u00f3prio, estimulando intera\u00e7\u00f5es mediante redes sociais e executando o projeto em etapas, por grupos de similaridade. Essas narrativas orais contribuir\u00e3o para a constru\u00e7\u00e3o de uma identidade hist\u00f3rica, criando pontes interpessoais, recorda\u00e7\u00f5es e temporalidades.<\/p>\n<p>&nbsp;<\/p>\n","protected":false},"excerpt":{"rendered":"<p>O projeto integrado denominado Hist\u00f3rias da FAUrb pretende resgatar, registrar e divulgar fatos e lembran\u00e7as da comunidade vinculada a essa escola, colaborando para um sentido de pertencimento, de vis\u00e3o cr\u00edtica e de busca de aperfei\u00e7oamento. A ideia \u00e9 de iniciar com v\u00eddeos curtos contendo depoimentos e sua divulga\u00e7\u00e3o em site pr\u00f3prio, estimulando intera\u00e7\u00f5es mediante redes &hellip; <a href=\"https:\/\/wp.ufpel.edu.br\/historiadafaurb\/apresentacao\/\" class=\"more-link\">Continue lendo <span class=\"screen-reader-text\">Apresenta\u00e7\u00e3o<\/span> <span class=\"meta-nav\">&rarr;<\/span><\/a><\/p>\n","protected":false},"author":1117,"featured_media":0,"parent":0,"menu_order":0,"comment_status":"closed","ping_status":"closed","template":"","meta":{"footnotes":""},"class_list":["post-40","page","type-page","status-publish","hentry"],"_links":{"self":[{"href":"https:\/\/wp.ufpel.edu.br\/historiadafaurb\/wp-json\/wp\/v2\/pages\/40","targetHints":{"allow":["GET"]}}],"collection":[{"href":"https:\/\/wp.ufpel.edu.br\/historiadafaurb\/wp-json\/wp\/v2\/pages"}],"about":[{"href":"https:\/\/wp.ufpel.edu.br\/historiadafaurb\/wp-json\/wp\/v2\/types\/page"}],"author":[{"embeddable":true,"href":"https:\/\/wp.ufpel.edu.br\/historiadafaurb\/wp-json\/wp\/v2\/users\/1117"}],"replies":[{"embeddable":true,"href":"https:\/\/wp.ufpel.edu.br\/historiadafaurb\/wp-json\/wp\/v2\/comments?post=40"}],"version-history":[{"count":1,"href":"https:\/\/wp.ufpel.edu.br\/historiadafaurb\/wp-json\/wp\/v2\/pages\/40\/revisions"}],"predecessor-version":[{"id":42,"href":"https:\/\/wp.ufpel.edu.br\/historiadafaurb\/wp-json\/wp\/v2\/pages\/40\/revisions\/42"}],"wp:attachment":[{"href":"https:\/\/wp.ufpel.edu.br\/historiadafaurb\/wp-json\/wp\/v2\/media?parent=40"}],"curies":[{"name":"wp","href":"https:\/\/api.w.org\/{rel}","templated":true}]}}