{"id":2,"date":"2011-10-07T12:27:13","date_gmt":"2011-10-07T12:27:13","guid":{"rendered":"https:\/\/wp.ufpel.edu.br\/historia\/?page_id=2"},"modified":"2019-07-30T08:35:33","modified_gmt":"2019-07-30T11:35:33","slug":"colegiado","status":"publish","type":"page","link":"https:\/\/wp.ufpel.edu.br\/historia\/colegiado\/","title":{"rendered":"Colegiado"},"content":{"rendered":"<p>O Colegiado de Hist\u00f3ria \u00e9 o setor que trabalha diretamente com os <strong>alunos<\/strong>. \u00c9 neste setor que os alunos poder\u00e3o, por exemplo, buscar todas as informa\u00e7\u00f5es relativas \u00e0 sua situa\u00e7\u00e3o acad\u00eamica na Institui\u00e7\u00e3o de Ensino. \u00c9 no Colegiado tamb\u00e9m, que ele poder\u00e1 realizar as corre\u00e7\u00f5es de matr\u00edculas, expedi\u00e7\u00e3o de Atestados e Declara\u00e7\u00f5es pertinentes ao seu v\u00ednculo institucional.<\/p>\n<p>Coordena\u00e7\u00e3o dos Cursos de Hist\u00f3ria: Prof. Jonas Moreira Vargas<\/p>\n<p>Secret\u00e1ria dos Cursos de Hist\u00f3ria: Fernanda de Medeiros Cunha<\/p>\n<p>Contato com o Colegiado do Curso:<br \/>\nE-mail: hist.ufpel@gmail.com<br \/>\nTelefone: (53) 3284 &#8211; 5525<\/p>\n<p style=\"text-align: center\"><strong>Hor\u00e1rio de Expediente Externo:<\/strong><\/p>\n<p style=\"text-align: center\">Segunda a Sexta-feira: Das 08hs \u00e0s 20hs<\/p>\n","protected":false},"excerpt":{"rendered":"<p>O Colegiado de Hist\u00f3ria \u00e9 o setor que trabalha diretamente com os alunos. \u00c9 neste setor que os alunos poder\u00e3o, por exemplo, buscar todas as informa\u00e7\u00f5es relativas \u00e0 sua situa\u00e7\u00e3o acad\u00eamica na Institui\u00e7\u00e3o de Ensino. \u00c9 no Colegiado tamb\u00e9m, que ele poder\u00e1 realizar as corre\u00e7\u00f5es de matr\u00edculas, expedi\u00e7\u00e3o de Atestados e Declara\u00e7\u00f5es pertinentes ao seu [&hellip;]<\/p>\n","protected":false},"author":144,"featured_media":0,"parent":0,"menu_order":0,"comment_status":"closed","ping_status":"closed","template":"","meta":{"footnotes":""},"class_list":["post-2","page","type-page","status-publish","hentry"],"_links":{"self":[{"href":"https:\/\/wp.ufpel.edu.br\/historia\/wp-json\/wp\/v2\/pages\/2","targetHints":{"allow":["GET"]}}],"collection":[{"href":"https:\/\/wp.ufpel.edu.br\/historia\/wp-json\/wp\/v2\/pages"}],"about":[{"href":"https:\/\/wp.ufpel.edu.br\/historia\/wp-json\/wp\/v2\/types\/page"}],"author":[{"embeddable":true,"href":"https:\/\/wp.ufpel.edu.br\/historia\/wp-json\/wp\/v2\/users\/144"}],"replies":[{"embeddable":true,"href":"https:\/\/wp.ufpel.edu.br\/historia\/wp-json\/wp\/v2\/comments?post=2"}],"version-history":[{"count":17,"href":"https:\/\/wp.ufpel.edu.br\/historia\/wp-json\/wp\/v2\/pages\/2\/revisions"}],"predecessor-version":[{"id":6,"href":"https:\/\/wp.ufpel.edu.br\/historia\/wp-json\/wp\/v2\/pages\/2\/revisions\/6"}],"wp:attachment":[{"href":"https:\/\/wp.ufpel.edu.br\/historia\/wp-json\/wp\/v2\/media?parent=2"}],"curies":[{"name":"wp","href":"https:\/\/api.w.org\/{rel}","templated":true}]}}