{"id":173,"date":"2011-11-29T14:27:24","date_gmt":"2011-11-29T17:27:24","guid":{"rendered":"https:\/\/wp.ufpel.edu.br\/historia\/"},"modified":"2013-05-13T23:19:07","modified_gmt":"2013-05-13T23:19:07","slug":"estagios-supervisionados","status":"publish","type":"page","link":"https:\/\/wp.ufpel.edu.br\/historia\/estagios-supervisionados\/","title":{"rendered":"Est\u00e1gios Supervisionados"},"content":{"rendered":"<p>Este espa\u00e7o ser\u00e1 para disponibilizar informa\u00e7\u00f5es e material necess\u00e1rio a realiza\u00e7\u00e3o dos est\u00e1gios supervisionados.<\/p>\n<p><a href=\"https:\/\/wp.ufpel.edu.br\/historia\/files\/2011\/11\/Previs\u00e3o-de-est\u00e1gio.doc\">Previs\u00e3o de est\u00e1gio<\/a><\/p>\n<p><a href=\"https:\/\/wp.ufpel.edu.br\/historia\/files\/2011\/11\/Relatorio-Sucinto.doc\">Relat\u00f3rio Sucinto para Est\u00e1gio Supervisionado<\/a><\/p>\n","protected":false},"excerpt":{"rendered":"<p>Este espa\u00e7o ser\u00e1 para disponibilizar informa\u00e7\u00f5es e material necess\u00e1rio a realiza\u00e7\u00e3o dos est\u00e1gios supervisionados. Previs\u00e3o de est\u00e1gio Relat\u00f3rio Sucinto para Est\u00e1gio Supervisionado<\/p>\n","protected":false},"author":144,"featured_media":0,"parent":0,"menu_order":0,"comment_status":"closed","ping_status":"open","template":"","meta":{"footnotes":""},"class_list":["post-173","page","type-page","status-publish","hentry"],"_links":{"self":[{"href":"https:\/\/wp.ufpel.edu.br\/historia\/wp-json\/wp\/v2\/pages\/173","targetHints":{"allow":["GET"]}}],"collection":[{"href":"https:\/\/wp.ufpel.edu.br\/historia\/wp-json\/wp\/v2\/pages"}],"about":[{"href":"https:\/\/wp.ufpel.edu.br\/historia\/wp-json\/wp\/v2\/types\/page"}],"author":[{"embeddable":true,"href":"https:\/\/wp.ufpel.edu.br\/historia\/wp-json\/wp\/v2\/users\/144"}],"replies":[{"embeddable":true,"href":"https:\/\/wp.ufpel.edu.br\/historia\/wp-json\/wp\/v2\/comments?post=173"}],"version-history":[{"count":2,"href":"https:\/\/wp.ufpel.edu.br\/historia\/wp-json\/wp\/v2\/pages\/173\/revisions"}],"predecessor-version":[{"id":713,"href":"https:\/\/wp.ufpel.edu.br\/historia\/wp-json\/wp\/v2\/pages\/173\/revisions\/713"}],"wp:attachment":[{"href":"https:\/\/wp.ufpel.edu.br\/historia\/wp-json\/wp\/v2\/media?parent=173"}],"curies":[{"name":"wp","href":"https:\/\/api.w.org\/{rel}","templated":true}]}}