{"id":169,"date":"2011-11-29T13:53:16","date_gmt":"2011-11-29T16:53:16","guid":{"rendered":"https:\/\/wp.ufpel.edu.br\/historia\/"},"modified":"2019-03-25T10:54:50","modified_gmt":"2019-03-25T13:54:50","slug":"departamento-de-historia","status":"publish","type":"page","link":"https:\/\/wp.ufpel.edu.br\/historia\/departamento-de-historia\/","title":{"rendered":"Departamento de Hist\u00f3ria"},"content":{"rendered":"<p>O Departamento de Hist\u00f3ria \u00e9 o setor que trabalha com os professores, auxiliando-os no cadastro de Projetos e demais atividades. O departamento de Hist\u00f3ria \u00e9 respons\u00e1vel pela oferta da grande parte das disciplinas dos Cursos de Licenciatura e Bacharelado em Hist\u00f3ria.<\/p>\n<p>Contato com o DH (Departamento de Hist\u00f3ria) :<\/p>\n<p><em>e-mail:<\/em> dep.hist.ufpel@gmail.com<\/p>\n<p><em>Tel.<\/em>: (53) 3284-5525<\/p>\n<p><strong>Chefe do Departamento:<\/strong> Prof. Dra. Ana Inez Klein<\/p>\n<p><strong>Secret\u00e1rio:<\/strong> Mariuza Toledo Pinheiro<\/p>\n<p style=\"text-align: center\">Endere\u00e7o do Departamento de Hist\u00f3ria:<br \/>\nRua Alberto Rosa, n\u00ba 154. Sala: 121.<br \/>\nInstituto de Ci\u00eancias Humanas\/ UFPel.<\/p>\n<p style=\"text-align: center\"><strong>Hor\u00e1rio de funcionamento:<\/strong><\/p>\n<p style=\"text-align: center\">Segunda a Sexta-feira &#8211; das 08h \u00e0s 20h<\/p>\n","protected":false},"excerpt":{"rendered":"<p>O Departamento de Hist\u00f3ria \u00e9 o setor que trabalha com os professores, auxiliando-os no cadastro de Projetos e demais atividades. O departamento de Hist\u00f3ria \u00e9 respons\u00e1vel pela oferta da grande parte das disciplinas dos Cursos de Licenciatura e Bacharelado em Hist\u00f3ria. Contato com o DH (Departamento de Hist\u00f3ria) : e-mail: dep.hist.ufpel@gmail.com Tel.: (53) 3284-5525 Chefe [&hellip;]<\/p>\n","protected":false},"author":144,"featured_media":0,"parent":0,"menu_order":0,"comment_status":"closed","ping_status":"closed","template":"","meta":{"footnotes":""},"class_list":["post-169","page","type-page","status-publish","hentry"],"_links":{"self":[{"href":"https:\/\/wp.ufpel.edu.br\/historia\/wp-json\/wp\/v2\/pages\/169","targetHints":{"allow":["GET"]}}],"collection":[{"href":"https:\/\/wp.ufpel.edu.br\/historia\/wp-json\/wp\/v2\/pages"}],"about":[{"href":"https:\/\/wp.ufpel.edu.br\/historia\/wp-json\/wp\/v2\/types\/page"}],"author":[{"embeddable":true,"href":"https:\/\/wp.ufpel.edu.br\/historia\/wp-json\/wp\/v2\/users\/144"}],"replies":[{"embeddable":true,"href":"https:\/\/wp.ufpel.edu.br\/historia\/wp-json\/wp\/v2\/comments?post=169"}],"version-history":[{"count":6,"href":"https:\/\/wp.ufpel.edu.br\/historia\/wp-json\/wp\/v2\/pages\/169\/revisions"}],"predecessor-version":[{"id":1250,"href":"https:\/\/wp.ufpel.edu.br\/historia\/wp-json\/wp\/v2\/pages\/169\/revisions\/1250"}],"wp:attachment":[{"href":"https:\/\/wp.ufpel.edu.br\/historia\/wp-json\/wp\/v2\/media?parent=169"}],"curies":[{"name":"wp","href":"https:\/\/api.w.org\/{rel}","templated":true}]}}