{"id":167,"date":"2011-11-29T13:42:25","date_gmt":"2011-11-29T16:42:25","guid":{"rendered":"https:\/\/wp.ufpel.edu.br\/historia\/"},"modified":"2019-04-04T11:04:18","modified_gmt":"2019-04-04T14:04:18","slug":"professores","status":"publish","type":"page","link":"https:\/\/wp.ufpel.edu.br\/historia\/departamento-de-historia\/professores\/","title":{"rendered":"Professores"},"content":{"rendered":"<p>O Departamento de Hist\u00f3ria \u00e9 composto pelos <strong>seguintes professores<\/strong>:<\/p>\n<table style=\"height: 991px\" width=\"158\">\n<tbody>\n<tr style=\"height: 42px\">\n<td style=\"width: 749px;height: 42px\">\n<ul>\n<li>Adhemar Louren\u00e7o da Silva Junior ( adhemarj@ufpel.edu.br )<\/li>\n<\/ul>\n<\/td>\n<\/tr>\n<tr style=\"height: 42px\">\n<td style=\"width: 749px;height: 42px\">\n<ul>\n<li>Alessandra Gasparotto ( sanagasparotto@gmail.com )<\/li>\n<\/ul>\n<\/td>\n<\/tr>\n<tr style=\"height: 43px\">\n<td style=\"width: 749px;height: 43px\">\n<ul>\n<li>Ana Inez Klein ( anaiklein@gmail.com )<\/li>\n<\/ul>\n<\/td>\n<\/tr>\n<tr style=\"height: 43px\">\n<td style=\"width: 749px;height: 43px\">\n<ul>\n<li>Aristeu Elisandro Machado Lopes ( aristeuufpel@yahoo.com.br )<\/li>\n<\/ul>\n<\/td>\n<\/tr>\n<tr style=\"height: 43px\">\n<td style=\"width: 749px;height: 43px\">\n<ul>\n<li>Edgar \u00c1vila Gandra ( edgar_gandra@hotmail.com )<\/li>\n<\/ul>\n<\/td>\n<\/tr>\n<tr style=\"height: 43px\">\n<td style=\"width: 749px;height: 43px\">\n<ul>\n<li>Elisabete da Costa Leal ( elisabeteleal@ymail.com )<\/li>\n<\/ul>\n<\/td>\n<\/tr>\n<tr style=\"height: 43px\">\n<td style=\"width: 749px;height: 43px\">\n<ul>\n<li>Fabio Vergara Cerqueira ( fabiovergara@uol.com.br )<\/li>\n<\/ul>\n<\/td>\n<\/tr>\n<tr style=\"height: 43px\">\n<td style=\"width: 749px;height: 43px\">\n<ul>\n<li>Fernando da Silva Camargo ( fscam@hotmail.com )<\/li>\n<\/ul>\n<\/td>\n<\/tr>\n<tr style=\"height: 43px\">\n<td style=\"width: 749px;height: 43px\">\n<ul>\n<li>Jonas Moreira Vargas ( jonasmvargas@yahoo.com.br )<\/li>\n<\/ul>\n<\/td>\n<\/tr>\n<tr style=\"height: 43px\">\n<td style=\"width: 749px;height: 43px\">\n<ul>\n<li>Lisiane Sias Manke ( lisianemanke@yahoo.com.br )<\/li>\n<\/ul>\n<\/td>\n<\/tr>\n<tr style=\"height: 43px\">\n<td style=\"width: 749px;height: 43px\">\n<ul>\n<li>Lorena Almeida Gill ( lorenaalmeidagill@gmail.com )<\/li>\n<\/ul>\n<\/td>\n<\/tr>\n<tr style=\"height: 43px\">\n<td style=\"width: 749px;height: 43px\">\n<ul>\n<li>Marcia Janete Espig ( marcia.espig@terra.com.br )<\/li>\n<\/ul>\n<\/td>\n<\/tr>\n<tr style=\"height: 43px\">\n<td style=\"width: 749px;height: 43px\">\n<ul>\n<li>Marcos Cesar Borges da Silveira ( borgescerrado@yahoo.com.br )<\/li>\n<\/ul>\n<\/td>\n<\/tr>\n<tr style=\"height: 43px\">\n<td style=\"width: 749px;height: 43px\">\n<ul>\n<li>Mauro Dillman Tavares ( maurodillmann@hotmail.com )<\/li>\n<\/ul>\n<\/td>\n<\/tr>\n<tr style=\"height: 43px\">\n<td style=\"width: 749px;height: 43px\">\n<ul>\n<li>Paulo Cesar Possamai ( paulopossamai@gmail.com )<\/li>\n<\/ul>\n<\/td>\n<\/tr>\n<tr style=\"height: 43px\">\n<td style=\"width: 749px;height: 43px\">\n<ul>\n<li>Paulo Ricardo Pezat ( paulo.pezat@gmail.com)<\/li>\n<\/ul>\n<\/td>\n<\/tr>\n<tr style=\"height: 43px\">\n<td style=\"width: 749px;height: 43px\">\n<ul>\n<li>Rejane Barreto Jardim ( jardimrb@hotmail.com )<\/li>\n<\/ul>\n<\/td>\n<\/tr>\n<tr style=\"height: 43px\">\n<td style=\"width: 749px;height: 43px\">\n<ul>\n<li>Sebasti\u00e3o Peres ( speres.ufpel@gmail.com )<\/li>\n<\/ul>\n<\/td>\n<\/tr>\n<tr style=\"height: 43px\">\n<td style=\"width: 749px;height: 43px\">\n<ul>\n<li>Viviane Saballa ( vivianesaballa@gmail.com )<\/li>\n<\/ul>\n<\/td>\n<\/tr>\n<tr style=\"height: 10px\">\n<td style=\"width: 749px;height: 10px\"><\/td>\n<\/tr>\n<\/tbody>\n<\/table>\n<p>&nbsp;<\/p>\n","protected":false},"excerpt":{"rendered":"<p>O Departamento de Hist\u00f3ria \u00e9 composto pelos seguintes professores: Adhemar Louren\u00e7o da Silva Junior ( adhemarj@ufpel.edu.br ) Alessandra Gasparotto ( sanagasparotto@gmail.com ) Ana Inez Klein ( anaiklein@gmail.com ) Aristeu Elisandro Machado Lopes ( aristeuufpel@yahoo.com.br ) Edgar \u00c1vila Gandra ( edgar_gandra@hotmail.com ) Elisabete da Costa Leal ( elisabeteleal@ymail.com ) Fabio Vergara Cerqueira ( fabiovergara@uol.com.br ) Fernando [&hellip;]<\/p>\n","protected":false},"author":144,"featured_media":0,"parent":169,"menu_order":1,"comment_status":"closed","ping_status":"closed","template":"","meta":{"footnotes":""},"class_list":["post-167","page","type-page","status-publish","hentry"],"_links":{"self":[{"href":"https:\/\/wp.ufpel.edu.br\/historia\/wp-json\/wp\/v2\/pages\/167","targetHints":{"allow":["GET"]}}],"collection":[{"href":"https:\/\/wp.ufpel.edu.br\/historia\/wp-json\/wp\/v2\/pages"}],"about":[{"href":"https:\/\/wp.ufpel.edu.br\/historia\/wp-json\/wp\/v2\/types\/page"}],"author":[{"embeddable":true,"href":"https:\/\/wp.ufpel.edu.br\/historia\/wp-json\/wp\/v2\/users\/144"}],"replies":[{"embeddable":true,"href":"https:\/\/wp.ufpel.edu.br\/historia\/wp-json\/wp\/v2\/comments?post=167"}],"version-history":[{"count":11,"href":"https:\/\/wp.ufpel.edu.br\/historia\/wp-json\/wp\/v2\/pages\/167\/revisions"}],"predecessor-version":[{"id":1363,"href":"https:\/\/wp.ufpel.edu.br\/historia\/wp-json\/wp\/v2\/pages\/167\/revisions\/1363"}],"up":[{"embeddable":true,"href":"https:\/\/wp.ufpel.edu.br\/historia\/wp-json\/wp\/v2\/pages\/169"}],"wp:attachment":[{"href":"https:\/\/wp.ufpel.edu.br\/historia\/wp-json\/wp\/v2\/media?parent=167"}],"curies":[{"name":"wp","href":"https:\/\/api.w.org\/{rel}","templated":true}]}}