{"id":1643,"date":"2022-07-15T17:28:51","date_gmt":"2022-07-15T20:28:51","guid":{"rendered":"https:\/\/wp.ufpel.edu.br\/historia\/?page_id=1643"},"modified":"2025-04-16T15:01:39","modified_gmt":"2025-04-16T18:01:39","slug":"contato","status":"publish","type":"page","link":"https:\/\/wp.ufpel.edu.br\/historia\/contato\/","title":{"rendered":"CONTATO"},"content":{"rendered":"<p>Colegiado dos cursos de Hist\u00f3ria<\/p>\n<p>Endere\u00e7o: Rua Alberto Rosa, n\u00ba 154, Porto, sala 121<\/p>\n<p>Whatsaap (53) 32845525<\/p>\n<p>e-mail: hist.ufpel@gmail.com<\/p>\n<p>Secret\u00e1ria do curso: Fernanda de Medeiros Cunha<\/p>\n<p>Coordenador dos Cursos: Paulo Ricardo Pezat<\/p>\n<p>Hor\u00e1rio de atendimento online:<\/p>\n<p>De segunda a sexta, das 13:30 \u00e0s 18:30<\/p>\n","protected":false},"excerpt":{"rendered":"<p>Colegiado dos cursos de Hist\u00f3ria Endere\u00e7o: Rua Alberto Rosa, n\u00ba 154, Porto, sala 121 Whatsaap (53) 32845525 e-mail: hist.ufpel@gmail.com Secret\u00e1ria do curso: Fernanda de Medeiros Cunha Coordenador dos Cursos: Paulo Ricardo Pezat Hor\u00e1rio de atendimento online: De segunda a sexta, das 13:30 \u00e0s 18:30<\/p>\n","protected":false},"author":144,"featured_media":0,"parent":0,"menu_order":0,"comment_status":"closed","ping_status":"closed","template":"","meta":{"footnotes":""},"class_list":["post-1643","page","type-page","status-publish","hentry"],"_links":{"self":[{"href":"https:\/\/wp.ufpel.edu.br\/historia\/wp-json\/wp\/v2\/pages\/1643","targetHints":{"allow":["GET"]}}],"collection":[{"href":"https:\/\/wp.ufpel.edu.br\/historia\/wp-json\/wp\/v2\/pages"}],"about":[{"href":"https:\/\/wp.ufpel.edu.br\/historia\/wp-json\/wp\/v2\/types\/page"}],"author":[{"embeddable":true,"href":"https:\/\/wp.ufpel.edu.br\/historia\/wp-json\/wp\/v2\/users\/144"}],"replies":[{"embeddable":true,"href":"https:\/\/wp.ufpel.edu.br\/historia\/wp-json\/wp\/v2\/comments?post=1643"}],"version-history":[{"count":3,"href":"https:\/\/wp.ufpel.edu.br\/historia\/wp-json\/wp\/v2\/pages\/1643\/revisions"}],"predecessor-version":[{"id":1759,"href":"https:\/\/wp.ufpel.edu.br\/historia\/wp-json\/wp\/v2\/pages\/1643\/revisions\/1759"}],"wp:attachment":[{"href":"https:\/\/wp.ufpel.edu.br\/historia\/wp-json\/wp\/v2\/media?parent=1643"}],"curies":[{"name":"wp","href":"https:\/\/api.w.org\/{rel}","templated":true}]}}