{"id":1344,"date":"2019-03-25T19:52:51","date_gmt":"2019-03-25T22:52:51","guid":{"rendered":"https:\/\/wp.ufpel.edu.br\/historia\/?page_id=1344"},"modified":"2019-04-01T19:30:19","modified_gmt":"2019-04-01T22:30:19","slug":"ementas","status":"publish","type":"page","link":"https:\/\/wp.ufpel.edu.br\/historia\/ementas\/","title":{"rendered":"Ementas"},"content":{"rendered":"<p><a href=\"https:\/\/wp.ufpel.edu.br\/historia\/files\/2019\/03\/caract.-disc.-Teorias-da-Historia-II.pdf\">caract. disc. Teorias da Historia II<\/a><\/p>\n<p><a href=\"https:\/\/wp.ufpel.edu.br\/historia\/files\/2019\/03\/caract.-disc.-T\u00f3picos-de-Teorias-da-Hist\u00f3ria.pdf\">caract. disc. T\u00f3picos de Teorias da Hist\u00f3ria<\/a><\/p>\n<p><a href=\"https:\/\/wp.ufpel.edu.br\/historia\/files\/2019\/03\/caract.-disc.-Teorias-da-Historia-I_Bac.pdf\">caract. disc. Teorias da Historia I_Bac<\/a><\/p>\n<p><a href=\"https:\/\/wp.ufpel.edu.br\/historia\/files\/2019\/03\/caract.-disc.-Teorias-da-Historia-I.pdf\">caract. disc. Teorias da Historia I<\/a><\/p>\n<p><a href=\"https:\/\/wp.ufpel.edu.br\/historia\/files\/2019\/03\/caract.-disc.-Semin\u00e1rio-de-Historia-Social-I.pdf\">caract. disc. Semin\u00e1rio de Historia Social I<\/a><\/p>\n<p><a href=\"https:\/\/wp.ufpel.edu.br\/historia\/files\/2019\/03\/caract.-disc.-Teoria-e-Pr\u00e1tica-Pedag\u00f3gica.pdf\">caract. disc. Teoria e Pr\u00e1tica Pedag\u00f3gica<\/a><\/p>\n<p><a href=\"https:\/\/wp.ufpel.edu.br\/historia\/files\/2019\/03\/caract.-disc.-Semin\u00e1rio-de-Hist\u00f3ria-Pol\u00edtica-I_optativa.pdf\">caract. disc. Semin\u00e1rio de Hist\u00f3ria Pol\u00edtica I_optativa<\/a><\/p>\n<p><a href=\"https:\/\/wp.ufpel.edu.br\/historia\/files\/2019\/03\/caract.-disc.-Seminario-de-Hist\u00f3ria-do-Brasil-Repubublicano_optativa.pdf\">caract. disc. Seminario de Hist\u00f3ria do Brasil Repubublicano_optativa<\/a><\/p>\n<p><a href=\"https:\/\/wp.ufpel.edu.br\/historia\/files\/2019\/03\/caract.-disc.-Semin\u00e1rio-de-Hist\u00f3ria-da-Am\u00e9rica_optativa.pdf\">caract. disc. Semin\u00e1rio de Hist\u00f3ria da Am\u00e9rica_optativa<\/a><\/p>\n<p><a href=\"https:\/\/wp.ufpel.edu.br\/historia\/files\/2019\/03\/Caract.-disc.-Sem.-de-Hist\u00f3ria-Antiga-II.pdf\">Caract. disc. Sem. de Hist\u00f3ria Antiga II<\/a><\/p>\n<p><a href=\"https:\/\/wp.ufpel.edu.br\/historia\/files\/2019\/03\/caract.-disc.-Sem.-de-Hist\u00f3ria-Antiga.pdf\">caract. disc. Sem. de Hist\u00f3ria Antiga<\/a><\/p>\n<p><a href=\"https:\/\/wp.ufpel.edu.br\/historia\/files\/2019\/03\/caract.-disc.-Pr\u00e9-Hist\u00f3ria.pdf\">caract. disc. Pr\u00e9-Hist\u00f3ria<\/a><\/p>\n<p><a href=\"https:\/\/wp.ufpel.edu.br\/historia\/files\/2019\/03\/caract.-disc.-Pr\u00e9-Hist\u00f3ria-Americana.pdf\">caract. disc. Pr\u00e9-Hist\u00f3ria Americana<\/a><\/p>\n<p><a href=\"https:\/\/wp.ufpel.edu.br\/historia\/files\/2019\/03\/caract.-disc.-Paleografia_optativa.pdf\">caract. disc. Paleografia_optativa<\/a><\/p>\n<p><a href=\"https:\/\/wp.ufpel.edu.br\/historia\/files\/2019\/03\/caract.-disc.-Orienta\u00e7\u00e3o-da-Pr\u00e1tica-de-Pesquisa.pdf\">caract. disc. Orienta\u00e7\u00e3o da Pr\u00e1tica de Pesquisa<\/a><\/p>\n<p><a href=\"https:\/\/wp.ufpel.edu.br\/historia\/files\/2019\/03\/caract.-disc.-Orienta\u00e7\u00e3o-de-Pesquisa.pdf\">caract. disc. Orienta\u00e7\u00e3o de Pesquisa<\/a><\/p>\n<p><a href=\"https:\/\/wp.ufpel.edu.br\/historia\/files\/2019\/03\/caract.-disc.-Organiza\u00e7\u00e3o-de-Arquivos-Hist\u00f3ricos_opt..pdf\">caract. disc. Organiza\u00e7\u00e3o de Arquivos Hist\u00f3ricos_opt.<\/a><\/p>\n<p><a href=\"https:\/\/wp.ufpel.edu.br\/historia\/files\/2019\/03\/caract.-disc.-Organiza\u00e7\u00e3o-de-Arquivos-Hist\u00f3ricos-I_opt..pdf\">caract. disc. Organiza\u00e7\u00e3o de Arquivos Hist\u00f3ricos I_opt.<\/a><\/p>\n<p><a href=\"https:\/\/wp.ufpel.edu.br\/historia\/files\/2019\/03\/caract.-disc.-Organiza\u00e7\u00e3o-de-Arquivos-Hist\u00f3ricos-II_Bach.pdf\">caract. disc. Organiza\u00e7\u00e3o de Arquivos Hist\u00f3ricos II_Bach<\/a><\/p>\n<p><a href=\"https:\/\/wp.ufpel.edu.br\/historia\/files\/2019\/03\/caract.-disc.-Organiza\u00e7\u00e3o-de-Acervos-II.pdf\">caract. disc. Organiza\u00e7\u00e3o de Acervos II<\/a><\/p>\n<p><a href=\"https:\/\/wp.ufpel.edu.br\/historia\/files\/2019\/03\/caract.-disc.-Metodologia-e-T\u00e9cnica-da-Pesquisa-em-Hist\u00f3ria-II.pdf\">caract. disc. Metodologia e T\u00e9cnica da Pesquisa em Hist\u00f3ria II<\/a><\/p>\n<p><a href=\"https:\/\/wp.ufpel.edu.br\/historia\/files\/2019\/03\/caract.-disc.-Metodologia-e-Pr\u00e1tica-da-Pesquisa-em-Hist\u00f3ria-I_Bach.pdf\">caract. disc. Metodologia e Pr\u00e1tica da Pesquisa em Hist\u00f3ria I_Bach<\/a><\/p>\n<p><a href=\"https:\/\/wp.ufpel.edu.br\/historia\/files\/2019\/03\/caract.-disc.-Metodologia-e-Pr\u00e1tica-da-Pesquisa-em-Hist\u00f3ria-II_Bach.pdf\">caract. disc. Metodologia e Pr\u00e1tica da Pesquisa em Hist\u00f3ria II_Bach<\/a><\/p>\n<p><a href=\"https:\/\/wp.ufpel.edu.br\/historia\/files\/2019\/03\/caract.-disc.-Metodologia-e-Pr\u00e1tica-da-Pesquisa-em-Hist\u00f3ria-I_.pdf\">caract. disc. Metodologia e Pr\u00e1tica da Pesquisa em Hist\u00f3ria I_<\/a><\/p>\n<p><a href=\"https:\/\/wp.ufpel.edu.br\/historia\/files\/2019\/03\/caract.-disc.-Metodologia-e-Pr\u00e1tica-da-Pesquisa-em-Hist\u00f3ria-I-lic..pdf\">caract. disc. Metodologia e Pr\u00e1tica da Pesquisa em Hist\u00f3ria I lic.<\/a><\/p>\n<p><a href=\"https:\/\/wp.ufpel.edu.br\/historia\/files\/2019\/03\/caract.-disc.-Libras-I.pdf\">caract. disc. Libras I<\/a><\/p>\n<p><a href=\"https:\/\/wp.ufpel.edu.br\/historia\/files\/2019\/03\/caract.-disc.-Laborat\u00f3rio-de-Hist\u00f3ria-Oral.pdf\">caract. disc. Laborat\u00f3rio de Hist\u00f3ria Oral<\/a><\/p>\n<p><a href=\"https:\/\/wp.ufpel.edu.br\/historia\/files\/2019\/03\/caract.-disc.-Leitura-e-Produ\u00e7\u00e3o-Textual.pdf\">caract. disc. Leitura e Produ\u00e7\u00e3o Textual<\/a><\/p>\n<p><a href=\"https:\/\/wp.ufpel.edu.br\/historia\/files\/2019\/03\/caract.-disc.-Laborat\u00f3rio-de-Ensino-de-Hist\u00f3ria-II.pdf\">caract. disc. Laborat\u00f3rio de Ensino de Hist\u00f3ria II<\/a><\/p>\n<p><a href=\"https:\/\/wp.ufpel.edu.br\/historia\/files\/2019\/03\/caract.-disc.-Laborat\u00f3rio-de-Ensino-de-Hist\u00f3ria-I.pdf\">caract. disc. Laborat\u00f3rio de Ensino de Hist\u00f3ria I<\/a><\/p>\n<p><a href=\"https:\/\/wp.ufpel.edu.br\/historia\/files\/2019\/03\/caract.-disc.-Laborat\u00f3rio-de-Ensino-de-Hist\u00f3ria.pdf\">caract. disc. Laborat\u00f3rio de Ensino de Hist\u00f3ria<\/a><\/p>\n<p><a href=\"https:\/\/wp.ufpel.edu.br\/historia\/files\/2019\/03\/caract.-disc.-Introdu\u00e7\u00e3o-ao-Estudo-de-Acervos_Bach.pdf\">caract. disc. Introdu\u00e7\u00e3o ao Estudo de Acervos_Bach<\/a><\/p>\n<p><a href=\"https:\/\/wp.ufpel.edu.br\/historia\/files\/2019\/03\/caract.-disc.-Introdu\u00e7\u00e3o-\u00e0-Museologia_Bach.pdf\">caract. disc. Introdu\u00e7\u00e3o \u00e0 Museologia_Bach<\/a><\/p>\n<p><a href=\"https:\/\/wp.ufpel.edu.br\/historia\/files\/2019\/03\/caract.-disc.-Introdu\u00e7\u00e3o-ao-Estudo-de-Acervos.pdf\">caract. disc. Introdu\u00e7\u00e3o ao Estudo de Acervos<\/a><\/p>\n<p><a href=\"https:\/\/wp.ufpel.edu.br\/historia\/files\/2019\/03\/caract.-disc.-Introdu\u00e7\u00e3o-\u00e0-Biblioteconomia_opt..pdf\">caract. disc. Introdu\u00e7\u00e3o \u00e0 Biblioteconomia_opt.<\/a><\/p>\n<p><a href=\"https:\/\/wp.ufpel.edu.br\/historia\/files\/2019\/03\/caract.-disc.-Imagem-e-Teorias-da-Hist\u00f3ria.pdf\">caract. disc. Imagem e Teorias da Hist\u00f3ria<\/a><\/p>\n<p><a href=\"https:\/\/wp.ufpel.edu.br\/historia\/files\/2019\/03\/caract.-disc.-Intr.-Est.-Hist\u00f3ricos.pdf\">caract. disc. Intr. Est. Hist\u00f3ricos<\/a><\/p>\n<p><a href=\"https:\/\/wp.ufpel.edu.br\/historia\/files\/2019\/03\/caract.-disc.-Hist\u00f3ria-Moderna-II.pdf\">caract. disc. Hist\u00f3ria Moderna II<\/a><\/p>\n<p><a href=\"https:\/\/wp.ufpel.edu.br\/historia\/files\/2019\/03\/caract.-disc.-Hist\u00f3ria-Moderna-I.pdf\">caract. disc. Hist\u00f3ria Moderna I<\/a><\/p>\n<p><a href=\"https:\/\/wp.ufpel.edu.br\/historia\/files\/2019\/03\/caract.-disc.-Hist\u00f3ria-Medieval_Bach.pdf\">caract. disc. Hist\u00f3ria Medieval_Bach<\/a><\/p>\n<p><a href=\"https:\/\/wp.ufpel.edu.br\/historia\/files\/2019\/03\/caract.-disc.-Hist\u00f3ria-Medieval-II.pdf\">caract. disc. Hist\u00f3ria Medieval II<\/a><\/p>\n<p><a href=\"https:\/\/wp.ufpel.edu.br\/historia\/files\/2019\/03\/caract.-disc.-Hist\u00f3ria-dos-Movimentos-Sociais_optativa.pdf\">caract. disc. Hist\u00f3ria dos Movimentos Sociais_optativa<\/a><\/p>\n<p><a href=\"https:\/\/wp.ufpel.edu.br\/historia\/files\/2019\/03\/caract.-disc.-Hist\u00f3ria-do-Brasil-IV.pdf\">caract. disc. Hist\u00f3ria do Brasil IV<\/a><\/p>\n<p><a href=\"https:\/\/wp.ufpel.edu.br\/historia\/files\/2019\/03\/caract.-disc.-Hist\u00f3ria-do-Rio-Grande-do-Sul-I.pdf\">caract. disc. Hist\u00f3ria do Rio Grande do Sul I<\/a><\/p>\n<p><a href=\"https:\/\/wp.ufpel.edu.br\/historia\/files\/2019\/03\/caract.-disc.-Hist\u00f3ria-do-Brasil-III.pdf\">caract. disc. Hist\u00f3ria do Brasil III<\/a><\/p>\n<p><a href=\"https:\/\/wp.ufpel.edu.br\/historia\/files\/2019\/03\/caract.-disc.-Hist\u00f3ria-do-Brasil-I.pdf\">caract. disc. Hist\u00f3ria do Brasil I<\/a><\/p>\n<p><a href=\"https:\/\/wp.ufpel.edu.br\/historia\/files\/2019\/03\/caract.-disc.-Hist\u00f3ria-do-Brasil-II.pdf\">caract. disc. Hist\u00f3ria do Brasil II<\/a><\/p>\n<p><a href=\"https:\/\/wp.ufpel.edu.br\/historia\/files\/2019\/03\/caract.-disc.-Hist\u00f3ria-de-Pelotas.pdf\">caract. disc. Hist\u00f3ria de Pelotas<\/a><\/p>\n<p><a href=\"https:\/\/wp.ufpel.edu.br\/historia\/files\/2019\/03\/caract.-disc.-Hist\u00f3ria-das-Id\u00e9ias-Pol\u00edticas-e-Sociais_optativa.pdf\">caract. disc. Hist\u00f3ria das Id\u00e9ias Pol\u00edticas e Sociais_optativa<\/a><\/p>\n<p><a href=\"https:\/\/wp.ufpel.edu.br\/historia\/files\/2019\/03\/caract.-disc.-Hist\u00f3ria-da-Educa\u00e7\u00e3o.pdf\">caract. disc. Hist\u00f3ria da Educa\u00e7\u00e3o<\/a><\/p>\n<p><a href=\"https:\/\/wp.ufpel.edu.br\/historia\/files\/2019\/03\/caract.-disc.-Hist\u00f3ria-da-Cultura-Art\u00edstica_optativa.pdf\">caract. disc. Hist\u00f3ria da Cultura Art\u00edstica_optativa<\/a><\/p>\n<p><a href=\"https:\/\/wp.ufpel.edu.br\/historia\/files\/2019\/03\/caract.-disc.-Hist\u00f3ria-da-Antig\u00fcidade-Oriental.pdf\">caract. disc. Hist\u00f3ria da Antig\u00fcidade Oriental<\/a><\/p>\n<p><a href=\"https:\/\/wp.ufpel.edu.br\/historia\/files\/2019\/03\/caract.-disc.-Hist\u00f3ria-da-Cultura-Afro-Brasileira_Bach.pdf\">caract. disc. Hist\u00f3ria da Cultura Afro-Brasileira_Bach<\/a><\/p>\n<p><a href=\"https:\/\/wp.ufpel.edu.br\/historia\/files\/2019\/03\/caract.-disc.-Hist\u00f3ria-da-Antiguidade-Ocidental.pdf\">caract. disc. Hist\u00f3ria da Antiguidade Ocidental<\/a><\/p>\n<p><a href=\"https:\/\/wp.ufpel.edu.br\/historia\/files\/2019\/03\/caract.-disc.-Hist\u00f3ria-da-Am\u00e9rica-II.pdf\">caract. disc. Hist\u00f3ria da Am\u00e9rica II<\/a><\/p>\n<p><a href=\"https:\/\/wp.ufpel.edu.br\/historia\/files\/2019\/03\/caract.-disc.-Hist\u00f3ria-da-\u00c1frica.pdf\">caract. disc. Hist\u00f3ria da \u00c1frica<\/a><\/p>\n<p><a href=\"https:\/\/wp.ufpel.edu.br\/historia\/files\/2019\/03\/caract.-disc.-Hist\u00f3ria-da-Am\u00e9rica-I.pdf\">caract. disc. Hist\u00f3ria da Am\u00e9rica I<\/a><\/p>\n<p><a href=\"https:\/\/wp.ufpel.edu.br\/historia\/files\/2019\/03\/caract.-disc.-Hist\u00f3ria-Contemporanea-II.pdf\">caract. disc. Hist\u00f3ria Contemporanea II<\/a><\/p>\n<p><a href=\"https:\/\/wp.ufpel.edu.br\/historia\/files\/2019\/03\/caract.-disc.-Hist\u00f3ria-Contemporanea-I.pdf\">caract. disc. Hist\u00f3ria Contemporanea I<\/a><\/p>\n<p><a href=\"https:\/\/wp.ufpel.edu.br\/historia\/files\/2019\/03\/caract.-disc.-Fundamentos-S\u00f3cio-Hist\u00f3rico-Filos\u00f3ficos-da-Educa\u00e7\u00e3o.pdf\">caract. disc. Fundamentos S\u00f3cio-Hist\u00f3rico-Filos\u00f3ficos da Educa\u00e7\u00e3o<\/a><\/p>\n<p><a href=\"https:\/\/wp.ufpel.edu.br\/historia\/files\/2019\/03\/caract.-disc.-Fundamentos-Psicol\u00f3gicos-da-Educa\u00e7\u00e3o.pdf\">caract. disc. Fundamentos Psicol\u00f3gicos da Educa\u00e7\u00e3o<\/a><\/p>\n<p><a href=\"https:\/\/wp.ufpel.edu.br\/historia\/files\/2019\/03\/caract.-disc.-Fundamentos-da-Hist\u00f3ria.pdf\">caract. disc. Fundamentos da Hist\u00f3ria<\/a><\/p>\n<p><a href=\"https:\/\/wp.ufpel.edu.br\/historia\/files\/2019\/03\/caract.-disc.-Est\u00e1gio-Supervisionado-V.pdf\">caract. disc. Est\u00e1gio Supervisionado V<\/a><\/p>\n<p><a href=\"https:\/\/wp.ufpel.edu.br\/historia\/files\/2019\/03\/caract.-disc.-Etnologia-e-Hist\u00f3ria-dos-\u00cdndios-no-Brasil-II.pdf\">caract. disc. Etnologia e Hist\u00f3ria dos \u00cdndios no Brasil II<\/a><\/p>\n<p><a href=\"https:\/\/wp.ufpel.edu.br\/historia\/files\/2019\/03\/caract.-disc.-Est\u00e1gio-Supervisionado-IV.pdf\">caract. disc. Est\u00e1gio Supervisionado IV<\/a><\/p>\n<p><a href=\"https:\/\/wp.ufpel.edu.br\/historia\/files\/2019\/03\/caract.-disc.-Est\u00e1gio-Supervisionado-II.pdf\">caract. disc. Est\u00e1gio Supervisionado II<\/a><\/p>\n<p><a href=\"https:\/\/wp.ufpel.edu.br\/historia\/files\/2019\/03\/caract.-disc.-Est\u00e1gio-Supervisionado-III.pdf\">caract. disc. Est\u00e1gio Supervisionado III<\/a><\/p>\n<p><a href=\"https:\/\/wp.ufpel.edu.br\/historia\/files\/2019\/03\/caract.-disc.-Est\u00e1gio-Supervisionado-I.pdf\">caract. disc. Est\u00e1gio Supervisionado I<\/a><\/p>\n<p><a href=\"https:\/\/wp.ufpel.edu.br\/historia\/files\/2019\/03\/caract.-disc.-Ensino-de-Hist\u00f3ria.pdf\">caract. disc. Ensino de Hist\u00f3ria<\/a><\/p>\n<p><a href=\"https:\/\/wp.ufpel.edu.br\/historia\/files\/2019\/03\/caract.-disc.-Educa\u00e7\u00e3o-Patrimonial.pdf\">caract. disc. Educa\u00e7\u00e3o Patrimonial<\/a><\/p>\n<p><a href=\"https:\/\/wp.ufpel.edu.br\/historia\/files\/2019\/03\/caract.-disc.-Educa\u00e7\u00e3o-Patrimonial-II.pdf\">caract. disc. Educa\u00e7\u00e3o Patrimonial II<\/a><\/p>\n<p><a href=\"https:\/\/wp.ufpel.edu.br\/historia\/files\/2019\/03\/caract.-disc.-Educa\u00e7\u00e3o-Brasileira-Org.-e-Pol.-P\u00fablicas.pdf\">caract. disc. Educa\u00e7\u00e3o Brasileira &#8211; Org. e Pol. P\u00fablicas<\/a><\/p>\n<p><a href=\"https:\/\/wp.ufpel.edu.br\/historia\/files\/2019\/03\/caract.-disc.-Centros-de-Documenta\u00e7\u00e3o_Bach.pdf\">caract. disc. Centros de Documenta\u00e7\u00e3o_Bach<\/a><\/p>\n<p><a href=\"https:\/\/wp.ufpel.edu.br\/historia\/files\/2019\/03\/caract.-disc.-Arquivos-Especiais_Bach.pdf\">c<\/a><a href=\"https:\/\/wp.ufpel.edu.br\/historia\/files\/2019\/03\/caract.-disc.-Arquivos-Especiais_Bach.pdf\">aract. disc. Arquivos Especiais_Bach<\/a><\/p>\n<p><a href=\"https:\/\/wp.ufpel.edu.br\/historia\/files\/2019\/03\/caract.-disc.-Arquivos-Digitais_Bach.pdf\">caract. disc. Arquivos Digitais_Bach<\/a> <a href=\"https:\/\/wp.ufpel.edu.br\/historia\/files\/2019\/03\/caract.-disc.-Arqueologia-II.pdf\">caract. disc. Arqueologia II<\/a><\/p>\n<p><a href=\"https:\/\/wp.ufpel.edu.br\/historia\/files\/2019\/03\/caract.-disc.-Arqueologia-I.pdf\">caract. disc. Arqueologia I<\/a><\/p>\n<p><a href=\"https:\/\/wp.ufpel.edu.br\/historia\/files\/2019\/03\/caract.-disc.-Antropologia_Bach.pdf\">caract. disc. Antropologia_Bach<\/a><\/p>\n<p><a href=\"https:\/\/wp.ufpel.edu.br\/historia\/files\/2019\/04\/caract.-disc.-Antropologia_Lic.pdf\">caract. disc. Antropologia_Lic<\/a><\/p>\n","protected":false},"excerpt":{"rendered":"<p>caract. disc. Teorias da Historia II caract. disc. T\u00f3picos de Teorias da Hist\u00f3ria caract. disc. Teorias da Historia I_Bac caract. disc. Teorias da Historia I caract. disc. Semin\u00e1rio de Historia Social I caract. disc. Teoria e Pr\u00e1tica Pedag\u00f3gica caract. disc. Semin\u00e1rio de Hist\u00f3ria Pol\u00edtica I_optativa caract. disc. Seminario de Hist\u00f3ria do Brasil Repubublicano_optativa caract. disc. [&hellip;]<\/p>\n","protected":false},"author":144,"featured_media":0,"parent":0,"menu_order":0,"comment_status":"closed","ping_status":"closed","template":"","meta":{"footnotes":""},"class_list":["post-1344","page","type-page","status-publish","hentry"],"_links":{"self":[{"href":"https:\/\/wp.ufpel.edu.br\/historia\/wp-json\/wp\/v2\/pages\/1344","targetHints":{"allow":["GET"]}}],"collection":[{"href":"https:\/\/wp.ufpel.edu.br\/historia\/wp-json\/wp\/v2\/pages"}],"about":[{"href":"https:\/\/wp.ufpel.edu.br\/historia\/wp-json\/wp\/v2\/types\/page"}],"author":[{"embeddable":true,"href":"https:\/\/wp.ufpel.edu.br\/historia\/wp-json\/wp\/v2\/users\/144"}],"replies":[{"embeddable":true,"href":"https:\/\/wp.ufpel.edu.br\/historia\/wp-json\/wp\/v2\/comments?post=1344"}],"version-history":[{"count":3,"href":"https:\/\/wp.ufpel.edu.br\/historia\/wp-json\/wp\/v2\/pages\/1344\/revisions"}],"predecessor-version":[{"id":1358,"href":"https:\/\/wp.ufpel.edu.br\/historia\/wp-json\/wp\/v2\/pages\/1344\/revisions\/1358"}],"wp:attachment":[{"href":"https:\/\/wp.ufpel.edu.br\/historia\/wp-json\/wp\/v2\/media?parent=1344"}],"curies":[{"name":"wp","href":"https:\/\/api.w.org\/{rel}","templated":true}]}}