{"id":761,"date":"2018-08-22T09:41:15","date_gmt":"2018-08-22T12:41:15","guid":{"rendered":"https:\/\/wp.ufpel.edu.br\/historep\/?page_id=761"},"modified":"2025-10-28T20:26:50","modified_gmt":"2025-10-28T23:26:50","slug":"resumo-de-tecidos","status":"publish","type":"page","link":"https:\/\/wp.ufpel.edu.br\/historep\/resumo-de-tecidos\/","title":{"rendered":"RESUMOS DE TECIDOS"},"content":{"rendered":"<p><a href=\"https:\/\/wp.ufpel.edu.br\/historep\/files\/2018\/08\/RESUMO-TECIDO-NERVOSO.pdf\">RESUMO TECIDO NERVOSO<\/a><\/p>\n<p><a href=\"https:\/\/wp.ufpel.edu.br\/historep\/files\/2018\/08\/RESUMO-TECIDO-MUSCULAR.pdf\">RESUMO TECIDO MUSCULAR<\/a><\/p>\n<p><a href=\"https:\/\/wp.ufpel.edu.br\/historep\/files\/2018\/08\/RESUMO-TECIDO-EPITELIAL-E-GLANDULAR-1.pdf\">RESUMO TECIDO EPITELIAL E GLANDULAR<\/a><\/p>\n<p><a href=\"https:\/\/wp.ufpel.edu.br\/historep\/files\/2018\/08\/RESUMO-TECIDO-CONJUNTIVO.pdf\">RESUMO TECIDO CONJUNTIVO<\/a><\/p>\n<p><a href=\"https:\/\/wp.ufpel.edu.br\/historep\/files\/2018\/08\/RESUMO-TECIDO-CARTILAGINOSO.pdf\">RESUMO TECIDO CARTILAGINOSO<\/a><\/p>\n<p><a href=\"https:\/\/wp.ufpel.edu.br\/historep\/files\/2018\/08\/RESUMO-TECIDO-ADIPOSO.pdf\">RESUMO TECIDO ADIPOSO<\/a><\/p>\n<p><a href=\"https:\/\/wp.ufpel.edu.br\/historep\/files\/2019\/05\/Resumo-de-Tecido-\u00d3sseo.docx\">Resumo de Tecido \u00d3sseo<\/a><\/p>\n<p><a href=\"https:\/\/wp.ufpel.edu.br\/historep\/resumo-de-tecidos\/histologia-da-ossificacao-endocondral-1\/\" rel=\"attachment wp-att-1504\">HISTOLOGIA DA OSSIFICA\u00c7\u00c3O ENDOCONDRAL <\/a><\/p>\n<p><a href=\"https:\/\/wp.ufpel.edu.br\/historep\/resumo-de-tecidos\/histologia-do-tecido-adiposo-gaya-1\/\" rel=\"attachment wp-att-1505\">HISTOLOGIA DO TECIDO ADIPOSO<\/a><\/p>\n<p><a href=\"https:\/\/wp.ufpel.edu.br\/historep\/2025\/10\/28\/resumo-tecido-sanguineo\/resumo-tec-sanguineo\/\" rel=\"attachment wp-att-2120\">Resumo Tecido Sangu\u00edneo<\/a><\/p>\n","protected":false},"excerpt":{"rendered":"<p>RESUMO TECIDO NERVOSO RESUMO TECIDO MUSCULAR RESUMO TECIDO EPITELIAL E GLANDULAR RESUMO TECIDO CONJUNTIVO RESUMO TECIDO CARTILAGINOSO RESUMO TECIDO ADIPOSO Resumo de Tecido \u00d3sseo HISTOLOGIA DA OSSIFICA\u00c7\u00c3O ENDOCONDRAL HISTOLOGIA DO TECIDO ADIPOSO Resumo Tecido Sangu\u00edneo<\/p>\n","protected":false},"author":652,"featured_media":0,"parent":0,"menu_order":0,"comment_status":"closed","ping_status":"closed","template":"","meta":{"advanced_seo_description":"","jetpack_seo_html_title":"","jetpack_seo_noindex":false,"jetpack_post_was_ever_published":false,"footnotes":""},"class_list":["post-761","page","type-page","status-publish","hentry"],"jetpack_sharing_enabled":true,"jetpack_shortlink":"https:\/\/wp.me\/P8WvZK-ch","_links":{"self":[{"href":"https:\/\/wp.ufpel.edu.br\/historep\/wp-json\/wp\/v2\/pages\/761","targetHints":{"allow":["GET"]}}],"collection":[{"href":"https:\/\/wp.ufpel.edu.br\/historep\/wp-json\/wp\/v2\/pages"}],"about":[{"href":"https:\/\/wp.ufpel.edu.br\/historep\/wp-json\/wp\/v2\/types\/page"}],"author":[{"embeddable":true,"href":"https:\/\/wp.ufpel.edu.br\/historep\/wp-json\/wp\/v2\/users\/652"}],"replies":[{"embeddable":true,"href":"https:\/\/wp.ufpel.edu.br\/historep\/wp-json\/wp\/v2\/comments?post=761"}],"version-history":[{"count":4,"href":"https:\/\/wp.ufpel.edu.br\/historep\/wp-json\/wp\/v2\/pages\/761\/revisions"}],"predecessor-version":[{"id":2130,"href":"https:\/\/wp.ufpel.edu.br\/historep\/wp-json\/wp\/v2\/pages\/761\/revisions\/2130"}],"wp:attachment":[{"href":"https:\/\/wp.ufpel.edu.br\/historep\/wp-json\/wp\/v2\/media?parent=761"}],"curies":[{"name":"wp","href":"https:\/\/api.w.org\/{rel}","templated":true}]}}