{"id":724,"date":"2018-08-15T11:28:05","date_gmt":"2018-08-15T14:28:05","guid":{"rendered":"https:\/\/wp.ufpel.edu.br\/historep\/?page_id=724"},"modified":"2025-12-20T18:35:34","modified_gmt":"2025-12-20T21:35:34","slug":"resumo-dos-sistemas","status":"publish","type":"page","link":"https:\/\/wp.ufpel.edu.br\/historep\/resumo-dos-sistemas\/","title":{"rendered":"RESUMOS DOS SISTEMAS"},"content":{"rendered":"<p><a href=\"https:\/\/wp.ufpel.edu.br\/historep\/resumo-dos-sistemas\/index_delayed_ui\/\" rel=\"attachment wp-att-2334\">RESUMO SISTEMA DIGEST\u00d3RIO<\/a><\/p>\n<p><a href=\"https:\/\/wp.ufpel.edu.br\/historep\/resumo-dos-sistemas\/resumo-sistema-endocrino\/\" rel=\"attachment wp-att-1396\">RESUMO SISTEMA END\u00d3CRINO<\/a><\/p>\n<p><a href=\"https:\/\/wp.ufpel.edu.br\/historep\/resumo-dos-sistemas\/resumo-sistema-urinariocorr\/\" rel=\"attachment wp-att-1397\">RESUMO SISTEMA URIN\u00c1RIO<\/a><\/p>\n<p><a href=\"https:\/\/wp.ufpel.edu.br\/historep\/resumo-dos-sistemas\/resumo-sistema-circulatorio-convertido\/\" rel=\"attachment wp-att-1399\">RESUMO SISTEMA CIRCULAT\u00d3RIO<\/a><\/p>\n<p><a href=\"https:\/\/wp.ufpel.edu.br\/historep\/files\/2018\/08\/RESUMO-SISTEMA-RESPIRAT\u00d3RIO-1.pdf\">RESUMO SISTEMA RESPIRAT\u00d3RIO<\/a><\/p>\n<p><a href=\"https:\/\/wp.ufpel.edu.br\/historep\/files\/2018\/08\/RESUMO-SISTEMA-TEUGMENTAR.pdf\">RESUMO SISTEMA TEGUMENTAR<\/a><\/p>\n<p><a href=\"https:\/\/wp.ufpel.edu.br\/historep\/resumo-dos-sistemas\/histologia-do-aparelho-urinario-gaya-word\/\" rel=\"attachment wp-att-1501\">HISTOLOGIA DO APARELHO URIN\u00c1RIO <\/a><\/p>\n<p><a href=\"https:\/\/wp.ufpel.edu.br\/historep\/resumo-dos-sistemas\/resumo-histologia-dos-testiculos-gaya-word-1\/\" rel=\"attachment wp-att-1502\"> HISTOLOGIA DOS TESTICULOS<\/a><\/p>\n<p><a href=\"https:\/\/wp.ufpel.edu.br\/historep\/2025\/10\/28\/2102\/resumo-sistema-imunitario\/\" rel=\"attachment wp-att-2104\">RESUMO SISTEMA IMUNIT\u00c1RIO<\/a><\/p>\n","protected":false},"excerpt":{"rendered":"<p>RESUMO SISTEMA DIGEST\u00d3RIO RESUMO SISTEMA END\u00d3CRINO RESUMO SISTEMA URIN\u00c1RIO RESUMO SISTEMA CIRCULAT\u00d3RIO RESUMO SISTEMA RESPIRAT\u00d3RIO RESUMO SISTEMA TEGUMENTAR HISTOLOGIA DO APARELHO URIN\u00c1RIO HISTOLOGIA DOS TESTICULOS RESUMO SISTEMA&hellip; <span class=\"read-more\"><a class=\"more-link\" href=\"https:\/\/wp.ufpel.edu.br\/historep\/resumo-dos-sistemas\/\" rel=\"bookmark\">Leia Mais <span class=\"screen-reader-text\">&#8220;RESUMOS DOS SISTEMAS&#8221;<\/span><\/a><\/span><\/p>\n","protected":false},"author":652,"featured_media":0,"parent":0,"menu_order":0,"comment_status":"closed","ping_status":"closed","template":"","meta":{"advanced_seo_description":"","jetpack_seo_html_title":"","jetpack_seo_noindex":false,"jetpack_post_was_ever_published":false,"footnotes":""},"class_list":["post-724","page","type-page","status-publish","hentry"],"jetpack_sharing_enabled":true,"jetpack_shortlink":"https:\/\/wp.me\/P8WvZK-bG","_links":{"self":[{"href":"https:\/\/wp.ufpel.edu.br\/historep\/wp-json\/wp\/v2\/pages\/724","targetHints":{"allow":["GET"]}}],"collection":[{"href":"https:\/\/wp.ufpel.edu.br\/historep\/wp-json\/wp\/v2\/pages"}],"about":[{"href":"https:\/\/wp.ufpel.edu.br\/historep\/wp-json\/wp\/v2\/types\/page"}],"author":[{"embeddable":true,"href":"https:\/\/wp.ufpel.edu.br\/historep\/wp-json\/wp\/v2\/users\/652"}],"replies":[{"embeddable":true,"href":"https:\/\/wp.ufpel.edu.br\/historep\/wp-json\/wp\/v2\/comments?post=724"}],"version-history":[{"count":4,"href":"https:\/\/wp.ufpel.edu.br\/historep\/wp-json\/wp\/v2\/pages\/724\/revisions"}],"predecessor-version":[{"id":2335,"href":"https:\/\/wp.ufpel.edu.br\/historep\/wp-json\/wp\/v2\/pages\/724\/revisions\/2335"}],"wp:attachment":[{"href":"https:\/\/wp.ufpel.edu.br\/historep\/wp-json\/wp\/v2\/media?parent=724"}],"curies":[{"name":"wp","href":"https:\/\/api.w.org\/{rel}","templated":true}]}}