{"id":690,"date":"2018-07-11T16:53:19","date_gmt":"2018-07-11T19:53:19","guid":{"rendered":"https:\/\/wp.ufpel.edu.br\/historep\/?page_id=690"},"modified":"2025-11-29T17:44:02","modified_gmt":"2025-11-29T20:44:02","slug":"quiz-web","status":"publish","type":"page","link":"https:\/\/wp.ufpel.edu.br\/historep\/quiz-web\/","title":{"rendered":"quiz web"},"content":{"rendered":"<p>&nbsp;<\/p>\n<p><a href=\"https:\/\/pt.topquizz.com\/quiz\/Brincando-de-aprender-155385?key=492ada3e4e620ed7d78175764fea58cd\">Tecido adiposo e conjuntivo<\/a><\/p>\n<p><a href=\"https:\/\/pt.topquizz.com\/quiz\/Brincando-de-aprender-155298?key=8561dfce90ad1efd3b30a68f64cd3b6c\">Tecido epitelial de revestimento e glandular<\/a><\/p>\n<p><a href=\"https:\/\/pt.topquizz.com\/quiz\/Brincando-de-aprender-157304\">Tecido cartilaginoso e \u00f3sseo<\/a><\/p>\n<p><a href=\"https:\/\/pt.topquizz.com\/quiz\/Brincando-de-aprender-178676?key=cfd904e3b7d3023d9fad6b9188104\">Sistema digest\u00f3rio e tegumentar<\/a><\/p>\n<p><a href=\"https:\/\/pt.topquizz.com\/quiz\/Brincando-de-aprender-173587\">Sistema circulat\u00f3rio e respirat\u00f3rio<\/a><\/p>\n<p><a href=\"https:\/\/pt.topquizz.com\/quiz\/Brincando-de-aprender-178669?key=3373a1e792b122a2b4826d7534450170\">Sistema urin\u00e1rio e linf\u00e1ticos<\/a><\/p>\n","protected":false},"excerpt":{"rendered":"<p>&nbsp; Tecido adiposo e conjuntivo Tecido epitelial de revestimento e glandular Tecido cartilaginoso e \u00f3sseo Sistema digest\u00f3rio e tegumentar Sistema circulat\u00f3rio e respirat\u00f3rio Sistema urin\u00e1rio e linf\u00e1ticos<\/p>\n","protected":false},"author":652,"featured_media":0,"parent":0,"menu_order":0,"comment_status":"closed","ping_status":"closed","template":"","meta":{"advanced_seo_description":"","jetpack_seo_html_title":"","jetpack_seo_noindex":false,"jetpack_post_was_ever_published":false,"footnotes":""},"class_list":["post-690","page","type-page","status-publish","hentry"],"jetpack_sharing_enabled":true,"jetpack_shortlink":"https:\/\/wp.me\/P8WvZK-b8","_links":{"self":[{"href":"https:\/\/wp.ufpel.edu.br\/historep\/wp-json\/wp\/v2\/pages\/690","targetHints":{"allow":["GET"]}}],"collection":[{"href":"https:\/\/wp.ufpel.edu.br\/historep\/wp-json\/wp\/v2\/pages"}],"about":[{"href":"https:\/\/wp.ufpel.edu.br\/historep\/wp-json\/wp\/v2\/types\/page"}],"author":[{"embeddable":true,"href":"https:\/\/wp.ufpel.edu.br\/historep\/wp-json\/wp\/v2\/users\/652"}],"replies":[{"embeddable":true,"href":"https:\/\/wp.ufpel.edu.br\/historep\/wp-json\/wp\/v2\/comments?post=690"}],"version-history":[{"count":3,"href":"https:\/\/wp.ufpel.edu.br\/historep\/wp-json\/wp\/v2\/pages\/690\/revisions"}],"predecessor-version":[{"id":2274,"href":"https:\/\/wp.ufpel.edu.br\/historep\/wp-json\/wp\/v2\/pages\/690\/revisions\/2274"}],"wp:attachment":[{"href":"https:\/\/wp.ufpel.edu.br\/historep\/wp-json\/wp\/v2\/media?parent=690"}],"curies":[{"name":"wp","href":"https:\/\/api.w.org\/{rel}","templated":true}]}}