{"id":536,"date":"2018-06-06T08:25:27","date_gmt":"2018-06-06T11:25:27","guid":{"rendered":"https:\/\/wp.ufpel.edu.br\/historep\/?page_id=536"},"modified":"2018-10-04T09:21:23","modified_gmt":"2018-10-04T12:21:23","slug":"jogos","status":"publish","type":"page","link":"https:\/\/wp.ufpel.edu.br\/historep\/jogos\/","title":{"rendered":"Ca\u00e7a palavras"},"content":{"rendered":"<p><a href=\"https:\/\/wp.ufpel.edu.br\/historep\/files\/2018\/08\/Ca\u00e7a-palavras-Sangue-1.docx\">Ca\u00e7a pal<\/a><a href=\"https:\/\/wp.ufpel.edu.br\/historep\/files\/2018\/08\/Ca\u00e7a-palavras-Sangue-1.docx\">avras Sangue<\/a><\/p>\n<p><a href=\"https:\/\/wp.ufpel.edu.br\/historep\/files\/2018\/08\/Sistema-Respirat\u00f3rio-1.docx\">Ca\u00e7a palavras Sistema Respirat\u00f3rio<\/a><\/p>\n<p><a href=\"https:\/\/wp.ufpel.edu.br\/historep\/files\/2018\/08\/Ca\u00e7a-palavras-Sistema-circulat\u00f3rio.docx\">Ca\u00e7a palavras Sistema circulat\u00f3rio<\/a><\/p>\n<p><a href=\"https:\/\/wp.ufpel.edu.br\/historep\/files\/2018\/08\/Ca\u00e7a-palavras-Sistema-digest\u00f3rio.docx\">Ca\u00e7a palavras Sistema digest\u00f3rio<\/a><\/p>\n<p><a href=\"https:\/\/wp.ufpel.edu.br\/historep\/files\/2018\/08\/Ca\u00e7a-palavras-sistema-imune.docx\">Ca\u00e7a palavras sistema imune<\/a><\/p>\n<p><a href=\"https:\/\/wp.ufpel.edu.br\/historep\/files\/2018\/08\/Ca\u00e7a-palavras-Sistema-tegumentar.docx\">Ca\u00e7a palavras Sistema tegumentar<\/a><\/p>\n<p><a href=\"https:\/\/wp.ufpel.edu.br\/historep\/files\/2018\/10\/Ca\u00e7a-palavras-Sistema-Urin\u00e1rio.docx\">Ca\u00e7a-palavras-Sistema-Urin\u00e1rio<\/a><\/p>\n<p><a href=\"https:\/\/wp.ufpel.edu.br\/historep\/files\/2018\/07\/tecido-nervoso.docx\">Ca\u00e7a palavras tecido nervoso<\/a><\/p>\n<p><a href=\"https:\/\/wp.ufpel.edu.br\/historep\/files\/2018\/07\/Ca\u00e7a-palavras-Tecido-muscular.docx\">Ca\u00e7a palavras tecido muscular<\/a><\/p>\n<p><a href=\"https:\/\/wp.ufpel.edu.br\/historep\/files\/2018\/06\/Ca\u00e7a-palavras-tecido-adiposo.docx\">Ca\u00e7a palavras tecido adiposo<\/a><\/p>\n<p><a href=\"https:\/\/wp.ufpel.edu.br\/historep\/files\/2018\/06\/Ca\u00e7a-palavras-Tecido-cartilaginoso.pdf\">Ca\u00e7a palavras tecido cartilaginoso<\/a><\/p>\n<p><a href=\"https:\/\/wp.ufpel.edu.br\/historep\/files\/2018\/06\/Ca\u00e7a-palavras-tecido-epitelial.pdf\">\u00a0Ca\u00e7a palavras \u00a0 tecido epitelial<\/a><\/p>\n<p><a href=\"https:\/\/wp.ufpel.edu.br\/historep\/files\/2018\/06\/Ca\u00e7a-palavras-tecido-\u00f3sseo.docx\">Ca\u00e7a palavras tecido \u00f3sseo<\/a><\/p>\n<p><a href=\"https:\/\/wp.ufpel.edu.br\/historep\/files\/2018\/06\/Ca\u00e7a-palavras-tecido-conjuntivo.docx\">Ca\u00e7a palavras tecido conjuntivo<\/a><\/p>\n<p><a href=\"https:\/\/wp.ufpel.edu.br\/historep\/files\/2018\/06\/Ca\u00e7a-palavras-tecido-epitelial-glandular.docx\">Ca\u00e7a palavras \u00a0tecido epitelial glandular<\/a><\/p>\n","protected":false},"excerpt":{"rendered":"<p>Ca\u00e7a palavras Sangue Ca\u00e7a palavras Sistema Respirat\u00f3rio Ca\u00e7a palavras Sistema circulat\u00f3rio Ca\u00e7a palavras Sistema digest\u00f3rio Ca\u00e7a palavras sistema imune Ca\u00e7a palavras Sistema tegumentar Ca\u00e7a-palavras-Sistema-Urin\u00e1rio Ca\u00e7a palavras tecido nervoso Ca\u00e7a palavras tecido muscular Ca\u00e7a palavras tecido adiposo Ca\u00e7a palavras tecido cartilaginoso \u00a0Ca\u00e7a palavras \u00a0 tecido epitelial Ca\u00e7a palavras tecido \u00f3sseo Ca\u00e7a palavras tecido conjuntivo Ca\u00e7a palavras [&hellip;]<\/p>\n","protected":false},"author":652,"featured_media":0,"parent":0,"menu_order":0,"comment_status":"closed","ping_status":"closed","template":"","meta":{"advanced_seo_description":"","jetpack_seo_html_title":"","jetpack_seo_noindex":false,"jetpack_post_was_ever_published":false,"footnotes":""},"class_list":["post-536","page","type-page","status-publish","hentry"],"jetpack_sharing_enabled":true,"jetpack_shortlink":"https:\/\/wp.me\/P8WvZK-8E","_links":{"self":[{"href":"https:\/\/wp.ufpel.edu.br\/historep\/wp-json\/wp\/v2\/pages\/536","targetHints":{"allow":["GET"]}}],"collection":[{"href":"https:\/\/wp.ufpel.edu.br\/historep\/wp-json\/wp\/v2\/pages"}],"about":[{"href":"https:\/\/wp.ufpel.edu.br\/historep\/wp-json\/wp\/v2\/types\/page"}],"author":[{"embeddable":true,"href":"https:\/\/wp.ufpel.edu.br\/historep\/wp-json\/wp\/v2\/users\/652"}],"replies":[{"embeddable":true,"href":"https:\/\/wp.ufpel.edu.br\/historep\/wp-json\/wp\/v2\/comments?post=536"}],"version-history":[{"count":11,"href":"https:\/\/wp.ufpel.edu.br\/historep\/wp-json\/wp\/v2\/pages\/536\/revisions"}],"predecessor-version":[{"id":824,"href":"https:\/\/wp.ufpel.edu.br\/historep\/wp-json\/wp\/v2\/pages\/536\/revisions\/824"}],"wp:attachment":[{"href":"https:\/\/wp.ufpel.edu.br\/historep\/wp-json\/wp\/v2\/media?parent=536"}],"curies":[{"name":"wp","href":"https:\/\/api.w.org\/{rel}","templated":true}]}}