{"id":438,"date":"2018-02-12T19:42:54","date_gmt":"2018-02-12T21:42:54","guid":{"rendered":"https:\/\/wp.ufpel.edu.br\/historep\/?page_id=438"},"modified":"2018-02-12T19:45:57","modified_gmt":"2018-02-12T21:45:57","slug":"fotos-do-laminario-prova-pratica-1-histologia-geral-odonto","status":"publish","type":"page","link":"https:\/\/wp.ufpel.edu.br\/historep\/fotos-do-laminario-prova-pratica-1-histologia-geral-odonto\/","title":{"rendered":"Fotos do lamin\u00e1rio prova pr\u00e1tica 1 &#8211; Histologia Geral Odonto"},"content":{"rendered":"<p>As fotos contidas nesta p\u00e1gina foram registradas por alunos da disciplina de Histologia II, do curso de Veterin\u00e1ria, e da disciplina de Histologia Geral da Odontologia,com celulares, durante as aulas pr\u00e1ticas da disciplina.<\/p>\n<p><img class=\"alignleft size-medium wp-image-440\" src=\"https:\/\/wp.ufpel.edu.br\/historep\/files\/2018\/02\/rim1-225x400.jpg\" alt=\"\" width=\"225\" height=\"400\" srcset=\"https:\/\/wp.ufpel.edu.br\/historep\/files\/2018\/02\/rim1-225x400.jpg 225w, https:\/\/wp.ufpel.edu.br\/historep\/files\/2018\/02\/rim1.jpg 539w\" sizes=\"(max-width: 225px) 100vw, 225px\" \/> <img class=\"alignleft size-medium wp-image-441\" src=\"https:\/\/wp.ufpel.edu.br\/historep\/files\/2018\/02\/rim2-375x400.jpg\" alt=\"\" width=\"375\" height=\"400\" srcset=\"https:\/\/wp.ufpel.edu.br\/historep\/files\/2018\/02\/rim2-375x400.jpg 375w, https:\/\/wp.ufpel.edu.br\/historep\/files\/2018\/02\/rim2-768x819.jpg 768w, https:\/\/wp.ufpel.edu.br\/historep\/files\/2018\/02\/rim2.jpg 900w\" sizes=\"(max-width: 375px) 100vw, 375px\" \/> <img class=\"alignleft size-medium wp-image-428\" src=\"https:\/\/wp.ufpel.edu.br\/historep\/files\/2018\/02\/ureter-400x307.jpg\" alt=\"\" width=\"400\" height=\"307\" srcset=\"https:\/\/wp.ufpel.edu.br\/historep\/files\/2018\/02\/ureter-400x307.jpg 400w, https:\/\/wp.ufpel.edu.br\/historep\/files\/2018\/02\/ureter.jpg 581w\" sizes=\"(max-width: 400px) 100vw, 400px\" \/><\/p>\n<p>&nbsp;<\/p>\n","protected":false},"excerpt":{"rendered":"<p>As fotos contidas nesta p\u00e1gina foram registradas por alunos da disciplina de Histologia II, do curso de Veterin\u00e1ria, e da disciplina de Histologia Geral da Odontologia,com celulares, durante as aulas pr\u00e1ticas da disciplina. &nbsp;<\/p>\n","protected":false},"author":652,"featured_media":0,"parent":0,"menu_order":0,"comment_status":"closed","ping_status":"closed","template":"","meta":{"advanced_seo_description":"","jetpack_seo_html_title":"","jetpack_seo_noindex":false,"jetpack_post_was_ever_published":false,"footnotes":""},"class_list":["post-438","page","type-page","status-publish","hentry"],"jetpack_sharing_enabled":true,"jetpack_shortlink":"https:\/\/wp.me\/P8WvZK-74","_links":{"self":[{"href":"https:\/\/wp.ufpel.edu.br\/historep\/wp-json\/wp\/v2\/pages\/438","targetHints":{"allow":["GET"]}}],"collection":[{"href":"https:\/\/wp.ufpel.edu.br\/historep\/wp-json\/wp\/v2\/pages"}],"about":[{"href":"https:\/\/wp.ufpel.edu.br\/historep\/wp-json\/wp\/v2\/types\/page"}],"author":[{"embeddable":true,"href":"https:\/\/wp.ufpel.edu.br\/historep\/wp-json\/wp\/v2\/users\/652"}],"replies":[{"embeddable":true,"href":"https:\/\/wp.ufpel.edu.br\/historep\/wp-json\/wp\/v2\/comments?post=438"}],"version-history":[{"count":1,"href":"https:\/\/wp.ufpel.edu.br\/historep\/wp-json\/wp\/v2\/pages\/438\/revisions"}],"predecessor-version":[{"id":442,"href":"https:\/\/wp.ufpel.edu.br\/historep\/wp-json\/wp\/v2\/pages\/438\/revisions\/442"}],"wp:attachment":[{"href":"https:\/\/wp.ufpel.edu.br\/historep\/wp-json\/wp\/v2\/media?parent=438"}],"curies":[{"name":"wp","href":"https:\/\/api.w.org\/{rel}","templated":true}]}}