{"id":409,"date":"2018-02-12T17:49:07","date_gmt":"2018-02-12T19:49:07","guid":{"rendered":"https:\/\/wp.ufpel.edu.br\/historep\/?page_id=409"},"modified":"2018-06-07T11:28:36","modified_gmt":"2018-06-07T14:28:36","slug":"fotos-do-laminario-prova-pratica-2-veterinaria","status":"publish","type":"page","link":"https:\/\/wp.ufpel.edu.br\/historep\/fotos-do-laminario-prova-pratica-2-veterinaria\/","title":{"rendered":"Fotos do Lamin\u00e1rio Prova pr\u00e1tica 2 Veterin\u00e1ria"},"content":{"rendered":"<p><img loading=\"lazy\" decoding=\"async\" class=\"alignleft size-medium wp-image-546\" src=\"https:\/\/wp.ufpel.edu.br\/historep\/files\/2018\/06\/tuba4-400x228.jpg\" alt=\"\" width=\"400\" height=\"228\" srcset=\"https:\/\/wp.ufpel.edu.br\/historep\/files\/2018\/06\/tuba4-400x228.jpg 400w, https:\/\/wp.ufpel.edu.br\/historep\/files\/2018\/06\/tuba4-768x438.jpg 768w, https:\/\/wp.ufpel.edu.br\/historep\/files\/2018\/06\/tuba4.jpg 1015w\" sizes=\"auto, (max-width: 400px) 100vw, 400px\" \/> <img loading=\"lazy\" decoding=\"async\" class=\"alignleft size-medium wp-image-547\" src=\"https:\/\/wp.ufpel.edu.br\/historep\/files\/2018\/06\/tuba3-400x226.jpg\" alt=\"\" width=\"400\" height=\"226\" srcset=\"https:\/\/wp.ufpel.edu.br\/historep\/files\/2018\/06\/tuba3-400x226.jpg 400w, https:\/\/wp.ufpel.edu.br\/historep\/files\/2018\/06\/tuba3-768x434.jpg 768w, https:\/\/wp.ufpel.edu.br\/historep\/files\/2018\/06\/tuba3.jpg 1017w\" sizes=\"auto, (max-width: 400px) 100vw, 400px\" \/> <img loading=\"lazy\" decoding=\"async\" class=\"alignleft size-medium wp-image-548\" src=\"https:\/\/wp.ufpel.edu.br\/historep\/files\/2018\/06\/ovario5-400x204.jpg\" alt=\"\" width=\"400\" height=\"204\" srcset=\"https:\/\/wp.ufpel.edu.br\/historep\/files\/2018\/06\/ovario5-400x204.jpg 400w, https:\/\/wp.ufpel.edu.br\/historep\/files\/2018\/06\/ovario5-768x392.jpg 768w, https:\/\/wp.ufpel.edu.br\/historep\/files\/2018\/06\/ovario5-1024x523.jpg 1024w, https:\/\/wp.ufpel.edu.br\/historep\/files\/2018\/06\/ovario5.jpg 1140w\" sizes=\"auto, (max-width: 400px) 100vw, 400px\" \/> <img loading=\"lazy\" decoding=\"async\" class=\"alignleft size-medium wp-image-549\" src=\"https:\/\/wp.ufpel.edu.br\/historep\/files\/2018\/06\/pulm\u00e3o-400x243.jpg\" alt=\"\" width=\"400\" height=\"243\" srcset=\"https:\/\/wp.ufpel.edu.br\/historep\/files\/2018\/06\/pulm\u00e3o-400x243.jpg 400w, https:\/\/wp.ufpel.edu.br\/historep\/files\/2018\/06\/pulm\u00e3o-768x467.jpg 768w, https:\/\/wp.ufpel.edu.br\/historep\/files\/2018\/06\/pulm\u00e3o.jpg 958w\" sizes=\"auto, (max-width: 400px) 100vw, 400px\" \/> <img loading=\"lazy\" decoding=\"async\" class=\"alignleft size-medium wp-image-550\" src=\"https:\/\/wp.ufpel.edu.br\/historep\/files\/2018\/06\/epit-resp-400x231.jpg\" alt=\"\" width=\"400\" height=\"231\" srcset=\"https:\/\/wp.ufpel.edu.br\/historep\/files\/2018\/06\/epit-resp-400x231.jpg 400w, https:\/\/wp.ufpel.edu.br\/historep\/files\/2018\/06\/epit-resp-768x443.jpg 768w, https:\/\/wp.ufpel.edu.br\/historep\/files\/2018\/06\/epit-resp.jpg 1012w\" sizes=\"auto, (max-width: 400px) 100vw, 400px\" \/> <img loading=\"lazy\" decoding=\"async\" class=\"alignleft size-medium wp-image-551\" src=\"https:\/\/wp.ufpel.edu.br\/historep\/files\/2018\/06\/traqueia-400x260.jpg\" alt=\"\" width=\"400\" height=\"260\" srcset=\"https:\/\/wp.ufpel.edu.br\/historep\/files\/2018\/06\/traqueia-400x260.jpg 400w, https:\/\/wp.ufpel.edu.br\/historep\/files\/2018\/06\/traqueia-768x499.jpg 768w, https:\/\/wp.ufpel.edu.br\/historep\/files\/2018\/06\/traqueia.jpg 895w\" sizes=\"auto, (max-width: 400px) 100vw, 400px\" \/> <img loading=\"lazy\" decoding=\"async\" class=\"alignleft size-medium wp-image-552\" src=\"https:\/\/wp.ufpel.edu.br\/historep\/files\/2018\/06\/traq6-400x353.jpg\" alt=\"\" width=\"400\" height=\"353\" srcset=\"https:\/\/wp.ufpel.edu.br\/historep\/files\/2018\/06\/traq6-400x353.jpg 400w, https:\/\/wp.ufpel.edu.br\/historep\/files\/2018\/06\/traq6.jpg 658w\" sizes=\"auto, (max-width: 400px) 100vw, 400px\" \/> <img loading=\"lazy\" decoding=\"async\" class=\"alignleft size-medium wp-image-553\" src=\"https:\/\/wp.ufpel.edu.br\/historep\/files\/2018\/06\/trq5-361x400.jpg\" alt=\"\" width=\"361\" height=\"400\" srcset=\"https:\/\/wp.ufpel.edu.br\/historep\/files\/2018\/06\/trq5-361x400.jpg 361w, https:\/\/wp.ufpel.edu.br\/historep\/files\/2018\/06\/trq5.jpg 522w\" sizes=\"auto, (max-width: 361px) 100vw, 361px\" \/> <img loading=\"lazy\" decoding=\"async\" class=\"alignleft size-medium wp-image-554\" src=\"https:\/\/wp.ufpel.edu.br\/historep\/files\/2018\/06\/trq4-400x392.jpg\" alt=\"\" width=\"400\" height=\"392\" srcset=\"https:\/\/wp.ufpel.edu.br\/historep\/files\/2018\/06\/trq4-400x392.jpg 400w, https:\/\/wp.ufpel.edu.br\/historep\/files\/2018\/06\/trq4.jpg 585w\" sizes=\"auto, (max-width: 400px) 100vw, 400px\" \/>As fotos contidas nesta p\u00e1gina foram registradas por alunos da disciplina de Histologia II, do curso de Veterin\u00e1ria, com celulares, durante as aulas pr\u00e1ticas da disciplina.<\/p>\n<p><img loading=\"lazy\" decoding=\"async\" class=\"alignleft size-medium wp-image-411\" src=\"https:\/\/wp.ufpel.edu.br\/historep\/files\/2018\/02\/albuginea-400x240.jpg\" alt=\"\" width=\"400\" height=\"240\" srcset=\"https:\/\/wp.ufpel.edu.br\/historep\/files\/2018\/02\/albuginea-400x240.jpg 400w, https:\/\/wp.ufpel.edu.br\/historep\/files\/2018\/02\/albuginea.jpg 718w\" sizes=\"auto, (max-width: 400px) 100vw, 400px\" \/> <img loading=\"lazy\" decoding=\"async\" class=\"alignleft size-medium wp-image-412\" src=\"https:\/\/wp.ufpel.edu.br\/historep\/files\/2018\/02\/bexiga-400x240.jpg\" alt=\"\" width=\"400\" height=\"240\" srcset=\"https:\/\/wp.ufpel.edu.br\/historep\/files\/2018\/02\/bexiga-400x240.jpg 400w, https:\/\/wp.ufpel.edu.br\/historep\/files\/2018\/02\/bexiga.jpg 718w\" sizes=\"auto, (max-width: 400px) 100vw, 400px\" \/> <img loading=\"lazy\" decoding=\"async\" class=\"alignleft size-medium wp-image-413\" src=\"https:\/\/wp.ufpel.edu.br\/historep\/files\/2018\/02\/ducto-deferente-400x279.jpg\" alt=\"\" width=\"400\" height=\"279\" srcset=\"https:\/\/wp.ufpel.edu.br\/historep\/files\/2018\/02\/ducto-deferente-400x279.jpg 400w, https:\/\/wp.ufpel.edu.br\/historep\/files\/2018\/02\/ducto-deferente.jpg 638w\" sizes=\"auto, (max-width: 400px) 100vw, 400px\" \/> <img loading=\"lazy\" decoding=\"async\" class=\"alignleft size-medium wp-image-414\" src=\"https:\/\/wp.ufpel.edu.br\/historep\/files\/2018\/02\/espermatogonia-400x281.jpg\" alt=\"\" width=\"400\" height=\"281\" srcset=\"https:\/\/wp.ufpel.edu.br\/historep\/files\/2018\/02\/espermatogonia-400x281.jpg 400w, https:\/\/wp.ufpel.edu.br\/historep\/files\/2018\/02\/espermatogonia.jpg 637w\" sizes=\"auto, (max-width: 400px) 100vw, 400px\" \/> <img loading=\"lazy\" decoding=\"async\" class=\"alignleft size-medium wp-image-415\" src=\"https:\/\/wp.ufpel.edu.br\/historep\/files\/2018\/02\/espermatozoides-400x248.jpg\" alt=\"\" width=\"400\" height=\"248\" srcset=\"https:\/\/wp.ufpel.edu.br\/historep\/files\/2018\/02\/espermatozoides-400x248.jpg 400w, https:\/\/wp.ufpel.edu.br\/historep\/files\/2018\/02\/espermatozoides.jpg 719w\" sizes=\"auto, (max-width: 400px) 100vw, 400px\" \/> <img loading=\"lazy\" decoding=\"async\" class=\"alignleft size-medium wp-image-416\" src=\"https:\/\/wp.ufpel.edu.br\/historep\/files\/2018\/02\/mioide-400x244.jpg\" alt=\"\" width=\"400\" height=\"244\" srcset=\"https:\/\/wp.ufpel.edu.br\/historep\/files\/2018\/02\/mioide-400x244.jpg 400w, https:\/\/wp.ufpel.edu.br\/historep\/files\/2018\/02\/mioide.jpg 722w\" sizes=\"auto, (max-width: 400px) 100vw, 400px\" \/> <img loading=\"lazy\" decoding=\"async\" class=\"alignleft size-medium wp-image-417\" src=\"https:\/\/wp.ufpel.edu.br\/historep\/files\/2018\/02\/ov\u00e1rio-5-400x255.jpg\" alt=\"\" width=\"400\" height=\"255\" srcset=\"https:\/\/wp.ufpel.edu.br\/historep\/files\/2018\/02\/ov\u00e1rio-5-400x255.jpg 400w, https:\/\/wp.ufpel.edu.br\/historep\/files\/2018\/02\/ov\u00e1rio-5.jpg 691w\" sizes=\"auto, (max-width: 400px) 100vw, 400px\" \/> <img loading=\"lazy\" decoding=\"async\" class=\"alignleft size-medium wp-image-418\" src=\"https:\/\/wp.ufpel.edu.br\/historep\/files\/2018\/02\/ovario-400x261.jpg\" alt=\"\" width=\"400\" height=\"261\" srcset=\"https:\/\/wp.ufpel.edu.br\/historep\/files\/2018\/02\/ovario-400x261.jpg 400w, https:\/\/wp.ufpel.edu.br\/historep\/files\/2018\/02\/ovario.jpg 691w\" sizes=\"auto, (max-width: 400px) 100vw, 400px\" \/> <img loading=\"lazy\" decoding=\"async\" class=\"alignleft size-medium wp-image-419\" src=\"https:\/\/wp.ufpel.edu.br\/historep\/files\/2018\/02\/ovario2-400x263.jpg\" alt=\"\" width=\"400\" height=\"263\" srcset=\"https:\/\/wp.ufpel.edu.br\/historep\/files\/2018\/02\/ovario2-400x263.jpg 400w, https:\/\/wp.ufpel.edu.br\/historep\/files\/2018\/02\/ovario2.jpg 665w\" sizes=\"auto, (max-width: 400px) 100vw, 400px\" \/> <img loading=\"lazy\" decoding=\"async\" class=\"alignleft size-medium wp-image-420\" src=\"https:\/\/wp.ufpel.edu.br\/historep\/files\/2018\/02\/ovario3-400x339.jpg\" alt=\"\" width=\"400\" height=\"339\" srcset=\"https:\/\/wp.ufpel.edu.br\/historep\/files\/2018\/02\/ovario3-400x339.jpg 400w, https:\/\/wp.ufpel.edu.br\/historep\/files\/2018\/02\/ovario3.jpg 522w\" sizes=\"auto, (max-width: 400px) 100vw, 400px\" \/> <img loading=\"lazy\" decoding=\"async\" class=\"alignleft size-medium wp-image-421\" src=\"https:\/\/wp.ufpel.edu.br\/historep\/files\/2018\/02\/ov\u00e1rio3-400x296.jpg\" alt=\"\" width=\"400\" height=\"296\" srcset=\"https:\/\/wp.ufpel.edu.br\/historep\/files\/2018\/02\/ov\u00e1rio3-400x296.jpg 400w, https:\/\/wp.ufpel.edu.br\/historep\/files\/2018\/02\/ov\u00e1rio3.jpg 605w\" sizes=\"auto, (max-width: 400px) 100vw, 400px\" \/> <img loading=\"lazy\" decoding=\"async\" class=\"alignleft size-medium wp-image-422\" src=\"https:\/\/wp.ufpel.edu.br\/historep\/files\/2018\/02\/ovario4-400x320.jpg\" alt=\"\" width=\"400\" height=\"320\" srcset=\"https:\/\/wp.ufpel.edu.br\/historep\/files\/2018\/02\/ovario4-400x320.jpg 400w, https:\/\/wp.ufpel.edu.br\/historep\/files\/2018\/02\/ovario4.jpg 553w\" sizes=\"auto, (max-width: 400px) 100vw, 400px\" \/> <img loading=\"lazy\" decoding=\"async\" class=\"alignleft size-medium wp-image-423\" src=\"https:\/\/wp.ufpel.edu.br\/historep\/files\/2018\/02\/pele-400x256.jpg\" alt=\"\" width=\"400\" height=\"256\" srcset=\"https:\/\/wp.ufpel.edu.br\/historep\/files\/2018\/02\/pele-400x256.jpg 400w, https:\/\/wp.ufpel.edu.br\/historep\/files\/2018\/02\/pele.jpg 700w\" sizes=\"auto, (max-width: 400px) 100vw, 400px\" \/> <img loading=\"lazy\" decoding=\"async\" class=\"alignleft size-medium wp-image-424\" src=\"https:\/\/wp.ufpel.edu.br\/historep\/files\/2018\/02\/rim-400x264.jpg\" alt=\"\" width=\"400\" height=\"264\" srcset=\"https:\/\/wp.ufpel.edu.br\/historep\/files\/2018\/02\/rim-400x264.jpg 400w, https:\/\/wp.ufpel.edu.br\/historep\/files\/2018\/02\/rim.jpg 676w\" sizes=\"auto, (max-width: 400px) 100vw, 400px\" \/> <img loading=\"lazy\" decoding=\"async\" class=\"alignleft size-medium wp-image-425\" src=\"https:\/\/wp.ufpel.edu.br\/historep\/files\/2018\/02\/tec-intersticial-400x265.jpg\" alt=\"\" width=\"400\" height=\"265\" srcset=\"https:\/\/wp.ufpel.edu.br\/historep\/files\/2018\/02\/tec-intersticial-400x265.jpg 400w, https:\/\/wp.ufpel.edu.br\/historep\/files\/2018\/02\/tec-intersticial.jpg 669w\" sizes=\"auto, (max-width: 400px) 100vw, 400px\" \/> <img loading=\"lazy\" decoding=\"async\" class=\"alignleft size-medium wp-image-426\" src=\"https:\/\/wp.ufpel.edu.br\/historep\/files\/2018\/02\/tuba-400x243.jpg\" alt=\"\" width=\"400\" height=\"243\" srcset=\"https:\/\/wp.ufpel.edu.br\/historep\/files\/2018\/02\/tuba-400x243.jpg 400w, https:\/\/wp.ufpel.edu.br\/historep\/files\/2018\/02\/tuba.jpg 708w\" sizes=\"auto, (max-width: 400px) 100vw, 400px\" \/> <img loading=\"lazy\" decoding=\"async\" class=\"alignleft size-medium wp-image-427\" src=\"https:\/\/wp.ufpel.edu.br\/historep\/files\/2018\/02\/tuba2-400x248.jpg\" alt=\"\" width=\"400\" height=\"248\" srcset=\"https:\/\/wp.ufpel.edu.br\/historep\/files\/2018\/02\/tuba2-400x248.jpg 400w, https:\/\/wp.ufpel.edu.br\/historep\/files\/2018\/02\/tuba2.jpg 719w\" sizes=\"auto, (max-width: 400px) 100vw, 400px\" \/> <img loading=\"lazy\" decoding=\"async\" class=\"alignleft size-medium wp-image-428\" src=\"https:\/\/wp.ufpel.edu.br\/historep\/files\/2018\/02\/ureter-400x307.jpg\" alt=\"\" width=\"400\" height=\"307\" srcset=\"https:\/\/wp.ufpel.edu.br\/historep\/files\/2018\/02\/ureter-400x307.jpg 400w, https:\/\/wp.ufpel.edu.br\/historep\/files\/2018\/02\/ureter.jpg 581w\" sizes=\"auto, (max-width: 400px) 100vw, 400px\" \/> <img loading=\"lazy\" decoding=\"async\" class=\"alignleft size-medium wp-image-429\" src=\"https:\/\/wp.ufpel.edu.br\/historep\/files\/2018\/02\/ureter2-400x245.jpg\" alt=\"\" width=\"400\" height=\"245\" srcset=\"https:\/\/wp.ufpel.edu.br\/historep\/files\/2018\/02\/ureter2-400x245.jpg 400w, https:\/\/wp.ufpel.edu.br\/historep\/files\/2018\/02\/ureter2.jpg 722w\" sizes=\"auto, (max-width: 400px) 100vw, 400px\" \/> <img loading=\"lazy\" decoding=\"async\" class=\"alignleft size-medium wp-image-430\" src=\"https:\/\/wp.ufpel.edu.br\/historep\/files\/2018\/02\/ureter3-400x244.jpg\" alt=\"\" width=\"400\" height=\"244\" srcset=\"https:\/\/wp.ufpel.edu.br\/historep\/files\/2018\/02\/ureter3-400x244.jpg 400w, https:\/\/wp.ufpel.edu.br\/historep\/files\/2018\/02\/ureter3.jpg 719w\" sizes=\"auto, (max-width: 400px) 100vw, 400px\" \/> <img loading=\"lazy\" decoding=\"async\" class=\"alignleft size-medium wp-image-431\" src=\"https:\/\/wp.ufpel.edu.br\/historep\/files\/2018\/02\/utero-400x320.jpg\" alt=\"\" width=\"400\" height=\"320\" srcset=\"https:\/\/wp.ufpel.edu.br\/historep\/files\/2018\/02\/utero-400x320.jpg 400w, https:\/\/wp.ufpel.edu.br\/historep\/files\/2018\/02\/utero.jpg 538w\" sizes=\"auto, (max-width: 400px) 100vw, 400px\" \/><\/p>\n","protected":false},"excerpt":{"rendered":"<p>As fotos contidas nesta p\u00e1gina foram registradas por alunos da disciplina de Histologia II, do curso de Veterin\u00e1ria, com celulares, durante as aulas pr\u00e1ticas da disciplina.<\/p>\n","protected":false},"author":652,"featured_media":0,"parent":0,"menu_order":0,"comment_status":"closed","ping_status":"closed","template":"","meta":{"advanced_seo_description":"","jetpack_seo_html_title":"","jetpack_seo_noindex":false,"jetpack_post_was_ever_published":false,"footnotes":""},"class_list":["post-409","page","type-page","status-publish","hentry"],"jetpack_sharing_enabled":true,"jetpack_shortlink":"https:\/\/wp.me\/P8WvZK-6B","_links":{"self":[{"href":"https:\/\/wp.ufpel.edu.br\/historep\/wp-json\/wp\/v2\/pages\/409","targetHints":{"allow":["GET"]}}],"collection":[{"href":"https:\/\/wp.ufpel.edu.br\/historep\/wp-json\/wp\/v2\/pages"}],"about":[{"href":"https:\/\/wp.ufpel.edu.br\/historep\/wp-json\/wp\/v2\/types\/page"}],"author":[{"embeddable":true,"href":"https:\/\/wp.ufpel.edu.br\/historep\/wp-json\/wp\/v2\/users\/652"}],"replies":[{"embeddable":true,"href":"https:\/\/wp.ufpel.edu.br\/historep\/wp-json\/wp\/v2\/comments?post=409"}],"version-history":[{"count":2,"href":"https:\/\/wp.ufpel.edu.br\/historep\/wp-json\/wp\/v2\/pages\/409\/revisions"}],"predecessor-version":[{"id":555,"href":"https:\/\/wp.ufpel.edu.br\/historep\/wp-json\/wp\/v2\/pages\/409\/revisions\/555"}],"wp:attachment":[{"href":"https:\/\/wp.ufpel.edu.br\/historep\/wp-json\/wp\/v2\/media?parent=409"}],"curies":[{"name":"wp","href":"https:\/\/api.w.org\/{rel}","templated":true}]}}