{"id":2081,"date":"2025-10-15T17:37:51","date_gmt":"2025-10-15T20:37:51","guid":{"rendered":"https:\/\/wp.ufpel.edu.br\/historep\/?page_id=2081"},"modified":"2026-05-02T14:46:01","modified_gmt":"2026-05-02T17:46:01","slug":"flashcard-histologia-geral","status":"publish","type":"page","link":"https:\/\/wp.ufpel.edu.br\/historep\/flashcard-histologia-geral\/","title":{"rendered":"Flashcards Histologia Geral"},"content":{"rendered":"<div class=\"h5p-iframe-wrapper\"><iframe id=\"h5p-iframe-65\" class=\"h5p-iframe\" data-content-id=\"65\" style=\"height:1px\" src=\"about:blank\" frameBorder=\"0\" scrolling=\"no\" title=\"Inflama\u00e7\u00e3o Aguda X Cr\u00f4nica\"><\/iframe><\/div>\n<p><div class=\"h5p-iframe-wrapper\"><iframe id=\"h5p-iframe-73\" class=\"h5p-iframe\" data-content-id=\"73\" style=\"height:1px\" src=\"about:blank\" frameBorder=\"0\" scrolling=\"no\" title=\"Responda corretamente as quest\u00f5es a seguir\"><\/iframe><\/div><br \/>\n<div class=\"h5p-iframe-wrapper\"><iframe id=\"h5p-iframe-54\" class=\"h5p-iframe\" data-content-id=\"54\" style=\"height:1px\" src=\"about:blank\" frameBorder=\"0\" scrolling=\"no\" title=\"O corpo em modo f\u00e9rias\"><\/iframe><\/div><br \/>\n<div class=\"h5p-iframe-wrapper\"><iframe id=\"h5p-iframe-52\" class=\"h5p-iframe\" data-content-id=\"52\" style=\"height:1px\" src=\"about:blank\" frameBorder=\"0\" scrolling=\"no\" title=\"Ser\u00e1 que voc\u00ea sabe (H)isto?\"><\/iframe><\/div><br \/>\n<div class=\"h5p-iframe-wrapper\"><iframe id=\"h5p-iframe-51\" class=\"h5p-iframe\" data-content-id=\"51\" style=\"height:1px\" src=\"about:blank\" frameBorder=\"0\" scrolling=\"no\" title=\"Medula \u00d3ssea\"><\/iframe><\/div><br \/>\n<div class=\"h5p-iframe-wrapper\"><iframe id=\"h5p-iframe-49\" class=\"h5p-iframe\" data-content-id=\"49\" style=\"height:1px\" src=\"about:blank\" frameBorder=\"0\" scrolling=\"no\" title=\"Voc\u00ea sabe se (h)isto \u00e9 verdade?\"><\/iframe><\/div><br \/>\n<div class=\"h5p-iframe-wrapper\"><iframe id=\"h5p-iframe-46\" class=\"h5p-iframe\" data-content-id=\"46\" style=\"height:1px\" src=\"about:blank\" frameBorder=\"0\" scrolling=\"no\" title=\"Desafio histol\u00f3gico!\"><\/iframe><\/div><br \/>\n<div class=\"h5p-iframe-wrapper\"><iframe id=\"h5p-iframe-45\" class=\"h5p-iframe\" data-content-id=\"45\" style=\"height:1px\" src=\"about:blank\" frameBorder=\"0\" scrolling=\"no\" title=\"Histologia dos \u00f3rg\u00e3os linf\u00e1ticos - am\u00edgdala\"><\/iframe><\/div><br \/>\n<div class=\"h5p-iframe-wrapper\"><iframe id=\"h5p-iframe-42\" class=\"h5p-iframe\" data-content-id=\"42\" style=\"height:1px\" src=\"about:blank\" frameBorder=\"0\" scrolling=\"no\" title=\"C\u00e9lulas do Sangue\"><\/iframe><\/div><\/p>\n","protected":false},"excerpt":{"rendered":"","protected":false},"author":652,"featured_media":0,"parent":0,"menu_order":0,"comment_status":"closed","ping_status":"closed","template":"","meta":{"advanced_seo_description":"","jetpack_seo_html_title":"","jetpack_seo_noindex":false,"jetpack_post_was_ever_published":false,"footnotes":""},"class_list":["post-2081","page","type-page","status-publish","hentry"],"jetpack_sharing_enabled":true,"jetpack_shortlink":"https:\/\/wp.me\/P8WvZK-xz","_links":{"self":[{"href":"https:\/\/wp.ufpel.edu.br\/historep\/wp-json\/wp\/v2\/pages\/2081","targetHints":{"allow":["GET"]}}],"collection":[{"href":"https:\/\/wp.ufpel.edu.br\/historep\/wp-json\/wp\/v2\/pages"}],"about":[{"href":"https:\/\/wp.ufpel.edu.br\/historep\/wp-json\/wp\/v2\/types\/page"}],"author":[{"embeddable":true,"href":"https:\/\/wp.ufpel.edu.br\/historep\/wp-json\/wp\/v2\/users\/652"}],"replies":[{"embeddable":true,"href":"https:\/\/wp.ufpel.edu.br\/historep\/wp-json\/wp\/v2\/comments?post=2081"}],"version-history":[{"count":3,"href":"https:\/\/wp.ufpel.edu.br\/historep\/wp-json\/wp\/v2\/pages\/2081\/revisions"}],"predecessor-version":[{"id":2495,"href":"https:\/\/wp.ufpel.edu.br\/historep\/wp-json\/wp\/v2\/pages\/2081\/revisions\/2495"}],"wp:attachment":[{"href":"https:\/\/wp.ufpel.edu.br\/historep\/wp-json\/wp\/v2\/media?parent=2081"}],"curies":[{"name":"wp","href":"https:\/\/api.w.org\/{rel}","templated":true}]}}