{"id":1297,"date":"2019-06-18T22:10:06","date_gmt":"2019-06-19T01:10:06","guid":{"rendered":"https:\/\/wp.ufpel.edu.br\/historep\/?page_id=1297"},"modified":"2019-08-13T15:35:00","modified_gmt":"2019-08-13T18:35:00","slug":"resumos-odontologia","status":"publish","type":"page","link":"https:\/\/wp.ufpel.edu.br\/historep\/resumos-odontologia\/","title":{"rendered":"RESUMOS HISTOLOGIA BUCAL"},"content":{"rendered":"<p><a href=\"https:\/\/wp.ufpel.edu.br\/historep\/resumos-odontologia\/colecao-de-fotos-do-desenvolvimento-facial-gaya-1\/\" rel=\"attachment wp-att-1507\">FOTOS DO DESENVOLVIMENTO FACIAL <\/a><\/p>\n<p><a href=\"https:\/\/wp.ufpel.edu.br\/historep\/resumos-odontologia\/resumo-embrio-da-face-e-cavidade-oral-andreza-2\/\" rel=\"attachment wp-att-1426\">Embriologia da face e cavidade oral<\/a><\/p>\n<p><a href=\"https:\/\/wp.ufpel.edu.br\/historep\/resumos-odontologia\/dentina\/\" rel=\"attachment wp-att-1410\">Dentina<\/a><\/p>\n<p><a href=\"https:\/\/wp.ufpel.edu.br\/historep\/resumos-odontologia\/esmalte\/\" rel=\"attachment wp-att-1411\">Esmalte<\/a><\/p>\n<p><a href=\"https:\/\/wp.ufpel.edu.br\/historep\/resumos-odontologia\/odontogenese\/\" rel=\"attachment wp-att-1412\">Odontoge<\/a><a href=\"https:\/\/wp.ufpel.edu.br\/historep\/resumos-odontologia\/odontogenese\/\" rel=\"attachment wp-att-1412\">nese<\/a><\/p>\n<p><a href=\"https:\/\/wp.ufpel.edu.br\/historep\/resumos-odontologia\/periodontos\/\" rel=\"attachment wp-att-1462\">Periodontos<\/a><\/p>\n<p><a href=\"https:\/\/wp.ufpel.edu.br\/historep\/resumos-odontologia\/erupcao-e-esfoliacao-dentaria\/\" rel=\"attachment wp-att-1463\">Erup\u00e7\u00e3o e esfolia\u00e7\u00e3o dent\u00e1ria<\/a><\/p>\n<p><a href=\"https:\/\/wp.ufpel.edu.br\/historep\/resumos-odontologia\/mucosa-da-cavida-oral-e-aparelho-gustativo\/\" rel=\"attachment wp-att-1464\">Mucosa da cavidade oral e aparelho gustativo<\/a><\/p>\n<p><a href=\"https:\/\/wp.ufpel.edu.br\/historep\/resumos-odontologia\/glandulas-salivares\/\" rel=\"attachment wp-att-1465\">Gl\u00e2ndulas Salivares<\/a><\/p>\n<p><a href=\"https:\/\/wp.ufpel.edu.br\/historep\/resumos-odontologia\/periodontos-2\/\" rel=\"attachment wp-att-1494\">Periodonto<\/a><\/p>\n<p><a href=\"https:\/\/wp.ufpel.edu.br\/historep\/resumos-odontologia\/erupcao-e-esfoliacao-dentaria-2\/\" rel=\"attachment wp-att-1495\">Erup\u00e7\u00e3o e esfolia\u00e7\u00e3o dent\u00e1ria<\/a><\/p>\n<p>&nbsp;<\/p>\n","protected":false},"excerpt":{"rendered":"<p>FOTOS DO DESENVOLVIMENTO FACIAL Embriologia da face e cavidade oral Dentina Esmalte Odontogenese Periodontos Erup\u00e7\u00e3o e esfolia\u00e7\u00e3o dent\u00e1ria Mucosa da cavidade oral e aparelho gustativo Gl\u00e2ndulas Salivares&hellip; <span class=\"read-more\"><a class=\"more-link\" href=\"https:\/\/wp.ufpel.edu.br\/historep\/resumos-odontologia\/\" rel=\"bookmark\">Leia Mais <span class=\"screen-reader-text\">&#8220;RESUMOS HISTOLOGIA BUCAL&#8221;<\/span><\/a><\/span><\/p>\n","protected":false},"author":652,"featured_media":0,"parent":0,"menu_order":0,"comment_status":"closed","ping_status":"closed","template":"","meta":{"advanced_seo_description":"","jetpack_seo_html_title":"","jetpack_seo_noindex":false,"jetpack_post_was_ever_published":false,"footnotes":""},"class_list":["post-1297","page","type-page","status-publish","hentry"],"jetpack_sharing_enabled":true,"jetpack_shortlink":"https:\/\/wp.me\/P8WvZK-kV","_links":{"self":[{"href":"https:\/\/wp.ufpel.edu.br\/historep\/wp-json\/wp\/v2\/pages\/1297","targetHints":{"allow":["GET"]}}],"collection":[{"href":"https:\/\/wp.ufpel.edu.br\/historep\/wp-json\/wp\/v2\/pages"}],"about":[{"href":"https:\/\/wp.ufpel.edu.br\/historep\/wp-json\/wp\/v2\/types\/page"}],"author":[{"embeddable":true,"href":"https:\/\/wp.ufpel.edu.br\/historep\/wp-json\/wp\/v2\/users\/652"}],"replies":[{"embeddable":true,"href":"https:\/\/wp.ufpel.edu.br\/historep\/wp-json\/wp\/v2\/comments?post=1297"}],"version-history":[{"count":8,"href":"https:\/\/wp.ufpel.edu.br\/historep\/wp-json\/wp\/v2\/pages\/1297\/revisions"}],"predecessor-version":[{"id":1508,"href":"https:\/\/wp.ufpel.edu.br\/historep\/wp-json\/wp\/v2\/pages\/1297\/revisions\/1508"}],"wp:attachment":[{"href":"https:\/\/wp.ufpel.edu.br\/historep\/wp-json\/wp\/v2\/media?parent=1297"}],"curies":[{"name":"wp","href":"https:\/\/api.w.org\/{rel}","templated":true}]}}