{"id":1233,"date":"2019-04-24T09:32:53","date_gmt":"2019-04-24T12:32:53","guid":{"rendered":"https:\/\/wp.ufpel.edu.br\/historep\/?page_id=1233"},"modified":"2020-08-10T10:48:15","modified_gmt":"2020-08-10T13:48:15","slug":"palavras-cruzadas","status":"publish","type":"page","link":"https:\/\/wp.ufpel.edu.br\/historep\/palavras-cruzadas\/","title":{"rendered":"Palavras cruzadas"},"content":{"rendered":"<p><a href=\"https:\/\/wp.ufpel.edu.br\/historep\/palavras-cruzadas\/palavras-cruzadas-sangue\/\" rel=\"attachment wp-att-1708\">SANGUE<\/a><\/p>\n<p><a href=\"https:\/\/wp.ufpel.edu.br\/historep\/palavras-cruzadas\/palavras-cruzadas-tecido-epitelial-glandular\/\" rel=\"attachment wp-att-1707\">TECIDO EPITELIAL GLANDULAR<\/a><\/p>\n<p><a href=\"https:\/\/wp.ufpel.edu.br\/historep\/palavras-cruzadas\/palavras-cruzadas-tecido-osseo-2\/\" rel=\"attachment wp-att-1703\">TECIDO \u00d3SSEO II<\/a><\/p>\n<p><a href=\"https:\/\/wp.ufpel.edu.br\/historep\/palavras-cruzadas\/palavras-cruzadas-tecido-osseo-4-1\/\" rel=\"attachment wp-att-1704\">TECIDO \u00d3SSEO IV<\/a><\/p>\n<p><a href=\"https:\/\/wp.ufpel.edu.br\/historep\/palavras-cruzadas\/palavras-cruzadas-tecido-osseo-3-1\/\" rel=\"attachment wp-att-1705\">TECIDO \u00d3SSEO III<\/a><\/p>\n<p><a href=\"https:\/\/wp.ufpel.edu.br\/historep\/palavras-cruzadas\/palavras-cruzadas-tecido-epitelial-ii-1\/\" rel=\"attachment wp-att-1699\">TECIDO EPITELIAL II<\/a><\/p>\n<p><a href=\"https:\/\/wp.ufpel.edu.br\/historep\/palavras-cruzadas\/palavras-cruzadas-tecido-nervoso\/\" rel=\"attachment wp-att-1700\">TECIDO NERVOSO<\/a><\/p>\n<p><a href=\"https:\/\/wp.ufpel.edu.br\/historep\/palavras-cruzadas\/palavras-cruzadas-tecido-cartilaginoso-1\/\" rel=\"attachment wp-att-1701\">TECIDO CARTILAGINOSO<\/a><\/p>\n<p><a href=\"https:\/\/wp.ufpel.edu.br\/historep\/palavras-cruzadas\/palavras-cruzadas-tecido-osseo-gaya\/\" rel=\"attachment wp-att-1497\">TECIDO \u00d3SSEO <\/a><\/p>\n<p><a href=\"https:\/\/wp.ufpel.edu.br\/historep\/palavras-cruzadas\/palavras-cruzadas-tecido-osseo-gaya-gabarito\/\" rel=\"attachment wp-att-1498\"> TECIDO \u00d3SSEO GABARITO<\/a><\/p>\n<p><a href=\"https:\/\/wp.ufpel.edu.br\/historep\/palavras-cruzadas\/palavras-cruzadas-odontogenese\/\" rel=\"attachment wp-att-1499\">ODONTOG\u00caNESE<\/a><\/p>\n<p><a href=\"https:\/\/wp.ufpel.edu.br\/historep\/palavras-cruzadas\/palavras-cruzadas-epitelio-word\/\" rel=\"attachment wp-att-1436\"> TECIDO EPITELIAL<\/a><\/p>\n<p><a href=\"https:\/\/wp.ufpel.edu.br\/historep\/palavras-cruzadas\/gabarito-caca-palavras-tecido-epitelial-1\/\" rel=\"attachment wp-att-1434\">G<\/a><a href=\"https:\/\/wp.ufpel.edu.br\/historep\/palavras-cruzadas\/gabarito-caca-palavras-tecido-epitelial-1\/\" rel=\"attachment wp-att-1434\">ABARITO PA<\/a><a href=\"https:\/\/wp.ufpel.edu.br\/historep\/palavras-cruzadas\/gabarito-caca-palavras-tecido-epitelial-1\/\" rel=\"attachment wp-att-1434\">LAVRAS CRUZADAS TECIDO EPITELIAL<\/a><\/p>\n<p><a href=\"https:\/\/wp.ufpel.edu.br\/historep\/palavras-cruzadas\/palavras-cruzadas-adipositos-gaya-okay\/\" rel=\"attachment wp-att-1435\">\u00a0TECIDO ADIPOSO<\/a><\/p>\n<p><a href=\"https:\/\/wp.ufpel.edu.br\/historep\/palavras-cruzadas\/palavras-cruzadas-tecido-muscular-gaya\/\" rel=\"attachment wp-att-1509\"> TECIDO MUSCULAR <\/a><\/p>\n","protected":false},"excerpt":{"rendered":"<p>SANGUE TECIDO EPITELIAL GLANDULAR TECIDO \u00d3SSEO II TECIDO \u00d3SSEO IV TECIDO \u00d3SSEO III TECIDO EPITELIAL II TECIDO NERVOSO TECIDO CARTILAGINOSO TECIDO \u00d3SSEO TECIDO \u00d3SSEO GABARITO ODONTOG\u00caNESE TECIDO&hellip; <span class=\"read-more\"><a class=\"more-link\" href=\"https:\/\/wp.ufpel.edu.br\/historep\/palavras-cruzadas\/\" rel=\"bookmark\">Leia Mais <span class=\"screen-reader-text\">&#8220;Palavras cruzadas&#8221;<\/span><\/a><\/span><\/p>\n","protected":false},"author":652,"featured_media":0,"parent":0,"menu_order":0,"comment_status":"closed","ping_status":"closed","template":"","meta":{"advanced_seo_description":"","jetpack_seo_html_title":"","jetpack_seo_noindex":false,"jetpack_post_was_ever_published":false,"footnotes":""},"class_list":["post-1233","page","type-page","status-publish","hentry"],"jetpack_sharing_enabled":true,"jetpack_shortlink":"https:\/\/wp.me\/P8WvZK-jT","_links":{"self":[{"href":"https:\/\/wp.ufpel.edu.br\/historep\/wp-json\/wp\/v2\/pages\/1233","targetHints":{"allow":["GET"]}}],"collection":[{"href":"https:\/\/wp.ufpel.edu.br\/historep\/wp-json\/wp\/v2\/pages"}],"about":[{"href":"https:\/\/wp.ufpel.edu.br\/historep\/wp-json\/wp\/v2\/types\/page"}],"author":[{"embeddable":true,"href":"https:\/\/wp.ufpel.edu.br\/historep\/wp-json\/wp\/v2\/users\/652"}],"replies":[{"embeddable":true,"href":"https:\/\/wp.ufpel.edu.br\/historep\/wp-json\/wp\/v2\/comments?post=1233"}],"version-history":[{"count":9,"href":"https:\/\/wp.ufpel.edu.br\/historep\/wp-json\/wp\/v2\/pages\/1233\/revisions"}],"predecessor-version":[{"id":1709,"href":"https:\/\/wp.ufpel.edu.br\/historep\/wp-json\/wp\/v2\/pages\/1233\/revisions\/1709"}],"wp:attachment":[{"href":"https:\/\/wp.ufpel.edu.br\/historep\/wp-json\/wp\/v2\/media?parent=1233"}],"curies":[{"name":"wp","href":"https:\/\/api.w.org\/{rel}","templated":true}]}}