{"id":113,"date":"2016-10-14T10:10:52","date_gmt":"2016-10-14T13:10:52","guid":{"rendered":"https:\/\/wp.ufpel.edu.br\/historep\/?page_id=113"},"modified":"2017-03-28T14:41:57","modified_gmt":"2017-03-28T17:41:57","slug":"inicio","status":"publish","type":"page","link":"https:\/\/wp.ufpel.edu.br\/historep\/inicio\/","title":{"rendered":"In\u00edcio"},"content":{"rendered":"<p>Bem-vindo!<br \/>\nSomos um grupo de pesquisa, extens\u00e3o e ensino voltado para histologia e reprodu\u00e7\u00e3o de equinos.<br \/>\nNo site, em constru\u00e7\u00e3o, voc\u00ea encontrar\u00e1 jogos, textos, videos e fotos sobre histologia e reprodu\u00e7\u00e3o de equinos.<br \/>\nClique nos links inseridos no menu do site e se divirta com o jogo da mem\u00f3ria e com os quizzes histol\u00f3gicos e revise o conte\u00fado com os videos e textos!<\/p>\n","protected":false},"excerpt":{"rendered":"<p>Bem-vindo! Somos um grupo de pesquisa, extens\u00e3o e ensino voltado para histologia e reprodu\u00e7\u00e3o de equinos. No site, em constru\u00e7\u00e3o, voc\u00ea encontrar\u00e1 jogos, textos, videos e fotos&hellip; <span class=\"read-more\"><a class=\"more-link\" href=\"https:\/\/wp.ufpel.edu.br\/historep\/inicio\/\" rel=\"bookmark\">Leia Mais <span class=\"screen-reader-text\">&#8220;In\u00edcio&#8221;<\/span><\/a><\/span><\/p>\n","protected":false},"author":452,"featured_media":0,"parent":0,"menu_order":0,"comment_status":"closed","ping_status":"closed","template":"","meta":{"advanced_seo_description":"","jetpack_seo_html_title":"","jetpack_seo_noindex":false,"jetpack_post_was_ever_published":false,"footnotes":""},"class_list":["post-113","page","type-page","status-publish","hentry"],"jetpack_sharing_enabled":true,"jetpack_shortlink":"https:\/\/wp.me\/P8WvZK-1P","_links":{"self":[{"href":"https:\/\/wp.ufpel.edu.br\/historep\/wp-json\/wp\/v2\/pages\/113","targetHints":{"allow":["GET"]}}],"collection":[{"href":"https:\/\/wp.ufpel.edu.br\/historep\/wp-json\/wp\/v2\/pages"}],"about":[{"href":"https:\/\/wp.ufpel.edu.br\/historep\/wp-json\/wp\/v2\/types\/page"}],"author":[{"embeddable":true,"href":"https:\/\/wp.ufpel.edu.br\/historep\/wp-json\/wp\/v2\/users\/452"}],"replies":[{"embeddable":true,"href":"https:\/\/wp.ufpel.edu.br\/historep\/wp-json\/wp\/v2\/comments?post=113"}],"version-history":[{"count":4,"href":"https:\/\/wp.ufpel.edu.br\/historep\/wp-json\/wp\/v2\/pages\/113\/revisions"}],"predecessor-version":[{"id":251,"href":"https:\/\/wp.ufpel.edu.br\/historep\/wp-json\/wp\/v2\/pages\/113\/revisions\/251"}],"wp:attachment":[{"href":"https:\/\/wp.ufpel.edu.br\/historep\/wp-json\/wp\/v2\/media?parent=113"}],"curies":[{"name":"wp","href":"https:\/\/api.w.org\/{rel}","templated":true}]}}