{"id":157,"date":"2018-12-20T14:46:57","date_gmt":"2018-12-20T16:46:57","guid":{"rendered":"https:\/\/wp.ufpel.edu.br\/histologiainterativa\/?page_id=157"},"modified":"2018-12-26T15:35:09","modified_gmt":"2018-12-26T17:35:09","slug":"embriologia-geral-ilustrada","status":"publish","type":"page","link":"https:\/\/wp.ufpel.edu.br\/histologiainterativa\/embriologia-geral-ilustrada\/","title":{"rendered":"EMBRIOLOGIA GERAL ILUSTRADA"},"content":{"rendered":"<p><strong>INTRODU\u00c7\u00c3O<\/strong><\/p>\n<p>&nbsp;<\/p>\n<p style=\"text-align: justify\">Este \u00e9 um livro eletr\u00f4nico simples e despretensioso, criado para auxiliar alunos ou profissionais da \u00e1rea biom\u00e9dica a compreenderem o b\u00e1sico da Embriologia Humana Geral.<\/p>\n<p style=\"text-align: justify\">Consiste em um roteiro ilustrado cujas p\u00e1ginas s\u00e3o \u201cquadros\u201d de anima\u00e7\u00f5es controladas pelo aluno, a medida que ele avan\u00e7a ou recua nas p\u00e1ginas, determinando assim a velocidade da anima\u00e7\u00e3o, tornando-a interativa. Para o sistema funcionar, o arquivo (PDF) deve ser baixado no computador, e visualizado no Acrobat Reader (ou semelhante) no modo de tela cheia. Ent\u00e3o, as imagens s\u00e3o movidas com as setas do teclado (&lt; e &gt;). Se for visualizado online, a p\u00e1gina deve ser &#8220;ajustada&#8221; \u00e0 tela, e devem ser usadas as teclas PgUp e PgDn para retornar ou avan\u00e7ar, respectivamente.<\/p>\n<p style=\"text-align: justify\">Espero que este material seja suficientemente motivador para despertar o interesse do aluno pela Embriologia, estimulando-o a ir em busca de mais conhecimento atrav\u00e9s da pesquisa.<\/p>\n<p style=\"text-align: justify\"><b>A autora<\/b><\/p>\n<p>&nbsp;<\/p>\n<p><a href=\"https:\/\/wp.ufpel.edu.br\/histologiainterativa\/files\/2018\/12\/cAPA.eMBRIO.jpg\"><img class=\"wp-image-160 aligncenter\" src=\"https:\/\/wp.ufpel.edu.br\/histologiainterativa\/files\/2018\/12\/cAPA.eMBRIO-400x300.jpg\" alt=\"\" width=\"515\" height=\"386\" srcset=\"https:\/\/wp.ufpel.edu.br\/histologiainterativa\/files\/2018\/12\/cAPA.eMBRIO-400x300.jpg 400w, https:\/\/wp.ufpel.edu.br\/histologiainterativa\/files\/2018\/12\/cAPA.eMBRIO-768x576.jpg 768w, https:\/\/wp.ufpel.edu.br\/histologiainterativa\/files\/2018\/12\/cAPA.eMBRIO.jpg 960w\" sizes=\"(max-width: 515px) 100vw, 515px\" \/><\/a><\/p>\n<p style=\"text-align: center\"><a href=\"https:\/\/wp.ufpel.edu.br\/histologiainterativa\/files\/2018\/12\/download.jpg\"><img class=\"alignnone size-full wp-image-163\" src=\"https:\/\/wp.ufpel.edu.br\/histologiainterativa\/files\/2018\/12\/download.jpg\" alt=\"\" width=\"303\" height=\"132\" \/><\/a><\/p>\n<p style=\"text-align: center\"><a href=\"https:\/\/wp.ufpel.edu.br\/histologiainterativa\/files\/2018\/12\/Semana4a8_tudo.pdf\">Embriologia B\u00e1sica (10,5 MB)<\/a><\/p>\n<p style=\"text-align: center\"><a href=\"https:\/\/wp.ufpel.edu.br\/histologiainterativa\/files\/2018\/12\/Semana4a8_tudo_peq.pdf\">Embriologia B\u00e1sica (5,4 MB)<\/a><\/p>\n<p>&nbsp;<\/p>\n<p style=\"text-align: center\">\u00a0<a href=\"https:\/\/wp.ufpel.edu.br\/histologiainterativa\/files\/2018\/12\/ANIMAC\u00d5ES.jpg\"><img class=\"alignnone wp-image-177\" src=\"https:\/\/wp.ufpel.edu.br\/histologiainterativa\/files\/2018\/12\/ANIMAC\u00d5ES.jpg\" alt=\"\" width=\"270\" height=\"97\" \/><\/a><\/p>\n<p style=\"text-align: center\"><a href=\"https:\/\/wp.ufpel.edu.br\/histologiainterativa\/files\/2018\/12\/DOB1.avi\">Dobramento do embri\u00e3o &#8211; 4\u00aa semana<\/a><\/p>\n<p style=\"text-align: center\"><a href=\"https:\/\/wp.ufpel.edu.br\/histologiainterativa\/files\/2018\/12\/EMBRIO1.avi\">Mudan\u00e7a na forma do corpo &#8211; 4\u00aa a 8\u00aa semana<\/a><\/p>\n<p>&nbsp;<\/p>\n<p>&nbsp;<\/p>\n<p>&nbsp;<\/p>\n","protected":false},"excerpt":{"rendered":"<p>INTRODU\u00c7\u00c3O &nbsp; Este \u00e9 um livro eletr\u00f4nico simples e despretensioso, criado para auxiliar alunos ou profissionais da \u00e1rea biom\u00e9dica a compreenderem o b\u00e1sico da Embriologia Humana Geral. Consiste em um roteiro ilustrado cujas p\u00e1ginas s\u00e3o \u201cquadros\u201d de anima\u00e7\u00f5es controladas pelo aluno, a medida que ele avan\u00e7a ou recua nas p\u00e1ginas, determinando assim a velocidade da [&hellip;]<\/p>\n","protected":false},"author":447,"featured_media":0,"parent":0,"menu_order":0,"comment_status":"closed","ping_status":"closed","template":"","meta":{"footnotes":""},"class_list":["post-157","page","type-page","status-publish","hentry"],"jetpack_sharing_enabled":true,"_links":{"self":[{"href":"https:\/\/wp.ufpel.edu.br\/histologiainterativa\/wp-json\/wp\/v2\/pages\/157","targetHints":{"allow":["GET"]}}],"collection":[{"href":"https:\/\/wp.ufpel.edu.br\/histologiainterativa\/wp-json\/wp\/v2\/pages"}],"about":[{"href":"https:\/\/wp.ufpel.edu.br\/histologiainterativa\/wp-json\/wp\/v2\/types\/page"}],"author":[{"embeddable":true,"href":"https:\/\/wp.ufpel.edu.br\/histologiainterativa\/wp-json\/wp\/v2\/users\/447"}],"replies":[{"embeddable":true,"href":"https:\/\/wp.ufpel.edu.br\/histologiainterativa\/wp-json\/wp\/v2\/comments?post=157"}],"version-history":[{"count":7,"href":"https:\/\/wp.ufpel.edu.br\/histologiainterativa\/wp-json\/wp\/v2\/pages\/157\/revisions"}],"predecessor-version":[{"id":182,"href":"https:\/\/wp.ufpel.edu.br\/histologiainterativa\/wp-json\/wp\/v2\/pages\/157\/revisions\/182"}],"wp:attachment":[{"href":"https:\/\/wp.ufpel.edu.br\/histologiainterativa\/wp-json\/wp\/v2\/media?parent=157"}],"curies":[{"name":"wp","href":"https:\/\/api.w.org\/{rel}","templated":true}]}}