{"id":38,"date":"2013-07-09T21:14:15","date_gmt":"2013-07-10T00:14:15","guid":{"rendered":"https:\/\/wp.ufpel.edu.br\/hisales\/?page_id=38"},"modified":"2020-09-09T09:35:23","modified_gmt":"2020-09-09T12:35:23","slug":"links","status":"publish","type":"page","link":"https:\/\/wp.ufpel.edu.br\/hisales\/links\/","title":{"rendered":"Links"},"content":{"rendered":"<ul>\n<li><span style=\"line-height: 13px\">UFPEL &#8211; UNIVERSIDADE FEDERAL DE PELOTAS:\u00a0<\/span><a title=\"Site da UFPel\" href=\"http:\/\/www.ufpel.edu.br\" target=\"_blank\" rel=\"noopener noreferrer\">http:\/\/www.ufpel.edu.br<\/a><\/li>\n<li><span style=\"line-height: 13px\">FaE\/UFPel &#8211; Faculdade de Educa\u00e7\u00e3o da UFPel:\u00a0<a title=\"Site da FaE\/UFPel\" href=\"http:\/\/fae.ufpel.edu.br\/\" target=\"_blank\" rel=\"noopener noreferrer\">http:\/\/fae.ufpel.edu.br\/<\/a><\/span><\/li>\n<li><span style=\"line-height: 13px\"><span style=\"line-height: 13px\"><span style=\"line-height: 13px\"><span style=\"line-height: 13px\">PPGE\/FaE\/UFPel &#8211; Programa de P\u00f3s-Gradua\u00e7\u00e3o da UFPel:\u00a0<a title=\"Site do PPGE\/FaE\/UFPel\" href=\"http:\/\/www.ufpel.edu.br\/fae\/ppge\/\" target=\"_blank\" rel=\"noopener noreferrer\">http:\/\/www.ufpel.edu.br\/fae\/ppge\/<\/a><\/span><\/span><\/span><\/span><\/li>\n<li>Rede de Museus da UFPel: <a href=\"https:\/\/wp.ufpel.edu.br\/rededemuseusdaufpel\/\">https:\/\/wp.ufpel.edu.br\/rededemuseusdaufpel\/<\/a><\/li>\n<\/ul>\n<p>&#8230;&#8230;&#8230;&#8230;&#8230;&#8230;&#8230;&#8230;&#8230;&#8230;&#8230;&#8230;&#8230;&#8230;&#8230;&#8230;&#8230;&#8230;&#8230;.<\/p>\n<ul>\n<li>ABALF &#8211; Associa\u00e7\u00e3o Brasileira de Alfabetiza\u00e7\u00e3o:\u00a0<a href=\"http:\/\/www.abalf.com.br\/\" target=\"_blank\" rel=\"noopener noreferrer\">http:\/\/www.abalf.com.br\/<\/a><\/li>\n<li>ALB &#8211; Associa\u00e7\u00e3o de Leitura do Brasil:\u00a0<a href=\"http:\/\/alb.com.br\/\" target=\"_blank\" rel=\"noopener noreferrer\">http:\/\/alb.com.br\/<\/a><\/li>\n<li>ANPED &#8211; Associa\u00e7\u00e3o Nacional de P\u00f3s-Gradua\u00e7\u00e3o e Pesquisa em Educa\u00e7\u00e3o: <a title=\"Site da ANPED\" href=\"http:\/\/www.anped.org.br\/\" target=\"_blank\" rel=\"noopener noreferrer\">http:\/\/www.anped.org.br\/<\/a><\/li>\n<li>ANPUH &#8211; Associa\u00e7\u00e3o Nacional de Hist\u00f3ria: <a href=\"https:\/\/anpuh.org.br\/\" target=\"_blank\" rel=\"noopener noreferrer\">https:\/\/anpuh.org.br\/<\/a><\/li>\n<li>ASPHE &#8211; Associa\u00e7\u00e3o Sul-Rio-Grandense de Pesquisadores em Hist\u00f3ria da Educa\u00e7\u00e3o:\u00a0<a title=\"Site da ASPHE\" href=\"http:\/\/asphers.blogspot.com.br\/\" target=\"_blank\" rel=\"noopener noreferrer\">http:\/\/asphers.blogspot.com.br\/<\/a><\/li>\n<li>CEINCE &#8211; Centro Internacional de la Cultura Escolar: <a title=\"Site do CEINCE\" href=\"http:\/\/www.ceince.eu\" target=\"_blank\" rel=\"noopener noreferrer\">http:\/\/www.ceince.eu<\/a><\/li>\n<li>CENTRO DI DOCUMENTAZIONE E RICERCA SULLA HISTORIA DEL LIBRO SCOLASTICO E DELLA LETTERATURA PER L&#8217;INFANZIA \/ MUSEO DELLA SCUOLA &#8220;PAOLO\u00a0E ORNELLA RICCA&#8221;: <a title=\"Site do Centro e Museo della Universit\u00e0 di Macerata\" href=\"http:\/\/www.unimc.it\/cescom\/it\" target=\"_blank\" rel=\"noopener noreferrer\">http:\/\/www.unimc.it\/cescom\/it<\/a><\/li>\n<li>EXERCISE BOOK ARCHIVE: <a href=\"https:\/\/www.exercisebookarchive.org\/\" target=\"_blank\" rel=\"noopener noreferrer\">https:\/\/www.exercisebookarchive.org\/<\/a><\/li>\n<li>GEALE \/ UFPel &#8211; Grupo de Estudos sobre Aquisi\u00e7\u00e3o da Linguagem Escrita: <a title=\"Site do GEALE\" href=\"https:\/\/wp.ufpel.edu.br\/geale\/\" target=\"_blank\" rel=\"noopener noreferrer\">https:\/\/wp.ufpel.edu.br\/geale\/<\/a><\/li>\n<li>GEALI \/ FURG &#8211; Grupo de Estudo e Pesquisa em Alfabetiza\u00e7\u00e3o e Letramento: <a href=\"https:\/\/geali.furg.br\/\" target=\"_blank\" rel=\"noopener noreferrer\">https:\/\/geali.furg.br\/<\/a><\/li>\n<li>GRAFOSFERA &#8211; Bit\u00e1cora sobre Cultura Escrita: <a title=\"Site do GRAFOSFERA\" href=\"http:\/\/grafosfera.blogspot.com\" target=\"_blank\" rel=\"noopener noreferrer\">http:\/\/grafosfera.blogspot.com<\/a><\/li>\n<li>GRUPO DE PESQUISA OBJETOS DA ESCOLA \/ UDESC: <a href=\"https:\/\/www.facebook.com\/s.e.culturamaterialescolar\" target=\"_blank\" rel=\"noopener noreferrer\">https:\/\/www.facebook.com\/s.e.culturamaterialescolar<\/a><\/li>\n<li>HEDUCA \/ UFPel &#8211; Hist\u00f3ria e Educa\u00e7\u00e3o: Textos, leituras e escritas: <a href=\"https:\/\/wp.ufpel.edu.br\/leh\/\" target=\"_blank\" rel=\"noopener noreferrer\">https:\/\/wp.ufpel.edu.br\/leh\/<\/a><\/li>\n<li>LEH \/ UFPel &#8211; Laborat\u00f3rio de Ensino de Hist\u00f3ria: <a href=\"https:\/\/wp.ufpel.edu.br\/leh\/\" target=\"_blank\" rel=\"noopener noreferrer\">https:\/\/wp.ufpel.edu.br\/leh\/<\/a><\/li>\n<li>MANES &#8211; Centro de Investigaci\u00f3n Manuales Escolares: <a title=\"Site do MANES\" href=\"http:\/\/www.uned.es\/manesvirtual\/portalmanes.html\" target=\"_blank\" rel=\"noopener noreferrer\">http:\/\/www.uned.es\/manesvirtual\/portalmanes.html<\/a><\/li>\n<li>MUNA\u00c9 &#8211; Mus\u00e9e National de l&#8217;\u00c9ducation Canop\u00e9: <a href=\"https:\/\/www.reseau-canope.fr\/musee\/\" target=\"_blank\" rel=\"noopener noreferrer\">https:\/\/www.reseau-canope.fr\/musee\/<\/a><\/li>\n<li>NEPE \/ FURG &#8211; N\u00facleo de Estudo e Pesquisa em Educa\u00e7\u00e3o da Inf\u00e2ncia: <a title=\"Site do NEPE\" href=\"http:\/\/www.nepe.furg.br\" target=\"_blank\" rel=\"noopener noreferrer\">http:\/\/www.nepe.furg.br<\/a><\/li>\n<li>OBEDUC PACTO \/ UFPel &#8211; Observat\u00f3rio de Educa\u00e7\u00e3o do PNAIC: <a title=\"Site do OBEDUC PACTO UFPel\" href=\"https:\/\/wp.ufpel.edu.br\/obeducpacto\/\" target=\"_blank\" rel=\"noopener noreferrer\">https:\/\/wp.ufpel.edu.br\/obeducpacto\/<\/a><\/li>\n<li>PNAIC \/ UFPel &#8211; Pacto Nacional pela Alfabetiza\u00e7\u00e3o na Idade Certa: <a title=\"Site do PNAIC\/UFPel\" href=\"http:\/\/pnaic.ufpel.edu.br\/\" target=\"_blank\" rel=\"noopener noreferrer\">http:\/\/pnaic.ufpel.edu.br\/<\/a><\/li>\n<li>RELIC\u00c1RIO &#8211; Redes de leituras inscritas: cultura letrada, apropria\u00e7\u00f5es, representa\u00e7\u00f5es e opera\u00e7\u00f5es do ato de ler: <a href=\"https:\/\/www.facebook.com\/Relic%C3%A1rio-Redes-de-Leituras-274007443108877\" target=\"_blank\" rel=\"noopener noreferrer\">https:\/\/www.facebook.com\/Relic%C3%A1rio-Redes-de-Leituras-274007443108877<\/a><\/li>\n<li>REPOSIT\u00d3RIO DIGITAL TATU \/ UNIPAMPA:<a href=\"http:\/\/sistemas.bage.unipampa.edu.br\/tatu\/\" target=\"_blank\" rel=\"noopener noreferrer\"> http:\/\/sistemas.bage.unipampa.edu.br\/tatu\/<\/a><\/li>\n<li>RP-SIG &#8211; Reading Primers Special Interest Group:\u00a0<a title=\"Site do RPI\" href=\"http:\/\/www.schulbuch-gesellschaft.de\/en\/content.php?contentid=103\" target=\"_blank\" rel=\"noopener noreferrer\">http:\/\/www.schulbuch-gesellschaft.de\/en\/content.php?contentid=103<\/a><\/li>\n<li>S. E. CULTURA MATERIAL ESCOLAR \/ UDESC: <a href=\"http:\/\/seminarioculturamaterialescolar.blogspot.com\/\" target=\"_blank\" rel=\"noopener noreferrer\">http:\/\/seminarioculturamaterialescolar.blogspot.com\/<\/a><\/li>\n<li>SBHE &#8211; Sociedade Brasileira de Hist\u00f3ria da Educa\u00e7\u00e3o: <a title=\"Site da SBHE\" href=\"http:\/\/www.sbhe.org.br\/\" target=\"_blank\" rel=\"noopener noreferrer\">http:\/\/www.sbhe.org.br\/<\/a><\/li>\n<\/ul>\n<p>&nbsp;<\/p>\n","protected":false},"excerpt":{"rendered":"<p>UFPEL &#8211; UNIVERSIDADE FEDERAL DE PELOTAS:\u00a0http:\/\/www.ufpel.edu.br FaE\/UFPel &#8211; Faculdade de Educa\u00e7\u00e3o da UFPel:\u00a0http:\/\/fae.ufpel.edu.br\/ PPGE\/FaE\/UFPel &#8211; Programa de P\u00f3s-Gradua\u00e7\u00e3o da UFPel:\u00a0http:\/\/www.ufpel.edu.br\/fae\/ppge\/ Rede de Museus da UFPel: https:\/\/wp.ufpel.edu.br\/rededemuseusdaufpel\/ &#8230;&#8230;&#8230;&#8230;&#8230;&#8230;&#8230;&#8230;&#8230;&#8230;&#8230;&#8230;&#8230;&#8230;&#8230;&#8230;&#8230;&#8230;&#8230;. ABALF &#8211; Associa\u00e7\u00e3o Brasileira de Alfabetiza\u00e7\u00e3o:\u00a0http:\/\/www.abalf.com.br\/ ALB &#8211; Associa\u00e7\u00e3o de Leitura do Brasil:\u00a0http:\/\/alb.com.br\/ ANPED &#8211; Associa\u00e7\u00e3o Nacional de P\u00f3s-Gradua\u00e7\u00e3o e Pesquisa em Educa\u00e7\u00e3o: http:\/\/www.anped.org.br\/ ANPUH &#8211; Associa\u00e7\u00e3o Nacional &hellip; <\/p>\n<p><a class=\"more-link btn\" href=\"https:\/\/wp.ufpel.edu.br\/hisales\/links\/\">Continue lendo<\/a><\/p>\n","protected":false},"author":278,"featured_media":0,"parent":0,"menu_order":9,"comment_status":"closed","ping_status":"closed","template":"","meta":{"jetpack_post_was_ever_published":false,"footnotes":""},"class_list":["post-38","page","type-page","status-publish","hentry","nodate","item-wrap"],"jetpack_sharing_enabled":true,"jetpack_shortlink":"https:\/\/wp.me\/P6RFSo-C","_links":{"self":[{"href":"https:\/\/wp.ufpel.edu.br\/hisales\/wp-json\/wp\/v2\/pages\/38","targetHints":{"allow":["GET"]}}],"collection":[{"href":"https:\/\/wp.ufpel.edu.br\/hisales\/wp-json\/wp\/v2\/pages"}],"about":[{"href":"https:\/\/wp.ufpel.edu.br\/hisales\/wp-json\/wp\/v2\/types\/page"}],"author":[{"embeddable":true,"href":"https:\/\/wp.ufpel.edu.br\/hisales\/wp-json\/wp\/v2\/users\/278"}],"replies":[{"embeddable":true,"href":"https:\/\/wp.ufpel.edu.br\/hisales\/wp-json\/wp\/v2\/comments?post=38"}],"version-history":[{"count":24,"href":"https:\/\/wp.ufpel.edu.br\/hisales\/wp-json\/wp\/v2\/pages\/38\/revisions"}],"predecessor-version":[{"id":1515,"href":"https:\/\/wp.ufpel.edu.br\/hisales\/wp-json\/wp\/v2\/pages\/38\/revisions\/1515"}],"wp:attachment":[{"href":"https:\/\/wp.ufpel.edu.br\/hisales\/wp-json\/wp\/v2\/media?parent=38"}],"curies":[{"name":"wp","href":"https:\/\/api.w.org\/{rel}","templated":true}]}}