{"id":1970,"date":"2023-03-23T14:56:02","date_gmt":"2023-03-23T17:56:02","guid":{"rendered":"https:\/\/wp.ufpel.edu.br\/hisales\/?page_id=1970"},"modified":"2024-04-01T19:47:19","modified_gmt":"2024-04-01T22:47:19","slug":"documentos","status":"publish","type":"page","link":"https:\/\/wp.ufpel.edu.br\/hisales\/documentos\/","title":{"rendered":"Documentos"},"content":{"rendered":"<p>Aqui constam alguns documentos do Hisales que podem ser acessados, clicando sobre o item desejado:<\/p>\n<ul>\n<li><a href=\"https:\/\/wp.ufpel.edu.br\/hisales\/files\/2024\/04\/Regimento-Hisales_2020.pdf\" target=\"_blank\" rel=\"noopener\">Regimento do centro de mem\u00f3ria e pesquisa Hisales<\/a><\/li>\n<li><a href=\"https:\/\/wp.ufpel.edu.br\/hisales\/files\/2024\/04\/Termo-de-doacao-Hisales.pdf\" target=\"_blank\" rel=\"noopener\">Termo de doa\u00e7\u00e3o ao centro de mem\u00f3ria e pesquisa Hisales<\/a><\/li>\n<\/ul>\n","protected":false},"excerpt":{"rendered":"<p>Aqui constam alguns documentos do Hisales que podem ser acessados, clicando sobre o item desejado: Regimento do centro de mem\u00f3ria e pesquisa Hisales Termo de doa\u00e7\u00e3o ao centro de mem\u00f3ria e pesquisa Hisales<\/p>\n","protected":false},"author":278,"featured_media":0,"parent":0,"menu_order":0,"comment_status":"closed","ping_status":"closed","template":"","meta":{"jetpack_post_was_ever_published":false,"footnotes":""},"class_list":["post-1970","page","type-page","status-publish","hentry","nodate","item-wrap"],"jetpack_sharing_enabled":true,"jetpack_shortlink":"https:\/\/wp.me\/P6RFSo-vM","_links":{"self":[{"href":"https:\/\/wp.ufpel.edu.br\/hisales\/wp-json\/wp\/v2\/pages\/1970","targetHints":{"allow":["GET"]}}],"collection":[{"href":"https:\/\/wp.ufpel.edu.br\/hisales\/wp-json\/wp\/v2\/pages"}],"about":[{"href":"https:\/\/wp.ufpel.edu.br\/hisales\/wp-json\/wp\/v2\/types\/page"}],"author":[{"embeddable":true,"href":"https:\/\/wp.ufpel.edu.br\/hisales\/wp-json\/wp\/v2\/users\/278"}],"replies":[{"embeddable":true,"href":"https:\/\/wp.ufpel.edu.br\/hisales\/wp-json\/wp\/v2\/comments?post=1970"}],"version-history":[{"count":10,"href":"https:\/\/wp.ufpel.edu.br\/hisales\/wp-json\/wp\/v2\/pages\/1970\/revisions"}],"predecessor-version":[{"id":2068,"href":"https:\/\/wp.ufpel.edu.br\/hisales\/wp-json\/wp\/v2\/pages\/1970\/revisions\/2068"}],"wp:attachment":[{"href":"https:\/\/wp.ufpel.edu.br\/hisales\/wp-json\/wp\/v2\/media?parent=1970"}],"curies":[{"name":"wp","href":"https:\/\/api.w.org\/{rel}","templated":true}]}}