{"id":1931,"date":"2023-03-20T20:25:35","date_gmt":"2023-03-20T23:25:35","guid":{"rendered":"https:\/\/wp.ufpel.edu.br\/hisales\/?page_id=1931"},"modified":"2023-03-21T00:46:18","modified_gmt":"2023-03-21T03:46:18","slug":"doacoes","status":"publish","type":"page","link":"https:\/\/wp.ufpel.edu.br\/hisales\/doacoes\/","title":{"rendered":"Doa\u00e7\u00f5es"},"content":{"rendered":"<p><strong>O HISALES ACEITA DOA\u00c7\u00d5ES DE MATERIAIS DE TODAS AS \u00c9POCAS E EM QUALQUER ESTADO DE CONSERVA\u00c7\u00c3O RELACIONADOS AOS ACERVOS!<\/strong><\/p>\n<p><strong>Alguns exemplos do que pode ser doado aos acervos do Hisales:<\/strong><br \/>\n\u2013 Cadernos de crian\u00e7as em fase de alfabetiza\u00e7\u00e3o;<br \/>\n\u2013 Di\u00e1rios de classe\/cadernos de planejamento de professoras alfabetizadoras;<br \/>\n\u2013 Livros para o ensino da leitura e da escrita nacionais e estrangeiros (ex.: cartilhas, livros de alfabetiza\u00e7\u00e3o, livros did\u00e1ticos, etc.);<br \/>\n\u2013 Livros did\u00e1ticos \u201cga\u00fachos\u201d (produzidos no RS);<br \/>\n\u2013 Mobili\u00e1rio, materiais did\u00e1tico-pedag\u00f3gicos e relacionados \u00e0 cultura material escolar;<br \/>\n\u2013 Escritas pessoais e familiares.<\/p>\n<p><strong>COMO DOAR:<\/strong><br \/>\nAs doa\u00e7\u00f5es podem ser feitas:<br \/>\n\u2013 diretamente aos integrantes e parceiros do Hisales, que levar\u00e3o o material para os acervos;<br \/>\n\u2013 diretamente na sede do Hisales (Campus II UFPel &#8211; Rua Almirante Barroso, 1202 \/ Sala 101H &#8211; CEP: 96.010-280 Pelotas\/RS &#8211; Brasil);<br \/>\n\u2013 por contato atrav\u00e9s do e-mail do Hisales (<strong>grupohisales@gmail.com<\/strong>);<br \/>\n\u2013 por contato atrav\u00e9s do <strong><a href=\"https:\/\/www.facebook.com\/hisales.ufpel\" target=\"_blank\" rel=\"noopener\">Facebook<\/a><\/strong> e\/ou do <strong><a href=\"https:\/\/www.instagram.com\/hisales.ufpel\/\" target=\"_blank\" rel=\"noopener\">Instagram<\/a><\/strong> do Hisales.<br \/>\n<strong>Aten\u00e7\u00e3o:<\/strong> antes de levar ou entregar o material, \u00e9 importante consultar o Hisales, por algum dos contatos disponibilizados, sobre a possibilidade de aceite dos itens que se pretende doar, para averigua\u00e7\u00e3o de acordo com suas especificidades e escopo dos acervos salvaguardados.<\/p>\n<p><strong>TERMO DE DOA\u00c7\u00c3O:<\/strong><br \/>\nAs doa\u00e7\u00f5es s\u00e3o registradas e documentadas atrav\u00e9s de um Termo de Doa\u00e7\u00e3o, que \u00e9 preenchido no ato da entrega dos materiais. Este documento pode ser preenchido manualmente diretamente na sede do Hisales, pelo doador ou por quem recebeu os itens, em seu nome. O arquivo tamb\u00e9m est\u00e1 dispon\u00edvel para acesso a seguir, caso a pessoa deseje preencher anteriormente e levar o documento pronto para entrega junto \u00e0s\u00a0 suas doa\u00e7\u00f5es.<br \/>\n<a href=\"https:\/\/wp.ufpel.edu.br\/hisales\/files\/2023\/03\/Termo-de-doacao-HISALES-2023.pdf\" target=\"_blank\" rel=\"noopener\"><strong>Termo de doa\u00e7\u00e3o do Hisales: download aqui!<\/strong><\/a><\/p>\n<p>&nbsp;<\/p>\n<p><a href=\"https:\/\/wp.ufpel.edu.br\/hisales\/files\/2013\/07\/campanha-doacoes-face-02.jpg\"><img loading=\"lazy\" decoding=\"async\" class=\"wp-image-190 alignleft\" src=\"https:\/\/wp.ufpel.edu.br\/hisales\/files\/2013\/07\/campanha-doacoes-face-02-1024x761.jpg\" alt=\"campanha doacoes 02\" width=\"472\" height=\"353\" \/><\/a><\/p>\n<p><img loading=\"lazy\" decoding=\"async\" class=\"alignleft\" src=\"https:\/\/wp.ufpel.edu.br\/hisales\/files\/2013\/07\/campanha-doacoes-face-03-300x212.jpg\" alt=\"campanha doacoes 03\" width=\"470\" height=\"332\" \/><\/p>\n","protected":false},"excerpt":{"rendered":"<p>O HISALES ACEITA DOA\u00c7\u00d5ES DE MATERIAIS DE TODAS AS \u00c9POCAS E EM QUALQUER ESTADO DE CONSERVA\u00c7\u00c3O RELACIONADOS AOS ACERVOS! Alguns exemplos do que pode ser doado aos acervos do Hisales: \u2013 Cadernos de crian\u00e7as em fase de alfabetiza\u00e7\u00e3o; \u2013 Di\u00e1rios de classe\/cadernos de planejamento de professoras alfabetizadoras; \u2013 Livros para o ensino da leitura e &hellip; <\/p>\n<p><a class=\"more-link btn\" href=\"https:\/\/wp.ufpel.edu.br\/hisales\/doacoes\/\">Continue lendo<\/a><\/p>\n","protected":false},"author":278,"featured_media":0,"parent":0,"menu_order":0,"comment_status":"closed","ping_status":"closed","template":"","meta":{"jetpack_post_was_ever_published":false,"footnotes":""},"class_list":["post-1931","page","type-page","status-publish","hentry","nodate","item-wrap"],"jetpack_sharing_enabled":true,"jetpack_shortlink":"https:\/\/wp.me\/P6RFSo-v9","_links":{"self":[{"href":"https:\/\/wp.ufpel.edu.br\/hisales\/wp-json\/wp\/v2\/pages\/1931","targetHints":{"allow":["GET"]}}],"collection":[{"href":"https:\/\/wp.ufpel.edu.br\/hisales\/wp-json\/wp\/v2\/pages"}],"about":[{"href":"https:\/\/wp.ufpel.edu.br\/hisales\/wp-json\/wp\/v2\/types\/page"}],"author":[{"embeddable":true,"href":"https:\/\/wp.ufpel.edu.br\/hisales\/wp-json\/wp\/v2\/users\/278"}],"replies":[{"embeddable":true,"href":"https:\/\/wp.ufpel.edu.br\/hisales\/wp-json\/wp\/v2\/comments?post=1931"}],"version-history":[{"count":14,"href":"https:\/\/wp.ufpel.edu.br\/hisales\/wp-json\/wp\/v2\/pages\/1931\/revisions"}],"predecessor-version":[{"id":1955,"href":"https:\/\/wp.ufpel.edu.br\/hisales\/wp-json\/wp\/v2\/pages\/1931\/revisions\/1955"}],"wp:attachment":[{"href":"https:\/\/wp.ufpel.edu.br\/hisales\/wp-json\/wp\/v2\/media?parent=1931"}],"curies":[{"name":"wp","href":"https:\/\/api.w.org\/{rel}","templated":true}]}}