{"id":19,"date":"2013-07-09T19:30:58","date_gmt":"2013-07-09T22:30:58","guid":{"rendered":"https:\/\/wp.ufpel.edu.br\/hisales\/?page_id=19"},"modified":"2024-09-07T15:43:10","modified_gmt":"2024-09-07T18:43:10","slug":"galeria","status":"publish","type":"page","link":"https:\/\/wp.ufpel.edu.br\/hisales\/galeria\/","title":{"rendered":"Funcionamento"},"content":{"rendered":"<p><a href=\"https:\/\/wp.ufpel.edu.br\/hisales\/files\/2024\/09\/Foto-geral-Hisales.jpg\"><img loading=\"lazy\" decoding=\"async\" class=\"alignnone wp-image-2137\" src=\"https:\/\/wp.ufpel.edu.br\/hisales\/files\/2024\/09\/Foto-geral-Hisales-300x225.jpg\" alt=\"\" width=\"370\" height=\"277\" srcset=\"https:\/\/wp.ufpel.edu.br\/hisales\/files\/2024\/09\/Foto-geral-Hisales-300x225.jpg 300w, https:\/\/wp.ufpel.edu.br\/hisales\/files\/2024\/09\/Foto-geral-Hisales-768x576.jpg 768w, https:\/\/wp.ufpel.edu.br\/hisales\/files\/2024\/09\/Foto-geral-Hisales-750x563.jpg 750w, https:\/\/wp.ufpel.edu.br\/hisales\/files\/2024\/09\/Foto-geral-Hisales.jpg 960w\" sizes=\"auto, (max-width: 370px) 100vw, 370px\" \/><\/a><\/p>\n<p>O Centro de mem\u00f3ria e pesquisa Hist\u00f3ria da Alfabetiza\u00e7\u00e3o, Leitura, Escrita e dos Livros Escolares &#8211; Hisales est\u00e1 aberto de segunda a sexta-feira, nos turnos da manh\u00e3 e tarde, para visita\u00e7\u00e3o ao espa\u00e7o e \u00e0s exposi\u00e7\u00f5es permanente e tempor\u00e1ria, assim como para realiza\u00e7\u00e3o de consultas e pesquisas nos acervos.<\/p>\n<p>A entrada \u00e9 gratuita e liberada para a comunidade acad\u00eamica e externa. O espa\u00e7o recebe visitantes de todas as faixas et\u00e1rias &#8211; de crian\u00e7as \u00e0 idosos, de diferentes grupos, cursos, escolas e institui\u00e7\u00f5es.<\/p>\n<p>A sede do Hisales fica no t\u00e9rreo, em uma casa localizada no p\u00e1tio do Campus 2 UFPel, ao fundo do jardim (Campus II UFPel &#8211; Rua Almirante Barroso, 1202 \/ Sala 101H &#8211; Pelotas\/RS).<\/p>\n<p>&nbsp;<\/p>\n<p><strong>_____________________________________________________<\/strong><\/p>\n<p><strong>ATENDIMENTO AO P\u00daBLICO NO HISALES*:<\/strong><\/p>\n<p><strong>MANH\u00c3:<\/strong><br \/>\ndas 9h \u00e0s 11h30min \u2013 de segunda a sexta-feira.<\/p>\n<p><strong>TARDE:<\/strong><br \/>\ndas 14h \u00e0s 17h \u2013 de ter\u00e7a a sexta-feira.<\/p>\n<p><strong>*V\u00e1lido at\u00e9 final de agosto\/24<\/strong>. Ap\u00f3s isso, estas informa\u00e7\u00f5es de cronograma de dias e hor\u00e1rios ser\u00e3o atualizadas.<\/p>\n<p><strong>ATEN\u00c7\u00c3O:<\/strong><\/p>\n<ul>\n<li>Para visita\u00e7\u00e3o de grupos e media\u00e7\u00e3o do encontro, o agendamento de hor\u00e1rios deve ser consultado previamente, pelo e-mail: grupohisales@gmail.com;<\/li>\n<li>Em caso de interesse por agendamento de hor\u00e1rios especiais &#8211; diferentes dos dispostos acima, como no turno da noite e\/ou final de semana, deve-se realizar contato com a coordena\u00e7\u00e3o do Hisales, pelo e-mail: grupohisales@gmail.com;<\/li>\n<li>Para realiza\u00e7\u00e3o de pesquisas presenciais nos acervos, recomenda-se fazer contato pr\u00e9vio com a coordena\u00e7\u00e3o do Hisales, pelo e-mail: grupohisales@gmail, para combina\u00e7\u00e3o com a equipe e verifica\u00e7\u00e3o de materiais dispon\u00edveis, conforme a demanda, o interesse e necessidade do pesquisador;<\/li>\n<li>Para maiores informa\u00e7\u00f5es a respeito do espa\u00e7o, da acessibilidade, das exposi\u00e7\u00f5es em vig\u00eancia e dos acervos, favor entrar em contato pelo e-mail: grupohisales@gmail.com<\/li>\n<\/ul>\n<p>&nbsp;<\/p>\n<p><strong>_____________________________________________________<\/strong><\/p>\n<p><strong>INFRAESTRUTURA DO HISALES:<\/strong><\/p>\n<p>O Centro de mem\u00f3ria e pesquisa Hist\u00f3ria da Alfabetiza\u00e7\u00e3o, Leitura, Escrita e dos Livros escolares &#8211; Hisales est\u00e1 sediado em um pr\u00e9dio situado no p\u00e1tio do Campus 2 da UFPel, \u00e0 rua Almirante Barroso, 1202 &#8211; Sala 101H, no bairro Centro de Pelotas\/RS, desde 2017.<\/p>\n<p>O referido espa\u00e7o \u00e9 composto de um n\u00edvel t\u00e9rreo e de um mezanino, sendo que o primeiro ocupa uma \u00e1rea de 124.63m\u00b2 e o segundo possui 13,86m\u00b2. A seguir, mais informa\u00e7\u00f5es sobre a estrutura desses ambientes:<\/p>\n<p>T\u00c9RREO:<\/p>\n<ul>\n<li>Constam, \u00e0 direita de quem entra no pr\u00e9dio, 4 \u00e1reas distribu\u00eddas em um espa\u00e7o \u00fanico e aberto, sendo elas: 1) Espa\u00e7o de uma exposi\u00e7\u00e3o permanente, com a representa\u00e7\u00e3o de uma sala de aula antiga, com mobili\u00e1rios e artefatos escolares, na qual as pessoas podem circular e se aproximar; 2) Espa\u00e7o para exposi\u00e7\u00f5es tempor\u00e1rias, cujas tem\u00e1ticas s\u00e3o diversificadas e apresentadas nos expositores; 3) Reserva t\u00e9cnica com os diversos acervos do Hisales, organizada por agrupamentos de estantes em corredores; 4) Espa\u00e7o para trabalho da equipe, com mobili\u00e1rios e materiais de tarefas cotidianas do Hisales, bem como para a consulta e pesquisa dos acervos, al\u00e9m da realiza\u00e7\u00e3o de encontros e aulas com grupos maiores. Tamb\u00e9m h\u00e1 nessa \u00e1rea arm\u00e1rios, arquivo e mapotecas com materiais de uso permanente e com parte do acervo salvaguardado.<\/li>\n<li>Constam, \u00e0 esquerda de quem entra no pr\u00e9dio, 4 salas fechadas, sendo elas: 1) Sala multim\u00eddia, onde os integrantes realizam o trabalho cotidiano, como organiza\u00e7\u00e3o, cataloga\u00e7\u00e3o, digitaliza\u00e7\u00e3o e preparo para acondicionamento dos materiais para os acervos, al\u00e9m de ser um espa\u00e7o para estudo, leitura e escrita de produ\u00e7\u00f5es acad\u00eamicas; 2) Pe\u00e7a que cont\u00e9m um banheiro e uma pequena cozinha; 3) Sala de dep\u00f3sito, com acervos arquivados da Universidade Aberta do Brasil &#8211; UAB\/UFPel; 4) Sala da coordena\u00e7\u00e3o, para atendimentos, trabalhos di\u00e1rios e com biblioteca com diversas publica\u00e7\u00f5es para consulta, al\u00e9m de parte dos acervos complementares do Hisales.<\/li>\n<\/ul>\n<p>&nbsp;<\/p>\n<p>MEZANINO:<\/p>\n<ul>\n<li>O acesso ao mezanino se d\u00e1 por uma escada de dois n\u00edveis a partir do t\u00e9rreo. \u00c9 um espa\u00e7o para reuni\u00f5es e encontros de grupos, com mobili\u00e1rio e equipamentos para tal. Tamb\u00e9m h\u00e1 parte do acervo do Hisales em uma das laterais dessa \u00e1rea. Devido \u00e0 sua estrutura, h\u00e1 uma limita\u00e7\u00e3o de peso e do n\u00famero de pessoas, por isso, quando necess\u00e1rio, as atividades se realizam no andar t\u00e9rreo, pela seguran\u00e7a e cuidado com a movimenta\u00e7\u00e3o e pela falta de acessibilidade ao mezanino.<\/li>\n<\/ul>\n<p>&nbsp;<\/p>\n<p><strong>_____________________________________________________<\/strong><\/p>\n<p>Para saber mais informa\u00e7\u00f5es sobre o Hisales:<\/p>\n<p><strong>E-mail:<\/strong> grupohisales@gmail.com<\/p>\n<p><strong>Facebook:<\/strong> <a href=\"https:\/\/www.facebook.com\/hisales.ufpel\" target=\"_blank\" rel=\"noopener\">https:\/\/www.facebook.com\/hisales.ufpel<\/a><\/p>\n<p><strong>Instagram:<\/strong> <a href=\"https:\/\/www.instagram.com\/hisales.ufpel\/\" target=\"_blank\" rel=\"noopener\">https:\/\/www.instagram.com\/hisales.ufpel\/<\/a><\/p>\n<p>&nbsp;<\/p>\n<p>&nbsp;<\/p>\n","protected":false},"excerpt":{"rendered":"<p>O Centro de mem\u00f3ria e pesquisa Hist\u00f3ria da Alfabetiza\u00e7\u00e3o, Leitura, Escrita e dos Livros Escolares &#8211; Hisales est\u00e1 aberto de segunda a sexta-feira, nos turnos da manh\u00e3 e tarde, para visita\u00e7\u00e3o ao espa\u00e7o e \u00e0s exposi\u00e7\u00f5es permanente e tempor\u00e1ria, assim como para realiza\u00e7\u00e3o de consultas e pesquisas nos acervos. A entrada \u00e9 gratuita e liberada &hellip; <\/p>\n<p><a class=\"more-link btn\" href=\"https:\/\/wp.ufpel.edu.br\/hisales\/galeria\/\">Continue lendo<\/a><\/p>\n","protected":false},"author":278,"featured_media":0,"parent":0,"menu_order":8,"comment_status":"closed","ping_status":"closed","template":"","meta":{"jetpack_post_was_ever_published":false,"footnotes":""},"class_list":["post-19","page","type-page","status-publish","hentry","nodate","item-wrap"],"jetpack_sharing_enabled":true,"jetpack_shortlink":"https:\/\/wp.me\/P6RFSo-j","_links":{"self":[{"href":"https:\/\/wp.ufpel.edu.br\/hisales\/wp-json\/wp\/v2\/pages\/19","targetHints":{"allow":["GET"]}}],"collection":[{"href":"https:\/\/wp.ufpel.edu.br\/hisales\/wp-json\/wp\/v2\/pages"}],"about":[{"href":"https:\/\/wp.ufpel.edu.br\/hisales\/wp-json\/wp\/v2\/types\/page"}],"author":[{"embeddable":true,"href":"https:\/\/wp.ufpel.edu.br\/hisales\/wp-json\/wp\/v2\/users\/278"}],"replies":[{"embeddable":true,"href":"https:\/\/wp.ufpel.edu.br\/hisales\/wp-json\/wp\/v2\/comments?post=19"}],"version-history":[{"count":36,"href":"https:\/\/wp.ufpel.edu.br\/hisales\/wp-json\/wp\/v2\/pages\/19\/revisions"}],"predecessor-version":[{"id":2143,"href":"https:\/\/wp.ufpel.edu.br\/hisales\/wp-json\/wp\/v2\/pages\/19\/revisions\/2143"}],"wp:attachment":[{"href":"https:\/\/wp.ufpel.edu.br\/hisales\/wp-json\/wp\/v2\/media?parent=19"}],"curies":[{"name":"wp","href":"https:\/\/api.w.org\/{rel}","templated":true}]}}