{"id":15,"date":"2013-07-09T19:30:14","date_gmt":"2013-07-09T22:30:14","guid":{"rendered":"https:\/\/wp.ufpel.edu.br\/hisales\/?page_id=15"},"modified":"2023-10-09T10:55:32","modified_gmt":"2023-10-09T13:55:32","slug":"publicacoes","status":"publish","type":"page","link":"https:\/\/wp.ufpel.edu.br\/hisales\/publicacoes\/","title":{"rendered":"Publica\u00e7\u00f5es"},"content":{"rendered":"<p>As publica\u00e7\u00f5es do HISALES se encontram distribu\u00eddas nos dois links dispon\u00edveis neste menu:<\/p>\n<ul>\n<li>Livros (do Hisales e publicados em parceria com institui\u00e7\u00f5es);<\/li>\n<li>Disserta\u00e7\u00f5es e Teses (produzidos junto ao Hisales).<\/li>\n<\/ul>\n<p>H\u00e1 ainda, in\u00fameros artigos publicados em peri\u00f3dicos, livros, e-books, anais de eventos, cadernos de resumos de eventos, entre outros, que podem ser pesquisados pela internet.<\/p>\n","protected":false},"excerpt":{"rendered":"<p>As publica\u00e7\u00f5es do HISALES se encontram distribu\u00eddas nos dois links dispon\u00edveis neste menu: Livros (do Hisales e publicados em parceria com institui\u00e7\u00f5es); Disserta\u00e7\u00f5es e Teses (produzidos junto ao Hisales). H\u00e1 ainda, in\u00fameros artigos publicados em peri\u00f3dicos, livros, e-books, anais de eventos, cadernos de resumos de eventos, entre outros, que podem ser pesquisados pela internet.<\/p>\n","protected":false},"author":278,"featured_media":0,"parent":0,"menu_order":4,"comment_status":"closed","ping_status":"closed","template":"","meta":{"jetpack_post_was_ever_published":false,"footnotes":""},"class_list":["post-15","page","type-page","status-publish","hentry","nodate","item-wrap"],"jetpack_sharing_enabled":true,"jetpack_shortlink":"https:\/\/wp.me\/P6RFSo-f","_links":{"self":[{"href":"https:\/\/wp.ufpel.edu.br\/hisales\/wp-json\/wp\/v2\/pages\/15","targetHints":{"allow":["GET"]}}],"collection":[{"href":"https:\/\/wp.ufpel.edu.br\/hisales\/wp-json\/wp\/v2\/pages"}],"about":[{"href":"https:\/\/wp.ufpel.edu.br\/hisales\/wp-json\/wp\/v2\/types\/page"}],"author":[{"embeddable":true,"href":"https:\/\/wp.ufpel.edu.br\/hisales\/wp-json\/wp\/v2\/users\/278"}],"replies":[{"embeddable":true,"href":"https:\/\/wp.ufpel.edu.br\/hisales\/wp-json\/wp\/v2\/comments?post=15"}],"version-history":[{"count":7,"href":"https:\/\/wp.ufpel.edu.br\/hisales\/wp-json\/wp\/v2\/pages\/15\/revisions"}],"predecessor-version":[{"id":2012,"href":"https:\/\/wp.ufpel.edu.br\/hisales\/wp-json\/wp\/v2\/pages\/15\/revisions\/2012"}],"wp:attachment":[{"href":"https:\/\/wp.ufpel.edu.br\/hisales\/wp-json\/wp\/v2\/media?parent=15"}],"curies":[{"name":"wp","href":"https:\/\/api.w.org\/{rel}","templated":true}]}}